{"id":1930,"date":"2018-08-29T17:39:48","date_gmt":"2018-08-29T20:39:48","guid":{"rendered":"https:\/\/isfd88-bue.infd.edu.ar\/sitio\/inscripcion-a-cursada-2018\/"},"modified":"2026-03-04T20:48:58","modified_gmt":"2026-03-04T23:48:58","slug":"inscripcion-a-cursada-2018","status":"publish","type":"page","link":"https:\/\/isfd88-bue.infd.edu.ar\/sitio\/inscripcion-a-cursada-2018\/","title":{"rendered":"INSCRIPCI\u00d3N A CURSADA 2026"},"content":{"rendered":"\n<p>Los links estar\u00e1n habilitados del <strong>4\/03\/26 hasta el 14\/03\/26 a las 23:59<\/strong> <strong>hs.<\/strong><\/p>\n\n\n\n<ul>\n<li><span style=\"color: #ff6600;\"><strong>Pueden consultar los horarios en el siguiente <a href=\"https:\/\/isfd88-bue.infd.edu.ar\/sitio\/horarios\/\" target=\"_blank\" rel=\"noreferrer noopener\">link<\/a><\/strong><\/span>.<\/li>\n\n\n\n<li>En la secci\u00f3n de cada carrera est\u00e1 el r\u00e9gimen de correlatividades.<\/li>\n\n\n\n<li>Tengan en cuenta que las cursadas no deben superponerse.<\/li>\n<\/ul>\n\n\n\n<p><strong><em>PR\u00c1CTICA DOCENTE<\/em><\/strong><\/p>\n\n\n\n<p>Los horarios de la Pr\u00e1ctica Docente ser\u00e1n notificados por plataforma. Se realizar\u00e1 una pre inscripci\u00f3n por ordenador acad\u00e9mico\/formulario- seg\u00fan cohorte de ingreso.<\/p>\n\n\n\n<p><strong>INSTRUCTIVO PARA LA INSCRIPCI\u00d3N&nbsp; A MATERIAS <\/strong><\/p>\n\n\n\n<p class=\"has-background has-medium-font-size\" style=\"background:linear-gradient(135deg,rgb(6,147,227) 0%,rgb(188,139,231) 100%)\"><strong><mark style=\"background-color:rgba(0, 0, 0, 0)\" class=\"has-inline-color has-vivid-red-color\">LEER CON ATENCI\u00d3N:<\/mark><\/strong><\/p>\n\n\n\n<p class=\"has-medium-font-size\"><strong>COHORTES 2018 y posteriores de los Profesorados de Inicial y Primaria se inscriben a trav\u00e9s del Ordenador Acad\u00e9mico. <\/strong>Si no recuerdan c\u00f3mo inscribirse, pueden consultar el <a rel=\"noreferrer noopener\" href=\"https:\/\/www.youtube.com\/watch?v=y6bHyk3-kVQ\" target=\"_blank\">tutorial<\/a><\/p>\n\n\n\n<p class=\"has-medium-font-size\"><strong>COHORTES 2017 y anteriores, a trav\u00e9s de los links habilitados por carrera<\/strong>. <\/p>\n\n\n\n<ul>\n<li>Deber\u00e1n inscribirse todos los estudiantes matriculados que deseen cursar asignaturas de cualquier a\u00f1o de la carrera que tengan, como m\u00ednimo, una asignatura aprobada (siempre y cuando sea con los planes vigentes).<\/li>\n\n\n\n<li><em>Respetar el curso y turno en el que iniciaron sus estudios<\/em>: por ejemplo quien comenz\u00f3 en 1A deber\u00e1 inscribirse en las asignaturas de la l\u00ednea de los cursos A. Todo cambio requerido se realizar\u00e1 contra entrega de nota dirigida a la Direcci\u00f3n del Instituto solicitando cambios y motivos del mismo. Dicha nota deber\u00e1n enviarle al mail de la jefatura de cada carrera.<\/li>\n<\/ul>\n\n\n\n<ul>\n<li><strong>La elecci\u00f3n de las materias es una responsabilidad del alumno<\/strong>. Por lo tanto es absolutamente necesario que tome conocimiento de las correlatividades de la carrera. Los controles respectivos los realiza la secretar\u00eda en cualquier momento del a\u00f1o, raz\u00f3n por la cual se dar\u00e1 de baja a quien est\u00e9 cursando materias sin las condiciones reglamentarias. No se realizar\u00e1 ning\u00fan reconocimiento del trayecto realizado. El Ordenador Acad\u00e9mico no permite inscribirse si el estudiante no est\u00e1 en condiciones acad\u00e9micas de hacerlo. De percibir alg\u00fan error, enviar mail al correo de cada carrera antes de la finalizaci\u00f3n del per\u00edodo de inscripci\u00f3n, indicando el inconveniente detectado para poder dar una r\u00e1pida soluci\u00f3n.<\/li>\n\n\n\n<li>Completar los datos personales seg\u00fan lo que se les pide. Tengan en cuenta las reglas ortogr\u00e1ficas y el uso de las may\u00fasculas donde corresponda.<\/li>\n\n\n\n<li>Si se les solicita&nbsp;<em>a\u00f1o de ingreso<\/em>&nbsp;a la carrera especificar el a\u00f1o en que comenzaron primer a\u00f1o, independientemente del instituto donde iniciaron la carrera.<\/li>\n\n\n\n<li>Si el formulario solicita que indiquen si van a cursar esa materia por primera vez o si la recursan, tengan en cuenta que es un dato puramente estad\u00edstico que se le solicita a la Direcci\u00f3n del establecimiento cada a\u00f1o.&nbsp;<em>Para el estudiante no cambia en nada su situaci\u00f3n de cursada.&nbsp;<\/em>Se considera \u00abRecursante\u00bb a quien habiendo asistido todo el a\u00f1o, no regulariz\u00f3 la materia o perdi\u00f3 su regularidad finalizado el primer cuatrimestre.<\/li>\n<\/ul>\n\n\n\n<h4 class=\"wp-block-heading\">LINKS DE INSCRIPCI\u00d3N <\/h4>\n\n\n\n<h3 class=\"wp-block-heading\"><strong><span style=\"color: #339966;\">Profesorado de Educaci\u00f3n Inicial<\/span><\/strong><\/h3>\n\n\n\n<ul>\n<li><strong><em>Inscripci\u00f3n cursos A<\/em><\/strong> (primero a cuarto)<\/li>\n<\/ul>\n\n\n\n<figure class=\"wp-block-image is-resized\"><a href=\"https:\/\/forms.gle\/FVLA14aGRboYyFXF9\"><img decoding=\"async\" loading=\"lazy\" src=\"https:\/\/thumbs.dreamstime.com\/b\/la-mano-que-hace-el-icono-de-selecci%C3%B3n-clic-aqu%C3%AD-vector-del-%C3%A2%E2%82%AC-muestra--com%C3%BAn-146743397.jpg\" alt=\"\" width=\"137\" height=\"137\"\/><\/a><\/figure>\n\n\n\n<ul>\n<li><strong><em>Inscripci\u00f3n cursos B<\/em><\/strong> (primero a cuarto)<\/li>\n<\/ul>\n\n\n\n<figure class=\"wp-block-image is-resized\"><a href=\"https:\/\/forms.gle\/4VC5gvfDHnRBVp2S8\"><img decoding=\"async\" loading=\"lazy\" src=\"https:\/\/thumbs.dreamstime.com\/b\/la-mano-que-hace-el-icono-de-selecci%C3%B3n-clic-aqu%C3%AD-vector-del-%C3%A2%E2%82%AC-muestra--com%C3%BAn-146743397.jpg\" alt=\"\" width=\"127\" height=\"127\"\/><\/a><\/figure>\n\n\n\n<hr class=\"wp-block-separator has-css-opacity\"\/>\n\n\n\n<h3 class=\"wp-block-heading\"><strong><span style=\"color: #339966;\">Profesorado de Educaci\u00f3n Primaria<\/span><\/strong><\/h3>\n\n\n\n<figure class=\"wp-block-image is-resized\"><a href=\"https:\/\/forms.gle\/kv2XBRsQ3tCYJNF17\"><img decoding=\"async\" loading=\"lazy\" src=\"https:\/\/thumbs.dreamstime.com\/b\/la-mano-que-hace-el-icono-de-selecci%C3%B3n-clic-aqu%C3%AD-vector-del-%C3%A2%E2%82%AC-muestra--com%C3%BAn-146743397.jpg\" alt=\"\" width=\"130\" height=\"130\"\/><\/a><\/figure>\n\n\n\n<p><\/p>\n","protected":false},"excerpt":{"rendered":"<p>Los links estar\u00e1n habilitados del 4\/03\/26 hasta el 14\/03\/26 a las 23:59 hs. PR\u00c1CTICA DOCENTE Los horarios de la Pr\u00e1ctica Docente ser\u00e1n notificados por plataforma. Se realizar\u00e1 una pre inscripci\u00f3n por ordenador acad\u00e9mico\/formulario- seg\u00fan cohorte de ingreso. INSTRUCTIVO PARA LA INSCRIPCI\u00d3N&nbsp; A MATERIAS LEER CON ATENCI\u00d3N: COHORTES 2018 y posteriores de los Profesorados de Inicial &#8230; <a title=\"INSCRIPCI\u00d3N A CURSADA 2026\" class=\"read-more\" href=\"https:\/\/isfd88-bue.infd.edu.ar\/sitio\/inscripcion-a-cursada-2018\/\" aria-label=\"More on INSCRIPCI\u00d3N A CURSADA 2026\">[+]<\/a><\/p>\n","protected":false},"author":2624,"featured_media":0,"parent":0,"menu_order":0,"comment_status":"closed","ping_status":"closed","template":"","meta":[],"acf":[],"_links":{"self":[{"href":"https:\/\/isfd88-bue.infd.edu.ar\/sitio\/wp-json\/wp\/v2\/pages\/1930"}],"collection":[{"href":"https:\/\/isfd88-bue.infd.edu.ar\/sitio\/wp-json\/wp\/v2\/pages"}],"about":[{"href":"https:\/\/isfd88-bue.infd.edu.ar\/sitio\/wp-json\/wp\/v2\/types\/page"}],"author":[{"embeddable":true,"href":"https:\/\/isfd88-bue.infd.edu.ar\/sitio\/wp-json\/wp\/v2\/users\/2624"}],"replies":[{"embeddable":true,"href":"https:\/\/isfd88-bue.infd.edu.ar\/sitio\/wp-json\/wp\/v2\/comments?post=1930"}],"version-history":[{"count":32,"href":"https:\/\/isfd88-bue.infd.edu.ar\/sitio\/wp-json\/wp\/v2\/pages\/1930\/revisions"}],"predecessor-version":[{"id":6492,"href":"https:\/\/isfd88-bue.infd.edu.ar\/sitio\/wp-json\/wp\/v2\/pages\/1930\/revisions\/6492"}],"wp:attachment":[{"href":"https:\/\/isfd88-bue.infd.edu.ar\/sitio\/wp-json\/wp\/v2\/media?parent=1930"}],"curies":[{"name":"wp","href":"https:\/\/api.w.org\/{rel}","templated":true}]}}