{"id":1931,"date":"2018-08-29T17:39:48","date_gmt":"2018-08-29T20:39:48","guid":{"rendered":"https:\/\/isfd88-bue.infd.edu.ar\/sitio\/curso-de-ingreso-ingles-cufba-2018\/"},"modified":"2026-03-02T20:03:46","modified_gmt":"2026-03-02T23:03:46","slug":"curso-de-ingreso-ingles-cufba-2024","status":"publish","type":"page","link":"https:\/\/isfd88-bue.infd.edu.ar\/sitio\/curso-de-ingreso-ingles-cufba-2024\/","title":{"rendered":"CUFBA 2026"},"content":{"rendered":"\n<div class=\"wp-block-cover is-light\"><span aria-hidden=\"true\" class=\"wp-block-cover__background has-background-dim has-background-gradient has-cool-to-warm-spectrum-gradient-background\"><\/span><div class=\"wp-block-cover__inner-container\">\n<div class=\"wp-block-group is-layout-flow\"><div class=\"wp-block-group__inner-container\">\n<div class=\"wp-block-columns is-layout-flex wp-container-2\">\n<div class=\"wp-block-column is-layout-flow\" style=\"flex-basis:100%\">\n<p class=\"has-medium-font-size\">El Curso de Formaci\u00f3n B\u00e1sica en Ingl\u00e9s (CUFBA) es un curso anual de nivelaci\u00f3n, para quienes ya pueden escuchar y leer comprensivamente, hablar y escribir de forma aut\u00f3noma en ingl\u00e9s, pero que necesitan afianzar conocimientos para alcanzar la competencia requerida en la prueba de suficiencia del ingreso al Profesorado de Ingl\u00e9s. Este conocimiento del ingl\u00e9s es de suma importancia para iniciar la cursada de materias de primer a\u00f1o. La aprobaci\u00f3n del CUFBA habilita el ingreso directo a la carrera. De no aprobarlo, podr\u00e1n inscribirse para rendir la prueba de suficiencia para ingresar a la carrera en la instancia de febrero &#8211; marzo de 2027.<\/p>\n\n\n\n<p><strong>DOCUMENTACI\u00d3N REQUERIDA: T\u00edtulo secundario, constancia de t\u00edtulo en tr\u00e1mite o certificado de alumno regular que acredite estar en el \u00faltimo a\u00f1o de la escuela secundaria, o certificaci\u00f3n de fines, Fines 2 o Coas, Fotocopia del DNI, 2 fotos carnet.<\/strong><\/p>\n\n\n\n<h4 class=\"wp-block-heading has-text-color has-medium-font-size\" style=\"color:#f80808;font-style:normal;font-weight:400\"><strong>PASOS A SEGUIR<\/strong><\/h4>\n\n\n\n<ul>\n<li> <strong style=\"font-size: 27px;\">Inscribirse en el <a href=\"https:\/\/forms.gle\/NyBRCfiTvs2ZsfhZ9\" data-type=\"URL\" data-id=\"https:\/\/forms.gle\/vYp62xPgxupE8X6Q6\" target=\"_blank\" rel=\"noreferrer noopener\"> formulario<\/a>. <\/strong><\/li>\n\n\n\n<li> <span style=\"font-size: 27px; font-weight: bold;\">Una vez realizada la inscripci\u00f3n, se rendir\u00e1 un examen diagn\u00f3stico de nivel al inicio de clases.&nbsp;<\/span> <\/li>\n\n\n\n<li> <span style=\"font-size: 27px; font-weight: bold;\">Finalmente, se entregar\u00e1 la documentaci\u00f3n en formato papel en la Preceptor\u00eda de la Sede Salta, de lunes a viernes de 19:00 a 21:00<\/span>.<\/li>\n<\/ul>\n<\/div>\n<\/div>\n<\/div><\/div>\n<\/div><\/div>\n","protected":false},"excerpt":{"rendered":"","protected":false},"author":2624,"featured_media":0,"parent":0,"menu_order":0,"comment_status":"closed","ping_status":"closed","template":"","meta":[],"acf":[],"_links":{"self":[{"href":"https:\/\/isfd88-bue.infd.edu.ar\/sitio\/wp-json\/wp\/v2\/pages\/1931"}],"collection":[{"href":"https:\/\/isfd88-bue.infd.edu.ar\/sitio\/wp-json\/wp\/v2\/pages"}],"about":[{"href":"https:\/\/isfd88-bue.infd.edu.ar\/sitio\/wp-json\/wp\/v2\/types\/page"}],"author":[{"embeddable":true,"href":"https:\/\/isfd88-bue.infd.edu.ar\/sitio\/wp-json\/wp\/v2\/users\/2624"}],"replies":[{"embeddable":true,"href":"https:\/\/isfd88-bue.infd.edu.ar\/sitio\/wp-json\/wp\/v2\/comments?post=1931"}],"version-history":[{"count":52,"href":"https:\/\/isfd88-bue.infd.edu.ar\/sitio\/wp-json\/wp\/v2\/pages\/1931\/revisions"}],"predecessor-version":[{"id":6479,"href":"https:\/\/isfd88-bue.infd.edu.ar\/sitio\/wp-json\/wp\/v2\/pages\/1931\/revisions\/6479"}],"wp:attachment":[{"href":"https:\/\/isfd88-bue.infd.edu.ar\/sitio\/wp-json\/wp\/v2\/media?parent=1931"}],"curies":[{"name":"wp","href":"https:\/\/api.w.org\/{rel}","templated":true}]}}