{"id":1979,"date":"2018-08-29T17:40:05","date_gmt":"2018-08-29T20:40:05","guid":{"rendered":"https:\/\/isfd88-bue.infd.edu.ar\/sitio\/autoridades\/"},"modified":"2022-11-14T09:54:41","modified_gmt":"2022-11-14T12:54:41","slug":"autoridades","status":"publish","type":"page","link":"https:\/\/isfd88-bue.infd.edu.ar\/sitio\/autoridades\/","title":{"rendered":"Autoridades"},"content":{"rendered":"<p style=\"text-align: center;\"><strong>\u00a0\u00a0<\/strong><\/p>\n<p style=\"text-align: center;\"><span style=\"text-decoration: underline; font-family: 'arial black', 'avant garde';\"><span style=\"font-size: 14pt;\"><strong>Equipo Directivo<\/strong><\/span><\/span><\/p>\n<p style=\"text-align: center;\"><span style=\"text-decoration: underline;\"><span style=\"font-size: 12pt; color: #800080;\" data-mce-mark=\"1\"><span style=\"font-size: 12pt;\" data-mce-mark=\"1\"><strong> <em>Directora<\/em><\/strong><\/span><\/span><\/span><\/p>\n<p style=\"text-align: center;\"><span style=\"font-size: 12pt;\" data-mce-mark=\"1\"><strong>Prof. Silvana Ram\u00edrez<\/strong><\/span><\/p>\n<p style=\"text-align: center;\"><em><strong style=\"color: #800080; text-decoration-line: underline; font-size: inherit;\"><span style=\"font-size: 12pt;\" data-mce-mark=\"1\"><span style=\"font-size: 12pt;\" data-mce-mark=\"1\">Regente<\/span><\/span><\/strong><\/em><\/p>\n<p style=\"text-align: center;\"><strong>Prof. Mariela Lucente<\/strong><\/p>\n<p style=\"text-align: center;\"><em><span style=\"text-decoration: underline;\"><span style=\"font-size: 12pt; color: #800080;\"><strong>Secretaria<\/strong><\/span><\/span><\/em><\/p>\n<p style=\"text-align: center;\"><span style=\"font-size: 12pt;\">\u00a0<strong>Prof. Katiana I\u00f1iguez de Heredia\u00a0<\/strong><\/span><\/p>\n<p style=\"text-align: center;\"><span style=\"text-decoration: underline;\"><span style=\"font-size: 10pt; font-family: 'arial black', 'avant garde';\"><strong><span style=\"color: #339966;\"><em>Equipo de Conducci\u00f3n<\/em><\/span><\/strong><\/span><\/span><\/p>\n<p style=\"text-align: center;\"><span style=\"font-size: 10pt;\"><strong><span style=\"text-decoration: underline;\"><span style=\"color: #008000; text-decoration: underline;\">Jefes de \u00c1rea<\/span><\/span><\/strong><\/span><\/p>\n<p style=\"text-align: center;\"><span style=\"font-size: 10pt;\"><strong>Prof. de Educaci\u00f3n Primaria: Prof. Fernanda Luna <\/strong><\/span><\/p>\n<p style=\"text-align: center;\"><span style=\"font-size: 10pt;\"><strong> Prof. de Lengua y Literatura: Prof. Marcela Caraballo<\/strong><\/span><\/p>\n","protected":false},"excerpt":{"rendered":"<p>\u00a0\u00a0 Equipo Directivo Directora Prof. Silvana Ram\u00edrez Regente Prof. Mariela Lucente Secretaria \u00a0Prof. Katiana I\u00f1iguez de Heredia\u00a0 Equipo de Conducci\u00f3n Jefes de \u00c1rea Prof. de Educaci\u00f3n Primaria: Prof. Fernanda Luna Prof. de Lengua y Literatura: Prof. Marcela Caraballo<\/p>\n","protected":false},"author":2624,"featured_media":0,"parent":0,"menu_order":0,"comment_status":"closed","ping_status":"closed","template":"","meta":[],"acf":[],"_links":{"self":[{"href":"https:\/\/isfd88-bue.infd.edu.ar\/sitio\/wp-json\/wp\/v2\/pages\/1979"}],"collection":[{"href":"https:\/\/isfd88-bue.infd.edu.ar\/sitio\/wp-json\/wp\/v2\/pages"}],"about":[{"href":"https:\/\/isfd88-bue.infd.edu.ar\/sitio\/wp-json\/wp\/v2\/types\/page"}],"author":[{"embeddable":true,"href":"https:\/\/isfd88-bue.infd.edu.ar\/sitio\/wp-json\/wp\/v2\/users\/2624"}],"replies":[{"embeddable":true,"href":"https:\/\/isfd88-bue.infd.edu.ar\/sitio\/wp-json\/wp\/v2\/comments?post=1979"}],"version-history":[{"count":9,"href":"https:\/\/isfd88-bue.infd.edu.ar\/sitio\/wp-json\/wp\/v2\/pages\/1979\/revisions"}],"predecessor-version":[{"id":4985,"href":"https:\/\/isfd88-bue.infd.edu.ar\/sitio\/wp-json\/wp\/v2\/pages\/1979\/revisions\/4985"}],"wp:attachment":[{"href":"https:\/\/isfd88-bue.infd.edu.ar\/sitio\/wp-json\/wp\/v2\/media?parent=1979"}],"curies":[{"name":"wp","href":"https:\/\/api.w.org\/{rel}","templated":true}]}}