{"id":1988,"date":"2018-08-29T17:40:08","date_gmt":"2018-08-29T20:40:08","guid":{"rendered":"https:\/\/isfd88-bue.infd.edu.ar\/sitio\/plan-de-estudios-2\/"},"modified":"2023-10-11T20:29:49","modified_gmt":"2023-10-11T23:29:49","slug":"plan-de-estudios-2","status":"publish","type":"page","link":"https:\/\/isfd88-bue.infd.edu.ar\/sitio\/plan-de-estudios-2\/","title":{"rendered":"Plan de Estudios"},"content":{"rendered":"<p><span style=\"font-size: 12pt; font-family: verdana, geneva;\"><strong><span style=\"text-decoration: underline;\">CARRERA<\/span>: PROFESORADO DE EDUCACI\u00d3N PRIMARIA<\/strong><\/span><\/p>\n<p><span style=\"font-size: 12pt; font-family: verdana, geneva;\"><span style=\"text-decoration: underline;\"><strong>T\u00cdTULO<\/strong><\/span>: PROFESOR DE EDUCACI\u00d3N PRIMARIA<\/span><\/p>\n<p><em><span style=\"font-family: 'comic sans ms', sans-serif;\">Duraci\u00f3n: 4 a\u00f1os<\/span><\/em><\/p>\n<p><em><span style=\"font-family: 'comic sans ms', sans-serif;\">Presencial<\/span><\/em><\/p>\n<p><span style=\"font-size: 10pt;\"><strong><em><span style=\"font-family: verdana, geneva;\">Resoluci\u00f3n n*\u00a0 4154\/07<\/span><\/em><\/strong><\/span><\/p>\n<p><span style=\"font-size: 12pt;\"><strong><span style=\"text-decoration: underline;\">PLAN DE ESTUDIOS<\/span><\/strong><\/span><\/p>\n<p>1* A\u00d1O<\/p>\n<p>CAMPO DE LA ACTUALIZACI\u00d3N FORMATIVA:<\/p>\n<ul>\n<li>Taller de lectura, escritura y oralidad.<\/li>\n<li>Taller de pensamiento l\u00f3gico-matem\u00e1tico<\/li>\n<li>Taller de Definici\u00f3n institucional: \u00a0Teatro<\/li>\n<li>Taller de Definici\u00f3n Institucional: Narraci\u00f3n Oral<\/li>\n<\/ul>\n<p>CAMPO DE LA SUBJETIVIDAD Y LA CULTURA:<\/p>\n<ul>\n<li>Psicolog\u00eda del desarrollo y aprendizaje I<\/li>\n<\/ul>\n<p>CAMPO DE LOS SABERES A ENSE\u00d1AR:<\/p>\n<ul>\n<li>Corporeidad y motricidad<\/li>\n<li>Arte y Educaci\u00f3n.<\/li>\n<\/ul>\n<p>CAMPO DE LA FUNDAMENTACI\u00d3N:<\/p>\n<ul>\n<li>Filosof\u00eda<\/li>\n<li>Did\u00e1ctica General<\/li>\n<li>Pedagog\u00eda<\/li>\n<li>An\u00e1lisis del mundo contempor\u00e1neo<\/li>\n<\/ul>\n<p>CAMPO DE LA PR\u00c1CTICA DOCENTE:<\/p>\n<ul>\n<li>Pr\u00e1ctica en terreno: Experiencia social en espacios y organizaciones de la comunidad.<\/li>\n<li>Taller Integrador Interdisciplinario: Ciudad Educadora<\/li>\n<li>Herramientas: Educaci\u00f3n social y estrategias de Educaci\u00f3n Popular.<\/li>\n<\/ul>\n<p>2* A\u00d1O<\/p>\n<p>CAMPO DE LA SUBJETIVIDAD Y LA CULTURA:<\/p>\n<ul>\n<li>Psicolog\u00eda del desarrollo y aprendizaje II<\/li>\n<li>Psicolog\u00eda Social e Institucional<\/li>\n<li>Cultura, Comunicaci\u00f3n y Educaci\u00f3n.<\/li>\n<\/ul>\n<p>CAMPO DE LOS SABERES A ENSE\u00d1AR:<\/p>\n<ul>\n<li>Educaci\u00f3n Art\u00edstica.<\/li>\n<li>Did\u00e1ctica de Pr\u00e1cticas de lenguaje y la literatura.<\/li>\n<li>Did\u00e1ctica de las Ciencias Sociales.<\/li>\n<li>Did\u00e1ctica de las Ciencias Naturales.<\/li>\n<li>Did\u00e1ctica de la Matem\u00e1tica.<\/li>\n<\/ul>\n<p>CAMPO DE LA FUNDAMENTACI\u00d3N:<\/p>\n<ul>\n<li>Teor\u00eda Socio-pol\u00edtica y Educaci\u00f3n.<\/li>\n<li>Did\u00e1ctica y curriculum de Nivel Primario.<\/li>\n<\/ul>\n<p>CAMPO DE LA PR\u00c1CTICA DOCENTE:<\/p>\n<ul>\n<li>Pr\u00e1ctica en terreno: En Instituciones educativas.<\/li>\n<li>Taller Integrador Interdisciplinario: Espacio escolar y realidad educativa.<\/li>\n<li>Herramientas: Aproximaci\u00f3n y asn\u00e1lisis cualitativo institucional.<\/li>\n<\/ul>\n<p>3* A\u00d1O<\/p>\n<p>CAMPO DE LA SUBJETIVIDAD Y LA CULTURA:<\/p>\n<ul>\n<li>Configuraciones del sujeto educativo de Primaria.<\/li>\n<li>Medios audiovisuales, TICs y educaci\u00f3n.<\/li>\n<\/ul>\n<p>CAMPO DE LOS SABERES A ENSE\u00d1AR:<\/p>\n<ul>\n<li>Educaci\u00f3n f\u00edsica escolar.<\/li>\n<li>Did\u00e1ctica de Pr\u00e1cticas de lenguaje y la literatura II.<\/li>\n<li>Did\u00e1ctica de las Ciencias Sociales II.<\/li>\n<li>Did\u00e1ctica de las Ciencias Naturales II.<\/li>\n<li>Did\u00e1ctica de la Matem\u00e1tica II .<\/li>\n<\/ul>\n<p>CAMPO DE LA FUNDAMENTACI\u00d3N:<\/p>\n<ul>\n<li>Historia y prospectiva de la educaci\u00f3n.<\/li>\n<li>Pol\u00edtica, legislaci\u00f3n y administraci\u00f3n del trabajo escolar.<\/li>\n<\/ul>\n<p>CAMPO DE LA PR\u00c1CTICA DOCENTE:<\/p>\n<ul>\n<li>Pr\u00e1ctica en terreno: En el aula, en el nivel de formaci\u00f3n.<\/li>\n<li>Taller Integrador Interdisciplinario: Relaci\u00f3n educativa<\/li>\n<li>Herramientas: Investigaci\u00f3n en y para la acci\u00f3n educativa.<\/li>\n<\/ul>\n<p>TRAYECTO FORMATIVO OPCIONAL:<\/p>\n<ul>\n<li>Alfabetizaci\u00f3n Inicial.<\/li>\n<\/ul>\n<p>4* A\u00d1O<\/p>\n<p>CAMPO DE LA SUBJETIVIDAD Y LA CULTURA:<\/p>\n<ul>\n<li>Pedagog\u00eda cr\u00edtica de las diferencias .<\/li>\n<\/ul>\n<p>CAMPO DE LOS SABERES A ENSE\u00d1AR:<\/p>\n<ul>\n<li>Ateneo de pr\u00e1cticas del lenguaje y literatura.<\/li>\n<li>Ateneo de Matem\u00e1tica<\/li>\n<li>Ateneo de Ciencias Naturales.<\/li>\n<li>Ateneo de Ciencias Sociales<\/li>\n<\/ul>\n<p>CAMPO DE LA FUNDAMENTACI\u00d3N:<\/p>\n<ul>\n<li>Reflexi\u00f3n filos\u00f3fica de la educaci\u00f3n.<\/li>\n<li>Dimensi\u00f3n \u00e9tico-pol\u00edtica de la praxis docente.<\/li>\n<\/ul>\n<p>CAMPO DE LA PR\u00c1CTICA DOCENTE:<\/p>\n<ul>\n<li>Pr\u00e1ctica en terreno: En el aula, en el nivel de formaci\u00f3n.<\/li>\n<li>Taller Integrador Interdisciplinario: Posicionamiento docente.<\/li>\n<\/ul>\n<p>TRAYECTO FORMATIVO OPCIONAL ( Cursada obligatoria)<\/p>\n","protected":false},"excerpt":{"rendered":"<p>CARRERA: PROFESORADO DE EDUCACI\u00d3N PRIMARIA T\u00cdTULO: PROFESOR DE EDUCACI\u00d3N PRIMARIA Duraci\u00f3n: 4 a\u00f1os Presencial Resoluci\u00f3n n*\u00a0 4154\/07 PLAN DE ESTUDIOS 1* A\u00d1O CAMPO DE LA ACTUALIZACI\u00d3N FORMATIVA: Taller de lectura, escritura y oralidad. Taller de pensamiento l\u00f3gico-matem\u00e1tico Taller de Definici\u00f3n institucional: \u00a0Teatro Taller de Definici\u00f3n Institucional: Narraci\u00f3n Oral CAMPO DE LA SUBJETIVIDAD Y LA CULTURA: &#8230; <a title=\"Plan de Estudios\" class=\"read-more\" href=\"https:\/\/isfd88-bue.infd.edu.ar\/sitio\/plan-de-estudios-2\/\" aria-label=\"More on Plan de Estudios\">[+]<\/a><\/p>\n","protected":false},"author":2624,"featured_media":0,"parent":0,"menu_order":0,"comment_status":"closed","ping_status":"closed","template":"","meta":[],"acf":[],"_links":{"self":[{"href":"https:\/\/isfd88-bue.infd.edu.ar\/sitio\/wp-json\/wp\/v2\/pages\/1988"}],"collection":[{"href":"https:\/\/isfd88-bue.infd.edu.ar\/sitio\/wp-json\/wp\/v2\/pages"}],"about":[{"href":"https:\/\/isfd88-bue.infd.edu.ar\/sitio\/wp-json\/wp\/v2\/types\/page"}],"author":[{"embeddable":true,"href":"https:\/\/isfd88-bue.infd.edu.ar\/sitio\/wp-json\/wp\/v2\/users\/2624"}],"replies":[{"embeddable":true,"href":"https:\/\/isfd88-bue.infd.edu.ar\/sitio\/wp-json\/wp\/v2\/comments?post=1988"}],"version-history":[{"count":1,"href":"https:\/\/isfd88-bue.infd.edu.ar\/sitio\/wp-json\/wp\/v2\/pages\/1988\/revisions"}],"predecessor-version":[{"id":5503,"href":"https:\/\/isfd88-bue.infd.edu.ar\/sitio\/wp-json\/wp\/v2\/pages\/1988\/revisions\/5503"}],"wp:attachment":[{"href":"https:\/\/isfd88-bue.infd.edu.ar\/sitio\/wp-json\/wp\/v2\/media?parent=1988"}],"curies":[{"name":"wp","href":"https:\/\/api.w.org\/{rel}","templated":true}]}}