{"id":1994,"date":"2018-08-29T17:40:10","date_gmt":"2018-08-29T20:40:10","guid":{"rendered":"https:\/\/isfd88-bue.infd.edu.ar\/sitio\/constancias\/"},"modified":"2026-02-20T10:08:34","modified_gmt":"2026-02-20T13:08:34","slug":"constancias","status":"publish","type":"page","link":"https:\/\/isfd88-bue.infd.edu.ar\/sitio\/constancias\/","title":{"rendered":"Constancias"},"content":{"rendered":"\n<p class=\"has-contrast-color has-cool-to-warm-spectrum-gradient-background has-text-color has-background has-medium-font-size\"><strong>ANAL\u00cdTICOS<\/strong><\/p>\n\n\n\n<p>Tener en cuenta que a partir de marzo 2022, la Secretar\u00eda de Asuntos Docentes (SAD 2) solicita un nuevo modelo de constancia de porcentaje de materias. Lo encontrar\u00e1n debajo del anal\u00edtico parcial.<\/p>\n\n\n\n<p class=\"has-accent-color has-base-3-background-color has-text-color has-background has-medium-font-size\"><strong>PASOS A SEGUIR:<\/strong><\/p>\n\n\n\n<p class=\"has-medium-font-size\">Descargar el formulario correspondiente a tu carrera de los siguientes links:&nbsp;<\/p>\n\n\n\n<div class=\"wp-block-group is-vertical is-layout-flex wp-container-1\">\n<p class=\"has-medium-font-size\"><a href=\"https:\/\/isfd88-bue.infd.edu.ar\/sitio\/wp-content\/uploads\/2022\/03\/Analitico-Ingles-Plan-viejo-para-completar.docx\"><span style=\"font-size: 10pt;\">PROFESORADO DE INGL\u00c9S &#8211; Plan Viejo<\/span><\/a><\/p>\n\n\n\n<p class=\"has-medium-font-size\"><a href=\"https:\/\/isfd88-bue.infd.edu.ar\/sitio\/wp-content\/uploads\/2022\/03\/Analitico-parcial_ingles_plan-nuevo-para-completar-A.docx\"><span style=\"font-size: 10pt;\">PROFESORADO DE INGL\u00c9S &#8211; Plan Nuevo<\/span><\/a><\/p>\n\n\n\n<p class=\"has-medium-font-size\"><a href=\"https:\/\/isfd88-bue.infd.edu.ar\/sitio\/wp-content\/uploads\/2022\/03\/Analitico-Lengua-plan-viejo-para-completar.docx\"><span style=\"font-size: 10pt;\">PROFESORADO DE LENGUA Y LITERATURA &#8211; Plan Viejo<\/span><\/a><\/p>\n\n\n\n<p class=\"has-medium-font-size\"><a href=\"https:\/\/isfd88-bue.infd.edu.ar\/sitio\/wp-content\/uploads\/2022\/03\/Analitico-Lengua-plan-nuevo-para-completar.docx\"><span style=\"font-size: 10pt;\">PROFESORADO DE LENGUA Y LITERATURA &#8211; Plan Nuevo<\/span><\/a><\/p>\n\n\n\n<p class=\"has-medium-font-size\"><a href=\"https:\/\/isfd88-bue.infd.edu.ar\/sitio\/wp-content\/uploads\/2022\/03\/Analitico-Inicial-para-completar.-1.docx\"><span style=\"font-size: 10pt;\">PROFESORADO DE EDUCACI\u00d3N INICIAL<\/span><\/a><\/p>\n\n\n\n<p class=\"has-medium-font-size\"><a href=\"https:\/\/isfd88-bue.infd.edu.ar\/sitio\/wp-content\/uploads\/2022\/03\/Analitico-Primaria-para-completar.docx\"><span style=\"font-size: 10pt;\">PROFESORADO DE EDUCACI\u00d3N PRIMARIA<\/span><\/a><\/p>\n\n\n\n<p class=\"has-medium-font-size\"><span style=\"font-size: 10pt;\"><a href=\"https:\/\/isfd88-bue.infd.edu.ar\/sitio\/wp-content\/uploads\/2022\/03\/Analitico-Tecnicatura-para-completar.docx\">TECNICATURA SUPERIOR EN GESTI\u00d3N CULTURAL<\/a>&nbsp;<\/span><\/p>\n<\/div>\n\n\n\n<p class=\"has-electric-grass-gradient-background has-background has-medium-font-size\"><span style=\"font-size: 10pt;\">&nbsp;<\/span><strong>1 &#8211; DESCARGAR EL DOCUMENTO.<\/strong><\/p>\n\n\n\n<p class=\"has-contrast-color has-electric-grass-gradient-background has-text-color has-background has-medium-font-size\"><strong>2 &#8211; COMPLETAR LOS CAMPOS REQUERIDOS, EXCEPTO EL PORCENTAJE DE MATERIAS APROBADAS<span style=\"font-size: 10pt;\">.<\/span><\/strong><\/p>\n\n\n\n<p class=\"has-contrast-color has-electric-grass-gradient-background has-text-color has-background has-medium-font-size\"><strong>3 &#8211; GUARDAR EL ARCHIVO E IMPRIMIRLO.<\/strong><\/p>\n\n\n\n<p class=\"has-text-align-center has-light-green-cyan-to-vivid-green-cyan-gradient-background has-background\"><strong><span style=\"font-size: 10pt; color: #000000;\">&nbsp;<\/span>IMPORTANTE: COMPLETAR EL ARCHIVO CON FECHA DE EXAMEN, NOTA NUM\u00c9RICA Y EN LETRAS (SIN PORCENTAJE) ANTES DE IMPRIMIR.<\/strong><\/p>\n\n\n\n<p class=\"has-contrast-color has-electric-grass-gradient-background has-text-color has-background has-medium-font-size\"><strong>4- ENTREGARLO EN PRECEPTOR\u00cdA PARA CONTROL Y FIRMA. SI HUBIESE ALGUN DATO ERRONEO, TENDR\u00c1S QUE HACERLO NUEVAMENTE<span data-mce-mark=\"1\" style=\"font-size: 10pt;\">.<\/span><\/strong><\/p>\n\n\n\n<p class=\"has-contrast-color has-electric-grass-gradient-background has-text-color has-background has-medium-font-size\"><strong>5- RETIRALO EN UN PLAZO DE 72 HS. H\u00c1BILES.<\/strong><\/p>\n\n\n\n<p class=\"has-text-align-left has-contrast-color has-cool-to-warm-spectrum-gradient-background has-text-color has-background has-medium-font-size\"><strong>CONSTANCIA DE ALUMNO REGULAR<\/strong><\/p>\n\n\n\n<ul>\n<li><span style=\"font-size: 12pt; color: #000000;\"><span style=\"font-size: 12pt; color: #000000;\">Descargar la constancia a la computadora, llenarla e imprimirla. Entregar en preceptor\u00eda. Retirar en 24 hs.&nbsp;<\/span><\/span><\/li>\n<\/ul>\n\n\n\n<ul>\n<li><span style=\"font-size: 12pt; color: #000000;\"><span style=\"font-size: 12pt; color: #000000;\"><a rel=\"noopener\" href=\"https:\/\/isfd88-bue.infd.edu.ar\/sitio\/wp-content\/uploads\/2020\/05\/Constancia-de-alumno-regular.docx\" target=\"_blank\">Descargar constancia de alumno regular<\/a>&nbsp;para rellenar digitalmente<\/span><\/span>.<\/li>\n<\/ul>\n\n\n\n<ul>\n<li><span style=\"font-size: 12pt; color: #000000;\"><span style=\"font-size: 12pt; color: #000000;\"><a rel=\"noopener\" href=\"https:\/\/drive.google.com\/file\/d\/1IRlZ6aT05zg5MhRD0GC30k9fUT15LzJo\/view?usp=sharing\" target=\"_blank\">Descargar en PDF<\/a><\/span><\/span>.<\/li>\n<\/ul>\n\n\n\n<p class=\"has-contrast-color has-luminous-dusk-gradient-background has-text-color has-background has-medium-font-size\"><strong>CONSTANCIA DE ALUMNO REGULAR para extender durante febrero y marzo<\/strong><\/p>\n\n\n\n<ul>\n<li><span style=\"font-size: 12pt; color: #000000;\"><span style=\"font-size: 12pt; color: #000000;\">Descargar la constancia a la computadora, llenarla e imprimirla. Entregar en preceptor\u00eda. Retirar en 24 hs.&nbsp;<\/span><\/span><\/li>\n<\/ul>\n\n\n\n<p class=\"has-medium-font-size\"><a href=\"https:\/\/isfd88-bue.infd.edu.ar\/sitio\/wp-content\/uploads\/2022\/02\/Constancia_alumno_regular-en-blanco_para_feb_marzo-completa-2022.docx\">Constancia_alumno_regular feb_marzo&nbsp;<\/a><\/p>\n\n\n\n<p class=\"has-contrast-color has-luminous-dusk-gradient-background has-text-color has-background\"><strong><span data-mce-mark=\"1\"><span style=\"font-size: 14pt; color: #800000;\">CONSTANCIA DE ALUMNO REGULAR para certificaci\u00f3n de Becas y Progresar<\/span><\/span><\/strong><em><strong><span data-mce-mark=\"1\"><br><\/span><\/strong><\/em><\/p>\n\n\n\n<ul>\n<li><span style=\"font-size: 12pt;\">Deber\u00e1n completar el formulado enviado por noticias en la base de datos de cada carrera<\/span> para realizar la certificaci\u00f3n correspondiente.<\/li>\n<\/ul>\n\n\n\n<p class=\"has-contrast-color has-luminous-dusk-gradient-background has-text-color has-background\"><span data-mce-mark=\"1\" style=\"color: #993366; font-size: 14pt;\"><strong><span data-mce-mark=\"1\">CONSTANCIA DE PR\u00c1CTICAS &#8211; PREVIA<\/span><\/strong><\/span><\/p>\n\n\n\n<ul>\n<li><span data-mce-mark=\"1\"><span data-mce-mark=\"1\"><span style=\"font-size: 12pt;\">Descargar la constancia a la computadora, llenarla e imprimirla. Entregar en preceptor\u00eda. Retirar en 24 hs.<\/span>&nbsp;<\/span><\/span><\/li>\n<\/ul>\n\n\n\n<p><span style=\"font-size: 12pt;\" data-mce-mark=\"1\"><a title=\"Constancia practicas previa\" href=\"upload\/Constancia_practicas_realizara.doc.docx\" target=\"_blank\" rel=\"noopener\">Descargar constancia<\/a>&nbsp;<\/span><\/p>\n\n\n\n<p class=\"has-blush-bordeaux-gradient-background has-background\"><span data-mce-mark=\"1\" style=\"color: #993366; font-size: 14pt;\"><strong><span data-mce-mark=\"1\">CONSTANCIA DE PR\u00c1CTICAS &#8211; REALIZADAS<\/span><\/strong><\/span><\/p>\n\n\n\n<ul>\n<li><span data-mce-mark=\"1\"><span data-mce-mark=\"1\" style=\"font-size: 12pt;\">Descargar la constancia a la computadora, llenarla e imprimirla. Entregar en preceptor\u00eda. Retirar en 24 hs.<\/span>&nbsp;<\/span><\/li>\n<\/ul>\n\n\n\n<p><span style=\"font-size: 12pt;\" data-mce-mark=\"1\"><a title=\"Constancia practicas posterior\" href=\"upload\/Constancia_practicas_realizo.docx\" target=\"_blank\" rel=\"noopener\">Descargar constancia<\/a><\/span><\/p>\n\n\n\n<p class=\"has-white-color has-cool-to-warm-spectrum-gradient-background has-text-color has-background\"><span data-mce-mark=\"1\" style=\"font-size: 14pt; font-family: 'arial black', 'avant garde'; color: #993366;\"><strong><span data-mce-mark=\"1\" style=\"font-size: 14pt; font-family: 'arial black', 'avant garde';\">CONSTANCIA DE EXAMEN<\/span><\/strong><\/span><\/p>\n\n\n\n<ul>\n<li><span data-mce-mark=\"1\" style=\"font-size: 14pt; font-family: 'arial black', 'avant garde';\"><span data-mce-mark=\"1\" style=\"font-size: 12pt; font-family: arial, helvetica, sans-serif;\"><span style=\"font-family: verdana, geneva;\">Descargar la constancia a la computadora, llenarla e imprimirla. Entregar en preceptor\u00eda. Retirar en 24 hs<\/span>.<\/span>&nbsp;<\/span><\/li>\n<\/ul>\n\n\n\n<ul>\n<li><span data-mce-mark=\"1\" style=\"font-size: 12pt;\"><a rel=\"noopener\" href=\"https:\/\/docs.google.com\/document\/d\/1qOl7MSJ-Af-B3eilMiJB3lsE0L0VYfqN\/edit?usp=sharing&amp;ouid=102280317664514220850&amp;rtpof=true&amp;sd=true\" target=\"_blank\">Descargar constancia<\/a>&nbsp;para rellenar digitalmente<\/span><\/li>\n<\/ul>\n\n\n\n<ul>\n<li><a href=\"https:\/\/isfd88-bue.infd.edu.ar\/sitio\/wp-content\/uploads\/2021\/12\/Constancia-examen.pdf\">Constancia examen<\/a><\/li>\n<\/ul>\n\n\n\n<p class=\"has-cool-to-warm-spectrum-gradient-background has-text-color has-background\" style=\"color:#000000fc\"><span data-mce-mark=\"1\" style=\"font-size: 14pt; font-family: 'arial black', 'avant garde';\"><span data-mce-mark=\"1\" style=\"color: #993366;\"><strong><span data-mce-mark=\"1\">CONSTANCIA DE T\u00cdTULO EN TR\u00c1MITE<\/span><\/strong><\/span><\/span><\/p>\n\n\n\n<ul>\n<li><span style=\"font-size: 12pt; color: #993366;\" data-mce-mark=\"1\"><span style=\"font-size: 12pt; color: #993366;\" data-mce-mark=\"1\"><span style=\"font-size: 12pt; color: #000000;\" data-mce-mark=\"1\">Para iniciar el tr\u00e1mite del t\u00edtulo, descargar el formulario de solicitud y t\u00edtulo en tr\u00e1mite de tu carrera.<\/span><br><\/span><\/span><\/li>\n\n\n\n<li><span data-mce-mark=\"1\" style=\"font-size: 12pt; color: #000000;\">Luego de completarlo e imprimirlo, se entrega en la Preceptor\u00eda del Instituto, SEDE Salta: lunes, martes y jueves de 18:00 a 21:00 y s\u00e1bados de 8:00 a 12:00. No te olvides de adjuntar <strong>fotocopia del t\u00edtulo secundario, del DNI y de la partida de nacimiento<\/strong>.\u00a0<\/span><\/li>\n\n\n\n<li><span style=\"font-size: 12pt; color: #000000;\" data-mce-mark=\"1\">Record\u00e1 que para solicitar esta documentaci\u00f3n TODAS las asignaturas deben estar acreditadas y cumplir con los actos administrativos que correspondan.<\/span><\/li>\n\n\n\n<li><span style=\"font-size: 12pt; color: #000000;\" data-mce-mark=\"1\"><span style=\"font-size: 12pt; color: #000000;\" data-mce-mark=\"1\"><span style=\"font-size: 12pt; color: #000000;\" data-mce-mark=\"1\">Pod\u00e9s retirar la constancia de t\u00edtulo en tr\u00e1mite a partir del 5to d\u00eda h\u00e1bil luego del inicio del tr\u00e1mite.<\/span><\/span><\/span><\/li>\n<\/ul>\n\n\n\n<div class=\"wp-block-group is-vertical is-layout-flex wp-container-2\">\n<p class=\"has-small-font-size\"><span data-mce-mark=\"1\" style=\"font-size: 12pt; color: #000000;\"><span data-mce-mark=\"1\" style=\"font-size: 12pt; color: #000000;\"><span data-mce-mark=\"1\" style=\"font-size: 12pt; color: #000000;\"><strong><a title=\"solicitud titulo ingles completo\" rel=\"noopener\" href=\"upload\/Solicitud_de_titulo_Ingles.docx\" target=\"_blank\">Profesorado de Ingl\u00e9s (completo)<\/a><\/strong><br><\/span><\/span><\/span><a href=\"https:\/\/isfd88-bue.infd.edu.ar\/sitio\/wp-content\/uploads\/2022\/02\/Solicitud-titulo_ingles_plan-nuevo.docx\"><span style=\"color: #333399;\"><strong>Profesorado de Ingl\u00e9s- Plan nuevo&nbsp;<\/strong><\/span><\/a><\/p>\n\n\n\n<p class=\"has-small-font-size\"><span style=\"font-size: 12pt; color: #000000;\" data-mce-mark=\"1\"><span style=\"font-size: 12pt; color: #000000;\" data-mce-mark=\"1\"><span style=\"font-size: 12pt; color: #000000;\" data-mce-mark=\"1\"><strong><a title=\"solicitud titulo ingles intermedio\" href=\"upload\/Solicitud_de_titulo_Ingles_intermedio.docx\" target=\"_blank\" rel=\"noopener\">Profesorado de Ingl\u00e9s (intermedio) <\/a><\/strong><\/span><\/span><\/span><\/p>\n\n\n\n<p class=\"has-small-font-size\"><span data-mce-mark=\"1\" style=\"font-size: 12pt; color: #000000;\"><span data-mce-mark=\"1\" style=\"font-size: 12pt; color: #000000;\"><span data-mce-mark=\"1\" style=\"font-size: 12pt; color: #000000;\"><strong><a title=\"solicitud titulo lengua\" rel=\"noopener\" href=\"upload\/Solicitud_de_titulo_Lengua.docx\" target=\"_blank\">Profesorado de Lengua y Literatura<\/a><\/strong><\/span><\/span><\/span><\/p>\n\n\n\n<p class=\"has-small-font-size\" style=\"font-style:normal;font-weight:600\"><a href=\"https:\/\/isfd88-bue.infd.edu.ar\/sitio\/wp-content\/uploads\/2022\/02\/Solicitud-titulo-Lengua-plan-nuevo.docx\"><strong>Profesorado de Lengua y Literatura- plan nuevo<\/strong><\/a><\/p>\n\n\n\n<p class=\"has-small-font-size\"><span style=\"font-size: 12pt; color: #000000;\" data-mce-mark=\"1\"><span style=\"font-size: 12pt; color: #000000;\" data-mce-mark=\"1\"><span style=\"font-size: 12pt; color: #000000;\" data-mce-mark=\"1\"><strong><a title=\"solicitud titulo primaria\" href=\"upload\/Solicitud_de_titulo_Primaria.docx\" target=\"_blank\" rel=\"noopener\">Profesorado de Educaci\u00f3n Primaria<\/a><\/strong><\/span><\/span><\/span><\/p>\n\n\n\n<p class=\"has-small-font-size\"><span style=\"font-size: 12pt; color: #000000;\" data-mce-mark=\"1\"><span style=\"font-size: 12pt; color: #000000;\" data-mce-mark=\"1\"><span style=\"font-size: 12pt; color: #000000;\" data-mce-mark=\"1\"><strong><a title=\"solicitud titulo inicial\" href=\"upload\/Solicitud_de_titulo_Inicial.docx\" target=\"_blank\" rel=\"noopener\">Profesorado de Educaci\u00f3n Inicial<\/a><\/strong><\/span><\/span><\/span><\/p>\n<\/div>\n\n\n\n<p><span style=\"font-size: 12pt; color: #000000;\" data-mce-mark=\"1\"><span style=\"font-size: 12pt; color: #000000;\" data-mce-mark=\"1\"><span style=\"font-size: 12pt; color: #000000;\" data-mce-mark=\"1\">&nbsp;<\/span><\/span><\/span><\/p>\n\n\n\n<p class=\"has-luminous-dusk-gradient-background has-background\"><span style=\"font-size: 14pt; font-family: 'arial black', 'avant garde'; color: #800080;\" data-mce-mark=\"1\">CONSTANCIA DE T\u00cdTULO EN TR\u00c1MITE (tres firmas, exclusivamente para hacer ingreso a la docencia)&nbsp;&nbsp;<\/span><\/p>\n\n\n\n<p><a href=\"https:\/\/isfd88-bue.infd.edu.ar\/sitio\/constancia-para-ingreso-a-la-docencia-titulo-en-tramite-20-21\/\">Formulario para ingreso a la docencia 2020\/2021<\/a><\/p>\n\n\n\n<p>Este tipo de constancia tarda un m\u00ednimo de 7 d\u00edas ya que debe ser remitida a Jefatura Distrital para su certificaci\u00f3n.<\/p>\n\n\n\n<h2 class=\"wp-block-heading has-cool-to-warm-spectrum-gradient-background has-background has-medium-font-size\">EQUIVALENCIAS<\/h2>\n\n\n\n<p><a href=\"https:\/\/drive.google.com\/file\/d\/1tMMScHWCQK8Ofl3vLqJvniqXuO66JEH8\/view?usp=sharing\">EQUIVALENCIA POR ASIGNATURA<\/a><\/p>\n\n\n\n<p><a href=\"https:\/\/drive.google.com\/file\/d\/1MaZb8u_OVxUH15nM24vyrkiEdhUUarZP\/view?usp=sharing\">EQUIVALENCIA GENERAL<\/a><\/p>\n\n\n\n<p class=\"has-text-align-center has-medium-font-size\"><\/p>\n\n\n\n<p><\/p>\n","protected":false},"excerpt":{"rendered":"<p>ANAL\u00cdTICOS Tener en cuenta que a partir de marzo 2022, la Secretar\u00eda de Asuntos Docentes (SAD 2) solicita un nuevo modelo de constancia de porcentaje de materias. Lo encontrar\u00e1n debajo del anal\u00edtico parcial. PASOS A SEGUIR: Descargar el formulario correspondiente a tu carrera de los siguientes links:&nbsp; PROFESORADO DE INGL\u00c9S &#8211; Plan Viejo PROFESORADO DE &#8230; <a title=\"Constancias\" class=\"read-more\" href=\"https:\/\/isfd88-bue.infd.edu.ar\/sitio\/constancias\/\" aria-label=\"More on Constancias\">[+]<\/a><\/p>\n","protected":false},"author":2624,"featured_media":0,"parent":0,"menu_order":0,"comment_status":"closed","ping_status":"closed","template":"","meta":[],"acf":[],"_links":{"self":[{"href":"https:\/\/isfd88-bue.infd.edu.ar\/sitio\/wp-json\/wp\/v2\/pages\/1994"}],"collection":[{"href":"https:\/\/isfd88-bue.infd.edu.ar\/sitio\/wp-json\/wp\/v2\/pages"}],"about":[{"href":"https:\/\/isfd88-bue.infd.edu.ar\/sitio\/wp-json\/wp\/v2\/types\/page"}],"author":[{"embeddable":true,"href":"https:\/\/isfd88-bue.infd.edu.ar\/sitio\/wp-json\/wp\/v2\/users\/2624"}],"replies":[{"embeddable":true,"href":"https:\/\/isfd88-bue.infd.edu.ar\/sitio\/wp-json\/wp\/v2\/comments?post=1994"}],"version-history":[{"count":44,"href":"https:\/\/isfd88-bue.infd.edu.ar\/sitio\/wp-json\/wp\/v2\/pages\/1994\/revisions"}],"predecessor-version":[{"id":6474,"href":"https:\/\/isfd88-bue.infd.edu.ar\/sitio\/wp-json\/wp\/v2\/pages\/1994\/revisions\/6474"}],"wp:attachment":[{"href":"https:\/\/isfd88-bue.infd.edu.ar\/sitio\/wp-json\/wp\/v2\/media?parent=1994"}],"curies":[{"name":"wp","href":"https:\/\/api.w.org\/{rel}","templated":true}]}}