{"id":2073,"date":"2018-08-29T17:40:43","date_gmt":"2018-08-29T20:40:43","guid":{"rendered":"https:\/\/isfd88-bue.infd.edu.ar\/sitio\/tfo-taller-formativo-opcional\/"},"modified":"2020-04-12T12:27:47","modified_gmt":"2020-04-12T15:27:47","slug":"tfo-taller-formativo-opcional","status":"publish","type":"page","link":"https:\/\/isfd88-bue.infd.edu.ar\/sitio\/tfo-taller-formativo-opcional\/","title":{"rendered":"TFO : Taller Formativo Opcional"},"content":{"rendered":"<p style=\"text-align: center;\"><span style=\"font-size: 14pt;\">TFO<\/span><\/p>\n<p style=\"text-align: center;\"><span style=\"font-size: 14pt;\">TRAYECTO FORMATIVO OPCIONAL<\/span><\/p>\n<p style=\"text-align: center;\"><img decoding=\"async\" loading=\"lazy\" src=\"https:\/\/encrypted-tbn2.gstatic.com\/images?q=tbn:ANd9GcRvNTYFMp7z0LYdGJDZYPG4Bmay9BWMeOsI96th5kKhvgoJc6kJUw\" width=\"223\" height=\"226\" border=\"0\" \/><\/p>\n<p><em><span style=\"font-size: 14pt;\">\u00bf Qu\u00e9 es \u00a0TFO?<\/span><\/em><\/p>\n<p><span style=\"font-size: 14pt;\">Son Talleres Formativos Opcionales. Son opcionales en la tem\u00e1tica que eligen los Institutos de Formaci\u00f3n docente , seg\u00fan el diagn\u00f3stico institucional. Pero son de cursada obligatoria.<\/span><\/p>\n<p><em><span style=\"font-size: 14pt;\">\u00bfCu\u00e1ntos talleres debo cursar en la carrera?<\/span><\/em><\/p>\n<p><span style=\"font-size: 14pt;\">Seg\u00fan la carga horaria en nuestro instituto deben cumplimentar 5 ( cinco) \u00a0TFO en toda la carrera.<\/span><\/p>\n<p><em><span style=\"font-size: 14pt;\">\u00a0\u00bfPuedo cursar m\u00e1s de cinco?<\/span><\/em><\/p>\n<p><span style=\"font-size: 14pt;\">Si, en caso de cursar m\u00e1s de cinco se les emite un certificado por cada TFO realizado.<\/span><\/p>\n<p><span style=\"font-size: 18.6667px;\">\u00bfTengo que cursar los que corresponde a mi a\u00f1o de curtsada o puedo cursar otros? \u00a0<\/span><\/p>\n<p><span style=\"font-size: 18.6667px;\">\u00a0Si para los de primer a\u00f1o : Narraci\u00f3n oral, Teatro y ESI deben cursarse en ese a\u00f1o. Los dem\u00e1s no necesariamente; sin embargo los contenidos de cada \u00a0taller est\u00e1n pensados para articular \u00a0el Campo de Pr\u00e1ctica del a\u00f1o en que figuran el TFO. Por ejemplo: Alfabetizaci\u00f3n digital est\u00e1 dise\u00f1ado para cursarlo en paralelo con la residencia y los ateneos \u00a0en la elaboraci\u00f3n del coloquio final.<\/span><\/p>\n<p><em><span style=\"font-size: 14pt;\">\u00bf Qu\u00e9 talleres hay ?<\/span><\/em><\/p>\n<p><span style=\"font-size: 14pt;\">1\u00b0 A\u00d1O:<strong><span style=\"color: #800080;\"> Narraci\u00f3n Oral.<\/span><\/strong> ( Prof. Cecilia Paz) Cursada obligatoria.<\/span><\/p>\n<p><span style=\"font-size: 14pt;\">1\u00b0 A\u00d1O: <strong><span style=\"color: #800080;\">Teatro<\/span><\/strong> ( Prof Eduardo Caballero) Cursada obligatoria.<\/span><\/p>\n<p>&nbsp;<\/p>\n<p><span style=\"font-size: 14pt;\">1\u00b0 A\u00d1O: <strong><span style=\"color: #800080;\">ESI (Educaci\u00f3n Sexual Integral)<\/span><\/strong>. ( Prof. Marina Acosta)<\/span><\/p>\n<p><span style=\"font-size: 14pt;\">3\u00b0 A\u00d1O: <strong><span style=\"color: #800080;\">Alfabetizaci\u00f3n Inicial\u00a0<\/span><\/strong><span style=\"color: #800080;\"><span style=\"color: #000000;\">( Prof. Gloria Seibert)<\/span><\/span><\/span><\/p>\n<p><span style=\"font-size: 14pt;\">4\u00b0 A\u00d1O: <span style=\"color: #800080;\"><strong>El Docente como promotor de la cultura<\/strong><\/span> ( Prof. Eduardo Caballero)<\/span><\/p>\n<p><span style=\"font-size: 14pt;\">4\u00b0 A\u00d1O: <strong><span style=\"color: #800080;\">Infancia y discapacidad<\/span> <\/strong>( Prof. Luis Visconti)<\/span><\/p>\n<p><span style=\"font-size: 14pt;\">4\u00b0 A\u00d1O: <strong><span style=\"color: #800080;\">Alfabetizaci\u00f3n digital<\/span><\/strong><strong><span style=\"color: #800080;\">\u00a0<\/span><\/strong><span style=\"color: #800080;\"><span style=\"color: #000000;\">( Prof. Francisco Salas)<\/span><\/span><\/span><\/p>\n<p><span style=\"font-size: 14pt;\">4\u00b0 A\u00d1O: <strong><span style=\"color: #800080;\">Folklore<\/span><\/strong><strong><span style=\"color: #800080;\">\u00a0<\/span><\/strong><strong><span style=\"color: #800080;\">\u00a0<\/span><\/strong><span style=\"color: #800080;\"><span style=\"color: #000000;\">( Prof. Gabriela P\u00e9rez Bloise)<\/span><\/span><\/span><\/p>\n<p>&nbsp;<\/p>\n<p><em><span style=\"font-size: 14pt;\">\u00bf C\u00f3mo se eval\u00faan los talleres?<\/span><\/em><\/p>\n<p><span style=\"font-size: 14pt;\">Seg\u00fan lo indicado en el Plan de Evaluaci\u00f3n institucional.<\/span><\/p>\n<p><em><span style=\"font-size: 14pt;\">\u00bf Cu\u00e1ndo se cursa?<\/span><\/em><\/p>\n<p><span style=\"font-size: 14pt;\">Los TFO son quincenales de cursada anual. No se pueden renidr en car\u00e1cter de libres.\u00a0<\/span><\/p>\n<p>&nbsp;<\/p>\n","protected":false},"excerpt":{"rendered":"<p>TFO TRAYECTO FORMATIVO OPCIONAL \u00bf Qu\u00e9 es \u00a0TFO? Son Talleres Formativos Opcionales. Son opcionales en la tem\u00e1tica que eligen los Institutos de Formaci\u00f3n docente , seg\u00fan el diagn\u00f3stico institucional. Pero son de cursada obligatoria. \u00bfCu\u00e1ntos talleres debo cursar en la carrera? Seg\u00fan la carga horaria en nuestro instituto deben cumplimentar 5 ( cinco) \u00a0TFO en &#8230; <a title=\"TFO : Taller Formativo Opcional\" class=\"read-more\" href=\"https:\/\/isfd88-bue.infd.edu.ar\/sitio\/tfo-taller-formativo-opcional\/\" aria-label=\"More on TFO : Taller Formativo Opcional\">[+]<\/a><\/p>\n","protected":false},"author":2624,"featured_media":0,"parent":0,"menu_order":0,"comment_status":"closed","ping_status":"closed","template":"","meta":[],"acf":[],"_links":{"self":[{"href":"https:\/\/isfd88-bue.infd.edu.ar\/sitio\/wp-json\/wp\/v2\/pages\/2073"}],"collection":[{"href":"https:\/\/isfd88-bue.infd.edu.ar\/sitio\/wp-json\/wp\/v2\/pages"}],"about":[{"href":"https:\/\/isfd88-bue.infd.edu.ar\/sitio\/wp-json\/wp\/v2\/types\/page"}],"author":[{"embeddable":true,"href":"https:\/\/isfd88-bue.infd.edu.ar\/sitio\/wp-json\/wp\/v2\/users\/2624"}],"replies":[{"embeddable":true,"href":"https:\/\/isfd88-bue.infd.edu.ar\/sitio\/wp-json\/wp\/v2\/comments?post=2073"}],"version-history":[{"count":4,"href":"https:\/\/isfd88-bue.infd.edu.ar\/sitio\/wp-json\/wp\/v2\/pages\/2073\/revisions"}],"predecessor-version":[{"id":3113,"href":"https:\/\/isfd88-bue.infd.edu.ar\/sitio\/wp-json\/wp\/v2\/pages\/2073\/revisions\/3113"}],"wp:attachment":[{"href":"https:\/\/isfd88-bue.infd.edu.ar\/sitio\/wp-json\/wp\/v2\/media?parent=2073"}],"curies":[{"name":"wp","href":"https:\/\/api.w.org\/{rel}","templated":true}]}}