{"id":2482,"date":"2019-04-17T20:04:21","date_gmt":"2019-04-17T23:04:21","guid":{"rendered":"https:\/\/isfd88-bue.infd.edu.ar\/sitio\/?page_id=2482"},"modified":"2019-09-25T20:51:19","modified_gmt":"2019-09-25T23:51:19","slug":"programas-2019_lengua","status":"publish","type":"page","link":"https:\/\/isfd88-bue.infd.edu.ar\/sitio\/programas-2019_lengua\/","title":{"rendered":"PROGRAMAS 2019_LENGUA"},"content":{"rendered":"<h1 style=\"text-align: center;\">1\u00b0 A\u00d1O- PLAN NUEVO<\/h1>\n<p>&nbsp;<\/p>\n<table style=\"height: 885px;\" width=\"961\">\n<tbody>\n<tr>\n<td width=\"196\">\n<h3 style=\"text-align: center;\"><span style=\"color: #ff0000;\">CURSO<\/span><\/h3>\n<\/td>\n<td style=\"text-align: center;\" width=\"196\">\n<h3><span style=\"color: #ff0000;\">PROGRAMA<\/span><\/h3>\n<\/td>\n<td width=\"196\">\n<h3 style=\"text-align: center;\"><span style=\"color: #ff0000;\">DOCENTE<\/span><\/h3>\n<\/td>\n<\/tr>\n<tr>\n<td width=\"196\">\n<h3>1\u00b0 E1\/ 1\u00b0 E2<\/h3>\n<\/td>\n<td width=\"196\">\n<h3><a href=\"https:\/\/isfd88-bue.infd.edu.ar\/sitio\/didactica-general_-1-e2_molina\/\">Did\u00e1ctica general<\/a><\/h3>\n<\/td>\n<td width=\"196\">\n<h3>Sabrina Molina<\/h3>\n<\/td>\n<\/tr>\n<tr>\n<td width=\"196\">\n<h3>1\u00b0 E1<\/h3>\n<\/td>\n<td width=\"196\"><strong>Taller Leo<\/strong><\/td>\n<\/tr>\n<tr>\n<td width=\"196\">\n<h3>1\u00b0 E1\/ 1\u00b0 E2<\/h3>\n<\/td>\n<td width=\"196\">\n<h3><a href=\"https:\/\/isfd88-bue.infd.edu.ar\/sitio\/historia-cultural-de-la-literatura-2019_-marangoni\/\">Historia de la literatura<\/a><\/h3>\n<\/td>\n<td width=\"196\">\n<h3>Ana Paula Marangoni<\/h3>\n<\/td>\n<\/tr>\n<tr>\n<td width=\"196\">\n<h3>1\u00b0 E1<\/h3>\n<\/td>\n<td width=\"196\">\n<h3><a href=\"https:\/\/isfd88-bue.infd.edu.ar\/sitio\/programa-de-teoria-literaria-i\/\">Teor\u00eda Literaria<\/a><\/h3>\n<\/td>\n<td width=\"196\">\n<h3>Marcela Caraballo<\/h3>\n<\/td>\n<\/tr>\n<tr>\n<td width=\"196\">\n<h3>1\u00b0 E2<\/h3>\n<\/td>\n<td width=\"196\">\n<h3><a href=\"https:\/\/isfd88-bue.infd.edu.ar\/sitio\/teoria-literaria-i_lengua_aguero\/\">Teor\u00eda Literaria<\/a><\/h3>\n<\/td>\n<td width=\"196\">\n<h3>Yolanda Ag\u00fcero<\/h3>\n<\/td>\n<\/tr>\n<tr>\n<td width=\"196\">\n<h3>1\u00b0 E1\/1\u00b0 E 2<\/h3>\n<\/td>\n<td width=\"196\">\n<h3><a href=\"https:\/\/isfd88-bue.infd.edu.ar\/sitio\/programa_linguistica-y-gramatica1_2019\/\">Ling\u00fc\u00edstica y Gram\u00e1tica<\/a><\/h3>\n<\/td>\n<td width=\"196\">\n<h3>Yolanda Ag\u00fcero\/ Mar\u00eda Bel\u00e9n Benitez<\/h3>\n<\/td>\n<\/tr>\n<tr>\n<td width=\"196\">\n<h3>1\u00b0 E 1\/ 1\u00b0 E 2<\/h3>\n<\/td>\n<td width=\"196\">\n<h3>Problem\u00e1ticas socio-institucionales<\/h3>\n<\/td>\n<td width=\"196\">\n<h3>Silvana Ram\u00edrez\/<\/h3>\n<\/td>\n<\/tr>\n<tr>\n<td width=\"196\">\n<h3>1\u00b0 E1\/ 1\u00b0 E2<\/h3>\n<\/td>\n<td width=\"196\">\n<h3><a href=\"https:\/\/isfd88-bue.infd.edu.ar\/sitio\/programa-mascitti-historia-de-la-lengua-2019\/\">Historia de la lengua espa\u00f1ola<\/a><\/h3>\n<\/td>\n<td width=\"196\">\n<h3>Guillermo Mascitti<\/h3>\n<\/td>\n<\/tr>\n<tr>\n<td width=\"196\">\n<h3>1\u00b0 E1<\/h3>\n<\/td>\n<td width=\"196\">\n<h3><a href=\"https:\/\/isfd88-bue.infd.edu.ar\/sitio\/2019_lengua-y-literatura_-pedagogia_peredo-2\/\">Pedagog\u00eda<\/a><\/h3>\n<\/td>\n<td width=\"196\">\n<h3>L\u00eda Peredo<\/h3>\n<\/td>\n<\/tr>\n<tr>\n<td width=\"196\">\n<h3>1\u00b0 E2<\/h3>\n<\/td>\n<td width=\"196\">\n<h3><a href=\"https:\/\/isfd88-bue.infd.edu.ar\/sitio\/pedagogia-1eii-1fiii-2019-profesora-sandra-pallotta\/\">Pedagog\u00eda<\/a><\/h3>\n<\/td>\n<td width=\"196\">\n<h3>Sandra Pallotta<\/h3>\n<\/td>\n<\/tr>\n<tr>\n<td width=\"196\">\n<h3>1\u00b0E 1\/ 1\u00b0 E2<\/h3>\n<p>&nbsp;<\/p>\n<p>&nbsp;<\/p>\n<h3>1\u00b0 E 2<\/h3>\n<\/td>\n<td width=\"196\">\n<h3><a href=\"https:\/\/isfd88-bue.infd.edu.ar\/sitio\/proyecto-cfpp-1-lyl-2019\/\">CFPP1: El trabajo docente: complejidadesy entramados<\/a><\/h3>\n<h3><\/h3>\n<h3><a href=\"https:\/\/isfd88-bue.infd.edu.ar\/sitio\/programa-mascitti-taller-leo-1o-e-2-2019-1\/\">Taller de LEO\u00a0<\/a><\/h3>\n<\/td>\n<td width=\"196\">\n<h3>Sabrina Molina\/ Natalia Cruz<\/h3>\n<h3><\/h3>\n<h3><\/h3>\n<h3>Guillermo Mascitti<\/h3>\n<\/td>\n<\/tr>\n<\/tbody>\n<\/table>\n<h3><\/h3>\n<h3 style=\"text-align: center;\">2\u00b0 A\u00d1O &#8211; PLAN NUEVO<\/h3>\n<h3><\/h3>\n<table>\n<tbody>\n<tr>\n<td width=\"196\">\n<h3 style=\"text-align: center;\"><span style=\"color: #ff0000;\">CURSO<\/span><\/h3>\n<\/td>\n<td style=\"text-align: center;\" width=\"196\">\n<h3><span style=\"color: #ff0000;\">PROGRAMA<\/span><\/h3>\n<\/td>\n<td width=\"196\">\n<h3 style=\"text-align: center;\"><span style=\"color: #ff0000;\">DOCENTE<\/span><\/h3>\n<\/td>\n<\/tr>\n<tr>\n<td width=\"196\">\n<h3>2\u00b0 E<\/h3>\n<\/td>\n<td width=\"196\">\n<h3><a href=\"https:\/\/isfd88-bue.infd.edu.ar\/sitio\/semiotica_lengua_aguero\/\">Semi\u00f3tica<\/a><\/h3>\n<\/td>\n<td width=\"196\">\n<h3>Yolanda Ag\u00fcero<\/h3>\n<\/td>\n<\/tr>\n<tr>\n<td width=\"196\">\n<h3>2\u00b0 E<\/h3>\n<\/td>\n<td width=\"196\">\n<h3><a href=\"https:\/\/isfd88-bue.infd.edu.ar\/sitio\/programa-mascitti-teoria-literaria-ii-2019\/\">Teor\u00eda Literaria 2<\/a><\/h3>\n<\/td>\n<td width=\"196\">\n<h3>Guillermo Mascitti<\/h3>\n<\/td>\n<\/tr>\n<tr>\n<td width=\"196\">\n<h3>2\u00b0 E<\/h3>\n<\/td>\n<td width=\"196\">\n<h3>Taller de alfabetizaci\u00f3n literaria y literatura infanto juvenil<\/h3>\n<\/td>\n<td width=\"196\">\n<h3>Liliana Leiva<\/h3>\n<\/td>\n<\/tr>\n<tr>\n<td width=\"196\">\n<h3>2\u00b0 E<\/h3>\n<\/td>\n<td width=\"196\">\n<h3><a href=\"https:\/\/isfd88-bue.infd.edu.ar\/sitio\/2019-profesorado-de-lengua-y-literatura-2e-historia-y-politica-de-la-educacion-argentina-profesor-unrein\/\">Historia y Pol\u00edtica argentina<\/a><\/h3>\n<\/td>\n<td width=\"196\">\n<h3>Ricardo Unrein<\/h3>\n<\/td>\n<\/tr>\n<tr>\n<td width=\"196\">\n<h3>2\u00b0 E<\/h3>\n<\/td>\n<td width=\"196\">\n<h3><a href=\"https:\/\/isfd88-bue.infd.edu.ar\/sitio\/2019_lengua_ensenar-con-tecnologias_2e_vega\/\">Ense\u00f1ar con tecnolog\u00eda<\/a>s<\/h3>\n<\/td>\n<td width=\"196\">\n<h3>Elizabeth Vega<\/h3>\n<\/td>\n<\/tr>\n<tr>\n<td width=\"196\">\n<h3>2\u00b0 E<\/h3>\n<\/td>\n<td width=\"196\">\n<h3><a href=\"https:\/\/isfd88-bue.infd.edu.ar\/sitio\/linguistica-2_lengua_aguero\/\">Ling\u00fc\u00edstica 2<\/a><\/h3>\n<\/td>\n<td width=\"196\">\n<h3>Yolanda Ag\u00fcero<\/h3>\n<\/td>\n<\/tr>\n<tr>\n<td width=\"196\">\n<h3>2\u00b0 E<\/h3>\n<\/td>\n<td width=\"196\">\n<h3><a href=\"https:\/\/isfd88-bue.infd.edu.ar\/sitio\/2019_lengua_historia-social-y-cultural-de-la-literatura_2oe_silvana-ruiz-diaz-convertido\/\">Historia social y cultural de la literatura 2<\/a><\/h3>\n<\/td>\n<td width=\"196\">\n<h3>Silvana Ruiz D\u00edaz<\/h3>\n<\/td>\n<\/tr>\n<tr>\n<td width=\"196\">\n<h3>2\u00b0 E<\/h3>\n<\/td>\n<td width=\"196\">\n<h3><a href=\"https:\/\/isfd88-bue.infd.edu.ar\/sitio\/programa_de_didactica_de_la_lengua_y_la_literatura_i_caraballo\/\">Did\u00e1ctica de la lengua y la literatura\u00a0 1<\/a><\/h3>\n<\/td>\n<td width=\"196\">\n<h3>Marcela Caraballo<\/h3>\n<\/td>\n<\/tr>\n<tr>\n<td width=\"196\">\n<h3>2\u00b0 E<\/h3>\n<\/td>\n<td width=\"196\">\n<h3><a href=\"https:\/\/isfd88-bue.infd.edu.ar\/sitio\/programa-psic-educacional-2e-medini\/\">Perspectiva acerca de los sujetos de la educaci\u00f3n<\/a><\/h3>\n<\/td>\n<td width=\"196\">\n<h3>J\u00e9sica Medini<\/h3>\n<\/td>\n<\/tr>\n<tr>\n<td width=\"196\">\n<h3>2\u00b0 E<\/h3>\n<\/td>\n<td width=\"196\">\n<h3><a href=\"https:\/\/isfd88-bue.infd.edu.ar\/sitio\/_lengua_campo-de-la-formacion-en-la-pratica-profesional-_2oe_-silvana-ruiz-diaz\/\">CFPP 2: La construcci\u00f3n del trabajo docente en la escuela secundaria<\/a><\/h3>\n<\/td>\n<td width=\"196\">\n<h3>Silvana Ruiz D\u00edaz<\/h3>\n<\/td>\n<\/tr>\n<\/tbody>\n<\/table>\n<h3><\/h3>\n<h3 style=\"text-align: center;\"><span style=\"color: #000000;\">3\u00b0 A\u00d1O- PLAN VIEJO\u00a0<\/span><\/h3>\n<table>\n<tbody>\n<tr>\n<td width=\"196\">\n<h3>CURSO<\/h3>\n<\/td>\n<td width=\"196\">\n<h3>PROGRAMA<\/h3>\n<\/td>\n<td width=\"196\">\n<h3>DOCENTE<\/h3>\n<\/td>\n<\/tr>\n<tr>\n<td width=\"196\">\n<h3>3\u00b0 E<\/h3>\n<\/td>\n<td width=\"196\">\n<h3><a href=\"https:\/\/isfd88-bue.infd.edu.ar\/sitio\/2019_lengua_gramatica_3e_vega\/\">Ling\u00fc\u00edstica\u00a0 y Gram\u00e1tica 3<\/a><\/h3>\n<\/td>\n<td width=\"196\">\n<h3>Ellizabeth Vega<\/h3>\n<\/td>\n<\/tr>\n<tr>\n<td width=\"196\">\n<h3>3\u00b0 E<\/h3>\n<\/td>\n<td width=\"196\">\n<h3><a href=\"https:\/\/isfd88-bue.infd.edu.ar\/sitio\/teoria-literaria-iii_lengua_aguero\/\">Teor\u00eda Literaria 3<\/a><\/h3>\n<\/td>\n<td width=\"196\">\n<h3>Yolanda Ag\u00fcero<\/h3>\n<\/td>\n<\/tr>\n<tr>\n<td width=\"196\">\n<h3>3\u00b0 E<\/h3>\n<\/td>\n<td width=\"196\">\n<h3><a href=\"https:\/\/isfd88-bue.infd.edu.ar\/sitio\/2019_lengua_lenguas-clasicas-ii_3e_vega\/\">Lenguas Cl\u00e1sicas 2<\/a><\/h3>\n<\/td>\n<td width=\"196\">\n<h3>Elizabeth Vega<\/h3>\n<\/td>\n<\/tr>\n<tr>\n<td width=\"196\">\n<h3>3\u00b0 E<\/h3>\n<\/td>\n<td width=\"196\">\n<h3>EDI: Teatro<\/h3>\n<\/td>\n<td width=\"196\">\n<h3>Eduardo Caballero<\/h3>\n<\/td>\n<\/tr>\n<tr>\n<td width=\"196\">\n<h3>3\u00b0 E<\/h3>\n<\/td>\n<td width=\"196\">\n<h3><a href=\"https:\/\/isfd88-bue.infd.edu.ar\/sitio\/programa-2019-primer-nivel-de-lengua-extranjera-ingles-3e\/\">Primer nivel de lengua extranjera: Ingl\u00e9s<\/a><\/h3>\n<\/td>\n<td width=\"196\">\n<h3>Laura Espasand\u00edn<\/h3>\n<\/td>\n<\/tr>\n<tr>\n<td width=\"196\">\n<h3>3\u00b0 E<\/h3>\n<\/td>\n<td width=\"196\">\n<h3><a href=\"https:\/\/isfd88-bue.infd.edu.ar\/sitio\/historia-social-de-la-literatura-3_bertinetti\/\">Historia social de la literatura 3<\/a><\/h3>\n<\/td>\n<td width=\"196\">\n<h3>Ricardo Bertinetti<\/h3>\n<\/td>\n<\/tr>\n<tr>\n<td width=\"196\">\n<h3>3\u00b0 E<\/h3>\n<\/td>\n<td width=\"196\">\n<h3><a href=\"https:\/\/isfd88-bue.infd.edu.ar\/sitio\/programa-semiotica-ii-mascitti-2019\/\">Semi\u00f3tica 2<\/a><\/h3>\n<\/td>\n<td width=\"196\">\n<h3>Guillermo Mascitti<\/h3>\n<\/td>\n<\/tr>\n<tr>\n<td width=\"196\">\n<h3>3\u00b0 E<\/h3>\n<\/td>\n<td width=\"196\">\n<h3>Perspectiva filos\u00f3fico-pedag\u00f3gica- did\u00e1ctica<\/h3>\n<\/td>\n<td width=\"196\">\n<h3>Maximiliano Viggiano<\/h3>\n<\/td>\n<\/tr>\n<tr>\n<td width=\"196\">\n<h3>3\u00b0 E<\/h3>\n<\/td>\n<td width=\"196\">\n<h3><a href=\"https:\/\/isfd88-bue.infd.edu.ar\/sitio\/politica-institucional-3o-e-f1-f3-fondovila\/\">Perspectiva Pol\u00edtica institucional<\/a><\/h3>\n<\/td>\n<td width=\"196\">\n<h3>Carlos Fondovila<\/h3>\n<\/td>\n<\/tr>\n<tr>\n<td width=\"196\">\n<h3>3\u00b0 E<\/h3>\n<\/td>\n<td width=\"196\">\n<h3><a href=\"https:\/\/isfd88-bue.infd.edu.ar\/sitio\/programa-historia-3_bertinetti\/\">Historia social de la literatura 3<\/a><\/h3>\n<\/td>\n<td width=\"196\">\n<h3>Ricardo Bertinetti<\/h3>\n<\/td>\n<\/tr>\n<tr>\n<td width=\"196\">\n<h3>3\u00b0 E<\/h3>\n<\/td>\n<td width=\"196\">\n<h3><a href=\"https:\/\/isfd88-bue.infd.edu.ar\/sitio\/2019_lengua_espacio-de-la-practica-docente_3oe_mascitti-ruiz-diaz\/\">Espacio de la Pr\u00e1ctica 3<\/a><\/h3>\n<\/td>\n<td width=\"196\">\n<h3>Silvana Ruiz D\u00edaz \/ Guillermo Mascitti<\/h3>\n<\/td>\n<\/tr>\n<\/tbody>\n<\/table>\n<h3><\/h3>\n<h3 style=\"text-align: center;\">4\u00b0 A\u00d1O- PLAN VIEJO<\/h3>\n<table>\n<tbody>\n<tr>\n<td width=\"196\">\n<h3 style=\"text-align: center;\"><span style=\"color: #ff0000;\">CURSO<\/span><\/h3>\n<\/td>\n<td style=\"text-align: center;\" width=\"196\">\n<h3><span style=\"color: #ff0000;\">PROGRAMA<\/span><\/h3>\n<\/td>\n<td width=\"196\">\n<h3 style=\"text-align: center;\"><span style=\"color: #ff0000;\">DOCENTE<\/span><\/h3>\n<\/td>\n<\/tr>\n<tr>\n<td width=\"196\">\n<h3>4\u00b0 E<\/h3>\n<\/td>\n<td width=\"196\">\n<h3><a href=\"https:\/\/isfd88-bue.infd.edu.ar\/sitio\/2019-lengua-teoria-literaria-iv\/\">Teor\u00eda Literaria 4<\/a><\/h3>\n<\/td>\n<td width=\"196\">\n<h3>Liliana Leiva<\/h3>\n<\/td>\n<\/tr>\n<tr>\n<td width=\"196\">\n<h3>4\u00b0 E<\/h3>\n<\/td>\n<td width=\"196\">\n<h3><a href=\"https:\/\/isfd88-bue.infd.edu.ar\/sitio\/2019_lengua_gramatica_4e_vega\/\">Ling\u00fc\u00edstica\u00a0 y Gram\u00e1tica 4<\/a><\/h3>\n<\/td>\n<td width=\"196\">\n<h3>Elizabeth Vega<\/h3>\n<\/td>\n<\/tr>\n<tr>\n<td width=\"196\">\n<h3>4\u00b0 E<\/h3>\n<\/td>\n<td width=\"196\">\n<h3><a href=\"https:\/\/isfd88-bue.infd.edu.ar\/sitio\/sociolinguistica_lengua_aguero\/\">Socio-ling\u00fc\u00edstica<\/a><\/h3>\n<\/td>\n<td width=\"196\">\n<h3>Yolanda Aguero<\/h3>\n<\/td>\n<\/tr>\n<tr>\n<td width=\"196\">\n<h3>4\u00b0 E<\/h3>\n<\/td>\n<td width=\"196\">\n<h3><a href=\"https:\/\/isfd88-bue.infd.edu.ar\/sitio\/2019-lengua-historia-social-y-cultural-de-la-literatura-iv\/\">Historia social de la literatura IV<\/a><\/h3>\n<\/td>\n<td width=\"196\">\n<h3>Liliana Leiva<\/h3>\n<\/td>\n<\/tr>\n<tr>\n<td width=\"196\">\n<h3>4\u00b0 E<\/h3>\n<\/td>\n<td width=\"196\">\n<h3><a href=\"https:\/\/isfd88-bue.infd.edu.ar\/sitio\/4e_frances_romanach\/\">Franc\u00e9s<\/a><\/h3>\n<\/td>\n<td width=\"196\">\n<h3>Isabel Roma\u00f1ach<\/h3>\n<\/td>\n<\/tr>\n<tr>\n<td width=\"196\">\n<h3>4\u00b0 E<\/h3>\n<\/td>\n<td width=\"196\">\n<h3><a href=\"https:\/\/isfd88-bue.infd.edu.ar\/sitio\/programa-psicoling-mascitti-2019\/\">Psicoling\u00fc\u00edstica<\/a><\/h3>\n<\/td>\n<td width=\"196\">\n<h3>Guillermo Mascitti<\/h3>\n<\/td>\n<\/tr>\n<tr>\n<td width=\"196\">\n<h3>4\u00b0 E<\/h3>\n<\/td>\n<td width=\"196\">\n<h3><a href=\"https:\/\/isfd88-bue.infd.edu.ar\/sitio\/programa-mascitti-edi-2019\/\">EDI: La construcci\u00f3n del espectador<\/a><\/h3>\n<\/td>\n<td width=\"196\">\n<h3>Guillermo Mascitti<\/h3>\n<\/td>\n<\/tr>\n<tr>\n<td width=\"196\">\n<h3>4\u00b0 E<\/h3>\n<\/td>\n<td width=\"196\">\n<h3><a href=\"https:\/\/isfd88-bue.infd.edu.ar\/sitio\/practicas-iv_lengua_2019\/\">Espacio de la Pr\u00e1ctica IV<\/a><\/h3>\n<\/td>\n<td width=\"196\">\n<h3>Guillermo Mascitti\/ Mar\u00eda Bel\u00e9n Benitez<\/h3>\n<\/td>\n<\/tr>\n<\/tbody>\n<\/table>\n<p>&nbsp;<\/p>\n","protected":false},"excerpt":{"rendered":"<p>1\u00b0 A\u00d1O- PLAN NUEVO &nbsp; CURSO PROGRAMA DOCENTE 1\u00b0 E1\/ 1\u00b0 E2 Did\u00e1ctica general Sabrina Molina 1\u00b0 E1 Taller Leo 1\u00b0 E1\/ 1\u00b0 E2 Historia de la literatura Ana Paula Marangoni 1\u00b0 E1 Teor\u00eda Literaria Marcela Caraballo 1\u00b0 E2 Teor\u00eda Literaria Yolanda Ag\u00fcero 1\u00b0 E1\/1\u00b0 E 2 Ling\u00fc\u00edstica y Gram\u00e1tica Yolanda Ag\u00fcero\/ Mar\u00eda Bel\u00e9n Benitez &#8230; <a title=\"PROGRAMAS 2019_LENGUA\" class=\"read-more\" href=\"https:\/\/isfd88-bue.infd.edu.ar\/sitio\/programas-2019_lengua\/\" aria-label=\"More on PROGRAMAS 2019_LENGUA\">[+]<\/a><\/p>\n","protected":false},"author":2550,"featured_media":0,"parent":0,"menu_order":0,"comment_status":"closed","ping_status":"closed","template":"","meta":[],"acf":[],"_links":{"self":[{"href":"https:\/\/isfd88-bue.infd.edu.ar\/sitio\/wp-json\/wp\/v2\/pages\/2482"}],"collection":[{"href":"https:\/\/isfd88-bue.infd.edu.ar\/sitio\/wp-json\/wp\/v2\/pages"}],"about":[{"href":"https:\/\/isfd88-bue.infd.edu.ar\/sitio\/wp-json\/wp\/v2\/types\/page"}],"author":[{"embeddable":true,"href":"https:\/\/isfd88-bue.infd.edu.ar\/sitio\/wp-json\/wp\/v2\/users\/2550"}],"replies":[{"embeddable":true,"href":"https:\/\/isfd88-bue.infd.edu.ar\/sitio\/wp-json\/wp\/v2\/comments?post=2482"}],"version-history":[{"count":25,"href":"https:\/\/isfd88-bue.infd.edu.ar\/sitio\/wp-json\/wp\/v2\/pages\/2482\/revisions"}],"predecessor-version":[{"id":2883,"href":"https:\/\/isfd88-bue.infd.edu.ar\/sitio\/wp-json\/wp\/v2\/pages\/2482\/revisions\/2883"}],"wp:attachment":[{"href":"https:\/\/isfd88-bue.infd.edu.ar\/sitio\/wp-json\/wp\/v2\/media?parent=2482"}],"curies":[{"name":"wp","href":"https:\/\/api.w.org\/{rel}","templated":true}]}}