{"id":2486,"date":"2019-04-17T20:57:26","date_gmt":"2019-04-17T23:57:26","guid":{"rendered":"https:\/\/isfd88-bue.infd.edu.ar\/sitio\/?page_id=2486"},"modified":"2020-04-10T19:22:41","modified_gmt":"2020-04-10T22:22:41","slug":"programas-2019_-inicial","status":"publish","type":"page","link":"https:\/\/isfd88-bue.infd.edu.ar\/sitio\/programas-2019_-inicial\/","title":{"rendered":"PROGRAMAS 2019_ INICIAL"},"content":{"rendered":"<h1 style=\"text-align: center;\">1\u00b0 A\u00d1O<\/h1>\n<table>\n<tbody>\n<tr>\n<td width=\"196\">\n<h3 style=\"text-align: center;\"><span style=\"color: #ff0000;\">CURSO<\/span><\/h3>\n<\/td>\n<td style=\"text-align: center;\" width=\"196\">\n<h3><span style=\"color: #ff0000;\">PROGRAMA<\/span><\/h3>\n<\/td>\n<td style=\"text-align: center;\" width=\"196\">\n<h3><span style=\"color: #ff0000;\">DOCENTE<\/span><\/h3>\n<\/td>\n<\/tr>\n<tr>\n<td width=\"196\">\n<h3>1\u00b0 A\/ 1\u00b0 B<\/h3>\n<\/td>\n<td width=\"196\">\n<h3><a href=\"https:\/\/isfd88-bue.infd.edu.ar\/sitio\/leone-programa-taller-de-lectura-escritura-y-oralidad-inicial-2019\/\">Taller de lectura, escritura y oralidad.<\/a><\/h3>\n<\/td>\n<td width=\"196\">\n<h3>Andrea Leone<\/h3>\n<\/td>\n<\/tr>\n<tr>\n<td width=\"196\">\n<h3>1\u00b0 A\/ 1\u00b0 B<\/h3>\n<\/td>\n<td width=\"196\">\n<h3>Taller de pensamiento l\u00f3gico-matem\u00e1tico<\/h3>\n<\/td>\n<td width=\"196\">\n<h3>Susana Quintas<\/h3>\n<\/td>\n<\/tr>\n<tr>\n<td width=\"196\">\n<h3>1\u00b0 A<\/h3>\n<\/td>\n<td width=\"196\">\n<h3>Taller de Definici\u00f3n institucional: Teatro<\/h3>\n<\/td>\n<td width=\"196\">\n<h3>Romina Romero<\/h3>\n<\/td>\n<\/tr>\n<tr>\n<td width=\"196\">\n<h3>1\u00b0 B<\/h3>\n<\/td>\n<td width=\"196\">\n<h3>Taller de Definici\u00f3n institucional: Teatro<\/h3>\n<\/td>\n<td width=\"196\">\n<h3>Eduardo Caballero<\/h3>\n<\/td>\n<\/tr>\n<tr>\n<td width=\"196\">\n<h3>1\u00b0 A\/ 1\u00b0 B<\/h3>\n<\/td>\n<td width=\"196\">\n<h3><a href=\"https:\/\/isfd88-bue.infd.edu.ar\/sitio\/2019_inicial-_-primaria-_narracio-oral_1a-1b1c-_cecilia-paz\/\">Taller de Definici\u00f3n Institucional: Narraci\u00f3n Oral<\/a><\/h3>\n<\/td>\n<td width=\"196\">\n<h3>Cecilia Paz<\/h3>\n<\/td>\n<\/tr>\n<tr>\n<td width=\"196\">\n<h3>1\u00b0 A<\/h3>\n<\/td>\n<td width=\"196\">\n<h3><a href=\"https:\/\/isfd88-bue.infd.edu.ar\/sitio\/programa-bruno-raspanti-2019\/\">Psicolog\u00eda del desarrollo y aprendizaje I<\/a><\/h3>\n<\/td>\n<td width=\"196\">\n<h3>Daniela Paiva<\/h3>\n<\/td>\n<\/tr>\n<tr>\n<td width=\"196\">\n<h3>1\u00b0 B<\/h3>\n<\/td>\n<td width=\"196\">\n<h3><a href=\"https:\/\/isfd88-bue.infd.edu.ar\/sitio\/psicologia-del-desarrollo-1_inicial_torres\/\">Psicolog\u00eda del desarrollo y aprendizaje I<\/a><\/h3>\n<\/td>\n<td width=\"196\">\n<h3>Martha Torres<\/h3>\n<\/td>\n<\/tr>\n<tr>\n<td width=\"196\">\n<h3>1\u00b0 A\/ 1\u00b0 B<\/h3>\n<\/td>\n<td width=\"196\">\n<h3><a href=\"https:\/\/isfd88-bue.infd.edu.ar\/sitio\/programa-educacion-temprana-2019\/\">Educaci\u00f3n temprana<\/a><\/h3>\n<\/td>\n<td width=\"196\">\n<h3>Elisabeth Esp\u00f3sito<\/h3>\n<\/td>\n<\/tr>\n<tr>\n<td width=\"196\">\n<h3>1\u00b0 A\/ 1\u00b0 B<\/h3>\n<\/td>\n<td width=\"196\">\n<h3><a href=\"https:\/\/isfd88-bue.infd.edu.ar\/sitio\/programa-corporeidad\/\">Corporeidad y motricidad<\/a><\/h3>\n<h3><\/h3>\n<\/td>\n<td width=\"196\">\n<h3>Fernando Marciello<\/h3>\n<\/td>\n<\/tr>\n<tr>\n<td width=\"196\">\n<h3>1\u00b0 A\/ 1\u00b0 B<\/h3>\n<\/td>\n<td width=\"196\">\n<h3>Filosof\u00eda<\/h3>\n<\/td>\n<td width=\"196\">\n<h3>Silvina Bruno<\/h3>\n<\/td>\n<\/tr>\n<tr>\n<td width=\"196\">\n<h3>1\u00b0 A\/ 1\u00b0 B<\/h3>\n<\/td>\n<td width=\"196\">\n<h3><a href=\"https:\/\/isfd88-bue.infd.edu.ar\/sitio\/didactica-general_-1-a-y-b\/\">Did\u00e1ctica General<\/a><\/h3>\n<\/td>\n<td width=\"196\">\n<h3>Marcela Lencinas<\/h3>\n<\/td>\n<\/tr>\n<tr>\n<td width=\"196\">\n<h3>1\u00b0 A<\/h3>\n<\/td>\n<td width=\"196\">\n<h3><a href=\"https:\/\/isfd88-bue.infd.edu.ar\/sitio\/2019_programa_pedagogia_1a-inicial\/\">Pedagog\u00eda<\/a><\/h3>\n<\/td>\n<td width=\"196\">\n<h3>Walter Ojeda<\/h3>\n<\/td>\n<\/tr>\n<tr>\n<td width=\"196\">\n<h3>1\u00b0 B<\/h3>\n<\/td>\n<td width=\"196\">\n<h3><a href=\"https:\/\/isfd88-bue.infd.edu.ar\/sitio\/pedagogia-88-2019_sancho\/\">Pedagog\u00eda<\/a><\/h3>\n<\/td>\n<td width=\"196\">\n<h3>Javier Sancho<\/h3>\n<\/td>\n<\/tr>\n<tr>\n<td width=\"196\">\n<h3>1\u00b0 A\/ 1\u00b0 B<\/h3>\n<\/td>\n<td width=\"196\">\n<h3><a href=\"https:\/\/isfd88-bue.infd.edu.ar\/sitio\/analisis-del-mundo-contemporaneo-_-1-a-yb\/\">An\u00e1lisis del mundo contempor\u00e1neo<\/a><\/h3>\n<\/td>\n<td width=\"196\">\n<h3>Maximiliano Ninni<\/h3>\n<\/td>\n<\/tr>\n<tr>\n<td width=\"196\">\n<h3>1\u00b0 A\/ 1\u00b0 B<\/h3>\n<\/td>\n<td width=\"196\">\n<h3><a href=\"https:\/\/isfd88-bue.infd.edu.ar\/sitio\/campo-de-la-practica-i-profesorado-en-educacion-inicial-1b-2019-pallotta-viola\/\">Campo de la Pr\u00e1ctica 1<\/a><\/h3>\n<\/td>\n<td width=\"196\">\n<h3>Sandra Pallotta- M\u00f3nica Patito- Claudia Viola- Susana Zinni<\/h3>\n<\/td>\n<\/tr>\n<\/tbody>\n<\/table>\n<p>&nbsp;<\/p>\n<h1 style=\"text-align: center;\"><strong>2\u00b0 A\u00d1O\u00a0<\/strong><\/h1>\n<table>\n<tbody>\n<tr>\n<td width=\"196\">\n<h3 style=\"text-align: center;\"><strong><span style=\"color: #ff0000;\">CURSO<\/span><\/strong><\/h3>\n<\/td>\n<td style=\"text-align: center;\" width=\"196\">\n<h3><strong><span style=\"color: #ff0000;\">PROGRAMA<\/span><\/strong><\/h3>\n<\/td>\n<td width=\"196\">\n<h3 style=\"text-align: center;\"><strong><span style=\"color: #ff0000;\">DOCENTE<\/span><\/strong><\/h3>\n<\/td>\n<\/tr>\n<tr>\n<td width=\"196\">\n<h3>2\u00b0 A<\/h3>\n<\/td>\n<td width=\"196\">\n<h3><a href=\"https:\/\/isfd88-bue.infd.edu.ar\/sitio\/psicologia-2_palacios_inicial\/\">Psicolog\u00eda del desarrollo y aprendizaje II<\/a><\/h3>\n<\/td>\n<td width=\"196\">\n<h3>Graciela Palacios<\/h3>\n<\/td>\n<\/tr>\n<tr>\n<td width=\"196\">\n<h3>2\u00b0 B<\/h3>\n<\/td>\n<td width=\"196\">\n<h3><a href=\"https:\/\/isfd88-bue.infd.edu.ar\/sitio\/psicologia_2\/\">Psicolog\u00eda del desarrollo y aprendizaje II<\/a><\/h3>\n<\/td>\n<td width=\"196\">\n<h3>Karina Segata<\/h3>\n<\/td>\n<\/tr>\n<tr>\n<td width=\"196\">\n<h3>2\u00b0 A\/ 2\u00b0 B<\/h3>\n<\/td>\n<td width=\"196\">\n<h3><a href=\"https:\/\/isfd88-bue.infd.edu.ar\/sitio\/programa-2019-psicologia-social\/\">Psicolog\u00eda Social e Institucional<\/a><\/h3>\n<\/td>\n<td width=\"196\">\n<h3>Alejandra Armentano<\/h3>\n<\/td>\n<\/tr>\n<tr>\n<td width=\"196\">\n<h3>2\u00b0 A<\/h3>\n<\/td>\n<td width=\"196\">\n<h3><a href=\"https:\/\/isfd88-bue.infd.edu.ar\/sitio\/2019_inicial_cult-com-y-educ_2oa_prof-bueno-claudia\/\">Cultura, Comunicaci\u00f3n y Educaci\u00f3n.<\/a><\/h3>\n<\/td>\n<td width=\"196\">\n<h3>Claudia Bueno<\/h3>\n<\/td>\n<\/tr>\n<tr>\n<td width=\"196\">\n<h3>2\u00b0 B<\/h3>\n<\/td>\n<td width=\"196\">\n<h3><a href=\"https:\/\/isfd88-bue.infd.edu.ar\/sitio\/programa-cce-inicial-88\/\">Cultura, Comunicaci\u00f3n y Educaci\u00f3n.<\/a><\/h3>\n<\/td>\n<td width=\"196\">\n<h3>Hilda Cinalli<\/h3>\n<\/td>\n<\/tr>\n<tr>\n<td width=\"196\">\n<h3>2\u00b0 A<\/h3>\n<\/td>\n<td width=\"196\">\n<h3><a href=\"https:\/\/isfd88-bue.infd.edu.ar\/sitio\/arozarenaprogramaplastica2019\/\">Educaci\u00f3n Pl\u00e1stica.<\/a><\/h3>\n<\/td>\n<td width=\"196\">\n<h3>Roc\u00edo Arozarena<\/h3>\n<\/td>\n<\/tr>\n<tr>\n<td width=\"196\">\n<h3>2\u00b0 B<\/h3>\n<\/td>\n<td width=\"196\">\n<h3><a href=\"https:\/\/isfd88-bue.infd.edu.ar\/sitio\/programa-de-educacion-plastica-2b-2019\/\">Educaci\u00f3n Pl\u00e1stica<\/a><\/h3>\n<\/td>\n<td width=\"196\">\n<h3>Ana Salas<\/h3>\n<\/td>\n<\/tr>\n<tr>\n<td width=\"196\">\n<h3>2\u00b0 A \/ 2\u00b0 B<\/h3>\n<\/td>\n<td width=\"196\">\n<h3><a href=\"https:\/\/isfd88-bue.infd.edu.ar\/sitio\/programa-de-didactica-de-las-practicas-del-lenguaje-2a-isfd-88-2019\/\">Did\u00e1ctica de Pr\u00e1cticas de lenguaje y la literatura.<\/a><\/h3>\n<\/td>\n<td width=\"196\">\n<h3>Natalia Cavani<\/h3>\n<\/td>\n<\/tr>\n<tr>\n<td width=\"196\">\n<h3>2\u00b0 A \/ 2\u00b0 B<\/h3>\n<\/td>\n<td width=\"196\">\n<h3><a href=\"https:\/\/isfd88-bue.infd.edu.ar\/sitio\/didactica_de_las_ciencias_sociales__2_ano_a_y_b__javier_costa_inicial\/\">Did\u00e1ctica de las Ciencias Sociales.<\/a><\/h3>\n<\/td>\n<td width=\"196\">\n<h3>Javier Costa<\/h3>\n<\/td>\n<\/tr>\n<tr>\n<td width=\"196\">\n<h3>2\u00b0 A \/ 2\u00b0 B<\/h3>\n<\/td>\n<td width=\"196\">\n<h3><a href=\"https:\/\/isfd88-bue.infd.edu.ar\/sitio\/programa-2-a-inicial-benitez-j-did-cs-naturales-2019\/\">Did\u00e1ctica de las Ciencias Naturales.<\/a><\/h3>\n<\/td>\n<td width=\"196\">\n<h3>Julia Benitez<\/h3>\n<\/td>\n<\/tr>\n<tr>\n<td width=\"196\">\n<h3>2\u00b0 A \/ 2\u00b0 B<\/h3>\n<\/td>\n<td width=\"196\">\n<h3><a href=\"https:\/\/isfd88-bue.infd.edu.ar\/sitio\/inicialn_los-arcos_-didactica-2-a-y-b\/\">Did\u00e1ctica de la Matem\u00e1tica.<\/a><\/h3>\n<\/td>\n<td width=\"196\">\n<h3>Jorge Los Arcos<\/h3>\n<\/td>\n<\/tr>\n<tr>\n<td width=\"196\">\n<h3>2\u00b0 A<\/h3>\n<\/td>\n<td width=\"196\">\n<h3><a href=\"https:\/\/isfd88-bue.infd.edu.ar\/sitio\/proyecto-did-curric-inicial-88-2\/\">Did\u00e1ctica y curriculum del nivel inicial<\/a><\/h3>\n<\/td>\n<td width=\"196\">\n<h3>Margarita Botaya<\/h3>\n<\/td>\n<\/tr>\n<tr>\n<td width=\"196\">\n<h3>2\u00b0 B<\/h3>\n<\/td>\n<td width=\"196\">\n<h3><a href=\"https:\/\/isfd88-bue.infd.edu.ar\/sitio\/didactica-y-curriculo-2019-programa\/\">Did\u00e1ctica y curriculum del nivel inicial<\/a><\/h3>\n<\/td>\n<td width=\"196\">\n<h3>Silvia Marino<\/h3>\n<\/td>\n<\/tr>\n<tr>\n<td width=\"196\">\n<h3>2\u00b0 A\/ 2\u00b0 B<\/h3>\n<\/td>\n<td width=\"196\">\n<h3>Campo de la Pr\u00e1ctica 2<\/h3>\n<\/td>\n<td width=\"196\">\n<h3><a href=\"https:\/\/isfd88-bue.infd.edu.ar\/sitio\/2019_inicial_campo-de-la-practica_2ayb_deluca-figueroa-galardo\/\">Marcela de Luca- Aldana Galardo- Nelba Figueroa-<\/a> <a href=\"https:\/\/isfd88-bue.infd.edu.ar\/sitio\/programa-practica-inicial-2019-_pena-cristina\/\">Cristina Pe\u00f1a<\/a>&#8211; <a href=\"https:\/\/isfd88-bue.infd.edu.ar\/sitio\/programa-politicas-culturales-tecnicatura\/\">Cecilia Condorelle<\/a><\/h3>\n<\/td>\n<\/tr>\n<tr>\n<td width=\"196\">\n<h3>2\u00b0 A \/ 2\u00b0 B<\/h3>\n<\/td>\n<td width=\"196\">\n<h3><a href=\"https:\/\/isfd88-bue.infd.edu.ar\/sitio\/tain-hist-arg\/\">Seminario de Historia argentina<\/a><\/h3>\n<\/td>\n<td width=\"196\">\n<h3>Maximiliano Ninni<\/h3>\n<\/td>\n<\/tr>\n<tr>\n<td width=\"196\">\n<h3>2\u00b0 A\/ 2\u00b0 B<\/h3>\n<\/td>\n<td width=\"196\">\n<h3><a href=\"https:\/\/isfd88-bue.infd.edu.ar\/sitio\/2019_inicial_-tfo_-taller-organizacion-de-la-ensenanza-en-jardin-maternal_-paz\/\">TFO: Organizaci\u00f3n del trabajo en el jard\u00edn maternal<\/a><\/h3>\n<\/td>\n<td width=\"196\">\n<h3>Cecilia Paz<\/h3>\n<\/td>\n<\/tr>\n<tr>\n<td width=\"196\">\n<h3>2\u00b0 A \/ 2\u00b0 B<\/h3>\n<\/td>\n<td width=\"196\">\n<h3>TFO: Expresi\u00f3n corporal<\/h3>\n<\/td>\n<td width=\"196\">\n<h3>Sandra Romero<\/h3>\n<\/td>\n<\/tr>\n<tr>\n<td width=\"196\">\n<h3>2\u00b0 A\/ 2\u00b0 B<\/h3>\n<\/td>\n<td width=\"196\">\n<h3><a href=\"https:\/\/isfd88-bue.infd.edu.ar\/sitio\/programa-teorias-sociopoliticas-2-a-y-b-2019\/\">Teor\u00eda socio-pol\u00edtica de la educaci\u00f3n<\/a><\/h3>\n<\/td>\n<td width=\"196\">\n<h3>Mirta Cardoso<\/h3>\n<\/td>\n<\/tr>\n<\/tbody>\n<\/table>\n<table style=\"height: 123px;\" width=\"971\">\n<tbody>\n<tr>\n<td width=\"196\"><\/td>\n<\/tr>\n<tr>\n<td width=\"196\"><\/td>\n<\/tr>\n<\/tbody>\n<\/table>\n<h1 style=\"text-align: center;\">3\u00b0 A\u00d1O<\/h1>\n<table>\n<tbody>\n<tr>\n<td width=\"196\">\n<h3 style=\"text-align: center;\"><span style=\"color: #ff0000;\">CURSO<\/span><\/h3>\n<\/td>\n<td style=\"text-align: center;\" width=\"196\">\n<h3><span style=\"color: #ff0000;\">PROGRAMA<\/span><\/h3>\n<\/td>\n<td width=\"196\">\n<h3 style=\"text-align: center;\"><span style=\"color: #ff0000;\">DOCENTE<\/span><\/h3>\n<\/td>\n<\/tr>\n<tr>\n<td width=\"196\">\n<h3>3\u00b0 A\/ 3\u00b0 B<\/h3>\n<\/td>\n<td width=\"196\">\n<h3><a href=\"https:\/\/isfd88-bue.infd.edu.ar\/sitio\/programa-juego-isfd-88-2019\/\">Juego y desarrollo Infantil.<\/a><\/h3>\n<\/td>\n<td width=\"196\">\n<h3>Sandra Romero<\/h3>\n<\/td>\n<\/tr>\n<tr>\n<td width=\"196\">\n<h3>3\u00b0 A<\/h3>\n<\/td>\n<td width=\"196\">\n<h3><a href=\"https:\/\/isfd88-bue.infd.edu.ar\/sitio\/programa-2019-mediosaudiovisuales-tics-y-educacion-isfdyt88\/\">Medios audiovisuales, TICs y educaci\u00f3n.<\/a><\/h3>\n<\/td>\n<td width=\"196\">\n<h3>Christian Gil<\/h3>\n<\/td>\n<\/tr>\n<tr>\n<td width=\"196\">\n<h3>3\u00b0 B<\/h3>\n<\/td>\n<td width=\"196\">\n<h3><a href=\"https:\/\/isfd88-bue.infd.edu.ar\/sitio\/propuesta-2019-medios-inicial-88-1\/\">Medios audiovisuales, TICs y educaci\u00f3n<\/a><\/h3>\n<\/td>\n<td width=\"196\">\n<h3>Hilda Cinalli<\/h3>\n<\/td>\n<\/tr>\n<tr>\n<td width=\"196\">\n<h3>3\u00b0 A\/ 3\u00b0 B<\/h3>\n<\/td>\n<td width=\"196\">\n<h3><a href=\"https:\/\/isfd88-bue.infd.edu.ar\/sitio\/2019_inicial_educacion-musical_3a-y-3b_perez-alvarez\/\">Educaci\u00f3n musical<\/a><\/h3>\n<\/td>\n<td width=\"196\">\n<h3>Leandro Perez Alvarez<\/h3>\n<\/td>\n<\/tr>\n<tr>\n<td width=\"196\">\n<h3>3\u00b0 A\/ 3\u00b0 B<\/h3>\n<\/td>\n<td width=\"196\">\n<h3><a href=\"https:\/\/isfd88-bue.infd.edu.ar\/sitio\/educacion-fisica_poce\/\">Educaci\u00f3n f\u00edsica escolar.<\/a><\/h3>\n<\/td>\n<td width=\"196\">\n<h3>Sandra Poce<\/h3>\n<\/td>\n<\/tr>\n<tr>\n<td width=\"196\">\n<h3>3\u00b0 A<\/h3>\n<\/td>\n<td width=\"196\">\n<h3><a href=\"https:\/\/isfd88-bue.infd.edu.ar\/sitio\/programa-de-taller-de-literatura-infantil-3-a-isfd-88-2019\/\">Taller de literatura infantil.<\/a><\/h3>\n<\/td>\n<td width=\"196\">\n<h3>Natalia Cavani<\/h3>\n<\/td>\n<\/tr>\n<tr>\n<td width=\"196\">\n<h3>3\u00b0 B<\/h3>\n<\/td>\n<td width=\"196\">\n<h3><a href=\"https:\/\/isfd88-bue.infd.edu.ar\/sitio\/taller-de-literatura-infantil-3ero-b-serra-2019\/\">Taller de literatura infantil<\/a>.<\/h3>\n<\/td>\n<td width=\"196\">\n<h3>Ver\u00f3nica Serra<\/h3>\n<\/td>\n<\/tr>\n<tr>\n<td width=\"196\">\n<h3>3\u00b0 A\/ 3\u00b0 B<\/h3>\n<\/td>\n<td width=\"196\">\n<h3><a href=\"https:\/\/isfd88-bue.infd.edu.ar\/sitio\/taller-de-sociales-2019-isfd-88\/\">Taller de Ciencias Sociales.<\/a><\/h3>\n<\/td>\n<td width=\"196\">\n<h3>Christi\u00e1n Avalos<\/h3>\n<\/td>\n<\/tr>\n<tr>\n<td width=\"196\">\n<h3>3\u00b0 A\/ 3\u00b0 B<\/h3>\n<\/td>\n<td width=\"196\">\n<h3><a href=\"https:\/\/isfd88-bue.infd.edu.ar\/sitio\/planificacion-anual-taller-de-ciencias-naturales-isfd88\/\">Taller de Ciencias Naturales.<\/a><\/h3>\n<\/td>\n<td width=\"196\">\n<h3>Gabriela Perez<\/h3>\n<\/td>\n<\/tr>\n<tr>\n<td width=\"196\">\n<h3>3\u00b0 A<\/h3>\n<\/td>\n<td width=\"196\">\n<h3><a href=\"https:\/\/isfd88-bue.infd.edu.ar\/sitio\/taller-matematica_-3-a_los-arcos\/\">Taller de la Matem\u00e1tica<\/a><\/h3>\n<\/td>\n<td width=\"196\">\n<h3>Jorge Los Arcos<\/h3>\n<\/td>\n<\/tr>\n<tr>\n<td width=\"196\">\n<h3>3\u00b0 B<\/h3>\n<\/td>\n<td width=\"196\">\n<h3><a href=\"https:\/\/isfd88-bue.infd.edu.ar\/sitio\/programa-taller-de-matematica-3b_albera\/\">Taller de la Matem\u00e1tica<\/a><\/h3>\n<\/td>\n<td width=\"196\">\n<h3>Mar\u00eda Cristina Albera<\/h3>\n<\/td>\n<\/tr>\n<tr>\n<td width=\"196\">\n<h3>3\u00b0 A\/ 3\u00b0 B<\/h3>\n<\/td>\n<td width=\"196\">\n<h3><a href=\"https:\/\/isfd88-bue.infd.edu.ar\/sitio\/2019_inicial_3a-y-3b_produccion-de-materiales-y-objetos-ludicos_cecilia-pa\/\">Producci\u00f3n de materiales y objetos l\u00fadicos.<\/a><\/h3>\n<\/td>\n<td width=\"196\">\n<h3>Cecilia Paz<\/h3>\n<\/td>\n<\/tr>\n<tr>\n<td width=\"196\">\n<h3>3\u00b0 A<\/h3>\n<\/td>\n<td width=\"196\">\n<h3><a href=\"https:\/\/isfd88-bue.infd.edu.ar\/sitio\/historia-inicial-2019_pena\/\">\u00a0Historia y prospectiva de la educaci\u00f3n.<\/a><\/h3>\n<\/td>\n<td width=\"196\">\n<h3>Cristina Pe\u00f1a<\/h3>\n<\/td>\n<\/tr>\n<tr>\n<td width=\"196\">\n<h3>3\u00b0 B<\/h3>\n<\/td>\n<td width=\"196\">\n<h3><a href=\"https:\/\/isfd88-bue.infd.edu.ar\/sitio\/programa-hpe-3ob-fondovila\/\">Historia y prospectiva de la educaci\u00f3n<\/a><\/h3>\n<\/td>\n<td width=\"196\">\n<h3>Carlos Fondovila<\/h3>\n<\/td>\n<\/tr>\n<tr>\n<td width=\"196\">\n<h3>3\u00b0 A<\/h3>\n<\/td>\n<td width=\"196\">\n<h3><a href=\"https:\/\/isfd88-bue.infd.edu.ar\/sitio\/2019-profesorado-de-educacion-inicial-3a-politica-legislacion-y-administracion-del-trabajo-escolar\/\">Pol\u00edtica, legislaci\u00f3n y administraci\u00f3n del trabajo escolar<\/a><\/h3>\n<p>&nbsp;<\/td>\n<td width=\"196\">\n<h3>Ricardo Unrein<\/h3>\n<\/td>\n<\/tr>\n<tr>\n<td width=\"196\">\n<h3>3\u00b0 B<\/h3>\n<\/td>\n<td width=\"196\">\n<h3><a href=\"https:\/\/isfd88-bue.infd.edu.ar\/sitio\/politica-2019_de-faveri\/\">Pol\u00edtica, legislaci\u00f3n y administraci\u00f3n del trabajo escolar<\/a><\/h3>\n<\/td>\n<td width=\"196\">\n<h3>Sandra De Faveri<\/h3>\n<\/td>\n<\/tr>\n<tr>\n<td width=\"196\">\n<h3>3\u00b0 A\/ 3\u00b0 B<\/h3>\n<\/td>\n<td width=\"196\">\n<h3>Campo de la Pr\u00e1ctica 3<\/h3>\n<\/td>\n<td width=\"196\">\n<h3>Elisa Stoppa- <a href=\"https:\/\/isfd88-bue.infd.edu.ar\/sitio\/proyecto-c-de-la-practica-iii-2019\/\">Nelba Figueroa-<\/a> Romina Moral- Alejandra Gonzalez- Cintia Perez<\/h3>\n<\/td>\n<\/tr>\n<tr>\n<td width=\"196\">\n<h3>3\u00b0 A\/ 3\u00b0 B<\/h3>\n<\/td>\n<td width=\"196\">\n<h3><a href=\"https:\/\/isfd88-bue.infd.edu.ar\/sitio\/2019-inicial-herramientas-de-la-practica-3o-a-y-b-garcia-gonzalez-zinni\/\">Herramientas de la Pr\u00e1ctica<\/a><\/h3>\n<\/td>\n<td width=\"196\">\n<h3>M\u00f3nica Gonzalez- Susana Zinni- Gladys Garc\u00eda<\/h3>\n<\/td>\n<\/tr>\n<tr>\n<td width=\"196\">\n<h3>3\u00b0 A\/ 3\u00b0 B<\/h3>\n<\/td>\n<td width=\"196\">\n<h3><a href=\"https:\/\/isfd88-bue.infd.edu.ar\/sitio\/2019_inicial_-tfo-educacion-sexual-integral_3ano_acosta\/\">TFO: ESI<\/a><\/h3>\n<\/td>\n<td width=\"196\">\n<h3>Marina Acosta<\/h3>\n<\/td>\n<\/tr>\n<tr>\n<td width=\"196\">\n<h3>3\u00b0 A\/ 3\u00b0 B<\/h3>\n<\/td>\n<td width=\"196\">\n<h3>TFO: Alfabetizaci\u00f3n inicial<\/h3>\n<\/td>\n<td width=\"196\">\n<h3>Seibert Gloria<\/h3>\n<\/td>\n<\/tr>\n<tr>\n<td width=\"196\">\n<h3>3\u00b0 B<\/h3>\n<\/td>\n<td width=\"196\">\n<h3>TFO: Folklore<\/h3>\n<\/td>\n<td width=\"196\">\n<h3>Gabriela P\u00e9rez Bloise<\/h3>\n<\/td>\n<\/tr>\n<\/tbody>\n<\/table>\n<h3><\/h3>\n<h1 style=\"text-align: center;\">4\u00b0 A\u00d1O<\/h1>\n<table>\n<tbody>\n<tr>\n<td width=\"141\">\n<h3 style=\"text-align: center;\"><strong><span style=\"color: #ff0000;\">CURSO<\/span><\/strong><\/h3>\n<\/td>\n<td style=\"text-align: center;\" width=\"251\">\n<h3><strong><span style=\"color: #ff0000;\">PROGRAMA<\/span><\/strong><\/h3>\n<\/td>\n<td width=\"196\">\n<h3 style=\"text-align: center;\"><strong><span style=\"color: #ff0000;\">DOCENTE<\/span><\/strong><\/h3>\n<\/td>\n<\/tr>\n<tr>\n<td width=\"141\">\n<h3>4\u00b0 A<\/h3>\n<\/td>\n<td width=\"251\">\n<h3><a href=\"https:\/\/isfd88-bue.infd.edu.ar\/sitio\/programa-2019-educ-en-y-para-salud\/\">Educaci\u00f3n en y para la salud.<\/a><\/h3>\n<\/td>\n<td width=\"196\">\n<h3>Raquel Blanco<\/h3>\n<\/td>\n<\/tr>\n<tr>\n<td width=\"141\">\n<h3>4\u00b0 A<\/h3>\n<\/td>\n<td width=\"251\">\n<h3><a href=\"https:\/\/isfd88-bue.infd.edu.ar\/sitio\/programa-mascitti-ateneo-inicial-2019\/\">Ateneo de pr\u00e1cticas del lenguaje y literatura.<\/a><\/h3>\n<\/td>\n<td width=\"196\">\n<h3>Guillermo Mascitti<\/h3>\n<\/td>\n<\/tr>\n<tr>\n<td width=\"141\">\n<h3>4\u00b0 A<\/h3>\n<\/td>\n<td width=\"251\">\n<h3>Ateneo de Matem\u00e1tica<\/h3>\n<\/td>\n<td width=\"196\">\n<h3>Susana Quintas<\/h3>\n<\/td>\n<\/tr>\n<tr>\n<td width=\"141\">\n<h3>4\u00b0 A<\/h3>\n<\/td>\n<td width=\"251\">\n<h3><a href=\"https:\/\/isfd88-bue.infd.edu.ar\/sitio\/programa-de-naturaleza-y-sociedad\/\">Ateneo de Naturaleza y sociedad<\/a><\/h3>\n<\/td>\n<td width=\"196\">\n<h3>Javier Costa<\/h3>\n<\/td>\n<\/tr>\n<tr>\n<td width=\"141\">\n<h3>4\u00b0 A<\/h3>\n<\/td>\n<td width=\"251\">\n<h3><a href=\"https:\/\/isfd88-bue.infd.edu.ar\/sitio\/arozarenaprogramaateneonuevasexpresiones2019\/\">Ateneo de nuevas expresiones est\u00e9ticas<\/a>.<\/h3>\n<\/td>\n<td width=\"196\">\n<h3>Roc\u00edo Arozarena<\/h3>\n<\/td>\n<\/tr>\n<tr>\n<td width=\"141\">\n<h3>4\u00b0 A<\/h3>\n<\/td>\n<td width=\"251\">\n<h3><a href=\"https:\/\/isfd88-bue.infd.edu.ar\/sitio\/reflexion-filosofica-de-la-educacion-88-2019\/\">Reflexi\u00f3n filos\u00f3fica de la educaci\u00f3n.<\/a><\/h3>\n<\/td>\n<td width=\"196\">\n<h3>Javier Sancho<\/h3>\n<\/td>\n<\/tr>\n<tr>\n<td width=\"141\">\n<h3>4\u00b0 A<\/h3>\n<\/td>\n<td width=\"251\">\n<h3><a href=\"https:\/\/isfd88-bue.infd.edu.ar\/sitio\/sancho_dimension-etico-politica-88-2019\/\">Dimensi\u00f3n \u00e9tico-pol\u00edtica de la praxis docente.<\/a><\/h3>\n<\/td>\n<td width=\"196\">\n<h3>Javier Sancho<\/h3>\n<\/td>\n<\/tr>\n<tr>\n<td width=\"141\">\n<h3>4\u00b0 A<\/h3>\n<\/td>\n<td width=\"251\">\n<h3>Campo de la Pr\u00e1ctica docente IV<\/h3>\n<\/td>\n<td width=\"196\">\n<h3>Cintia Perez- Fernanda luna<\/h3>\n<\/td>\n<\/tr>\n<tr>\n<td width=\"141\">\n<h3>4\u00b0 A<\/h3>\n<\/td>\n<td width=\"251\">\n<h3><a href=\"https:\/\/isfd88-bue.infd.edu.ar\/sitio\/t-f-o-inicial_visconti\/\">TFO: Infancia y discapacidad<\/a><\/h3>\n<\/td>\n<td width=\"196\">\n<h3>Luis Visconti<\/h3>\n<\/td>\n<\/tr>\n<tr>\n<td width=\"141\">\n<h3>4\u00b0 A<\/h3>\n<\/td>\n<td width=\"251\">\n<h3><a href=\"https:\/\/isfd88-bue.infd.edu.ar\/sitio\/programa-alfabetizacion-digital-para-la-educacion-inicial-2019-salas\/\">TFO: Alfabetizaci\u00f3n digital<\/a><\/h3>\n<\/td>\n<td width=\"196\">\n<h3>Francisco Salas<\/h3>\n<\/td>\n<\/tr>\n<tr>\n<td width=\"141\"><\/td>\n<td width=\"251\">\n<h3><\/h3>\n<\/td>\n<td width=\"196\">\n<h3><\/h3>\n<\/td>\n<\/tr>\n<\/tbody>\n<\/table>\n<h3><\/h3>\n<h3><\/h3>\n<h3><\/h3>\n<p>&nbsp;<\/p>\n","protected":false},"excerpt":{"rendered":"<p>1\u00b0 A\u00d1O CURSO PROGRAMA DOCENTE 1\u00b0 A\/ 1\u00b0 B Taller de lectura, escritura y oralidad. Andrea Leone 1\u00b0 A\/ 1\u00b0 B Taller de pensamiento l\u00f3gico-matem\u00e1tico Susana Quintas 1\u00b0 A Taller de Definici\u00f3n institucional: Teatro Romina Romero 1\u00b0 B Taller de Definici\u00f3n institucional: Teatro Eduardo Caballero 1\u00b0 A\/ 1\u00b0 B Taller de Definici\u00f3n Institucional: Narraci\u00f3n Oral &#8230; <a title=\"PROGRAMAS 2019_ INICIAL\" class=\"read-more\" href=\"https:\/\/isfd88-bue.infd.edu.ar\/sitio\/programas-2019_-inicial\/\" aria-label=\"More on PROGRAMAS 2019_ INICIAL\">[+]<\/a><\/p>\n","protected":false},"author":2550,"featured_media":0,"parent":0,"menu_order":0,"comment_status":"closed","ping_status":"closed","template":"","meta":[],"acf":[],"_links":{"self":[{"href":"https:\/\/isfd88-bue.infd.edu.ar\/sitio\/wp-json\/wp\/v2\/pages\/2486"}],"collection":[{"href":"https:\/\/isfd88-bue.infd.edu.ar\/sitio\/wp-json\/wp\/v2\/pages"}],"about":[{"href":"https:\/\/isfd88-bue.infd.edu.ar\/sitio\/wp-json\/wp\/v2\/types\/page"}],"author":[{"embeddable":true,"href":"https:\/\/isfd88-bue.infd.edu.ar\/sitio\/wp-json\/wp\/v2\/users\/2550"}],"replies":[{"embeddable":true,"href":"https:\/\/isfd88-bue.infd.edu.ar\/sitio\/wp-json\/wp\/v2\/comments?post=2486"}],"version-history":[{"count":17,"href":"https:\/\/isfd88-bue.infd.edu.ar\/sitio\/wp-json\/wp\/v2\/pages\/2486\/revisions"}],"predecessor-version":[{"id":3109,"href":"https:\/\/isfd88-bue.infd.edu.ar\/sitio\/wp-json\/wp\/v2\/pages\/2486\/revisions\/3109"}],"wp:attachment":[{"href":"https:\/\/isfd88-bue.infd.edu.ar\/sitio\/wp-json\/wp\/v2\/media?parent=2486"}],"curies":[{"name":"wp","href":"https:\/\/api.w.org\/{rel}","templated":true}]}}