{"id":2999,"date":"2020-03-21T15:27:01","date_gmt":"2020-03-21T18:27:01","guid":{"rendered":"https:\/\/isfd88-bue.infd.edu.ar\/sitio\/?page_id=2999"},"modified":"2020-03-21T15:27:01","modified_gmt":"2020-03-21T18:27:01","slug":"certificaciones","status":"publish","type":"page","link":"https:\/\/isfd88-bue.infd.edu.ar\/sitio\/certificaciones\/","title":{"rendered":"Certificaciones"},"content":{"rendered":"<p>Certificaci\u00f3n solicitantes Ciclo lectivo 2020<\/p>\n<p>Este proceso implica la acreditaci\u00f3n por parte del Instituto de la condici\u00f3n de alumno regular de cada uno de los postulantes<\/p>\n<p>&nbsp;<\/p>\n<p><span style=\"color: #800080;\"><strong>* Ingresantes 2020<\/strong><\/span><\/p>\n<p>Por ahora no deben realizar ning\u00fan tr\u00e1mite.<\/p>\n<p><span style=\"color: #800080;\"><strong>* Estudiantes avanzados<\/strong><\/span><\/p>\n<p>Descargar y completar de manera digital el anal\u00edtico correspondiente a tu carrera.<\/p>\n<p>Guardar el archivo con el siguiente formato de nombre CARRERA-APELLIDO Y NOMBRES<\/p>\n<p>Completar la encuesta en el siguiente link <a href=\"https:\/\/docs.google.com\/forms\/d\/e\/1FAIpQLSd4KusHotQr9SlEBW-U2YNWz7AQTMoZLM2LaDcbY-rXxw61_A\/viewform\" target=\"_blank\" rel=\"noopener\">aqui\u00a0\u00a0<\/a><\/p>\n<p>Adjuntar en la encuesta (en donde solicita \u00absubir archivo\u00bb) el anal\u00edtico descargado.<\/p>\n<p>Quienes cumplan con los requisitos de manera adecuada podr\u00e1n ser certificados en primer lugar ya que se agilizan todos los tr\u00e1mites.<\/p>\n<p>&nbsp;<\/p>\n<p>&nbsp;<\/p>\n<p>&nbsp;<\/p>\n","protected":false},"excerpt":{"rendered":"<p>Certificaci\u00f3n solicitantes Ciclo lectivo 2020 Este proceso implica la acreditaci\u00f3n por parte del Instituto de la condici\u00f3n de alumno regular de cada uno de los postulantes &nbsp; * Ingresantes 2020 Por ahora no deben realizar ning\u00fan tr\u00e1mite. * Estudiantes avanzados Descargar y completar de manera digital el anal\u00edtico correspondiente a tu carrera. Guardar el archivo &#8230; <a title=\"Certificaciones\" class=\"read-more\" href=\"https:\/\/isfd88-bue.infd.edu.ar\/sitio\/certificaciones\/\" aria-label=\"More on Certificaciones\">[+]<\/a><\/p>\n","protected":false},"author":7,"featured_media":0,"parent":0,"menu_order":0,"comment_status":"closed","ping_status":"closed","template":"","meta":[],"acf":[],"_links":{"self":[{"href":"https:\/\/isfd88-bue.infd.edu.ar\/sitio\/wp-json\/wp\/v2\/pages\/2999"}],"collection":[{"href":"https:\/\/isfd88-bue.infd.edu.ar\/sitio\/wp-json\/wp\/v2\/pages"}],"about":[{"href":"https:\/\/isfd88-bue.infd.edu.ar\/sitio\/wp-json\/wp\/v2\/types\/page"}],"author":[{"embeddable":true,"href":"https:\/\/isfd88-bue.infd.edu.ar\/sitio\/wp-json\/wp\/v2\/users\/7"}],"replies":[{"embeddable":true,"href":"https:\/\/isfd88-bue.infd.edu.ar\/sitio\/wp-json\/wp\/v2\/comments?post=2999"}],"version-history":[{"count":1,"href":"https:\/\/isfd88-bue.infd.edu.ar\/sitio\/wp-json\/wp\/v2\/pages\/2999\/revisions"}],"predecessor-version":[{"id":3001,"href":"https:\/\/isfd88-bue.infd.edu.ar\/sitio\/wp-json\/wp\/v2\/pages\/2999\/revisions\/3001"}],"wp:attachment":[{"href":"https:\/\/isfd88-bue.infd.edu.ar\/sitio\/wp-json\/wp\/v2\/media?parent=2999"}],"curies":[{"name":"wp","href":"https:\/\/api.w.org\/{rel}","templated":true}]}}