{"id":3059,"date":"2020-03-29T21:41:28","date_gmt":"2020-03-30T00:41:28","guid":{"rendered":"https:\/\/isfd88-bue.infd.edu.ar\/sitio\/?page_id=3059"},"modified":"2022-08-17T14:57:23","modified_gmt":"2022-08-17T17:57:23","slug":"programas-2020_-lengua-y-literatura","status":"publish","type":"page","link":"https:\/\/isfd88-bue.infd.edu.ar\/sitio\/programas-2020_-lengua-y-literatura\/","title":{"rendered":"PROGRAMAS 2020_ LENGUA Y LITERATURA"},"content":{"rendered":"<h1 style=\"text-align: center;\"><span style=\"color: #339966;\"><strong>1\u00b0 A\u00d1O<\/strong><\/span><\/h1>\n<table width=\"0\">\n<tbody>\n<tr>\n<td width=\"113\">\n<h3 style=\"text-align: center;\"><span style=\"color: #ff0000;\">Curso<\/span><\/h3>\n<\/td>\n<td style=\"text-align: center;\" width=\"274\">\n<h3><span style=\"color: #ff0000;\">Materia<\/span><\/h3>\n<\/td>\n<td width=\"217\">\n<h3 style=\"text-align: center;\"><span style=\"color: #ff0000;\">Docente<\/span><\/h3>\n<\/td>\n<\/tr>\n<tr>\n<td width=\"113\">\n<h3>1\u00b0 E1\/1\u00b0 E2<\/h3>\n<\/td>\n<td width=\"274\">\n<h3><a href=\"https:\/\/isfd88-bue.infd.edu.ar\/sitio\/wp-content\/uploads\/2020\/04\/2020_lengua_y_literatura_didactica_general_1E1_1E2_Molina_Sabrina.pdf\">Did\u00e1ctica general<\/a><\/h3>\n<\/td>\n<td width=\"217\">\n<h3>Sabrina Molina<\/h3>\n<\/td>\n<\/tr>\n<tr>\n<td width=\"113\">\n<h3>1\u00b0 E1<\/h3>\n<\/td>\n<td width=\"274\">\n<h3>Taller Lectura y Escritura<\/h3>\n<\/td>\n<td width=\"217\">\n<h3>Camila Velardez<\/h3>\n<\/td>\n<\/tr>\n<tr>\n<td width=\"113\">\n<h3>1\u00b0 E2<\/h3>\n<\/td>\n<td width=\"274\">\n<h3>Taller Lectura y Escritura<\/h3>\n<\/td>\n<td width=\"217\">\n<h3>Guillermo Mascitti<\/h3>\n<\/td>\n<\/tr>\n<tr>\n<td width=\"113\">\n<h3>1\u00b0 E1\/1\u00b0 E2<\/h3>\n<\/td>\n<td width=\"274\">\n<h3>Historia Social y Cultural de la literatura<\/h3>\n<\/td>\n<td width=\"217\">\n<h3>Ana Paula Marangoni<\/h3>\n<\/td>\n<\/tr>\n<tr>\n<td width=\"113\">\n<h3>1\u00b0 E1<\/h3>\n<\/td>\n<td width=\"274\">\n<h3><a href=\"https:\/\/isfd88-bue.infd.edu.ar\/sitio\/wp-content\/uploads\/2020\/04\/Programa-de-Teor\u00eda-Literaria-I.pdf\">Teor\u00eda Literaria<\/a><\/h3>\n<\/td>\n<td width=\"217\">\n<h3>Marcela Caraballo<\/h3>\n<\/td>\n<\/tr>\n<tr>\n<td width=\"113\">\n<h3>1\u00b0 E2<\/h3>\n<\/td>\n<td width=\"274\">\n<h3><a href=\"https:\/\/isfd88-bue.infd.edu.ar\/sitio\/wp-content\/uploads\/2020\/04\/TEORIA-LITERARIA-I.pdf\">Teor\u00eda Literaria<\/a><\/h3>\n<\/td>\n<td width=\"217\">\n<h3>Yolanda Ag\u00fcero<\/h3>\n<\/td>\n<\/tr>\n<tr>\n<td width=\"113\">\n<h3>1\u00b0 E1\/1\u00b0 E 2<\/h3>\n<\/td>\n<td width=\"274\">\n<h3><a href=\"https:\/\/isfd88-bue.infd.edu.ar\/sitio\/wp-content\/uploads\/2020\/04\/2020_programa_ling-y-gram-1\u00b0.pdf\">Ling\u00fc\u00edstica y Gram\u00e1tica<\/a><\/h3>\n<\/td>\n<td width=\"217\">\n<h3>Yolanda Ag\u00fcero\/ Mar\u00eda Bel\u00e9n Ben\u00edtez<\/h3>\n<\/td>\n<\/tr>\n<tr>\n<td width=\"113\">\n<h3>1\u00b0 E 1\/\u00a01\u00b0 E 2<\/h3>\n<\/td>\n<td width=\"274\">\n<h3><a href=\"https:\/\/isfd88-bue.infd.edu.ar\/sitio\/wp-content\/uploads\/2020\/04\/2020-Profesorado-de-Lengua-y-Literatura-Problem\u00e1ticas-Socioinstitucionales-1E1-y-1E2-Soubie.pdf\">Problem\u00e1ticas socio-institucionales<\/a><\/h3>\n<\/td>\n<td width=\"217\">\n<h3>Marcelo Soubi\u00e9<\/h3>\n<\/td>\n<\/tr>\n<tr>\n<td width=\"113\">\n<h3>1\u00b0 E1\/ 1\u00b0 E2<\/h3>\n<\/td>\n<td width=\"274\">\n<h3>Historia de la lengua espa\u00f1ola<\/h3>\n<\/td>\n<td width=\"217\">\n<h3>Guillermo Mascitti<\/h3>\n<\/td>\n<\/tr>\n<tr>\n<td width=\"113\">\n<h3>1\u00b0 E1<\/h3>\n<\/td>\n<td width=\"274\">\n<h3>Pedagog\u00eda<\/h3>\n<\/td>\n<td width=\"217\">\n<h3>L\u00eda Peredo<\/h3>\n<\/td>\n<\/tr>\n<tr>\n<td width=\"113\">\n<h3>1\u00b0 E2<\/h3>\n<\/td>\n<td width=\"274\">\n<h3><a href=\"https:\/\/isfd88-bue.infd.edu.ar\/sitio\/wp-content\/uploads\/2020\/04\/PEDAGOGIA-2020-lengua-ingles_-Pallotta.pdf\">Pedagog\u00eda<\/a><\/h3>\n<\/td>\n<td width=\"217\">\n<h3>Sandra Pallotta<\/h3>\n<\/td>\n<\/tr>\n<tr>\n<td width=\"113\">\n<h3>1\u00b0E 1\/1\u00b0 E2<\/h3>\n<\/td>\n<td width=\"274\">\n<h3><a href=\"https:\/\/isfd88-bue.infd.edu.ar\/sitio\/wp-content\/uploads\/2020\/04\/Programa-CFPP-1-Cruz-Molina-2020.pdf\">CFPP1: El trabajo docente: complejidades y entramados<\/a><\/h3>\n<\/td>\n<td width=\"217\">\n<h3>Sabrina Molina\/ Natalia Cruz<\/h3>\n<\/td>\n<\/tr>\n<\/tbody>\n<\/table>\n<h3><\/h3>\n<h3><\/h3>\n<h3><\/h3>\n<h1 style=\"text-align: center;\"><span style=\"color: #339966;\"><strong>2\u00b0 A\u00d1O<\/strong><\/span><\/h1>\n<table width=\"0\">\n<tbody>\n<tr>\n<td style=\"text-align: center;\" width=\"113\">\n<h3><span style=\"color: #ff0000;\">Curso<\/span><\/h3>\n<\/td>\n<td style=\"text-align: center;\" width=\"284\">\n<h3><span style=\"color: #ff0000;\">Materia<\/span><\/h3>\n<\/td>\n<td width=\"208\">\n<h3 style=\"text-align: center;\"><span style=\"color: #ff0000;\">Docente<\/span><\/h3>\n<\/td>\n<\/tr>\n<tr>\n<td width=\"113\">\n<h3>2\u00b0 E<\/h3>\n<\/td>\n<td width=\"284\">\n<h3><a href=\"https:\/\/isfd88-bue.infd.edu.ar\/sitio\/wp-content\/uploads\/2020\/04\/Historia-y-Pol\u00edtica-de-la-Educaci\u00f3n-Argentina_-Unrein_2\u00b0-E.pdf\">Historia y Pol\u00edtica argentina<\/a><\/h3>\n<\/td>\n<td width=\"208\">\n<h3>Ricardo Unrein<\/h3>\n<\/td>\n<\/tr>\n<tr>\n<td width=\"113\">\n<h3>2\u00b0 E<\/h3>\n<\/td>\n<td width=\"284\">\n<h3><a href=\"https:\/\/isfd88-bue.infd.edu.ar\/sitio\/wp-content\/uploads\/2020\/04\/Programa-Ense\u00f1ar-con-Tecnolog\u00edas-profesorado-en-lengua-y-literatura2020.pdf\">Ense\u00f1ar con tecnolog\u00edas<\/a><\/h3>\n<\/td>\n<td width=\"208\">\n<h3>Victoria Barreiro (Elizabeth Vega)<\/h3>\n<\/td>\n<\/tr>\n<tr>\n<td width=\"113\">\n<h3>2\u00b0 E<\/h3>\n<\/td>\n<td width=\"284\">\n<h3>Perspectiva acerca de los sujetos de la educaci\u00f3n. <a href=\"https:\/\/isfd88-bue.infd.edu.ar\/sitio\/wp-content\/uploads\/2020\/04\/Prof-Medini-Pers.acerca-de-los-sujetos-de-la-Ed.-2E1\u00b0Tr.pdf\">Tramo 1<\/a> &#8211; <a href=\"https:\/\/isfd88-bue.infd.edu.ar\/sitio\/wp-content\/uploads\/2020\/04\/Prof-Medini-Pers.-acerca-de-los-sujetos-de-la-Ed.-2E-2\u00b0Tr-.pdf\">Tramo 2<\/a><\/h3>\n<\/td>\n<td width=\"208\">\n<h3>Jesica Medini<\/h3>\n<\/td>\n<\/tr>\n<tr>\n<td width=\"113\">\n<h3>2\u00b0 E<\/h3>\n<\/td>\n<td width=\"284\">\n<h3>Teor\u00eda Literaria 2<\/h3>\n<\/td>\n<td width=\"208\">\n<h3>Guillermo Mascitti<\/h3>\n<\/td>\n<\/tr>\n<tr>\n<td width=\"113\">\n<h3>2\u00b0 E<\/h3>\n<\/td>\n<td width=\"284\">\n<h3><a href=\"https:\/\/isfd88-bue.infd.edu.ar\/sitio\/wp-content\/uploads\/2020\/04\/Planificacion-de-semiotica.pdf\">Semi\u00f3tica<\/a><\/h3>\n<\/td>\n<td width=\"208\">\n<h3>Yolanda Ag\u00fcero<\/h3>\n<\/td>\n<\/tr>\n<tr>\n<td width=\"113\">\n<h3>2\u00b0 E<\/h3>\n<\/td>\n<td width=\"284\">\n<h3><a href=\"https:\/\/isfd88-bue.infd.edu.ar\/sitio\/wp-content\/uploads\/2020\/04\/2020_-HISTORIA-SOCIAL-II_2\u00baE_Ruiz-D\u00edaz.pdf\">Historia social y cultural de la literatura 2<\/a><\/h3>\n<\/td>\n<td width=\"208\">\n<h3>Silvana Ruiz D\u00edaz<\/h3>\n<\/td>\n<\/tr>\n<tr>\n<td width=\"113\">\n<h3>2\u00b0 E<\/h3>\n<\/td>\n<td width=\"284\">\n<h3><a href=\"https:\/\/isfd88-bue.infd.edu.ar\/sitio\/wp-content\/uploads\/2020\/04\/Programa-de-Did\u00e1ctica-de-la-Lengua-y-la-Literatura-I.pdf\">Did\u00e1ctica de la lengua y la literatura\u00a0 1<\/a><\/h3>\n<\/td>\n<td width=\"208\">\n<h3>Marcela Caraballo<\/h3>\n<\/td>\n<\/tr>\n<tr>\n<td width=\"113\">\n<h3>2\u00b0 E<\/h3>\n<\/td>\n<td width=\"284\">\n<h3><a href=\"https:\/\/isfd88-bue.infd.edu.ar\/sitio\/wp-content\/uploads\/2020\/04\/2020-LENGUA-SeminarioTaller-Alfabetizaci\u00f3n-y-Lit-infantil-y-juvenil.-LEIVA.pdf\">Taller de alfabetizaci\u00f3n literaria y literatura infanto-juvenil<\/a><\/h3>\n<\/td>\n<td width=\"208\">\n<h3>Liliana Leiva<\/h3>\n<\/td>\n<\/tr>\n<tr>\n<td width=\"113\">\n<h3>2\u00b0 E<\/h3>\n<\/td>\n<td width=\"284\">\n<h3><a href=\"https:\/\/isfd88-bue.infd.edu.ar\/sitio\/wp-content\/uploads\/2020\/04\/PLANIFICACI\u00d3N-LINGUISTICA-2\u00b0.pdf\">Ling\u00fc\u00edstica y Gram\u00e1tica 2<\/a><\/h3>\n<\/td>\n<td width=\"208\">\n<h3>Yolanda Ag\u00fcero<\/h3>\n<\/td>\n<\/tr>\n<tr>\n<td width=\"113\">\n<h3>2\u00b0 E<\/h3>\n<\/td>\n<td width=\"284\">\n<h3><a href=\"https:\/\/isfd88-bue.infd.edu.ar\/sitio\/wp-content\/uploads\/2020\/04\/2020_Lengua_-CFPP-II_2\u00baE_Ruiz-D\u00edaz.pdf\">CFPP 2: La construcci\u00f3n del trabajo docente en la escuela secundaria<\/a><\/h3>\n<\/td>\n<td width=\"208\">\n<h3>Silvana Ruiz D\u00edaz<\/h3>\n<\/td>\n<\/tr>\n<\/tbody>\n<\/table>\n<h3><\/h3>\n<h3><\/h3>\n<h3><\/h3>\n<h1 style=\"text-align: center;\"><span style=\"color: #339966;\"><strong>3\u00b0 A\u00d1O<\/strong><\/span><\/h1>\n<table width=\"0\">\n<tbody>\n<tr>\n<td width=\"113\">\n<h3 style=\"text-align: center;\"><span style=\"color: #ff0000;\">Curso<\/span><\/h3>\n<\/td>\n<td style=\"text-align: center;\" width=\"284\">\n<h3><span style=\"color: #ff0000;\">Materia<\/span><\/h3>\n<\/td>\n<td width=\"208\">\n<h3 style=\"text-align: center;\"><span style=\"color: #ff0000;\">Docente<\/span><\/h3>\n<\/td>\n<\/tr>\n<tr>\n<td width=\"113\">\n<h3>3\u00b0 E<\/h3>\n<\/td>\n<td width=\"284\">\n<h3><a href=\"https:\/\/isfd88-bue.infd.edu.ar\/sitio\/wp-content\/uploads\/2020\/04\/Lengua-3\u00b0E-.Educ-para-la-diversidad.pdf\">Educaci\u00f3n para la diversidad<\/a><\/h3>\n<\/td>\n<td width=\"208\">\n<h3>Palacios<\/h3>\n<\/td>\n<\/tr>\n<tr>\n<td width=\"113\">\n<h3>3\u00b0 E<\/h3>\n<\/td>\n<td width=\"284\">\n<h3>Filosof\u00eda y Educaci\u00f3n<\/h3>\n<\/td>\n<td width=\"208\">\n<h3>Silvina Bruno<\/h3>\n<\/td>\n<\/tr>\n<tr>\n<td width=\"113\">\n<h3>3\u00b0 E<\/h3>\n<\/td>\n<td width=\"284\">\n<h3>Evaluaci\u00f3n de los aprendizajes<\/h3>\n<\/td>\n<td width=\"208\">\n<h3>Carlos Fondovila<\/h3>\n<\/td>\n<\/tr>\n<tr>\n<td width=\"113\">\n<h3>3\u00b0 E<\/h3>\n<\/td>\n<td width=\"284\">\n<h3>EDI: Ingl\u00e9s<\/h3>\n<\/td>\n<td width=\"208\">\n<h3>s\/ cubrir<\/h3>\n<\/td>\n<\/tr>\n<tr>\n<td width=\"113\">\n<h3>3\u00b0 E<\/h3>\n<\/td>\n<td width=\"284\">\n<h3>EDI: Oratoria y ret\u00f3rica<\/h3>\n<\/td>\n<td width=\"208\">\n<h3>s\/ cubrir<\/h3>\n<\/td>\n<\/tr>\n<tr>\n<td width=\"113\">\n<h3>3\u00b0 E<\/h3>\n<\/td>\n<td width=\"284\">\n<h3><a href=\"https:\/\/isfd88-bue.infd.edu.ar\/sitio\/wp-content\/uploads\/2020\/04\/TEORIA-LITERARIA-III.pdf\">Teor\u00eda Literaria III<\/a><\/h3>\n<\/td>\n<td width=\"208\">\n<h3>Yolanda Ag\u00fcero<\/h3>\n<\/td>\n<\/tr>\n<tr>\n<td width=\"113\">\n<h3>3\u00b0 E<\/h3>\n<\/td>\n<td width=\"284\">\n<h3>Psicoling\u00fc\u00edstica<\/h3>\n<\/td>\n<td width=\"208\">\n<h3>Guillermo Mascitti<\/h3>\n<\/td>\n<\/tr>\n<tr>\n<td width=\"113\">\n<h3>3\u00b0 E<\/h3>\n<\/td>\n<td width=\"284\">\n<h3>Did\u00e1ctica de la lengua y la literatura II<\/h3>\n<\/td>\n<td width=\"208\">\n<h3>s\/ cubrir<\/h3>\n<\/td>\n<\/tr>\n<tr>\n<td width=\"113\">\n<h3>3\u00b0 E<\/h3>\n<\/td>\n<td width=\"284\">\n<h3><a href=\"https:\/\/isfd88-bue.infd.edu.ar\/sitio\/wp-content\/uploads\/2020\/04\/Literatura_Bertinetti-3\u00b0-E.pdf\">Literatura Espa\u00f1ola y Literatura Latinoamericana<\/a><\/h3>\n<\/td>\n<td width=\"208\">\n<h3>Ricardo Bertinetti<\/h3>\n<\/td>\n<\/tr>\n<tr>\n<td width=\"113\">\n<h3>3\u00b0 E<\/h3>\n<\/td>\n<td width=\"284\">\n<h3>Ling\u00fc\u00edstica y Gram\u00e1tica III<\/h3>\n<\/td>\n<td width=\"208\"><\/td>\n<\/tr>\n<tr>\n<td width=\"113\">\n<h3>3\u00b0 E<\/h3>\n<\/td>\n<td width=\"284\">\n<h3><a href=\"https:\/\/isfd88-bue.infd.edu.ar\/sitio\/wp-content\/uploads\/2020\/04\/2020_Lengua_CFPPIII_3\u00baE_Mascitti-Ruiz-D\u00edaz.pdf\">CFPP III. La Construcci\u00f3n de la Tarea Docente espec\u00edfica en la Ense\u00f1anza en el Nivel<\/a><\/h3>\n<\/td>\n<td width=\"208\">\n<h3>Silvana Ruiz D\u00edaz<\/h3>\n<h3>Guillermo Mascitti<\/h3>\n<\/td>\n<\/tr>\n<\/tbody>\n<\/table>\n<h3><\/h3>\n<h3><\/h3>\n<h3><\/h3>\n<h1 style=\"text-align: center;\"><span style=\"color: #339966;\"><strong>4\u00b0 A\u00d1O \u2013 PLAN VIEJO<\/strong><\/span><\/h1>\n<table width=\"0\">\n<tbody>\n<tr>\n<td width=\"103\">\n<h3 style=\"text-align: center;\"><span style=\"color: #ff0000;\">Curso<\/span><\/h3>\n<\/td>\n<td style=\"text-align: center;\" width=\"293\">\n<h3><span style=\"color: #ff0000;\">Materia<\/span><\/h3>\n<\/td>\n<td width=\"208\">\n<h3 style=\"text-align: center;\"><span style=\"color: #ff0000;\">Docente<\/span><\/h3>\n<\/td>\n<\/tr>\n<tr>\n<td width=\"103\">\n<h3>4\u00b0 E<\/h3>\n<\/td>\n<td width=\"293\">\n<h3><a href=\"https:\/\/isfd88-bue.infd.edu.ar\/sitio\/wp-content\/uploads\/2020\/04\/2020-LENGUA-Teor\u00eda-Literaria-IV-LEIVA.pdf\">Teor\u00eda Literaria 4<\/a><\/h3>\n<\/td>\n<td width=\"208\">\n<h3>Liliana Leiva<\/h3>\n<\/td>\n<\/tr>\n<tr>\n<td width=\"103\">\n<h3>4\u00b0 E<\/h3>\n<\/td>\n<td width=\"293\">\n<h3><a href=\"https:\/\/isfd88-bue.infd.edu.ar\/sitio\/wp-content\/uploads\/2020\/04\/2020_LENGUA_Gram\u00e1tica_4E_Vega.pdf\">Ling\u00fc\u00edstica\u00a0 y Gram\u00e1tica 4<\/a><\/h3>\n<\/td>\n<td width=\"208\">\n<h3>Elizabeth Vega<\/h3>\n<\/td>\n<\/tr>\n<tr>\n<td width=\"103\">\n<h3>4\u00b0 E<\/h3>\n<\/td>\n<td width=\"293\">\n<h3><a href=\"https:\/\/isfd88-bue.infd.edu.ar\/sitio\/wp-content\/uploads\/2020\/04\/Sociolinguistica.pdf\">Socioling\u00fc\u00edstica<\/a><\/h3>\n<\/td>\n<td width=\"208\">\n<h3>Yolanda Ag\u00fcero<\/h3>\n<\/td>\n<\/tr>\n<tr>\n<td width=\"103\">\n<h3>4\u00b0 E<\/h3>\n<\/td>\n<td width=\"293\">\n<h3><a href=\"https:\/\/isfd88-bue.infd.edu.ar\/sitio\/wp-content\/uploads\/2020\/04\/2020-LENGUA-Historia-Social-y-Cultural-de-la-Literatura-IV-LEIVA.pdf\">Historia social de la literatura IV<\/a><\/h3>\n<\/td>\n<td width=\"208\">\n<h3>Liliana Leiva<\/h3>\n<\/td>\n<\/tr>\n<tr>\n<td width=\"103\">\n<h3>4\u00b0 E<\/h3>\n<\/td>\n<td width=\"293\">\n<h3>Franc\u00e9s<\/h3>\n<\/td>\n<td width=\"208\">\n<h3>Isabel Roma\u00f1ach<\/h3>\n<\/td>\n<\/tr>\n<tr>\n<td width=\"103\">\n<h3>4\u00b0 E<\/h3>\n<\/td>\n<td width=\"293\">\n<h3>Psicoling\u00fc\u00edstica<\/h3>\n<\/td>\n<td width=\"208\">\n<h3>Guillermo Mascitti<\/h3>\n<\/td>\n<\/tr>\n<tr>\n<td width=\"103\">\n<h3>4\u00b0 E<\/h3>\n<\/td>\n<td width=\"293\">\n<h3>EDI: La construcci\u00f3n del espectador<\/h3>\n<\/td>\n<td width=\"208\">\n<h3>Guillermo Mascitti<\/h3>\n<\/td>\n<\/tr>\n<tr>\n<td width=\"103\">\n<h3>4\u00b0 E<\/h3>\n<\/td>\n<td width=\"293\">\n<h3>Edi: El docente como gestor<\/h3>\n<\/td>\n<td width=\"208\">\n<h3>\u00a0Liliana Jara<\/h3>\n<\/td>\n<\/tr>\n<tr>\n<td width=\"103\">\n<h3>4\u00b0 E<\/h3>\n<\/td>\n<td width=\"293\">\n<h3><a href=\"https:\/\/isfd88-bue.infd.edu.ar\/sitio\/wp-content\/uploads\/2020\/04\/Pr\u00e1ctica-IV_lengua_2020.pdf\">Espacio de la Pr\u00e1ctica IV<\/a><\/h3>\n<\/td>\n<td width=\"208\">\n<h3>Guillermo Mascitti\/<\/h3>\n<h3>Mar\u00eda Bel\u00e9n Ben\u00edtez<\/h3>\n<\/td>\n<\/tr>\n<\/tbody>\n<\/table>\n","protected":false},"excerpt":{"rendered":"<p>1\u00b0 A\u00d1O Curso Materia Docente 1\u00b0 E1\/1\u00b0 E2 Did\u00e1ctica general Sabrina Molina 1\u00b0 E1 Taller Lectura y Escritura Camila Velardez 1\u00b0 E2 Taller Lectura y Escritura Guillermo Mascitti 1\u00b0 E1\/1\u00b0 E2 Historia Social y Cultural de la literatura Ana Paula Marangoni 1\u00b0 E1 Teor\u00eda Literaria Marcela Caraballo 1\u00b0 E2 Teor\u00eda Literaria Yolanda Ag\u00fcero 1\u00b0 E1\/1\u00b0 &#8230; <a title=\"PROGRAMAS 2020_ LENGUA Y LITERATURA\" class=\"read-more\" href=\"https:\/\/isfd88-bue.infd.edu.ar\/sitio\/programas-2020_-lengua-y-literatura\/\" aria-label=\"More on PROGRAMAS 2020_ LENGUA Y LITERATURA\">[+]<\/a><\/p>\n","protected":false},"author":2544,"featured_media":0,"parent":0,"menu_order":0,"comment_status":"closed","ping_status":"closed","template":"","meta":[],"acf":[],"_links":{"self":[{"href":"https:\/\/isfd88-bue.infd.edu.ar\/sitio\/wp-json\/wp\/v2\/pages\/3059"}],"collection":[{"href":"https:\/\/isfd88-bue.infd.edu.ar\/sitio\/wp-json\/wp\/v2\/pages"}],"about":[{"href":"https:\/\/isfd88-bue.infd.edu.ar\/sitio\/wp-json\/wp\/v2\/types\/page"}],"author":[{"embeddable":true,"href":"https:\/\/isfd88-bue.infd.edu.ar\/sitio\/wp-json\/wp\/v2\/users\/2544"}],"replies":[{"embeddable":true,"href":"https:\/\/isfd88-bue.infd.edu.ar\/sitio\/wp-json\/wp\/v2\/comments?post=3059"}],"version-history":[{"count":11,"href":"https:\/\/isfd88-bue.infd.edu.ar\/sitio\/wp-json\/wp\/v2\/pages\/3059\/revisions"}],"predecessor-version":[{"id":4811,"href":"https:\/\/isfd88-bue.infd.edu.ar\/sitio\/wp-json\/wp\/v2\/pages\/3059\/revisions\/4811"}],"wp:attachment":[{"href":"https:\/\/isfd88-bue.infd.edu.ar\/sitio\/wp-json\/wp\/v2\/media?parent=3059"}],"curies":[{"name":"wp","href":"https:\/\/api.w.org\/{rel}","templated":true}]}}