{"id":3067,"date":"2020-03-29T21:54:33","date_gmt":"2020-03-30T00:54:33","guid":{"rendered":"https:\/\/isfd88-bue.infd.edu.ar\/sitio\/?page_id=3067"},"modified":"2020-04-26T18:47:25","modified_gmt":"2020-04-26T21:47:25","slug":"programa-2020_-ed-inicial","status":"publish","type":"page","link":"https:\/\/isfd88-bue.infd.edu.ar\/sitio\/programa-2020_-ed-inicial\/","title":{"rendered":"PROGRAMAS 2020_ ED. INICIAL"},"content":{"rendered":"<h1><span style=\"font-weight: 400;\">Programas del Profesorado de Educaci\u00f3n Inicial<\/span><\/h1>\n<p>&nbsp;<\/p>\n<table>\n<tbody>\n<tr>\n<td><span style=\"font-weight: 400;\">1\u00b0 A \/ 1\u00b0 B<\/span><\/td>\n<td><a href=\"https:\/\/isfd88-bue.infd.edu.ar\/sitio\/wp-content\/uploads\/2020\/04\/INICIAL-LEONE-Programa-Taller-LEO-2020.pdf\"><span style=\"font-weight: 400;\">Taller de lectura, escritura y oralidad<\/span><\/a><\/td>\n<td><span style=\"font-weight: 400;\">Andrea Leone<\/span><\/td>\n<\/tr>\n<tr>\n<td><span style=\"font-weight: 400;\">1\u00b0 A \/ 1\u00b0 B<\/span><\/td>\n<td><span style=\"font-weight: 400;\">Taller de pensamiento l\u00f3gico- matem\u00e1tico<\/span><\/td>\n<td><span style=\"font-weight: 400;\">Susana Quintas<\/span><\/td>\n<\/tr>\n<tr>\n<td><span style=\"font-weight: 400;\">1\u00b0 A<\/span><\/td>\n<td><span style=\"font-weight: 400;\">Taller de Definici\u00f3n Institucional<\/span><\/td>\n<td><span style=\"font-weight: 400;\">Romina Romero<\/span><\/p>\n<p><span style=\"font-weight: 400;\">\u00a0( con licencia)<\/span><\/td>\n<\/tr>\n<tr>\n<td><span style=\"font-weight: 400;\">1\u00b0 B<\/span><\/td>\n<td><a href=\"https:\/\/isfd88-bue.infd.edu.ar\/sitio\/wp-content\/uploads\/2020\/04\/Teatro-1-B-2020.pdf\"><span style=\"font-weight: 400;\">Taller de Definici\u00f3n Institucional: Teatro<\/span><\/a><\/td>\n<td><span style=\"font-weight: 400;\">Eduardo Caballero<\/span><\/td>\n<\/tr>\n<tr>\n<td><span style=\"font-weight: 400;\">1\u00b0 A\/ 1\u00b0 B<\/span><\/td>\n<td><a href=\"https:\/\/isfd88-bue.infd.edu.ar\/sitio\/wp-content\/uploads\/2020\/04\/2020_INICIAL_1\u00b0A-Y-1\u00b0B-_-NARRACI\u00d3N-ORALCecilia-Paz-1.pdf\"><span style=\"font-weight: 400;\">Taller de Definici\u00f3n Institucional: Narraci\u00f3n Oral<\/span><\/a><\/td>\n<td><span style=\"font-weight: 400;\">Cecilia Paz<\/span><\/td>\n<\/tr>\n<tr>\n<td><span style=\"font-weight: 400;\">1\u00b0 A<\/span><\/td>\n<td><a href=\"https:\/\/isfd88-bue.infd.edu.ar\/sitio\/2020_inicial_psicologia-del-desarrollo-y-del-aprendizaje_1a_paiva-2\/\"><span style=\"font-weight: 400;\">Psicolog\u00eda del desarrollo y aprendizaje I<\/span><\/a><\/td>\n<td><span style=\"font-weight: 400;\">Paiva Daniela<\/span><\/td>\n<\/tr>\n<tr>\n<td><span style=\"font-weight: 400;\">1\u00b0 B<\/span><\/td>\n<td><a href=\"https:\/\/isfd88-bue.infd.edu.ar\/sitio\/wp-content\/uploads\/2020\/04\/psico-desarrollo-y-aprendizaje-I-INICIAL-1B.-Torres-2020.pdf\"><span style=\"font-weight: 400;\">Psicolog\u00eda del desarrollo y aprendizaje I<\/span><\/a><\/td>\n<td><span style=\"font-weight: 400;\">Marta Torres<\/span><\/td>\n<\/tr>\n<tr>\n<td><span style=\"font-weight: 400;\">1\u00b0 A\/ 1\u00b0 B\u00a0<\/span><\/td>\n<td><a href=\"https:\/\/isfd88-bue.infd.edu.ar\/sitio\/educacion-temprana-2020-inicial-esposito-1\/\"><span style=\"font-weight: 400;\">Educaci\u00f3n temprana<\/span><\/a><\/td>\n<td><span style=\"font-weight: 400;\">Elisabeth Esp\u00f3sito<\/span><\/td>\n<\/tr>\n<tr>\n<td><span style=\"font-weight: 400;\">1\u00b0 A\/ 1\u00b0 B\u00a0<\/span><\/td>\n<td><span style=\"font-weight: 400;\"><a href=\"https:\/\/isfd88-bue.infd.edu.ar\/sitio\/88-programa-corp-y-motr-ini\/\">Corp-y-Motr-INI Corporeidad y motricidad<\/a><\/span><\/td>\n<td><span style=\"font-weight: 400;\">Fernando Marciello<\/span><\/td>\n<\/tr>\n<tr>\n<td><span style=\"font-weight: 400;\">1\u00b0 A\/ 1\u00b0 B<\/span><\/td>\n<td><a href=\"https:\/\/isfd88-bue.infd.edu.ar\/sitio\/wp-content\/uploads\/2020\/04\/Programa-INICIAL-FILOSOFIA-BRUNO-2020.pdf\"><span style=\"font-weight: 400;\">Filosof\u00eda<\/span><\/a><\/td>\n<td><span style=\"font-weight: 400;\">Silvina Bruno<\/span><\/td>\n<\/tr>\n<tr>\n<td><span style=\"font-weight: 400;\">1\u00b0 A\/ 1\u00b0 B<\/span><\/td>\n<td><a href=\"https:\/\/isfd88-bue.infd.edu.ar\/sitio\/wp-content\/uploads\/2020\/04\/DIDACTICA-GENERAL-LENCINA-2020.pdf\"><span style=\"font-weight: 400;\">Did\u00e1ctica General<\/span><\/a><\/td>\n<td><span style=\"font-weight: 400;\">Marcela Lencina<\/span><\/td>\n<\/tr>\n<tr>\n<td><span style=\"font-weight: 400;\">1\u00b0 A<\/span><\/td>\n<td><a href=\"https:\/\/isfd88-bue.infd.edu.ar\/sitio\/wp-content\/uploads\/2020\/04\/PROGRAMA-PEDAGOG\u00cdA-DE-INICIAL-I-88-2020.pdf\"><span style=\"font-weight: 400;\">Pedagog\u00eda<\/span><\/a><\/td>\n<td><span style=\"font-weight: 400;\">Ojeda Walter<\/span><\/td>\n<\/tr>\n<tr>\n<td><span style=\"font-weight: 400;\">1\u00b0 B<\/span><\/td>\n<td><a href=\"https:\/\/isfd88-bue.infd.edu.ar\/sitio\/wp-content\/uploads\/2020\/04\/PROGRAMA-PEDAGOG\u00cdA-DE-INICIAL-I-88-2020.pdf\"><span style=\"font-weight: 400;\">Pedagog\u00eda<\/span><\/a><\/td>\n<td><span style=\"font-weight: 400;\">Ojeda Walter<\/span><\/td>\n<\/tr>\n<tr>\n<td><span style=\"font-weight: 400;\">1\u00b0 A\/ 1\u00b0 B<\/span><\/td>\n<td><a href=\"https:\/\/isfd88-bue.infd.edu.ar\/sitio\/2020-analisis-del-m-c-11\/\"><span style=\"font-weight: 400;\">An\u00e1lisis del mundo contempor\u00e1neo<\/span><\/a><\/td>\n<td><span style=\"font-weight: 400;\">Maximiliano Ninni<\/span><\/td>\n<\/tr>\n<tr>\n<td><span style=\"font-weight: 400;\">1\u00b0 A\/ 1\u00b0 B<\/span><\/td>\n<td><span style=\"font-weight: 400;\">Campo de la Pr\u00e1ctica I<\/span><\/td>\n<td><a href=\"https:\/\/isfd88-bue.infd.edu.ar\/sitio\/campo-de-la-practica-i2020-pallota-viola\/\"><span style=\"font-weight: 400;\">Sandra Pallotta-Viola Claudia<\/span><\/a><\/p>\n<p><a href=\"https:\/\/isfd88-bue.infd.edu.ar\/sitio\/wp-content\/uploads\/2020\/04\/INICIAL-CAMPO-DE-LA-PRACTICA-1-PATITO-ZINNI.pdf\"><span style=\"font-weight: 400;\"> M\u00f3nica Patito-\u00a0 Susana Zinni<\/span><\/a><\/td>\n<\/tr>\n<\/tbody>\n<\/table>\n<p>&nbsp;<\/p>\n<p><span style=\"font-weight: 400;\">2\u00b0 a\u00f1o<\/span><\/p>\n<table>\n<tbody>\n<tr>\n<td><span style=\"font-weight: 400;\">Curso<\/span><\/td>\n<td><span style=\"font-weight: 400;\">Materia\u00a0<\/span><\/td>\n<td><span style=\"font-weight: 400;\">Docente<\/span><\/td>\n<\/tr>\n<tr>\n<td><span style=\"font-weight: 400;\">2\u00b0 A<\/span><\/td>\n<td><a href=\"https:\/\/isfd88-bue.infd.edu.ar\/sitio\/2a-educacion-inicial-psicologia-del-desarrollo-2020\/\"><span style=\"font-weight: 400;\">Psicolog\u00eda del desarrollo y aprendizaje II<\/span><\/a><\/td>\n<td><span style=\"font-weight: 400;\">Graciela Palacios<\/span><\/td>\n<\/tr>\n<tr>\n<td><span style=\"font-weight: 400;\">2\u00b0 B<\/span><\/td>\n<td><a href=\"https:\/\/isfd88-bue.infd.edu.ar\/sitio\/wp-content\/uploads\/2020\/04\/Ps.-del-Desarrollo-y-Ap-SEGATA-2020.pdf\"><span style=\"font-weight: 400;\">Psicolog\u00eda del desarrollo y aprendizaje II<\/span><\/a><\/td>\n<td><span style=\"font-weight: 400;\">Karina Segata<\/span><\/td>\n<\/tr>\n<tr>\n<td><span style=\"font-weight: 400;\">2\u00b0 A\/ 2\u00b0 B<\/span><\/td>\n<td><a href=\"https:\/\/isfd88-bue.infd.edu.ar\/sitio\/wp-content\/uploads\/2020\/04\/Psicolog\u00eda-Social-2020.pdf\"><span style=\"font-weight: 400;\">Psicolog\u00eda Social e Institucional<\/span><\/a><\/td>\n<td><span style=\"font-weight: 400;\">Alejandra Armentano<\/span><\/td>\n<\/tr>\n<tr>\n<td><span style=\"font-weight: 400;\">2\u00b0 A<\/span><\/td>\n<td><a href=\"https:\/\/isfd88-bue.infd.edu.ar\/sitio\/2020_inicial_cult-com-y-educ_2oa_prof-bueno-claudia\/\"><span style=\"font-weight: 400;\">Cultura, Comunicaci\u00f3n y Educaci\u00f3n.<\/span><\/a><\/td>\n<td><span style=\"font-weight: 400;\">Claudia Bueno<\/span><\/td>\n<\/tr>\n<tr>\n<td><span style=\"font-weight: 400;\">2\u00b0 B<\/span><\/td>\n<td><a href=\"https:\/\/isfd88-bue.infd.edu.ar\/sitio\/wp-content\/uploads\/2020\/04\/CCEiNicial88CINALLI-2020.pdf\"><span style=\"font-weight: 400;\">Cultura, Comunicaci\u00f3n y Educaci\u00f3n.<\/span><\/a><\/td>\n<td><span style=\"font-weight: 400;\">Hilda Cinalli<\/span><\/td>\n<\/tr>\n<tr>\n<td><span style=\"font-weight: 400;\">2\u00b0 A<\/span><\/td>\n<td><a href=\"https:\/\/isfd88-bue.infd.edu.ar\/sitio\/wp-content\/uploads\/2020\/04\/Ed-Pl\u00e0stica-PEI-AROZARENA-2020.pdf\"><span style=\"font-weight: 400;\">Educaci\u00f3n Pl\u00e1stica.<\/span><\/a><\/td>\n<td><span style=\"font-weight: 400;\">Roc\u00edo Arozarena<\/span><\/td>\n<\/tr>\n<tr>\n<td><span style=\"font-weight: 400;\">2\u00b0 B<\/span><\/td>\n<td><a href=\"https:\/\/isfd88-bue.infd.edu.ar\/sitio\/wp-content\/uploads\/2020\/04\/PROGRAMA-PLASTICA-2020-2B-SALAS.pdf\"><span style=\"font-weight: 400;\">Educaci\u00f3n Pl\u00e1stica<\/span><\/a><\/td>\n<td><span style=\"font-weight: 400;\">Ana Salas<\/span><\/td>\n<\/tr>\n<tr>\n<td><span style=\"font-weight: 400;\">2\u00b0 A \/ 2\u00b0 B<\/span><\/td>\n<td><a href=\"https:\/\/isfd88-bue.infd.edu.ar\/sitio\/wp-content\/uploads\/2020\/04\/PROGRAMA-DE-DID\u00c1CTICA-DE-LAS-PR\u00c1CTICAS-DEL-LENGUAJE-2\u00b0A-y-B-ISFD-88-2020-.pdf\"><span style=\"font-weight: 400;\">Did\u00e1ctica de Pr\u00e1cticas de lenguaje y la literatura.<\/span><\/a><\/td>\n<td><span style=\"font-weight: 400;\">Natalia Cavani<\/span><\/td>\n<\/tr>\n<tr>\n<td><span style=\"font-weight: 400;\">2\u00b0 A \/ 2\u00b0 B<\/span><\/td>\n<td><a href=\"https:\/\/isfd88-bue.infd.edu.ar\/sitio\/wp-content\/uploads\/2020\/04\/programa-de-didactica-de-las-ciencias-sociales-2020.pdf\"><span style=\"font-weight: 400;\">Did\u00e1ctica de las Ciencias Sociales.<\/span><\/a><\/td>\n<td><span style=\"font-weight: 400;\">Javier Costa<\/span><\/td>\n<\/tr>\n<tr>\n<td><span style=\"font-weight: 400;\">2\u00b0 A \/ 2\u00b0 B<\/span><\/td>\n<td><span style=\"font-weight: 400;\"><a href=\"http:\/\/Programa 2\u00b0 A Inicial. Ben\u00edtez J. Did Cs Naturales 2020\">Did\u00e1ctica de las Ciencias Naturales<\/a>.<\/span><\/td>\n<td><span style=\"font-weight: 400;\">Julia Benitez<\/span><\/td>\n<\/tr>\n<tr>\n<td><span style=\"font-weight: 400;\">2\u00b0 A \/ 2\u00b0 B<\/span><\/td>\n<td><a href=\"https:\/\/isfd88-bue.infd.edu.ar\/sitio\/didactica-de-la-matematica-2-a\/\"><span style=\"font-weight: 400;\">Did\u00e1ctica de la Matem\u00e1tica.<\/span><\/a><\/td>\n<td><span style=\"font-weight: 400;\">Jorge Los Arcos<\/span><\/td>\n<\/tr>\n<tr>\n<td><span style=\"font-weight: 400;\">2\u00b0 A<\/span><\/td>\n<td><a href=\"https:\/\/isfd88-bue.infd.edu.ar\/sitio\/wp-content\/uploads\/2020\/04\/Inicial.-Did\u00e1ctica-y-Curriculum.-Botaya-2-A.pdf\"><span style=\"font-weight: 400;\">Did\u00e1ctica y curriculum del nivel inicial<\/span><\/a><\/td>\n<td><span style=\"font-weight: 400;\">Margarita Botaya<\/span><\/td>\n<\/tr>\n<tr>\n<td><span style=\"font-weight: 400;\">2\u00b0 B<\/span><\/td>\n<td><span style=\"font-weight: 400;\"><a href=\"https:\/\/isfd88-bue.infd.edu.ar\/sitio\/wp-content\/uploads\/2020\/04\/DIDACTICA-Y-CURRICULO-2019-programa-MARINO.pdf\">Did\u00e1ctica y curriculum del nivel inicia<\/a>l<\/span><\/td>\n<td><span style=\"font-weight: 400;\">Silvia Marino<\/span><\/td>\n<\/tr>\n<tr>\n<td><span style=\"font-weight: 400;\">2\u00b0 A\/ 2\u00b0 B<\/span><\/td>\n<td><span style=\"font-weight: 400;\"><a href=\"https:\/\/isfd88-bue.infd.edu.ar\/sitio\/2020_inicial_campo-de-la-practica-ii_2-ayb_de-luca_galardo_figueroa\/\">Campo de la Pr\u00e1ctica<\/a>\u00a0<\/span><\/td>\n<td><span style=\"font-weight: 400;\">Marcela de Luca- Aldana Galardo- Nelba Figueroa-<\/span> <span style=\"font-weight: 400;\">Cristina Pe\u00f1a<\/span><span style=\"font-weight: 400;\">\u2013 <\/span><a href=\"https:\/\/isfd88-bue.infd.edu.ar\/sitio\/wp-content\/uploads\/2020\/04\/Programa-PR\u00c1CTICA-2-2020.pdf\"><span style=\"font-weight: 400;\">Cecilia Condorelle<\/span><\/a><\/td>\n<\/tr>\n<tr>\n<td><span style=\"font-weight: 400;\">2\u00b0 A \/ 2\u00b0 B<\/span><\/td>\n<td><a href=\"https:\/\/isfd88-bue.infd.edu.ar\/sitio\/wp-content\/uploads\/2020\/04\/programa-seminario-historia-2020.pdf\"><span style=\"font-weight: 400;\">Seminario de Historia argentina<\/span><\/a><\/td>\n<td><span style=\"font-weight: 400;\">Maximiliano Ninni<\/span><\/td>\n<\/tr>\n<tr>\n<td><span style=\"font-weight: 400;\">2\u00b0 A\/ 2\u00b0 B<\/span><\/td>\n<td><span style=\"font-weight: 400;\"><a href=\"https:\/\/isfd88-bue.infd.edu.ar\/sitio\/wp-content\/uploads\/2020\/04\/2020_INICIAL_TFO_-ORGANIZACI\u00d3N-DE-LA-ENSE\u00d1ANZA-EN-JARD\u00cdN-MATERNAL_-PAZ-1.pd\">TFO: Organizaci\u00f3n del trabajo en el jard\u00edn materna<\/a>l<\/span><\/td>\n<td><span style=\"font-weight: 400;\">Cecilia Paz<\/span><\/td>\n<\/tr>\n<tr>\n<td><span style=\"font-weight: 400;\">2\u00b0 A \/ 2\u00b0 B<\/span><\/td>\n<td><a href=\"https:\/\/isfd88-bue.infd.edu.ar\/sitio\/wp-content\/uploads\/2020\/04\/TFO-EXP.CORPORAL-2020.pdf\"><span style=\"font-weight: 400;\">TFO: Expresi\u00f3n corporal<\/span><\/a><\/td>\n<td><span style=\"font-weight: 400;\">Sandra Romero<\/span><\/td>\n<\/tr>\n<tr>\n<td><span style=\"font-weight: 400;\">2\u00b0 A\/ 2\u00b0 B<\/span><\/td>\n<td><a href=\"https:\/\/isfd88-bue.infd.edu.ar\/sitio\/wp-content\/uploads\/2020\/04\/PROGRAMA-TEOR\u00cdAS-SOCIOPOL\u00cdTICAS-2\u00b0-A-y-B-2020.pdf\"><span style=\"font-weight: 400;\">Teor\u00eda socio-pol\u00edtica de la educaci\u00f3n<\/span><\/a><\/td>\n<td><span style=\"font-weight: 400;\">Mirta Cardoso<\/span><\/td>\n<\/tr>\n<\/tbody>\n<\/table>\n<p>&nbsp;<\/p>\n<p><span style=\"font-weight: 400;\">3\u00b0 a\u00f1o<\/span><\/p>\n<p>&nbsp;<\/p>\n<table>\n<tbody>\n<tr>\n<td><span style=\"font-weight: 400;\">Curso<\/span><\/td>\n<td><span style=\"font-weight: 400;\">Materia<\/span><\/td>\n<td><span style=\"font-weight: 400;\">Docente<\/span><\/td>\n<\/tr>\n<tr>\n<td><span style=\"font-weight: 400;\">3\u00b0 A\/ 3\u00b0 B<\/span><\/td>\n<td><a href=\"https:\/\/isfd88-bue.infd.edu.ar\/sitio\/wp-content\/uploads\/2020\/04\/PROGRAMA-Juego-ISFD-88-2020.docx.pdf\"><span style=\"font-weight: 400;\">Juego y desarrollo Infantil.<\/span><\/a><\/td>\n<td><span style=\"font-weight: 400;\">Sandra Romero<\/span><\/td>\n<\/tr>\n<tr>\n<td><span style=\"font-weight: 400;\">3\u00b0 A<\/span><\/td>\n<td><a href=\"https:\/\/isfd88-bue.infd.edu.ar\/sitio\/wp-content\/uploads\/2020\/04\/PROGRAMA-2020-Mediosaudiovisuales-tics-y-educacion-ISFDyT88.pdf\"><span style=\"font-weight: 400;\">Medios audiovisuales, TICs y educaci\u00f3n.<\/span><\/a><\/td>\n<td><span style=\"font-weight: 400;\">Christian Gil<\/span><\/td>\n<\/tr>\n<tr>\n<td><span style=\"font-weight: 400;\">3\u00b0 B<\/span><\/td>\n<td><a href=\"https:\/\/isfd88-bue.infd.edu.ar\/sitio\/wp-content\/uploads\/2020\/04\/Propuesta2020MediosInicial-88.pdf\"><span style=\"font-weight: 400;\">Medios audiovisuales, TICs y educaci\u00f3n<\/span><\/a><\/td>\n<td><span style=\"font-weight: 400;\">Hilda Cinalli<\/span><\/td>\n<\/tr>\n<tr>\n<td><span style=\"font-weight: 400;\">3\u00b0 A\/ 3\u00b0 B<\/span><\/td>\n<td><a href=\"https:\/\/isfd88-bue.infd.edu.ar\/sitio\/2020_inicial_educacion-musical_3a-y-3b_perez-alvarez\/\"><span style=\"font-weight: 400;\">Educaci\u00f3n musical<\/span><\/a><\/td>\n<td><span style=\"font-weight: 400;\">Leandro Perez Alvarez<\/span><\/td>\n<\/tr>\n<tr>\n<td><span style=\"font-weight: 400;\">3\u00b0 A\/ 3\u00b0 B<\/span><\/td>\n<td><a href=\"https:\/\/isfd88-bue.infd.edu.ar\/sitio\/wp-content\/uploads\/2020\/04\/PROGRAMA-DE-EF.-POCE-2020.pdf\"><span style=\"font-weight: 400;\">Educaci\u00f3n f\u00edsica escolar.<\/span><\/a><\/td>\n<td><span style=\"font-weight: 400;\">Sandra Poce<\/span><\/td>\n<\/tr>\n<tr>\n<td><span style=\"font-weight: 400;\">3\u00b0 A<\/span><\/td>\n<td><a href=\"https:\/\/isfd88-bue.infd.edu.ar\/sitio\/wp-content\/uploads\/2020\/04\/PROGRAMA-DE-TALLER-DE-LITERATURA-INFANTIL-3\u00b0-A-ISFD-88-2020-.pdf\"><span style=\"font-weight: 400;\">Taller de literatura infantil.<\/span><\/a><\/td>\n<td><span style=\"font-weight: 400;\">Natalia Cavani<\/span><\/td>\n<\/tr>\n<tr>\n<td><span style=\"font-weight: 400;\">3\u00b0 B<\/span><\/td>\n<td><a href=\"https:\/\/isfd88-bue.infd.edu.ar\/sitio\/wp-content\/uploads\/2020\/04\/2020-Taller-de-Literatura-Infantil-3ero-B-SERRA.pdf\"><span style=\"font-weight: 400;\">Taller de literatura infantil.<\/span><\/a><\/td>\n<td><span style=\"font-weight: 400;\">Ver\u00f3nica Serra<\/span><\/td>\n<\/tr>\n<tr>\n<td><span style=\"font-weight: 400;\">3\u00b0 A\/ 3\u00b0 B<\/span><\/td>\n<td><a href=\"https:\/\/isfd88-bue.infd.edu.ar\/sitio\/wp-content\/uploads\/2020\/04\/taller-sociales-AVALOS-88-2020.pdf\"><span style=\"font-weight: 400;\">Taller de Ciencias Sociales.<\/span><\/a><\/td>\n<td><span style=\"font-weight: 400;\">Christi\u00e1n Avalos<\/span><\/td>\n<\/tr>\n<tr>\n<td><span style=\"font-weight: 400;\">3\u00b0 A\/ 3\u00b0 B<\/span><\/td>\n<td><a href=\"https:\/\/isfd88-bue.infd.edu.ar\/sitio\/wp-content\/uploads\/2020\/04\/Programa-2020-TALLER-DE-CS-NATURALES.pdf\"><span style=\"font-weight: 400;\">Taller de Ciencias Naturales.<\/span><\/a><\/td>\n<td><span style=\"font-weight: 400;\">Gabriela Perez<\/span><\/td>\n<\/tr>\n<tr>\n<td><span style=\"font-weight: 400;\">3\u00b0 A<\/span><\/td>\n<td><a href=\"https:\/\/isfd88-bue.infd.edu.ar\/sitio\/wp-content\/uploads\/2020\/04\/TALLER-DE-MATEM\u00c1TICA-3\u00ba-A-2020.pdf\"><span style=\"font-weight: 400;\">Taller de la Matem\u00e1tica<\/span><\/a><\/td>\n<td><span style=\"font-weight: 400;\">Jorge Los Arcos<\/span><\/td>\n<\/tr>\n<tr>\n<td><span style=\"font-weight: 400;\">3\u00b0 B<\/span><\/td>\n<td><a href=\"https:\/\/isfd88-bue.infd.edu.ar\/sitio\/wp-content\/uploads\/2020\/04\/PROGRAMA-TALLER-DE-MATEMATICA-3\u00b0B-2020.pdf\"><span style=\"font-weight: 400;\">Taller de la Matem\u00e1tica<\/span><\/a><\/td>\n<td><span style=\"font-weight: 400;\">Mar\u00eda Cristina Albera<\/span><\/td>\n<\/tr>\n<tr>\n<td><span style=\"font-weight: 400;\">3\u00b0 A\/ 3\u00b0 B<\/span><\/td>\n<td><a href=\"https:\/\/isfd88-bue.infd.edu.ar\/sitio\/2020_inicial_3a-y-3b_produccion-de-materiales-y-objetos-ludicos_cecilia-pa\/\"><span style=\"font-weight: 400;\">Producci\u00f3n de materiales y objetos l\u00fadicos.<\/span><\/a><\/td>\n<td><span style=\"font-weight: 400;\">Cecilia Paz<\/span><\/td>\n<\/tr>\n<tr>\n<td><span style=\"font-weight: 400;\">3\u00b0 A<\/span><\/td>\n<td><a href=\"https:\/\/isfd88-bue.infd.edu.ar\/sitio\/wp-content\/uploads\/2020\/04\/PROYECTO_HISTORIA_2020_88-INICIAL.pdf\"><span style=\"font-weight: 400;\">Historia y prospectiva de la educaci\u00f3n.<\/span><\/a><\/td>\n<td><span style=\"font-weight: 400;\">Cristina Pe\u00f1a<\/span><\/td>\n<\/tr>\n<tr>\n<td><span style=\"font-weight: 400;\">3\u00b0 B<\/span><\/td>\n<td><a href=\"https:\/\/isfd88-bue.infd.edu.ar\/sitio\/wp-content\/uploads\/2020\/04\/Programa-HPE-2020-FONDOVILA.pdf\"><span style=\"font-weight: 400;\">Historia y prospectiva de la educaci\u00f3n<\/span><\/a><\/td>\n<td><span style=\"font-weight: 400;\">Carlos Fondovila<\/span><\/td>\n<\/tr>\n<tr>\n<td><span style=\"font-weight: 400;\">3\u00b0 A<\/span><\/td>\n<td><a href=\"http:\/\/PROGRAMA 2020 - Profesorado de Educaci\u00f3n Inicial- Pol\u00edtica, Legislaci\u00f3n y Administraci\u00f3n del Trabajo Escolar\"><span style=\"font-weight: 400;\">Pol\u00edtica, legislaci\u00f3n y administraci\u00f3n del trabajo escolar<\/span><\/a><\/p>\n<p><span style=\"font-weight: 400;\">\u00a0<\/span><\/td>\n<td><span style=\"font-weight: 400;\">Ricardo Unrein<\/span><\/td>\n<\/tr>\n<tr>\n<td><span style=\"font-weight: 400;\">3\u00b0 B<\/span><\/td>\n<td><a href=\"https:\/\/isfd88-bue.infd.edu.ar\/sitio\/wp-content\/uploads\/2020\/04\/Politica-DE-FAVERI-2020.pdf\"><span style=\"font-weight: 400;\">Pol\u00edtica, legislaci\u00f3n y administraci\u00f3n del trabajo escolar<\/span><\/a><\/td>\n<td><span style=\"font-weight: 400;\">Sandra De Faveri<\/span><\/td>\n<\/tr>\n<tr>\n<td><span style=\"font-weight: 400;\">3\u00b0 A\/ 3\u00b0 B<\/span><\/td>\n<td><a href=\"https:\/\/isfd88-bue.infd.edu.ar\/sitio\/wp-content\/uploads\/2020\/04\/PROGRAMA-PRACTICA-3-A\u00d1O-2020.pdf\"><span style=\"font-weight: 400;\">Campo de la Pr\u00e1ctica 3<\/span><\/a><\/td>\n<td><span style=\"font-weight: 400;\">Elisa Stoppa- <\/span><span style=\"font-weight: 400;\">Nelba Figueroa-<\/span><span style=\"font-weight: 400;\"> Romina Moral-\u00a0 Cintia Perez<\/span><\/td>\n<\/tr>\n<tr>\n<td><span style=\"font-weight: 400;\">3\u00b0 A\/ 3\u00b0 B<\/span><\/td>\n<td><a href=\"https:\/\/isfd88-bue.infd.edu.ar\/sitio\/2020-inicial-herramientas-de-la-practica-garcia-gonzalez-zinni-1\/\"><span style=\"font-weight: 400;\">Herramientas de la Pr\u00e1ctica<\/span><\/a><\/td>\n<td><span style=\"font-weight: 400;\">M\u00f3nica Gonzalez- Susana Zinni- Gladys Garc\u00eda<\/span><\/td>\n<\/tr>\n<tr>\n<td><span style=\"font-weight: 400;\">3\u00b0 A\/ 3\u00b0 B<\/span><\/td>\n<td><a href=\"https:\/\/isfd88-bue.infd.edu.ar\/sitio\/2020_inicial_tfo-educacion-sexual-integral_3-ano_acosta-marina-1\/\"><span style=\"font-weight: 400;\">TFO: ESI<\/span><\/a><\/td>\n<td><span style=\"font-weight: 400;\">Marina Acosta<\/span><\/td>\n<\/tr>\n<tr>\n<td><span style=\"font-weight: 400;\">3\u00b0 A\/ 3\u00b0 B<\/span><\/td>\n<td><a href=\"https:\/\/isfd88-bue.infd.edu.ar\/sitio\/wp-content\/uploads\/2020\/04\/SEIBERT_TFO-_Alfabetizaci\u00f3n-Inicial_-Programa-2020.pdf\"><span style=\"font-weight: 400;\">TFO: Alfabetizaci\u00f3n inicial<\/span><\/a><\/td>\n<td><span style=\"font-weight: 400;\">Seibert<\/span><\/td>\n<\/tr>\n<tr>\n<td><span style=\"font-weight: 400;\">3\u00b0 B<\/span><\/td>\n<td><a href=\"https:\/\/isfd88-bue.infd.edu.ar\/sitio\/wp-content\/uploads\/2020\/04\/Programa-TFO-Folklore-88-2020.pdf\"><span style=\"font-weight: 400;\">TFO: Folklore<\/span><\/a><\/td>\n<td><span style=\"font-weight: 400;\">Perez Bloise<\/span><\/td>\n<\/tr>\n<\/tbody>\n<\/table>\n<p>&nbsp;<\/p>\n<p><span style=\"font-weight: 400;\">4\u00b0 a\u00f1o<\/span><\/p>\n<p>&nbsp;<\/p>\n<table>\n<tbody>\n<tr>\n<td><span style=\"font-weight: 400;\">A\u00f1o<\/span><\/td>\n<td><span style=\"font-weight: 400;\">Materia<\/span><\/td>\n<td><span style=\"font-weight: 400;\">Curso<\/span><\/td>\n<\/tr>\n<tr>\n<td><span style=\"font-weight: 400;\">4\u00b0 A<\/span><\/td>\n<td><a href=\"https:\/\/isfd88-bue.infd.edu.ar\/sitio\/wp-content\/uploads\/2020\/04\/programa-2020-educ.en-y-para-salud.pdf\"><span style=\"font-weight: 400;\">Educaci\u00f3n en y para la salud.<\/span><\/a><\/td>\n<td><span style=\"font-weight: 400;\">Raquel Blanco<\/span><\/td>\n<\/tr>\n<tr>\n<td><span style=\"font-weight: 400;\">4\u00b0 A<\/span><\/td>\n<td><a href=\"https:\/\/isfd88-bue.infd.edu.ar\/sitio\/wp-content\/uploads\/2020\/04\/Programa-Mascitti-Ateneo-Inicial-2020.pdf\"><span style=\"font-weight: 400;\">Ateneo de pr\u00e1cticas del lenguaje y literatura.<\/span><\/a><\/td>\n<td><span style=\"font-weight: 400;\">Guillermo Mascitti<\/span><\/td>\n<\/tr>\n<tr>\n<td><span style=\"font-weight: 400;\">4\u00b0 A<\/span><\/td>\n<td><span style=\"font-weight: 400;\">Ateneo de Matem\u00e1tica<\/span><\/td>\n<td><span style=\"font-weight: 400;\">Susana Quintas<\/span><\/td>\n<\/tr>\n<tr>\n<td><span style=\"font-weight: 400;\">4\u00b0 A<\/span><\/td>\n<td><a href=\"https:\/\/isfd88-bue.infd.edu.ar\/sitio\/wp-content\/uploads\/2020\/04\/programa-de-naturaleza-y-sociedad-2020-1.pdf\"><span style=\"font-weight: 400;\">Ateneo de Naturaleza y sociedad<\/span><\/a><\/td>\n<td><span style=\"font-weight: 400;\">Javier Costa<\/span><\/td>\n<\/tr>\n<tr>\n<td><span style=\"font-weight: 400;\">4\u00b0 A<\/span><\/td>\n<td><a href=\"https:\/\/isfd88-bue.infd.edu.ar\/sitio\/ateneo-expresiones-pei-arozarena-2020\/\"><span style=\"font-weight: 400;\">Ateneo de nuevas expresiones est\u00e9ticas.<\/span><\/a><\/td>\n<td><span style=\"font-weight: 400;\">Roc\u00edo Arozarena<\/span><\/td>\n<\/tr>\n<tr>\n<td><span style=\"font-weight: 400;\">4\u00b0 A<\/span><\/td>\n<td><a href=\"https:\/\/isfd88-bue.infd.edu.ar\/sitio\/wp-content\/uploads\/2020\/04\/Reflexi\u00f3n-filos\u00f3fica-de-la-educaci\u00f3n-88.-2020.pdf\"><span style=\"font-weight: 400;\">Reflexi\u00f3n filos\u00f3fica de la educaci\u00f3n.<\/span><\/a><\/td>\n<td><span style=\"font-weight: 400;\">Javier Sancho<\/span><\/td>\n<\/tr>\n<tr>\n<td><span style=\"font-weight: 400;\">4\u00b0 A<\/span><\/td>\n<td><a href=\"https:\/\/isfd88-bue.infd.edu.ar\/sitio\/wp-content\/uploads\/2020\/04\/Dimensi\u00f3n-etico-pol\u00edtica-88.-2020.pdf\"><span style=\"font-weight: 400;\">Dimensi\u00f3n \u00e9tico-pol\u00edtica de la praxis docente.<\/span><\/a><\/td>\n<td><span style=\"font-weight: 400;\">Javier Sancho<\/span><\/td>\n<\/tr>\n<tr>\n<td><span style=\"font-weight: 400;\">4\u00b0 A<\/span><\/td>\n<td><span style=\"font-weight: 400;\">Campo de la Pr\u00e1ctica docente IV<\/span><\/td>\n<td><span style=\"font-weight: 400;\">Cintia Perez- Fernanda luna<\/span><\/td>\n<\/tr>\n<tr>\n<td><span style=\"font-weight: 400;\">4\u00b0 A<\/span><\/td>\n<td><a href=\"https:\/\/isfd88-bue.infd.edu.ar\/sitio\/wp-content\/uploads\/2020\/04\/tfo-infancia-y-discapacidad-inicial-2020.pdf\"><span style=\"font-weight: 400;\">TFO: Infancia y discapacidad<\/span><\/a><\/td>\n<td><span style=\"font-weight: 400;\">Luis Visconti<\/span><\/td>\n<\/tr>\n<tr>\n<td><span style=\"font-weight: 400;\">4\u00b0 A<\/span><\/td>\n<td><a href=\"https:\/\/isfd88-bue.infd.edu.ar\/sitio\/wp-content\/uploads\/2020\/04\/Programa-Alfabetizaci\u00f3n-Digital-Inicial-2020.pdf\"><span style=\"font-weight: 400;\">TFO: Alfabetizaci\u00f3n digital<\/span><\/a><\/td>\n<td><span style=\"font-weight: 400;\">Francisco Salas<\/span><\/td>\n<\/tr>\n<\/tbody>\n<\/table>\n<p>&nbsp;<\/p>\n","protected":false},"excerpt":{"rendered":"<p>Programas del Profesorado de Educaci\u00f3n Inicial &nbsp; 1\u00b0 A \/ 1\u00b0 B Taller de lectura, escritura y oralidad Andrea Leone 1\u00b0 A \/ 1\u00b0 B Taller de pensamiento l\u00f3gico- matem\u00e1tico Susana Quintas 1\u00b0 A Taller de Definici\u00f3n Institucional Romina Romero \u00a0( con licencia) 1\u00b0 B Taller de Definici\u00f3n Institucional: Teatro Eduardo Caballero 1\u00b0 A\/ 1\u00b0 &#8230; <a title=\"PROGRAMAS 2020_ ED. INICIAL\" class=\"read-more\" href=\"https:\/\/isfd88-bue.infd.edu.ar\/sitio\/programa-2020_-ed-inicial\/\" aria-label=\"More on PROGRAMAS 2020_ ED. INICIAL\">[+]<\/a><\/p>\n","protected":false},"author":2544,"featured_media":0,"parent":0,"menu_order":0,"comment_status":"closed","ping_status":"closed","template":"","meta":[],"acf":[],"_links":{"self":[{"href":"https:\/\/isfd88-bue.infd.edu.ar\/sitio\/wp-json\/wp\/v2\/pages\/3067"}],"collection":[{"href":"https:\/\/isfd88-bue.infd.edu.ar\/sitio\/wp-json\/wp\/v2\/pages"}],"about":[{"href":"https:\/\/isfd88-bue.infd.edu.ar\/sitio\/wp-json\/wp\/v2\/types\/page"}],"author":[{"embeddable":true,"href":"https:\/\/isfd88-bue.infd.edu.ar\/sitio\/wp-json\/wp\/v2\/users\/2544"}],"replies":[{"embeddable":true,"href":"https:\/\/isfd88-bue.infd.edu.ar\/sitio\/wp-json\/wp\/v2\/comments?post=3067"}],"version-history":[{"count":70,"href":"https:\/\/isfd88-bue.infd.edu.ar\/sitio\/wp-json\/wp\/v2\/pages\/3067\/revisions"}],"predecessor-version":[{"id":3402,"href":"https:\/\/isfd88-bue.infd.edu.ar\/sitio\/wp-json\/wp\/v2\/pages\/3067\/revisions\/3402"}],"wp:attachment":[{"href":"https:\/\/isfd88-bue.infd.edu.ar\/sitio\/wp-json\/wp\/v2\/media?parent=3067"}],"curies":[{"name":"wp","href":"https:\/\/api.w.org\/{rel}","templated":true}]}}