{"id":3763,"date":"2021-04-28T18:44:12","date_gmt":"2021-04-28T21:44:12","guid":{"rendered":"https:\/\/isfd88-bue.infd.edu.ar\/sitio\/?page_id=3763"},"modified":"2022-09-05T18:52:23","modified_gmt":"2022-09-05T21:52:23","slug":"programas-2021_-lengua-y-literatura","status":"publish","type":"page","link":"https:\/\/isfd88-bue.infd.edu.ar\/sitio\/programas-2021_-lengua-y-literatura\/","title":{"rendered":"PROGRAMAS 2021_ Lengua y Literatura"},"content":{"rendered":"<p>Espacio en construcci\u00f3n<\/p>\n\n\n<h1 class=\"wp-block-heading\"><strong>1\u00b0 A\u00d1O<\/strong><\/h1>\n\n\n\n<figure class=\"wp-block-table\"><table><tbody><tr><td>Curso<\/td><td>Materia<\/td><td>Docente<\/td><\/tr><tr><td>1\u00b0 E1\/1\u00b0 E2<\/td><td><a href=\"https:\/\/isfd88-bue.infd.edu.ar\/sitio\/wp-content\/uploads\/2022\/08\/2021_LenguayLiteratura_didactica_general_1E1Y2_Molina_Sabrina.pdf\" data-type=\"URL\" data-id=\"https:\/\/isfd88-bue.infd.edu.ar\/sitio\/wp-content\/uploads\/2022\/08\/2021_LenguayLiteratura_didactica_general_1E1Y2_Molina_Sabrina.pdf\" target=\"_blank\" rel=\"noreferrer noopener\">Did\u00e1ctica general<\/a><\/td><td>Sabrina Molina<\/td><\/tr><tr><td>1\u00b0 E1<\/td><td><a href=\"https:\/\/isfd88-bue.infd.edu.ar\/sitio\/wp-content\/uploads\/2022\/07\/PROGRAMA_TALLER-DE-LEO_2022.pdf\">Taller Lectura y Escritura<\/a><\/td><td>Camila Velardez<\/td><\/tr><tr><td>1\u00b0 E2<\/td><td><a href=\"https:\/\/isfd88-bue.infd.edu.ar\/sitio\/wp-content\/uploads\/2022\/08\/Programa-Mascitti-taller-leo-1o-E-2-2021.docx.pdf\" data-type=\"URL\" data-id=\"https:\/\/isfd88-bue.infd.edu.ar\/sitio\/wp-content\/uploads\/2022\/08\/Programa-Mascitti-taller-leo-1o-E-2-2021.docx.pdf\" target=\"_blank\" rel=\"noreferrer noopener\">Taller Lectura y Escritura<\/a><\/td><td>Guillermo Mascitti<\/td><\/tr><tr><td>1\u00b0 E1\/1\u00b0 E2<\/td><td><a href=\"https:\/\/isfd88-bue.infd.edu.ar\/sitio\/wp-content\/uploads\/2022\/08\/Programa-Historia-Social-I-2021.pdf\" data-type=\"URL\" data-id=\"https:\/\/isfd88-bue.infd.edu.ar\/sitio\/wp-content\/uploads\/2022\/08\/Programa-Historia-Social-I-2021.pdf\" target=\"_blank\" rel=\"noreferrer noopener\">Historia Social y Cultural de la literatura<\/a><\/td><td>Ana Paula Marangoni<\/td><\/tr><tr><td>1\u00b0 E1<\/td><td><a href=\"https:\/\/isfd88-bue.infd.edu.ar\/sitio\/wp-content\/uploads\/2022\/08\/Programa-de-Teoria-Literaria-I-2021.pdf\" data-type=\"URL\" data-id=\"https:\/\/isfd88-bue.infd.edu.ar\/sitio\/wp-content\/uploads\/2022\/08\/Programa-de-Teoria-Literaria-I-2021.pdf\" target=\"_blank\" rel=\"noreferrer noopener\">Teor\u00eda Literaria<\/a><\/td><td>Marcela Caraballo<\/td><\/tr><tr><td>1\u00b0 E2<\/td><td><a href=\"https:\/\/isfd88-bue.infd.edu.ar\/sitio\/wp-content\/uploads\/2022\/08\/PLANIFICACION-TEO-1-E-2.pdf\" data-type=\"URL\" data-id=\"https:\/\/isfd88-bue.infd.edu.ar\/sitio\/wp-content\/uploads\/2022\/08\/PLANIFICACION-TEO-1-E-2.pdf\" target=\"_blank\" rel=\"noreferrer noopener\">Teor\u00eda Literaria<\/a><\/td><td>Yolanda Aguero<\/td><\/tr><tr><td>1\u00b0 E1\/1\u00b0 E 2<\/td><td><a href=\"https:\/\/isfd88-bue.infd.edu.ar\/sitio\/wp-content\/uploads\/2022\/08\/PROGRAMA-LINGUI-Y-GRAMA-2021.pdf\" data-type=\"URL\" data-id=\"https:\/\/isfd88-bue.infd.edu.ar\/sitio\/wp-content\/uploads\/2022\/08\/PROGRAMA-LINGUI-Y-GRAMA-2021.pdf\" target=\"_blank\" rel=\"noreferrer noopener\">Ling\u00fc\u00edstica y Gram\u00e1tica<\/a><\/td><td>Bel\u00e9n Ben\u00edtez\/Aguero<\/td><\/tr><tr><td>1\u00b0 E 1\/&nbsp;1\u00b0 E 2<\/td><td><a href=\"https:\/\/isfd88-bue.infd.edu.ar\/sitio\/wp-content\/uploads\/2022\/08\/2021-ISFD-88-Profesorado-de-Lengua-y-Literatura-Problematicas-Socioinstitucionales-1E1-y-1E2-Soubie.pdf\" data-type=\"URL\" data-id=\"https:\/\/isfd88-bue.infd.edu.ar\/sitio\/wp-content\/uploads\/2022\/08\/2021-ISFD-88-Profesorado-de-Lengua-y-Literatura-Problematicas-Socioinstitucionales-1E1-y-1E2-Soubie.pdf\" target=\"_blank\" rel=\"noreferrer noopener\">Problem\u00e1ticas socio-institucionales&nbsp;<\/a><\/td><td>Marcelo Soubi\u00e9<\/td><\/tr><tr><td>1\u00b0 E1\/ 1\u00b0 E2<\/td><td><a href=\"https:\/\/isfd88-bue.infd.edu.ar\/sitio\/wp-content\/uploads\/2022\/08\/Programa-Mascitti-Historia-de-la-lengua-2021.pdf\" data-type=\"URL\" data-id=\"https:\/\/isfd88-bue.infd.edu.ar\/sitio\/wp-content\/uploads\/2022\/08\/Programa-Mascitti-Historia-de-la-lengua-2021.pdf\" target=\"_blank\" rel=\"noreferrer noopener\">Historia de la lengua espa\u00f1ola<\/a><\/td><td>Guillermo Mascitti<\/td><\/tr><tr><td>1\u00b0 E2<\/td><td><a href=\"https:\/\/isfd88-bue.infd.edu.ar\/sitio\/wp-content\/uploads\/2022\/08\/PROGRAMA-Pedagogia-2021.pdf\" data-type=\"URL\" data-id=\"https:\/\/isfd88-bue.infd.edu.ar\/sitio\/wp-content\/uploads\/2022\/08\/PROGRAMA-Pedagogia-2021.pdf\" target=\"_blank\" rel=\"noreferrer noopener\">Pedagog\u00eda<\/a><\/td><td>Sandra Pallota<\/td><\/tr><tr><td>1\u00b0 E1<\/td><td><a href=\"https:\/\/isfd88-bue.infd.edu.ar\/sitio\/wp-content\/uploads\/2022\/08\/2021_Pedagogia-lengua.pdf\" data-type=\"URL\" data-id=\"https:\/\/isfd88-bue.infd.edu.ar\/sitio\/wp-content\/uploads\/2022\/08\/2021_Pedagogia-lengua.pdf\" target=\"_blank\" rel=\"noreferrer noopener\">Pedagog\u00eda<\/a><\/td><td>L\u00eda Peredo<\/td><\/tr><tr><td>1\u00b0E 1\/1\u00b0 E2<\/td><td><a href=\"https:\/\/isfd88-bue.infd.edu.ar\/sitio\/wp-content\/uploads\/2022\/08\/CFPPI_Molina_Cruz2021.pdf\" data-type=\"URL\" data-id=\"https:\/\/isfd88-bue.infd.edu.ar\/sitio\/wp-content\/uploads\/2022\/08\/CFPPI_Molina_Cruz2021.pdf\" target=\"_blank\" rel=\"noreferrer noopener\">CFPP1: El trabajo docente: complejidades y entramados<\/a><\/td><td>Sabrina Molina\/ Cruz<\/td><\/tr><\/tbody><\/table><\/figure>\n\n\n\n<h1 class=\"wp-block-heading\"><strong>2\u00b0 A\u00d1O<\/strong><\/h1>\n\n\n\n<figure class=\"wp-block-table\"><table><tbody><tr><td>Curso<\/td><td>Materia<\/td><td>Docente<\/td><\/tr><tr><td>2\u00b0 E<\/td><td><a href=\"https:\/\/isfd88-bue.infd.edu.ar\/sitio\/wp-content\/uploads\/2022\/08\/2021-Profesorado-de-Lengua-y-Literatura-Historia-y-Politica-de-la-Educacion-Argentina-Profesor-Unrein.pdf\" data-type=\"URL\" data-id=\"https:\/\/isfd88-bue.infd.edu.ar\/sitio\/wp-content\/uploads\/2022\/08\/2021-Profesorado-de-Lengua-y-Literatura-Historia-y-Politica-de-la-Educacion-Argentina-Profesor-Unrein.pdf\" target=\"_blank\" rel=\"noreferrer noopener\">Historia y Pol\u00edtica argentina<\/a><\/td><td>Ricardo Unrein<\/td><\/tr><tr><td>2\u00b0 E<\/td><td><a href=\"https:\/\/isfd88-bue.infd.edu.ar\/sitio\/wp-content\/uploads\/2022\/07\/Programa-Ensenar-con-Tecnologias-profesorado-en-lengua-y-literatura2022.pdf\">Ense\u00f1ar con tecnolog\u00edas<\/a><\/td><td>Victoria Barreiro (Elizabeth Vega)<\/td><\/tr><tr><td>2\u00b0 E<\/td><td><a rel=\"noreferrer noopener\" href=\"https:\/\/isfd88-bue.infd.edu.ar\/sitio\/wp-content\/uploads\/2022\/07\/Programa_Perspectiva-acerca-de-los-sujetos_2022.pdf\" target=\"_blank\">Perspectiva acerca de los suj<\/a><a href=\"https:\/\/isfd88-bue.infd.edu.ar\/sitio\/wp-content\/uploads\/2022\/08\/Programa-Persp-acerca-de-los-S.-de-la-educacion-2\u00b0_Medini.pdf\" data-type=\"URL\" data-id=\"https:\/\/isfd88-bue.infd.edu.ar\/sitio\/wp-content\/uploads\/2022\/08\/Programa-Persp-acerca-de-los-S.-de-la-educacion-2\u00b0_Medini.pdf\" target=\"_blank\" rel=\"noreferrer noopener\">etos de la educaci\u00f3n.&nbsp;Tramo 1&nbsp;\u2013&nbsp;Tramo 2<\/a><\/td><td>Jesica Medini<\/td><\/tr><tr><td>2\u00b0 E<\/td><td><a href=\"https:\/\/isfd88-bue.infd.edu.ar\/sitio\/wp-content\/uploads\/2022\/08\/Programa-Mascitti-Teoria-Literaria-II-2021.pdf\" data-type=\"URL\" data-id=\"https:\/\/isfd88-bue.infd.edu.ar\/sitio\/wp-content\/uploads\/2022\/08\/Programa-Mascitti-Teoria-Literaria-II-2021.pdf\" target=\"_blank\" rel=\"noreferrer noopener\">Teor\u00eda Literaria 2<\/a><\/td><td>Guillermo Mascitti<\/td><\/tr><tr><td>2\u00b0 E<\/td><td><a href=\"https:\/\/isfd88-bue.infd.edu.ar\/sitio\/wp-content\/uploads\/2022\/08\/PLANIFICACIO-SEMIOTICA-1.pdf\" data-type=\"URL\" data-id=\"https:\/\/isfd88-bue.infd.edu.ar\/sitio\/wp-content\/uploads\/2022\/08\/PLANIFICACIO-SEMIOTICA-1.pdf\">Semi\u00f3tica<\/a><\/td><td>Yolanda Ag\u00fcero<\/td><\/tr><tr><td>2\u00b0 E<\/td><td><a href=\"https:\/\/isfd88-bue.infd.edu.ar\/sitio\/wp-content\/uploads\/2022\/08\/2021_-HISTORIA-SOCIAL-II_2oE_Ruiz-Diaz.pdf\" data-type=\"URL\" data-id=\"https:\/\/isfd88-bue.infd.edu.ar\/sitio\/wp-content\/uploads\/2022\/08\/2021_-HISTORIA-SOCIAL-II_2oE_Ruiz-Diaz.pdf\" target=\"_blank\" rel=\"noreferrer noopener\">Historia social y cultural de la literatura 2<\/a><\/td><td>Silvana Ruiz D\u00edaz<\/td><\/tr><tr><td>2\u00b0 E<\/td><td><a href=\"https:\/\/isfd88-bue.infd.edu.ar\/sitio\/wp-content\/uploads\/2022\/08\/Programa_de_Didactica_de_la_Lengua_y_la_Literatura_2021.pdf\" data-type=\"URL\" data-id=\"https:\/\/isfd88-bue.infd.edu.ar\/sitio\/wp-content\/uploads\/2022\/08\/Programa_de_Didactica_de_la_Lengua_y_la_Literatura_2021.pdf\" target=\"_blank\" rel=\"noreferrer noopener\">Did\u00e1ctica de la lengua y la literatura&nbsp; 1<\/a><\/td><td>Marcela Caraballo<\/td><\/tr><tr><td>2\u00b0 E<\/td><td><a rel=\"noreferrer noopener\" href=\"https:\/\/isfd88-bue.infd.edu.ar\/sitio\/wp-content\/uploads\/2022\/08\/PROGRAMA-DE-SEMINARIO-DE-ALF.y-LIT-88.pdf\" target=\"_blank\">Taller de <\/a><a href=\"https:\/\/isfd88-bue.infd.edu.ar\/sitio\/wp-content\/uploads\/2022\/08\/PROGRAMA-DE-SEMINARIO-DE-ALF.y-LIT-88.pdf\">alfabetizaci\u00f3n <\/a><a rel=\"noreferrer noopener\" href=\"https:\/\/isfd88-bue.infd.edu.ar\/sitio\/wp-content\/uploads\/2022\/08\/PROGRAMA-DE-SEMINARIO-DE-ALF.y-LIT-88.pdf\" target=\"_blank\">literaria y literatura infanto-juvenil<\/a><\/td><td>Diana Kovach<\/td><\/tr><tr><td>2\u00b0 E<\/td><td><a href=\"https:\/\/isfd88-bue.infd.edu.ar\/sitio\/wp-content\/uploads\/2022\/08\/PLANIFICACION-LINGUISTICA-2\u00b0.pdf\" data-type=\"URL\" data-id=\"https:\/\/isfd88-bue.infd.edu.ar\/sitio\/wp-content\/uploads\/2022\/08\/PLANIFICACION-LINGUISTICA-2\u00b0.pdf\" target=\"_blank\" rel=\"noreferrer noopener\">Ling\u00fc\u00edstica y Gram\u00e1tica 2<\/a><\/td><td>Yolanda Ag\u00fcero\/Melany Toranzo<\/td><\/tr><tr><td>2\u00b0 E<\/td><td><a href=\"https:\/\/isfd88-bue.infd.edu.ar\/sitio\/wp-content\/uploads\/2022\/08\/2021_-CFPP-II_2o_Ruiz-Diaz.pdf\" data-type=\"URL\" data-id=\"https:\/\/isfd88-bue.infd.edu.ar\/sitio\/wp-content\/uploads\/2022\/08\/2021_-CFPP-II_2o_Ruiz-Diaz.pdf\" target=\"_blank\" rel=\"noreferrer noopener\">CFPP 2: La construcci\u00f3n del trabajo docente en la escuela secundaria<\/a><\/td><td>Silvana Ruiz D\u00edaz<\/td><\/tr><\/tbody><\/table><\/figure>\n\n\n\n<h1 class=\"wp-block-heading\"><strong>3\u00b0 A\u00d1O<\/strong><\/h1>\n\n\n\n<figure class=\"wp-block-table\"><table><tbody><tr><td>Curso<\/td><td>Materia<\/td><td>Docente<\/td><\/tr><tr><td>3\u00b0 E<\/td><td><a href=\"https:\/\/isfd88-bue.infd.edu.ar\/sitio\/wp-content\/uploads\/2022\/09\/Educacion-para-la-Diversidad-_-Programa-2021-_-ISFD-88-1.pdf\" data-type=\"URL\" data-id=\"https:\/\/isfd88-bue.infd.edu.ar\/sitio\/wp-content\/uploads\/2022\/09\/Educacion-para-la-Diversidad-_-Programa-2021-_-ISFD-88-1.pdf\">Educaci\u00f3n para la diversidad<\/a><\/td><td>Marina Acosta<\/td><\/tr><tr><td>3\u00b0 E<\/td><td><a href=\"https:\/\/isfd88-bue.infd.edu.ar\/sitio\/wp-content\/uploads\/2022\/08\/Programa-FILOSOFIA-Y-EDUCACION-2020-y-2021-Lengua.pdf\" data-type=\"URL\" data-id=\"https:\/\/isfd88-bue.infd.edu.ar\/sitio\/wp-content\/uploads\/2022\/08\/Programa-FILOSOFIA-Y-EDUCACION-2020-y-2021-Lengua.pdf\" target=\"_blank\" rel=\"noreferrer noopener\">Filosof\u00eda y Educaci\u00f3n<\/a><\/td><td>Silvina Bruno<\/td><\/tr><tr><td>3\u00b0 E<\/td><td><a href=\"https:\/\/isfd88-bue.infd.edu.ar\/sitio\/wp-content\/uploads\/2022\/08\/Programa-Evaluacion-de-los-ap.-Fondovila.pdf\" data-type=\"URL\" data-id=\"https:\/\/isfd88-bue.infd.edu.ar\/sitio\/wp-content\/uploads\/2022\/08\/Programa-Evaluacion-de-los-ap.-Fondovila.pdf\" target=\"_blank\" rel=\"noreferrer noopener\">Evaluaci\u00f3n de los aprendizajes<\/a><\/td><td>Andr\u00e9s Fondovila<\/td><\/tr><tr><td>3\u00b0 E<\/td><td><a href=\"https:\/\/isfd88-bue.infd.edu.ar\/sitio\/wp-content\/uploads\/2022\/08\/Programa-INGLES-Nivel-1.Pierella.pdf\" data-type=\"URL\" data-id=\"https:\/\/isfd88-bue.infd.edu.ar\/sitio\/wp-content\/uploads\/2022\/08\/Programa-INGLES-Nivel-1.Pierella.pdf\" target=\"_blank\" rel=\"noreferrer noopener\">EDI: Ingl\u00e9s<\/a><\/td><td>Maricel Pierella<\/td><\/tr><tr><td>3\u00b0 E<\/td><td><a href=\"https:\/\/isfd88-bue.infd.edu.ar\/sitio\/wp-content\/uploads\/2022\/08\/2021_LENGUA_Oratoria_3E_Vega.pdf\" data-type=\"URL\" data-id=\"https:\/\/isfd88-bue.infd.edu.ar\/sitio\/wp-content\/uploads\/2022\/08\/2021_LENGUA_Oratoria_3E_Vega.pdf\" target=\"_blank\" rel=\"noreferrer noopener\">EDI: Oratoria y ret\u00f3rica<\/a><\/td><td>Elizabeth Vega<\/td><\/tr><tr><td>3\u00b0 E<\/td><td><a href=\"https:\/\/isfd88-bue.infd.edu.ar\/sitio\/wp-content\/uploads\/2022\/08\/TEORIA-LITERARIA-III.pdf\" data-type=\"URL\" data-id=\"https:\/\/isfd88-bue.infd.edu.ar\/sitio\/wp-content\/uploads\/2022\/08\/TEORIA-LITERARIA-III.pdf\" target=\"_blank\" rel=\"noreferrer noopener\">Teor\u00eda Literaria III<\/a><\/td><td>Yolanda Aguero<\/td><\/tr><tr><td>3\u00b0 E<\/td><td><a href=\"https:\/\/isfd88-bue.infd.edu.ar\/sitio\/wp-content\/uploads\/2022\/08\/Programa-Psicoling-Mascitti-2021-88.pdf\" data-type=\"URL\" data-id=\"https:\/\/isfd88-bue.infd.edu.ar\/sitio\/wp-content\/uploads\/2022\/08\/Programa-Psicoling-Mascitti-2021-88.pdf\" target=\"_blank\" rel=\"noreferrer noopener\">Psicoling\u00fc\u00edstica<\/a><\/td><td>Guillermo Mascitti<\/td><\/tr><tr><td>3\u00b0 E<\/td><td><a href=\"https:\/\/isfd88-bue.infd.edu.ar\/sitio\/wp-content\/uploads\/2022\/08\/Programa-de-Didactica-de-la-lengua-y-literatura-II-2021.pdf\" data-type=\"URL\" data-id=\"https:\/\/isfd88-bue.infd.edu.ar\/sitio\/wp-content\/uploads\/2022\/08\/Programa-de-Didactica-de-la-lengua-y-literatura-II-2021.pdf\" target=\"_blank\" rel=\"noreferrer noopener\">Did\u00e1ctica de la lengua y la literatura II<\/a><\/td><td>Marcela Caraballo<\/td><\/tr><tr><td>3\u00b0 E<\/td><td><a href=\"https:\/\/isfd88-bue.infd.edu.ar\/sitio\/wp-content\/uploads\/2022\/08\/PROGRAMA-ANO-ACADEMICO-2021-ADAPTACION-CURRICULAR-CRONOGRAMA-CONTENIDOS-PRIORITARIOS.pdf\" data-type=\"URL\" data-id=\"https:\/\/isfd88-bue.infd.edu.ar\/sitio\/wp-content\/uploads\/2022\/08\/PROGRAMA-ANO-ACADEMICO-2021-ADAPTACION-CURRICULAR-CRONOGRAMA-CONTENIDOS-PRIORITARIOS.pdf\" target=\"_blank\" rel=\"noreferrer noopener\">Literatura Espa\u00f1ola y Literatura Latinoamericana<\/a><\/td><td>Ricardo Bertinetti<\/td><\/tr><tr><td>3\u00b0 E<\/td><td><a href=\"https:\/\/isfd88-bue.infd.edu.ar\/sitio\/wp-content\/uploads\/2022\/08\/2021_LENGUA_Gramatica_3E_Vega.pdf\" data-type=\"URL\" data-id=\"https:\/\/isfd88-bue.infd.edu.ar\/sitio\/wp-content\/uploads\/2022\/08\/2021_LENGUA_Gramatica_3E_Vega.pdf\" target=\"_blank\" rel=\"noreferrer noopener\">Ling\u00fc\u00edstica y Gram\u00e1tica III<\/a><\/td><td>Elizabeth Vega<\/td><\/tr><tr><td>3\u00b0 E<\/td><td><a href=\"https:\/\/isfd88-bue.infd.edu.ar\/sitio\/wp-content\/uploads\/2022\/08\/2021_-CFPP-III_3oE_Benitez-Macitti-Ruiz-Diaz.pdf\" data-type=\"URL\" data-id=\"https:\/\/isfd88-bue.infd.edu.ar\/sitio\/wp-content\/uploads\/2022\/08\/2021_-CFPP-III_3oE_Benitez-Macitti-Ruiz-Diaz.pdf\" target=\"_blank\" rel=\"noreferrer noopener\">CFPP III. La Construcci\u00f3n de la Tarea Docente espec\u00edfica en la Ense\u00f1anza en el Nivel<\/a><\/td><td>Ruiz D\u00edaz\/Guillermo Mascitti\/Ben\u00edtez<\/td><\/tr><\/tbody><\/table><\/figure>\n\n\n\n<h1 class=\"wp-block-heading\"><strong>4\u00b0 A\u00d1<\/strong>O<\/h1>\n\n\n\n<figure class=\"wp-block-table\"><table><tbody><tr><td>Curso<\/td><td>Materia<\/td><td>Docente<\/td><\/tr><tr><td>4\u00b0 E<\/td><td><a href=\"https:\/\/isfd88-bue.infd.edu.ar\/sitio\/wp-content\/uploads\/2022\/08\/Nivel_2_de_Ingles_Taller_optativo_Programa_2021.pdf\" data-type=\"URL\" data-id=\"https:\/\/isfd88-bue.infd.edu.ar\/sitio\/wp-content\/uploads\/2022\/08\/Nivel_2_de_Ingles_Taller_optativo_Programa_2021.pdf\" target=\"_blank\" rel=\"noreferrer noopener\">Opcional: Ingl\u00e9s II<\/a><\/td><td>Melisa Milla<\/td><\/tr><tr><td>4\u00b0 E<\/td><td><a rel=\"noreferrer noopener\" href=\"https:\/\/isfd88-bue.infd.edu.ar\/sitio\/wp-content\/uploads\/2022\/08\/2021_LENGUA_Gramatica_4E_Vega.pdf\" target=\"_blank\" data-type=\"URL\" data-id=\"https:\/\/isfd88-bue.infd.edu.ar\/sitio\/wp-content\/uploads\/2022\/08\/2021_LENGUA_Gramatica_4E_Vega.pdf\">Ling\u00fc\u00edstica&nbsp; y Gram\u00e1tica <\/a>IV<\/td><td>Elizabeth Vega<\/td><\/tr><tr><td>4\u00b0 E<\/td><td><a href=\"https:\/\/isfd88-bue.infd.edu.ar\/sitio\/wp-content\/uploads\/2022\/08\/PLANIFICACION-SOCIOLINGUISTICA.pdf\" data-type=\"URL\" data-id=\"https:\/\/isfd88-bue.infd.edu.ar\/sitio\/wp-content\/uploads\/2022\/08\/PLANIFICACION-SOCIOLINGUISTICA.pdf\">Socioling\u00fc\u00edstica<\/a><\/td><td>Yolanda Ag\u00fcero<\/td><\/tr><tr><td>4\u00b0 E<\/td><td><a href=\"https:\/\/isfd88-bue.infd.edu.ar\/sitio\/wp-content\/uploads\/2022\/08\/2021-LENGUA-Literatura-Argentina-LEIVA.pdf\" data-type=\"URL\" data-id=\"https:\/\/isfd88-bue.infd.edu.ar\/sitio\/wp-content\/uploads\/2022\/08\/2021-LENGUA-Literatura-Argentina-LEIVA.pdf\">Literatura Argentina<\/a><\/td><td>Liliana Leiva<\/td><\/tr><tr><td>4\u00b0 E<\/td><td><a href=\"https:\/\/isfd88-bue.infd.edu.ar\/sitio\/wp-content\/uploads\/2022\/08\/Analisis-e-intervencion-Fondovila.pdf\" data-type=\"URL\" data-id=\"https:\/\/isfd88-bue.infd.edu.ar\/sitio\/wp-content\/uploads\/2022\/08\/Analisis-e-intervencion-Fondovila.pdf\" target=\"_blank\" rel=\"noreferrer noopener\">An\u00e1lisis e intervenci\u00f3n en situacio<\/a><a href=\"https:\/\/isfd88-bue.infd.edu.ar\/sitio\/wp-content\/uploads\/2022\/08\/Analisis-e-intervencion-Fondovila.pdf\" data-type=\"URL\" data-id=\"https:\/\/isfd88-bue.infd.edu.ar\/sitio\/wp-content\/uploads\/2022\/08\/Analisis-e-intervencion-Fondovila.pdf\">nes de convivencia escolar<\/a><\/td><td>Andr\u00e9s Fondovila<\/td><\/tr><tr><td>4\u00b0 E<\/td><td><a href=\"https:\/\/isfd88-bue.infd.edu.ar\/sitio\/wp-content\/uploads\/2022\/08\/PROGRAMA-2021-Prof.-Nardelli-Leiza-Didactica-III.pdf\" data-type=\"URL\" data-id=\"https:\/\/isfd88-bue.infd.edu.ar\/sitio\/wp-content\/uploads\/2022\/08\/PROGRAMA-2021-Prof.-Nardelli-Leiza-Didactica-III.pdf\" target=\"_blank\" rel=\"noreferrer noopener\">Did\u00e1ctica de la lengua III<\/a><\/td><td>Leiza Nardelli<\/td><\/tr><tr><td>4\u00b0 E<\/td><td><a href=\"https:\/\/isfd88-bue.infd.edu.ar\/sitio\/wp-content\/uploads\/2022\/07\/SEMINARIO-Programa-2022_LeizaNardelli.pdf\" target=\"_blank\" rel=\"noreferrer noopener\">Seminario: Literatura y otros<br>Lenguajes art\u00edsticos<\/a><\/td><td>Leiza Nardelli<\/td><\/tr><tr><td>4\u00b0 E<\/td><td><a href=\"https:\/\/isfd88-bue.infd.edu.ar\/sitio\/programas-2022_lengua\/Literatura%20y%20Ciencia\" target=\"_blank\" rel=\"noreferrer noopener\">Edi: Literatura y Ciencia<\/a><\/td><td>&nbsp;Julieta Ventura<\/td><\/tr><tr><td>4\u00b0 E<\/td><td><a href=\"https:\/\/isfd88-bue.infd.edu.ar\/sitio\/wp-content\/uploads\/2022\/09\/Programa-CFPP-IV-Mascitti-2021.pdf\" data-type=\"URL\" data-id=\"https:\/\/isfd88-bue.infd.edu.ar\/sitio\/wp-content\/uploads\/2022\/09\/Programa-CFPP-IV-Mascitti-2021.pdf\">Espacio de la Pr\u00e1ctica IV<\/a><\/td><td>Guillermo Mascitti<\/td><\/tr><tr><td>4\u00b0 E<\/td><td><a href=\"https:\/\/isfd88-bue.infd.edu.ar\/sitio\/wp-content\/uploads\/2022\/09\/Programa-de-tutoria-2021.pdf\" data-type=\"URL\" data-id=\"https:\/\/isfd88-bue.infd.edu.ar\/sitio\/wp-content\/uploads\/2022\/09\/Programa-de-tutoria-2021.pdf\" target=\"_blank\" rel=\"noreferrer noopener\">Opcional: Tutor\u00edas y Orientaci\u00f3n Escolar<\/a><\/td><td>Viggiano<\/td><\/tr><\/tbody><\/table><\/figure>\n\n\n\n<figure class=\"wp-block-image\"><a href=\"https:\/\/www.argentina.gob.ar\/educacion\/\" target=\"_blank\" rel=\"noreferrer noopener\"><img decoding=\"async\" src=\"https:\/\/isfd88-bue.infd.edu.ar\/sitio\/wp-content\/plugins\/edupress-escuela\/public\/skins\/redinfod\/img\/logo_ministerio.png\" alt=\"\"\/><\/a><\/figure>\n\n\n\n<figure class=\"wp-block-image\"><a href=\"https:\/\/www.argentina.gob.ar\/educacion\/infod\/\" target=\"_blank\" rel=\"noreferrer noopener\"><img decoding=\"async\" src=\"https:\/\/isfd88-bue.infd.edu.ar\/sitio\/wp-content\/plugins\/edupress-escuela\/public\/skins\/redinfod\/img\/logo_infod.png\" alt=\"\"\/><\/a><\/figure>\n","protected":false},"excerpt":{"rendered":"<p>Espacio en construcci\u00f3n 1\u00b0 A\u00d1O Curso Materia Docente 1\u00b0 E1\/1\u00b0 E2 Did\u00e1ctica general Sabrina Molina 1\u00b0 E1 Taller Lectura y Escritura Camila Velardez 1\u00b0 E2 Taller Lectura y Escritura Guillermo Mascitti 1\u00b0 E1\/1\u00b0 E2 Historia Social y Cultural de la literatura Ana Paula Marangoni 1\u00b0 E1 Teor\u00eda Literaria Marcela Caraballo 1\u00b0 E2 Teor\u00eda Literaria Yolanda &#8230; <a title=\"PROGRAMAS 2021_ Lengua y Literatura\" class=\"read-more\" href=\"https:\/\/isfd88-bue.infd.edu.ar\/sitio\/programas-2021_-lengua-y-literatura\/\" aria-label=\"More on PROGRAMAS 2021_ Lengua y Literatura\">[+]<\/a><\/p>\n","protected":false},"author":2544,"featured_media":0,"parent":0,"menu_order":0,"comment_status":"closed","ping_status":"closed","template":"","meta":[],"acf":[],"_links":{"self":[{"href":"https:\/\/isfd88-bue.infd.edu.ar\/sitio\/wp-json\/wp\/v2\/pages\/3763"}],"collection":[{"href":"https:\/\/isfd88-bue.infd.edu.ar\/sitio\/wp-json\/wp\/v2\/pages"}],"about":[{"href":"https:\/\/isfd88-bue.infd.edu.ar\/sitio\/wp-json\/wp\/v2\/types\/page"}],"author":[{"embeddable":true,"href":"https:\/\/isfd88-bue.infd.edu.ar\/sitio\/wp-json\/wp\/v2\/users\/2544"}],"replies":[{"embeddable":true,"href":"https:\/\/isfd88-bue.infd.edu.ar\/sitio\/wp-json\/wp\/v2\/comments?post=3763"}],"version-history":[{"count":52,"href":"https:\/\/isfd88-bue.infd.edu.ar\/sitio\/wp-json\/wp\/v2\/pages\/3763\/revisions"}],"predecessor-version":[{"id":4922,"href":"https:\/\/isfd88-bue.infd.edu.ar\/sitio\/wp-json\/wp\/v2\/pages\/3763\/revisions\/4922"}],"wp:attachment":[{"href":"https:\/\/isfd88-bue.infd.edu.ar\/sitio\/wp-json\/wp\/v2\/media?parent=3763"}],"curies":[{"name":"wp","href":"https:\/\/api.w.org\/{rel}","templated":true}]}}