{"id":3770,"date":"2021-04-28T18:45:22","date_gmt":"2021-04-28T21:45:22","guid":{"rendered":"https:\/\/isfd88-bue.infd.edu.ar\/sitio\/?page_id=3770"},"modified":"2022-05-31T15:02:51","modified_gmt":"2022-05-31T18:02:51","slug":"programas-2021_ed-primaria","status":"publish","type":"page","link":"https:\/\/isfd88-bue.infd.edu.ar\/sitio\/programas-2021_ed-primaria\/","title":{"rendered":"PROGRAMAS 2021_Ed Primaria"},"content":{"rendered":"<table style=\"height: 891px;\" width=\"1237\">\n<tbody>\n<tr>\n<td><b>Curso<\/b><\/td>\n<td><b>Materia<\/b><\/td>\n<td><b>Docente<\/b><\/td>\n<\/tr>\n<tr>\n<td><span style=\"font-weight: 400;\">1\u00b0 C<\/span><\/td>\n<td style=\"text-align: center;\">\n<p style=\"text-align: left;\"><a href=\"https:\/\/isfd88-bue.infd.edu.ar\/sitio\/wp-content\/uploads\/2021\/06\/2021_PEPrimaria_TallerLEO_1C_Vega.pdf\"><span style=\"font-weight: 400;\">Taller de lectura, escritura y oralidad<\/span><\/a><span style=\"font-weight: 400;\">.<\/span><\/p>\n<\/td>\n<td style=\"text-align: center;\">\n<p style=\"text-align: left;\"><span style=\"font-weight: 400;\">Elizabeth Vega<\/span><\/p>\n<\/td>\n<\/tr>\n<tr>\n<td><span style=\"font-weight: 400;\">1\u00b0 C<\/span><\/td>\n<td><a href=\"https:\/\/isfd88-bue.infd.edu.ar\/sitio\/wp-content\/uploads\/2021\/06\/PROGRAMA_2021_TPLM_1ro-C.pdf\"><span style=\"font-weight: 400;\">Taller de pensamiento l\u00f3gico-matem\u00e1tico<\/span><\/a><\/td>\n<td><span style=\"font-weight: 400;\">Tatiana Benitez<\/span><\/td>\n<\/tr>\n<tr>\n<td><span style=\"font-weight: 400;\">1\u00b0 C&nbsp;<\/span><\/td>\n<td><a href=\"https:\/\/isfd88-bue.infd.edu.ar\/sitio\/wp-content\/uploads\/2021\/06\/Programa-Narraci\u00f3n-Oral-y-Teatro-2021.pdf\"><span style=\"font-weight: 400;\">TFO: Teatro<\/span><\/a><\/td>\n<td><span style=\"font-weight: 400;\">Eduardo Caballero<\/span><\/td>\n<\/tr>\n<tr>\n<td><span style=\"font-weight: 400;\">1\u00b0 C&nbsp;<\/span><\/td>\n<td><a href=\"https:\/\/isfd88-bue.infd.edu.ar\/sitio\/wp-content\/uploads\/2021\/06\/Programa-Narraci\u00f3n-Oral-y-Teatro-2021-1.pdf\"><span style=\"font-weight: 400;\">TFO<\/span><span style=\"font-weight: 400;\">: Narraci\u00f3n Oral<\/span><\/a><\/td>\n<td><span style=\"font-weight: 400;\">Cecilia Paz<\/span><\/td>\n<\/tr>\n<tr>\n<td><span style=\"font-weight: 400;\">1\u00b0 C<\/span><\/td>\n<td><a href=\"https:\/\/isfd88-bue.infd.edu.ar\/sitio\/wp-content\/uploads\/2021\/06\/2021_PRIMARIA_PSICOLOGIA-DEL-DESARROLLO-Y-DEL-APRENDIZAJE-1_1C_PAIVA.pdf\"><span style=\"font-weight: 400;\">Psicolog\u00eda del desarrollo y aprendizaje I<\/span><\/a><\/td>\n<td><span style=\"font-weight: 400;\">Daniela Paiva<\/span><\/td>\n<\/tr>\n<tr>\n<td><span style=\"font-weight: 400;\">1\u00b0 C<\/span><\/td>\n<td><a href=\"https:\/\/isfd88-bue.infd.edu.ar\/sitio\/wp-content\/uploads\/2021\/06\/PROGRAMA-2021-ARTE-Y-EDUCACION.pdf\"><span style=\"font-weight: 400;\">Arte y Educaci\u00f3n<\/span><\/a><\/td>\n<td><span style=\"font-weight: 400;\">Graciela Favot<\/span><\/td>\n<\/tr>\n<tr>\n<td><span style=\"font-weight: 400;\">1\u00b0 C&nbsp;<\/span><\/td>\n<td><a href=\"https:\/\/isfd88-bue.infd.edu.ar\/sitio\/wp-content\/uploads\/2021\/06\/88-programa-Corp-y-Motr-PRIM.pdf\"><span style=\"font-weight: 400;\">Corpore<\/span><\/a><a href=\"https:\/\/isfd88-bue.infd.edu.ar\/sitio\/wp-content\/uploads\/2021\/06\/88-programa-Corp-y-Motr-PRIM.pdf\"><span style=\"font-weight: 400;\">idad y motricidad<\/span><\/a><\/td>\n<td><span style=\"font-weight: 400;\">Fernando Marciello<\/span><\/td>\n<\/tr>\n<tr>\n<td><span style=\"font-weight: 400;\">1\u00b0 C<\/span><\/td>\n<td><a href=\"https:\/\/isfd88-bue.infd.edu.ar\/sitio\/wp-content\/uploads\/2021\/06\/Filosof\u00eca-1\u00aaC-Proyecto-2021.pdf\"><span style=\"font-weight: 400;\">Filosof\u00eda<\/span><\/a><\/td>\n<td><span style=\"font-weight: 400;\">Nora Mart\u00ednez<\/span><\/td>\n<\/tr>\n<tr>\n<td><span style=\"font-weight: 400;\">1\u00b0 C<\/span><\/td>\n<td><a href=\"https:\/\/isfd88-bue.infd.edu.ar\/sitio\/wp-content\/uploads\/2021\/06\/Planificaci\u00f3n-Did\u00e1ctica-General-1\u00ba-C-Primaria-88-2021.pdf\"><span style=\"font-weight: 400;\">Did\u00e1ctica General<\/span><\/a><\/td>\n<td><span style=\"font-weight: 400;\">Anal\u00eda Juiz<\/span><\/td>\n<\/tr>\n<tr>\n<td><span style=\"font-weight: 400;\">1\u00b0 C<\/span><\/td>\n<td><a href=\"https:\/\/isfd88-bue.infd.edu.ar\/sitio\/wp-content\/uploads\/2021\/06\/2021_Primaria_Pedagog\u00eda_PEREDO.pdf\"><span style=\"font-weight: 400;\">Pedagog<\/span><\/a><a href=\"https:\/\/isfd88-bue.infd.edu.ar\/sitio\/wp-content\/uploads\/2021\/06\/2021_Primaria_Pedagog\u00eda_PEREDO.pdf\"><span style=\"font-weight: 400;\">\u00eda<\/span><\/a><\/td>\n<td><span style=\"font-weight: 400;\">L\u00eda Peredo<\/span><\/td>\n<\/tr>\n<tr>\n<td><span style=\"font-weight: 400;\">1\u00b0 C&nbsp;<\/span><\/td>\n<td><a href=\"https:\/\/isfd88-bue.infd.edu.ar\/sitio\/wp-content\/uploads\/2021\/06\/ISFD-88-PROGRAMA-2021-AMUC.pdf\"><span style=\"font-weight: 400;\">An\u00e1lisis del mundo contempor\u00e1neo<\/span><\/a><\/td>\n<td><span style=\"font-weight: 400;\">Christian Avalos<\/span><\/td>\n<\/tr>\n<tr>\n<td><span style=\"font-weight: 400;\">1\u00b0 C<\/span><\/td>\n<td><a href=\"https:\/\/isfd88-bue.infd.edu.ar\/sitio\/wp-content\/uploads\/2021\/06\/CAMPO-DE-LA-PRACTICA-1-C-2021-.pdf\"><span style=\"font-weight: 400;\">Campo de la Pr\u00e1ctica 1<\/span><\/a><\/td>\n<td><span style=\"font-weight: 400;\">Claudia Viola- M\u00f3nica Patito<\/span><\/td>\n<\/tr>\n<tr>\n<td>\n<p style=\"text-align: left;\"><span style=\"font-weight: 400;\">1\u00b0 C&nbsp;<\/span><\/p>\n<\/td>\n<td><a href=\"https:\/\/isfd88-bue.infd.edu.ar\/sitio\/wp-content\/uploads\/2021\/06\/2021_PRIMARIA_TFO-EDUCACI\u00d3N-SEXUAL-INTEGRAL_1\u00b0C_ACOSTA-Marina.pdf\"><span style=\"font-weight: 400;\">TFO: ESI<\/span><\/a><\/td>\n<td><span style=\"font-weight: 400;\">Marina Acosta<\/span><\/td>\n<\/tr>\n<\/tbody>\n<\/table>\n<h2><\/h2>\n<h2>SEGUNDO A\u00d1O<\/h2>\n<table>\n<tbody>\n<tr>\n<td><b>Curso<\/b><\/td>\n<td><b>Materia<\/b><\/td>\n<td><b>Docente<\/b><\/td>\n<\/tr>\n<tr>\n<td><span style=\"font-weight: 400;\">2\u00b0 C<\/span><\/td>\n<td><a href=\"https:\/\/isfd88-bue.infd.edu.ar\/sitio\/wp-content\/uploads\/2021\/06\/PROGRAMA-PAIVA_PSICOLOGIA-2_2C.pdf\"><span style=\"font-weight: 400;\">Psicolog\u00eda del desarrollo y aprendizaje II<\/span><\/a><\/td>\n<td><span style=\"font-weight: 400;\">Daniela Paiva<\/span><\/td>\n<\/tr>\n<tr>\n<td><span style=\"font-weight: 400;\">2\u00b0 C&nbsp;<\/span><\/td>\n<td><a href=\"https:\/\/isfd88-bue.infd.edu.ar\/sitio\/wp-content\/uploads\/2021\/06\/Programa-2021-Psicolog\u00eda-social.pdf\"><span style=\"font-weight: 400;\">Psicolog\u00eda Social e Institucional<\/span><\/a><\/td>\n<td><span style=\"font-weight: 400;\">Alejandra Armentano<\/span><\/td>\n<\/tr>\n<tr>\n<td><span style=\"font-weight: 400;\">2\u00b0 C&nbsp;<\/span><\/td>\n<td><a href=\"https:\/\/isfd88-bue.infd.edu.ar\/sitio\/wp-content\/uploads\/2021\/06\/Propuesta-CCE-Primaria-2021-88.pdf\"><span style=\"font-weight: 400;\">Cultura, Comunicaci\u00f3n y Educaci\u00f3n.<\/span><\/a><\/td>\n<td><span style=\"font-weight: 400;\">Hilda Cinalli<\/span><\/td>\n<\/tr>\n<tr>\n<td><span style=\"font-weight: 400;\">2\u00b0 C<\/span><\/td>\n<td><a href=\"https:\/\/isfd88-bue.infd.edu.ar\/sitio\/wp-content\/uploads\/2021\/06\/2021_INICIAL_EDUCACION-ART\u00cdSTICA_2C_PEREZ-ALVAREZ.pd\"><span style=\"font-weight: 400;\">Educaci\u00f3n Art\u00edstica<\/span><\/a><\/td>\n<td><span style=\"font-weight: 400;\">Leandro Perez Alvarez<\/span><\/td>\n<\/tr>\n<tr>\n<td><span style=\"font-weight: 400;\">2\u00b0 C<\/span><\/td>\n<td><a href=\"https:\/\/isfd88-bue.infd.edu.ar\/sitio\/wp-content\/uploads\/2021\/06\/PROGRAMA-DE-DID\u00c1CTICA-DE-LAS-PR\u00c1CTICAS-DEL-LENGUAJE-2\u00b0C-ISFD-88-2021-1-1.pdf\"><span style=\"font-weight: 400;\">Did\u00e1ctica de Pr\u00e1cticas de lenguaje y la literatura I<\/span><\/a><\/td>\n<td><span style=\"font-weight: 400;\">Natalia Cavani<\/span><\/td>\n<\/tr>\n<tr>\n<td><span style=\"font-weight: 400;\">2\u00b0 C<\/span><\/td>\n<td><a href=\"https:\/\/isfd88-bue.infd.edu.ar\/sitio\/wp-content\/uploads\/2021\/06\/programa-Did\u00e1ctica-Cs.-Sociales-1-2021.pdf\"><span style=\"font-weight: 400;\">Did\u00e1ctica de las Ciencias Sociales.1<\/span><\/a><\/td>\n<td><span style=\"font-weight: 400;\">Muriel Gerace<\/span><\/td>\n<\/tr>\n<tr>\n<td><span style=\"font-weight: 400;\">2\u00b0 C<\/span><\/td>\n<td><a href=\"https:\/\/isfd88-bue.infd.edu.ar\/sitio\/wp-content\/uploads\/2021\/06\/2021-Primaria-Did\u00e1ct-C.-Naturales-I-2\u00b0C-Ruina.pd\"><span style=\"font-weight: 400;\">Did\u00e1ctica de las Ciencias Naturales I<\/span><\/a><\/td>\n<td><span style=\"font-weight: 400;\">Mary Ruina<\/span><\/td>\n<\/tr>\n<tr>\n<td><span style=\"font-weight: 400;\">2\u00b0 C<\/span><\/td>\n<td><a href=\"https:\/\/isfd88-bue.infd.edu.ar\/sitio\/wp-content\/uploads\/2021\/06\/PROGRAMA-DID-MATEMATICA-2\u00b0-C-1.pdf\"><span style=\"font-weight: 400;\">Did\u00e1ctica de la Matem\u00e1tica I<\/span><\/a><\/td>\n<td><span style=\"font-weight: 400;\">Jorge Los Arcos<\/span><\/td>\n<\/tr>\n<tr>\n<td><span style=\"font-weight: 400;\">2\u00b0 C<\/span><\/td>\n<td><a href=\"https:\/\/isfd88-bue.infd.edu.ar\/sitio\/wp-content\/uploads\/2021\/06\/2021_Primaria_Did\u00e1ctica-y-Curr\u00edculum_PEREDO.pdf\"><span style=\"font-weight: 400;\">Did\u00e1ctica y curriculum del nivel primario<\/span><\/a><\/td>\n<td><span style=\"font-weight: 400;\">Lia Peredo&nbsp;<\/span><\/td>\n<\/tr>\n<tr>\n<td><span style=\"font-weight: 400;\">2\u00b0 C<\/span><\/td>\n<td><a href=\"https:\/\/isfd88-bue.infd.edu.ar\/sitio\/wp-content\/uploads\/2021\/06\/Campo-de-la-pr\u00e1ctica-de-2-C-2021.pdf\"><span style=\"font-weight: 400;\">Campo de la Pr\u00e1ctica 2<\/span><\/a><\/td>\n<td><span style=\"font-weight: 400;\">Nora Mart\u00ednez- Claudia Viola<\/span><\/td>\n<\/tr>\n<tr>\n<td><span style=\"font-weight: 400;\">2\u00b0 C&nbsp;<\/span><\/td>\n<td><a href=\"https:\/\/isfd88-bue.infd.edu.ar\/sitio\/wp-content\/uploads\/2021\/06\/PROGRAMA-SEMINARIO-DE-HISTORIA-2021.pdf\"><span style=\"font-weight: 400;\">Seminario de Historia Argentina<\/span><\/a><\/td>\n<td><span style=\"font-weight: 400;\">Mirta Cardoso<\/span><\/td>\n<\/tr>\n<tr>\n<td><span style=\"font-weight: 400;\">2\u00b0 C<\/span><\/td>\n<td><span style=\"font-weight: 400;\"><a href=\"https:\/\/isfd88-bue.infd.edu.ar\/sitio\/wp-content\/uploads\/2021\/06\/PROGRAMA-TEOR\u00cdAS-SOCIOPOL\u00cdTICAS-2\u00b0-C-2021-1.pdf\">Teor\u00edas sociopol\u00edticas de la educaci\u00f3n<\/a>&nbsp;<\/span><\/td>\n<td><span style=\"font-weight: 400;\">Mirta Cardoso<\/span><\/td>\n<\/tr>\n<tr>\n<td><span style=\"font-weight: 400;\">2\u00b0 C&nbsp;<\/span><\/td>\n<td><a href=\"https:\/\/isfd88-bue.infd.edu.ar\/sitio\/wp-content\/uploads\/2021\/06\/TFO-GEOGRAFIA-1.pdf\"><span style=\"font-weight: 400;\">Seminario de Geograf\u00eda Argentina<\/span><\/a><\/td>\n<td><span style=\"font-weight: 400;\">Javier Costa<\/span><\/td>\n<\/tr>\n<\/tbody>\n<\/table>\n<p><!--more--><\/p>\n<h2>TERCER A\u00d1O<\/h2>\n<table>\n<tbody>\n<tr>\n<td><b>Curso<\/b><\/td>\n<td><b>Materia<\/b><\/td>\n<td><b>Docente<\/b><\/td>\n<\/tr>\n<tr>\n<td><span style=\"font-weight: 400;\">3\u00b0 C&nbsp;<\/span><\/td>\n<td><a href=\"https:\/\/isfd88-bue.infd.edu.ar\/sitio\/wp-content\/uploads\/2021\/06\/Programa-2021-Medios-Primaria-88.pdf\"><span style=\"font-weight: 400;\">Medios audiovisuales, TICs y educaci\u00f3n<\/span><\/a><\/td>\n<td><span style=\"font-weight: 400;\">Hilda Cinalli<\/span><\/td>\n<\/tr>\n<tr>\n<td><span style=\"font-weight: 400;\">3\u00b0 C&nbsp;<\/span><\/td>\n<td><a href=\"https:\/\/isfd88-bue.infd.edu.ar\/sitio\/wp-content\/uploads\/2021\/06\/PLANIFICACION-CONFIGURACIONES-CULTURALES-2021.pdf\"><span style=\"font-weight: 400;\">Configuraciones culturales del sujeto de primaria<\/span><\/a><\/td>\n<td><span style=\"font-weight: 400;\">Silvia Marino<\/span><\/td>\n<\/tr>\n<tr>\n<td><span style=\"font-weight: 400;\">3\u00b0 C<\/span><\/td>\n<td><a href=\"https:\/\/isfd88-bue.infd.edu.ar\/sitio\/wp-content\/uploads\/2021\/06\/PROGRAMA-primaria-88-E.F.-2021.pdf\"><span style=\"font-weight: 400;\">Educaci\u00f3n f\u00edsica escolar.<\/span><\/a><\/td>\n<td><span style=\"font-weight: 400;\">Luis Visconti<\/span><\/td>\n<\/tr>\n<tr>\n<td><span style=\"font-weight: 400;\">3\u00b0 C<\/span><\/td>\n<td><a href=\"https:\/\/isfd88-bue.infd.edu.ar\/sitio\/wp-content\/uploads\/2021\/06\/Programa-de-Did\u00e1ctica-de-las-PDL-y-la-Literatura-II_2021.pdf\"><span style=\"font-weight: 400;\">Did\u00e1ctica de Pr\u00e1cticas de lenguaje y la literatura II<\/span><\/a><\/td>\n<td><span style=\"font-weight: 400;\">Marcela Caraballo<\/span><\/td>\n<\/tr>\n<tr>\n<td><span style=\"font-weight: 400;\">3\u00b0 C<\/span><\/td>\n<td><a href=\"https:\/\/isfd88-bue.infd.edu.ar\/sitio\/wp-content\/uploads\/2021\/06\/PROGRAMA_Didactica_de_las_Ciencias_Sociales_II__MAINIERI.pdf\"><span style=\"font-weight: 400;\">Did\u00e1ctica de las Ciencias Sociales II<\/span><\/a><\/td>\n<td><span style=\"font-weight: 400;\">Jos\u00e9 Luis Mainieri (Supl. de Muriel Gerace)<\/span><\/td>\n<\/tr>\n<tr>\n<td><span style=\"font-weight: 400;\">3\u00b0 C<\/span><\/td>\n<td><a href=\"https:\/\/isfd88-bue.infd.edu.ar\/sitio\/wp-content\/uploads\/2021\/06\/2021-Primaria-Did\u00e1ct-C.-Naturales-II-3\u00b0C-Ruina.pdf\"><span style=\"font-weight: 400;\">Did\u00e1ctica de las Ciencias Naturales II<\/span><\/a><\/td>\n<td><span style=\"font-weight: 400;\">Mary Ruina<\/span><\/td>\n<\/tr>\n<tr>\n<td><span style=\"font-weight: 400;\">3\u00b0 C<\/span><\/td>\n<td><a href=\"https:\/\/isfd88-bue.infd.edu.ar\/sitio\/wp-content\/uploads\/2021\/06\/PROGRAMA-DID-MATEMATICA-3\u00b0-C-1.pdf\"><span style=\"font-weight: 400;\">Did\u00e1ctica de la Matem\u00e1tica II<\/span><\/a><\/td>\n<td><span style=\"font-weight: 400;\">&nbsp;Jorge Los Arcos&nbsp;<\/span><\/td>\n<\/tr>\n<tr>\n<td><span style=\"font-weight: 400;\">3\u00b0 C<\/span><\/td>\n<td><a href=\"https:\/\/isfd88-bue.infd.edu.ar\/sitio\/wp-content\/uploads\/2021\/06\/PROYECTO_HISTORIA_2021_88-PRIMARIA.pdf\"><span style=\"font-weight: 400;\">Historia y prospectiva de la educaci\u00f3n<\/span><\/a><\/td>\n<td><span style=\"font-weight: 400;\">Cristina Pe\u00f1a<\/span><\/td>\n<\/tr>\n<tr>\n<td><span style=\"font-weight: 400;\">3\u00b0 C<\/span><\/td>\n<td><a href=\"https:\/\/isfd88-bue.infd.edu.ar\/sitio\/wp-content\/uploads\/2021\/06\/PROGRAMA-2021-Profesorado-de-Educaci\u00f3n-Primaria-Pol\u00edtica-Legislaci\u00f3n-y-Administraci\u00f3n-del-Trabajo-Escolar.pdf\"><span style=\"font-weight: 400;\">Pol\u00edtica, legislaci\u00f3n y administraci\u00f3n del trabajo escolar<\/span><\/a><\/td>\n<td><span style=\"font-weight: 400;\">Ricardo Unrein<\/span><\/td>\n<\/tr>\n<tr>\n<td><span style=\"font-weight: 400;\">3\u00b0 C<\/span><\/td>\n<td><a href=\"https:\/\/isfd88-bue.infd.edu.ar\/sitio\/wp-content\/uploads\/2021\/06\/2021_PR\u00c1CTICAIII_Primaria.pdf\"><span style=\"font-weight: 400;\">Campo de la Pr\u00e1ctica 3<\/span><\/a><\/td>\n<td><span style=\"font-weight: 400;\">Fernanda Luna L\u00eda Peredo<\/span><\/td>\n<\/tr>\n<tr>\n<td><span style=\"font-weight: 400;\">3\u00b0 C&nbsp;<\/span><\/td>\n<td><a href=\"https:\/\/isfd88-bue.infd.edu.ar\/sitio\/wp-content\/uploads\/2021\/06\/PROGRAMA-HERRAMIENTAS-2021.pdf\"><span style=\"font-weight: 400;\">Herramientas de la Pr\u00e1ctica<\/span><\/a><\/td>\n<td><span style=\"font-weight: 400;\">Marisa Corbal\u00e1n- Elisabeth Esp\u00f3sito<\/span><\/td>\n<\/tr>\n<tr>\n<td><span style=\"font-weight: 400;\">3\u00b0 C<\/span><\/td>\n<td><a href=\"https:\/\/isfd88-bue.infd.edu.ar\/sitio\/wp-content\/uploads\/2021\/06\/TFO-_Alfabetizaci\u00f3n-Inicial_-Programa-Primaria-2021.pdf\"><span style=\"font-weight: 400;\">TFO: Alfabetizaci\u00f3n inicial<\/span><\/a><\/td>\n<td><span style=\"font-weight: 400;\">Gloria Seibert<\/span><\/td>\n<\/tr>\n<\/tbody>\n<\/table>\n<h2>CUARTO A\u00d1O<\/h2>\n<table>\n<tbody>\n<tr>\n<td><b>Curso<\/b><\/td>\n<td><b>Materia<\/b><\/td>\n<td><b>Docente<\/b><\/td>\n<\/tr>\n<tr>\n<td><span style=\"font-weight: 400;\">4\u00b0 C<\/span><\/td>\n<td><a href=\"https:\/\/isfd88-bue.infd.edu.ar\/sitio\/wp-content\/uploads\/2021\/06\/Programa-2021Pedagog\u00eda-cr\u00edtica-1.pdf\"><span style=\"font-weight: 400;\">Pedagog\u00eda cr\u00edtica de las diferencia<\/span><\/a><\/td>\n<td><span style=\"font-weight: 400;\">Alejandra Armentano<\/span><\/td>\n<\/tr>\n<tr>\n<td><span style=\"font-weight: 400;\">4\u00b0 C<\/span><\/td>\n<td><a href=\"https:\/\/isfd88-bue.infd.edu.ar\/sitio\/wp-content\/uploads\/2020\/05\/Mascitti-Ateneo-Primaria-2020.pdf\"><span style=\"font-weight: 400;\">Ateneo de pr\u00e1cticas del lenguaje y literatura.<\/span><\/a><\/td>\n<td><span style=\"font-weight: 400;\">Guillermo Mascitti<\/span><\/td>\n<\/tr>\n<tr>\n<td><span style=\"font-weight: 400;\">4\u00b0 C<\/span><\/td>\n<td><a href=\"https:\/\/isfd88-bue.infd.edu.ar\/sitio\/wp-content\/uploads\/2021\/06\/PROGRAMA-ATENEO-DE-MAT-4\u00ba-C-1.pdf\"><span style=\"font-weight: 400;\">Ateneo de Matem\u00e1tica<\/span><\/a><\/td>\n<td><span style=\"font-weight: 400;\">Jorge Los Arcos<\/span><\/td>\n<\/tr>\n<tr>\n<td><span style=\"font-weight: 400;\">4\u00b0 C<\/span><\/td>\n<td><a href=\"https:\/\/isfd88-bue.infd.edu.ar\/sitio\/wp-content\/uploads\/2021\/06\/ATENEO-DE-CIENCIAS-SOCIALES-2-1.pdf\"><span style=\"font-weight: 400;\">Ateneo de Ciencias Sociales<\/span><\/a><\/td>\n<td><span style=\"font-weight: 400;\">Javier Costa<\/span><\/td>\n<\/tr>\n<tr>\n<td><span style=\"font-weight: 400;\">4\u00b0 C<\/span><\/td>\n<td><a href=\"https:\/\/isfd88-bue.infd.edu.ar\/sitio\/wp-content\/uploads\/2021\/06\/Programa-Ateneo-de-Ciencias-Naturales.pdf\"><span style=\"font-weight: 400;\">Ateneo de Ciencias Naturales<\/span><\/a><\/td>\n<td><span style=\"font-weight: 400;\">Cristina Landi<\/span><\/td>\n<\/tr>\n<tr>\n<td><span style=\"font-weight: 400;\">4\u00b0 C<\/span><\/td>\n<td><a href=\"https:\/\/isfd88-bue.infd.edu.ar\/sitio\/wp-content\/uploads\/2021\/06\/PLANIF-2021-Reflexion_filosofica_de_la_educacion_88.pdf\"><span style=\"font-weight: 400;\">Reflexi\u00f3n filos\u00f3fica de la educaci\u00f3n.<\/span><\/a><\/td>\n<td><span style=\"font-weight: 400;\">Javier Sancho<\/span><\/td>\n<\/tr>\n<tr>\n<td><span style=\"font-weight: 400;\">4\u00b0 C<\/span><\/td>\n<td><a href=\"https:\/\/isfd88-bue.infd.edu.ar\/sitio\/wp-content\/uploads\/2021\/06\/PLANIF-2021-Dimesi\u00f3n_\u00e9tico-pol\u00edtica_de_la_praxis_docentes.pdf\"><span style=\"font-weight: 400;\">Dimensi\u00f3n \u00e9tico-pol\u00edtica de la praxis docente.<\/span><\/a><\/td>\n<td><span style=\"font-weight: 400;\">Javier Sancho<\/span><\/td>\n<\/tr>\n<tr>\n<td><span style=\"font-weight: 400;\">4\u00b0 C<\/span><\/td>\n<td><a href=\"https:\/\/isfd88-bue.infd.edu.ar\/sitio\/wp-content\/uploads\/2021\/06\/2021_CP-4-Educacion-Primaria.pd\"><span style=\"font-weight: 400;\">Campo de la Pr\u00e1ctica docente IV<\/span><\/a><\/td>\n<td><span style=\"font-weight: 400;\">Laura Van Rafelghem \u2013 Fernanda luna<\/span><\/td>\n<\/tr>\n<tr>\n<td><span style=\"font-weight: 400;\">4\u00b0 C<\/span><\/td>\n<td><a href=\"https:\/\/isfd88-bue.infd.edu.ar\/sitio\/wp-content\/uploads\/2021\/06\/PROGRAMA-88-TFO-PRIMARIA-2021.pdf\"><span style=\"font-weight: 400;\">TFO: Infancia y discapacidad<\/span><\/a><\/td>\n<td><span style=\"font-weight: 400;\">Luis Visconti<\/span><\/td>\n<\/tr>\n<tr>\n<td><span style=\"font-weight: 400;\">4\u00b0 C<\/span><\/td>\n<td><a href=\"https:\/\/isfd88-bue.infd.edu.ar\/sitio\/wp-content\/uploads\/2021\/06\/Programa-TFO-Folklore-88-pdf.pdf\"><span style=\"font-weight: 400;\">TFO: Folklore<\/span><\/a><\/td>\n<td><span style=\"font-weight: 400;\">Gabriela P\u00e9rez Bloise<\/span><\/td>\n<\/tr>\n<tr>\n<td><span style=\"font-weight: 400;\">4\u00b0 C<\/span><\/td>\n<td><a href=\"https:\/\/isfd88-bue.infd.edu.ar\/sitio\/wp-content\/uploads\/2021\/06\/PROGRAMA-Taller-de-Alfabetizaci\u00f3n-Digital-para-la-Educaci\u00f3n-Primaria-2021.pdf\"><span style=\"font-weight: 400;\">TFO: Alfabetizaci\u00f3n digital<\/span><\/a><\/td>\n<td><span style=\"font-weight: 400;\">Francisco Salas<\/span><\/td>\n<\/tr>\n<tr>\n<td><span style=\"font-weight: 400;\">4\u00b0 C<\/span><\/td>\n<td><a href=\"https:\/\/isfd88-bue.infd.edu.ar\/sitio\/wp-content\/uploads\/2021\/06\/El-docente-como-promotor-de-la-cultura-1.pdf\"><span style=\"font-weight: 400;\">TFO: El docente como promotor de cultura<\/span><\/a><\/td>\n<td><span style=\"font-weight: 400;\">Eduardo Caballero<\/span><\/td>\n<\/tr>\n<\/tbody>\n<\/table>\n","protected":false},"excerpt":{"rendered":"<p>Curso Materia Docente 1\u00b0 C Taller de lectura, escritura y oralidad. Elizabeth Vega 1\u00b0 C Taller de pensamiento l\u00f3gico-matem\u00e1tico Tatiana Benitez 1\u00b0 C&nbsp; TFO: Teatro Eduardo Caballero 1\u00b0 C&nbsp; TFO: Narraci\u00f3n Oral Cecilia Paz 1\u00b0 C Psicolog\u00eda del desarrollo y aprendizaje I Daniela Paiva 1\u00b0 C Arte y Educaci\u00f3n Graciela Favot 1\u00b0 C&nbsp; Corporeidad y &#8230; <a title=\"PROGRAMAS 2021_Ed Primaria\" class=\"read-more\" href=\"https:\/\/isfd88-bue.infd.edu.ar\/sitio\/programas-2021_ed-primaria\/\" aria-label=\"More on PROGRAMAS 2021_Ed Primaria\">[+]<\/a><\/p>\n","protected":false},"author":2544,"featured_media":0,"parent":0,"menu_order":0,"comment_status":"closed","ping_status":"closed","template":"","meta":[],"acf":[],"_links":{"self":[{"href":"https:\/\/isfd88-bue.infd.edu.ar\/sitio\/wp-json\/wp\/v2\/pages\/3770"}],"collection":[{"href":"https:\/\/isfd88-bue.infd.edu.ar\/sitio\/wp-json\/wp\/v2\/pages"}],"about":[{"href":"https:\/\/isfd88-bue.infd.edu.ar\/sitio\/wp-json\/wp\/v2\/types\/page"}],"author":[{"embeddable":true,"href":"https:\/\/isfd88-bue.infd.edu.ar\/sitio\/wp-json\/wp\/v2\/users\/2544"}],"replies":[{"embeddable":true,"href":"https:\/\/isfd88-bue.infd.edu.ar\/sitio\/wp-json\/wp\/v2\/comments?post=3770"}],"version-history":[{"count":60,"href":"https:\/\/isfd88-bue.infd.edu.ar\/sitio\/wp-json\/wp\/v2\/pages\/3770\/revisions"}],"predecessor-version":[{"id":4442,"href":"https:\/\/isfd88-bue.infd.edu.ar\/sitio\/wp-json\/wp\/v2\/pages\/3770\/revisions\/4442"}],"wp:attachment":[{"href":"https:\/\/isfd88-bue.infd.edu.ar\/sitio\/wp-json\/wp\/v2\/media?parent=3770"}],"curies":[{"name":"wp","href":"https:\/\/api.w.org\/{rel}","templated":true}]}}