{"id":4002,"date":"2021-11-30T23:47:35","date_gmt":"2021-12-01T02:47:35","guid":{"rendered":"https:\/\/isfd88-bue.infd.edu.ar\/sitio\/?page_id=4002"},"modified":"2023-10-11T19:14:05","modified_gmt":"2023-10-11T22:14:05","slug":"educacion-primaria","status":"publish","type":"page","link":"https:\/\/isfd88-bue.infd.edu.ar\/sitio\/educacion-primaria\/","title":{"rendered":"Profesorado de Educaci\u00f3n Primaria\u00a0\u00a0"},"content":{"rendered":"\n<p><\/p>\n\n\n<div class=\"wp-block-image\">\n<figure class=\"aligncenter size-large is-resized\"><img decoding=\"async\" loading=\"lazy\" src=\"https:\/\/isfd88-bue.infd.edu.ar\/sitio\/wp-content\/uploads\/2021\/12\/Logo-30-anos-chica.jpg\" alt=\"Profesorado de Educaci\u00f3n Primaria\" class=\"wp-image-4031\" width=\"157\" height=\"157\"\/><\/figure><\/div>\n\n\n<h2 class=\"has-text-align-center wp-block-heading\"><\/h2>\n\n\n\n<p><em>La Educaci\u00f3n Primaria en la Provincia de Buenos Aires tiene entre sus objetivos prioritarios el&nbsp;&nbsp;garantizar el derecho a la educaci\u00f3n, asegurando la alfabetizaci\u00f3n de sus alumnos\/as para permitirles&nbsp;&nbsp;la inserci\u00f3n de manera progresiva en el mundo de la cultura escrita.&nbsp;<\/em><\/p>\n\n\n\n<p><em>Por otro lado se busca que los alumnos\/as que transitan por la escolaridad primaria puedan&nbsp;&nbsp;acercarse a la cultura y relacionarse con la ciencia desde un enfoque que contemple diversidad,&nbsp;&nbsp;inclusi\u00f3n e integraci\u00f3n de todos\/as en la escuela.&nbsp;<\/em><\/p>\n\n\n\n<p><em>\u201cDesde este marco la profesi\u00f3n docente se diferencia de otras profesiones porque pone a los&nbsp;&nbsp;adultos\/as que la ejercen a trabajar con otras generaciones y eso exige hacer compatible la&nbsp;&nbsp;experiencia de la igualdad humana con el respeto por las asimetr\u00edas de las responsabilidades de edad&nbsp;&nbsp;y de posici\u00f3n del ni\u00f1o\/a y el \/la docente en el contrato escolar\u201d (Gagliano Rafael)&nbsp;<\/em><\/p>\n\n\n\n<p><em>As\u00ed desde esta instituci\u00f3n se promueve la carrera de Educaci\u00f3n Primaria con el prop\u00f3sito de&nbsp;&nbsp;construir horizontes formativos que les permitan a los futuros docentes recuperar el sentido de la&nbsp;&nbsp;docencia en el contexto actual y re-posicionar al docente en la comunidad en la que desarrollar\u00e1 su&nbsp;&nbsp;tarea laboral, reconociendo contextos de multiculturalidad para desafiar estereotipos, valorando las&nbsp;&nbsp;cualidades de la propia cultura, desarrollando actitudes y pr\u00e1cticas de solidaridad con los otros.<\/em><\/p>\n\n\n\n<p class=\"has-black-color has-text-color\">La carrera de&nbsp;<strong><em>Profesorado de Educaci\u00f3n Primaria&nbsp;<\/em><\/strong>tiene una duraci\u00f3n de cuatro a\u00f1os.<\/p>\n\n\n\n<ul>\n<li>La&nbsp;cursada&nbsp;se realiza en el turno vespertino de Lunes a Viernes de 17.45 hs a 22.00 &nbsp;y los s\u00e1bados de 8.00 hs a 14.00 hs hs en la Sede de Yrigoyen ( frente a la plaza de San Justo) y\/o en&nbsp; Sede de Salta.<\/li>\n\n\n\n<li>La&nbsp;modalidad&nbsp;de la cursada es presencial. El ciclo lectivo 2022 se desarrollar\u00e1  de acuerdo a las directivas de la Direcci\u00f3n de Educaci\u00f3n Superior de la Provincia de Buenos Aires. <\/li>\n\n\n\n<li>El Instituto posee un Campus virtual, por lo tanto se requiere conocimientos b\u00e1sicos de uso de tecnolog\u00edas y procesadores de textos.<\/li>\n\n\n\n<li>Las\/os estudiantes egresan con el&nbsp;t\u00edtulo&nbsp;de&nbsp;<strong>PROFESOR\/A DE EDUCACI\u00d3N PRIMARIA<\/strong>. Pueden desempe\u00f1arse en instituciones educativas de Educaci\u00f3n Primaria tanto de gesti\u00f3n estatal como de gesti\u00f3n privada. &nbsp;El t\u00edtulo tiene validez Nacional.<\/li>\n\n\n\n<li>Para conocer las&nbsp;materias de la carrera&nbsp;busque en esta secci\u00f3n: &nbsp;<a href=\"https:\/\/isfd88-bue.infd.edu.ar\/sitio\/plan-de-estudios-2\/\">Plan de estudios.&nbsp;<\/a>&nbsp;<\/li>\n<\/ul>\n\n\n\n<p class=\"has-medium-font-size\"><strong>Campo de la Pr\u00e1ctica<\/strong><\/p>\n\n\n\n<p>El Campo de la formaci\u00f3n en las Pr\u00e1cticas Profesionales constituye el espacio curricular destinado al aprendizaje sistem\u00e1tico de las capacidades para la actuaci\u00f3n docente en&nbsp; las escuelas, es decir en contextos reales. Este campo curricular se construye con el an\u00e1lisis, la reflexi\u00f3n y la experimentaci\u00f3n pr\u00e1ctica contextualizada, resignificando los conocimientos de los otros campos curriculares.<\/p>\n\n\n\n<p>El Campo de la Pr\u00e1ctica Docente correspondiente al Profesorado&nbsp;de&nbsp; Educaci\u00f3n Primaria se encuentra inserto en los cuatro a\u00f1os del plan de estudios articulando verticalmente las materias Campo de la Pr\u00e1ctica Docente I, II, III y IV, tanto los contenidos te\u00f3ricos como as\u00ed tambi\u00e9n la vinculaci\u00f3n de \u00e9stos con la pr\u00e1ctica en terreno.&nbsp;<\/p>\n\n\n\n<p>Asimismo, se&nbsp; articulan horizontalmente con las materias del Campo de la Fundamentaci\u00f3n, el Campo de la Subjetividad y las Culturas y el Campo de los Saberes a Ense\u00f1ar respectivamente.<\/p>\n\n\n\n<p>Campo de la Pr\u00e1ctica I se cursa en el mismo horario de cursada que el resto de los espacios. A partir de 2\u00ba a\u00f1o se cursa en turno ma\u00f1ana o tarde en instituciones educativas del nivel Primario.<\/p>\n","protected":false},"excerpt":{"rendered":"<p>La Educaci\u00f3n Primaria en la Provincia de Buenos Aires tiene entre sus objetivos prioritarios el&nbsp;&nbsp;garantizar el derecho a la educaci\u00f3n, asegurando la alfabetizaci\u00f3n de sus alumnos\/as para permitirles&nbsp;&nbsp;la inserci\u00f3n de manera progresiva en el mundo de la cultura escrita.&nbsp; Por otro lado se busca que los alumnos\/as que transitan por la escolaridad primaria puedan&nbsp;&nbsp;acercarse a &#8230; <a title=\"Profesorado de Educaci\u00f3n Primaria\u00a0\u00a0\" class=\"read-more\" href=\"https:\/\/isfd88-bue.infd.edu.ar\/sitio\/educacion-primaria\/\" aria-label=\"More on Profesorado de Educaci\u00f3n Primaria\u00a0\u00a0\">[+]<\/a><\/p>\n","protected":false},"author":2562,"featured_media":0,"parent":0,"menu_order":0,"comment_status":"closed","ping_status":"closed","template":"","meta":[],"acf":[],"_links":{"self":[{"href":"https:\/\/isfd88-bue.infd.edu.ar\/sitio\/wp-json\/wp\/v2\/pages\/4002"}],"collection":[{"href":"https:\/\/isfd88-bue.infd.edu.ar\/sitio\/wp-json\/wp\/v2\/pages"}],"about":[{"href":"https:\/\/isfd88-bue.infd.edu.ar\/sitio\/wp-json\/wp\/v2\/types\/page"}],"author":[{"embeddable":true,"href":"https:\/\/isfd88-bue.infd.edu.ar\/sitio\/wp-json\/wp\/v2\/users\/2562"}],"replies":[{"embeddable":true,"href":"https:\/\/isfd88-bue.infd.edu.ar\/sitio\/wp-json\/wp\/v2\/comments?post=4002"}],"version-history":[{"count":8,"href":"https:\/\/isfd88-bue.infd.edu.ar\/sitio\/wp-json\/wp\/v2\/pages\/4002\/revisions"}],"predecessor-version":[{"id":5485,"href":"https:\/\/isfd88-bue.infd.edu.ar\/sitio\/wp-json\/wp\/v2\/pages\/4002\/revisions\/5485"}],"wp:attachment":[{"href":"https:\/\/isfd88-bue.infd.edu.ar\/sitio\/wp-json\/wp\/v2\/media?parent=4002"}],"curies":[{"name":"wp","href":"https:\/\/api.w.org\/{rel}","templated":true}]}}