{"id":4007,"date":"2021-11-30T23:50:19","date_gmt":"2021-12-01T02:50:19","guid":{"rendered":"https:\/\/isfd88-bue.infd.edu.ar\/sitio\/?page_id=4007"},"modified":"2023-10-31T18:39:50","modified_gmt":"2023-10-31T21:39:50","slug":"educacion-inicial","status":"publish","type":"page","link":"https:\/\/isfd88-bue.infd.edu.ar\/sitio\/educacion-inicial\/","title":{"rendered":"<em><strong>Profesorado de Educaci\u00f3n Inicial<\/strong><\/em>"},"content":{"rendered":"<div class=\"wp-block-image\">\n<figure class=\"aligncenter size-large is-resized\"><img decoding=\"async\" loading=\"lazy\" src=\"https:\/\/isfd88-bue.infd.edu.ar\/sitio\/wp-content\/uploads\/2021\/12\/Logo-30-anos-chica-1.jpg\" alt=\"\" class=\"wp-image-4033\" width=\"144\" height=\"144\"\/><\/figure><\/div>\n\n\n<p class=\"has-text-align-left has-medium-font-size\">La carrera de Profesorado de Educaci\u00f3n inicial tiene una duraci\u00f3n de cuatro a\u00f1os.<\/p>\n\n\n\n<p>La modalidad de la cursada es presencial bimodal, en el turno vespertino de Lunes a Viernes de 18:15 hs a 22.00 &nbsp;y los s\u00e1bados de 8.00 hs a 14.00 hs. en Sede Salta.<\/p>\n\n\n\n<p>El t\u00edtulo es el de&nbsp;<strong>PROFESOR\/A DE EDUCACI\u00d3N INICIAL<\/strong>. Quienes egresan, pueden desempe\u00f1arse en instituciones educativas de 1 \u00b0 ciclo del nivel ( Jardines maternales de 45 d\u00edas a 2 a\u00f1os) y 2\u00b0 ciclo del nivel ( Jardines de infantes de 3 a 5 a\u00f1os). El t\u00edtulo tiene validez Nacional.<\/p>\n\n\n\n<p>Para conocer las materias de la carrera busque en esta secci\u00f3n: <a href=\"https:\/\/isfd88-bue.infd.edu.ar\/sitio\/plan-de-estudios\/\">Plan de estudios.<\/a><\/p>\n","protected":false},"excerpt":{"rendered":"<p>La carrera de Profesorado de Educaci\u00f3n inicial tiene una duraci\u00f3n de cuatro a\u00f1os. La modalidad de la cursada es presencial bimodal, en el turno vespertino de Lunes a Viernes de 18:15 hs a 22.00 &nbsp;y los s\u00e1bados de 8.00 hs a 14.00 hs. en Sede Salta. El t\u00edtulo es el de&nbsp;PROFESOR\/A DE EDUCACI\u00d3N INICIAL. Quienes &#8230; <a title=\"Profesorado de Educaci\u00f3n Inicial\" class=\"read-more\" href=\"https:\/\/isfd88-bue.infd.edu.ar\/sitio\/educacion-inicial\/\" aria-label=\"More on Profesorado de Educaci\u00f3n Inicial\">[+]<\/a><\/p>\n","protected":false},"author":2562,"featured_media":0,"parent":0,"menu_order":0,"comment_status":"closed","ping_status":"closed","template":"","meta":[],"acf":[],"_links":{"self":[{"href":"https:\/\/isfd88-bue.infd.edu.ar\/sitio\/wp-json\/wp\/v2\/pages\/4007"}],"collection":[{"href":"https:\/\/isfd88-bue.infd.edu.ar\/sitio\/wp-json\/wp\/v2\/pages"}],"about":[{"href":"https:\/\/isfd88-bue.infd.edu.ar\/sitio\/wp-json\/wp\/v2\/types\/page"}],"author":[{"embeddable":true,"href":"https:\/\/isfd88-bue.infd.edu.ar\/sitio\/wp-json\/wp\/v2\/users\/2562"}],"replies":[{"embeddable":true,"href":"https:\/\/isfd88-bue.infd.edu.ar\/sitio\/wp-json\/wp\/v2\/comments?post=4007"}],"version-history":[{"count":7,"href":"https:\/\/isfd88-bue.infd.edu.ar\/sitio\/wp-json\/wp\/v2\/pages\/4007\/revisions"}],"predecessor-version":[{"id":5560,"href":"https:\/\/isfd88-bue.infd.edu.ar\/sitio\/wp-json\/wp\/v2\/pages\/4007\/revisions\/5560"}],"wp:attachment":[{"href":"https:\/\/isfd88-bue.infd.edu.ar\/sitio\/wp-json\/wp\/v2\/media?parent=4007"}],"curies":[{"name":"wp","href":"https:\/\/api.w.org\/{rel}","templated":true}]}}