{"id":4011,"date":"2021-11-30T23:58:06","date_gmt":"2021-12-01T02:58:06","guid":{"rendered":"https:\/\/isfd88-bue.infd.edu.ar\/sitio\/?page_id=4011"},"modified":"2023-03-13T10:45:33","modified_gmt":"2023-03-13T13:45:33","slug":"ingles-2","status":"publish","type":"page","link":"https:\/\/isfd88-bue.infd.edu.ar\/sitio\/ingles-2\/","title":{"rendered":"INGL\u00c9S"},"content":{"rendered":"<div class=\"wp-block-image\">\n<figure class=\"aligncenter size-large\"><img decoding=\"async\" loading=\"lazy\" width=\"192\" height=\"192\" src=\"https:\/\/isfd88-bue.infd.edu.ar\/sitio\/wp-content\/uploads\/2021\/12\/Logo-30-anos-chica-2.jpg\" alt=\"\" class=\"wp-image-4036\"\/><\/figure><\/div>\n\n\n<p class=\"has-text-align-center has-large-font-size\"><strong>Profesorado de Ingl\u00e9s<\/strong><\/p>\n\n\n\n<p class=\"has-text-align-center\"><em>La ense\u00f1anza del ingl\u00e9s como lengua extranjera se encuentra vigente en los niveles primario y secundario, constituy\u00e9ndose como un espacio curricular en la educaci\u00f3n obligatoria en la Provincia de Buenos Aires. Por esto, la ense\u00f1anza del ingl\u00e9s forma parte de la alfabetizaci\u00f3n de los y las estudiantes del nivel primario y de su inserci\u00f3n progresiva en el mundo de la cultura escrita. En el nivel secundario, la ense\u00f1anza del ingl\u00e9s como lengua extranjera es fundamentalmente un espacio en el que los y las estudiantes pueden acercarse a la diversidad cultural, contemplando la inclusi\u00f3n e integraci\u00f3n con dem\u00e1s espacios curriculares.<\/em><\/p>\n\n\n\n<p class=\"has-text-align-center\"><em>Desde este marco, el Profesorado de Ingl\u00e9s tiene como mayor prop\u00f3sito formar futuros profesores que tengan la capacidad de reconocer la multiculturalidad en contextos de ense\u00f1anza diversos y de poner en valor las caracter\u00edsticas de la propia cultura en consonancia con una ense\u00f1anza que contemple la identidad como argentinos hablantes del espa\u00f1ol como primera lengua.<\/em> <\/p>\n\n\n\n<p class=\"has-text-align-center\"><em>Asimismo, la formaci\u00f3n de futuros profesores de ingl\u00e9s en el ISFDyT N\u00b088 implica sostener el trayecto de cada estudiante, considerando que ense\u00f1ar exige competencia profesional, seguridad y generosidad. De esta forma, y tal como lo expresara <strong>Paulo Freire<\/strong>, creemos que:<\/em><\/p>\n\n\n\n<p class=\"has-text-align-center\"><em>\u201cLa educaci\u00f3n es una forma de intervenci\u00f3n en el mundo, libertad y autoridad, una toma consciente de decisiones, saber escuchar, reconocer que la educaci\u00f3n es ideol\u00f3gica, y tener disponibilidad para el di\u00e1logo y querer bien a los educandos.\u201d<\/em><\/p>\n\n\n\n<p class=\"has-text-align-left\"><strong>El Profesorado de&nbsp;Ingl\u00e9s&nbsp;<\/strong>&nbsp;tiene una duraci\u00f3n de cuatro a\u00f1os y su t\u00edtulo, de validez nacional, habilita al estudiante a trabajar en escuelas de Educaci\u00f3n Primaria y Educaci\u00f3n Secundaria.<\/p>\n\n\n\n<p class=\"has-background has-medium-font-size\" style=\"background-color:#93d7da\">Se cursa en la Sede de Salta y\/o Yrigoyen de lunes a viernes de 18:05 a 22:00 hs. y los s\u00e1bados de 8.00 a 14.00 hs. Adem\u00e1s, se cursan las pr\u00e1cticas docentes en contra turno (ma\u00f1ana o tarde). En el turno ma\u00f1ana se cursa de lunes a viernes 8:00 a 12:00 y los s\u00e1bados de 8:00 a 14:00 hs. y las pr\u00e1cticas docentes en contra turno (tarde o vespertino). <\/p>\n\n\n\n<h2 class=\"has-text-align-center has-black-color has-luminous-vivid-orange-background-color has-text-color has-background wp-block-heading\"><strong>PRUEBA DE SUFICIENCIA<\/strong><\/h2>\n\n\n\n<p class=\"has-vivid-red-color has-text-color has-background has-large-font-size\" style=\"background-color:#8df8fc\">Para acceder a la carrera se rinde una <strong>Prueba de suficiencia<\/strong> eliminatoria que comprende <strong>un examen escrito y uno oral<\/strong>.<\/p>\n\n\n\n<p class=\"has-vivid-red-color has-text-color has-background has-large-font-size\" style=\"background-color:#8df8fc\">Los ex\u00e1menes ser\u00e1n los d\u00edas <strong>11 de Marzo de 2023 (examen escrito) a las 9:00 hs. y 18 de Marzo de 2023 a las 9:00 hs. (examen oral)<\/strong> El ex\u00e1men escrito se tomar\u00e1 en la Sede Salta (Salta 2309, San Justo). Y el examen oral en H. Yrigoyen 2451, frente a la plaza de San Justo.<\/p>\n\n\n\n<p class=\"has-vivid-red-color has-text-color has-background has-large-font-size\" style=\"background-color:#8df8fc\"><strong>\u00a1No te olvides el DNI!<\/strong><\/p>\n\n\n\n<p><\/p>\n\n\n\n<p class=\"has-black-color has-luminous-vivid-amber-background-color has-text-color has-background has-large-font-size\">En el siguiente <a href=\"https:\/\/drive.google.com\/drive\/folders\/1O-8GwN_vNeyi0a60cATdAp3cF3ylGQbt?usp=sharing\"><strong>link<\/strong><\/a> se encuentra la bibliograf\u00eda. Los cuentos cortos son lectura obligatoria para el desarrollo del examen oral y el resto de la bibliograf\u00eda es para pr\u00e1ctica y estudio.<\/p>\n\n\n\n<p class=\"has-text-align-center has-background has-large-font-size\" style=\"background-color:#b080dd\"><strong><a href=\"https:\/\/isfd88-bue.infd.edu.ar\/sitio\/curso-de-ingreso-ingles-cufba-2023\/\">CUFBA (Curso de Formaci\u00f3n B\u00e1sica)<\/a><\/strong><\/p>\n\n\n\n<p class=\"has-pale-cyan-blue-background-color has-background has-medium-font-size\">El Instituto cuenta con la oferta de un <strong>Curso de Formaci\u00f3n B\u00e1sica, CUFBA<\/strong>, para aquellos y aquellas aspirantes que deseen mejorar el nivel de idioma y rendir la prueba de suficiencia al a\u00f1o siguiente. Asimismo, quienes no aprueban la Prueba de Suficiencia pueden inscribirse en este curso para rendir nuevamente en el pr\u00f3ximo ciclo lectivo.<\/p>\n\n\n\n<p class=\"has-pale-cyan-blue-background-color has-background has-medium-font-size\">La inscripci\u00f3n al CUFBA se realiza a finalizada la Prueba de suficiencia. Tiene una duraci\u00f3n de un a\u00f1o y las clases son semanales, en distintos turnos. La informaci\u00f3n sobre la inscripci\u00f3n se encuentra en la secci\u00f3n CUFBA 2023.<\/p>\n\n\n\n<p><\/p>\n\n\n\n<p><a href=\"https:\/\/isfd88-bue.infd.edu.ar\/sitio\/upload\/if_2017_05137706_gdeba_cgcyedgcye_1.pdf\">Plan de estudios <\/a><\/p>\n","protected":false},"excerpt":{"rendered":"<p>Profesorado de Ingl\u00e9s La ense\u00f1anza del ingl\u00e9s como lengua extranjera se encuentra vigente en los niveles primario y secundario, constituy\u00e9ndose como un espacio curricular en la educaci\u00f3n obligatoria en la Provincia de Buenos Aires. Por esto, la ense\u00f1anza del ingl\u00e9s forma parte de la alfabetizaci\u00f3n de los y las estudiantes del nivel primario y de &#8230; <a title=\"INGL\u00c9S\" class=\"read-more\" href=\"https:\/\/isfd88-bue.infd.edu.ar\/sitio\/ingles-2\/\" aria-label=\"More on INGL\u00c9S\">[+]<\/a><\/p>\n","protected":false},"author":2562,"featured_media":0,"parent":0,"menu_order":0,"comment_status":"closed","ping_status":"closed","template":"","meta":[],"acf":[],"_links":{"self":[{"href":"https:\/\/isfd88-bue.infd.edu.ar\/sitio\/wp-json\/wp\/v2\/pages\/4011"}],"collection":[{"href":"https:\/\/isfd88-bue.infd.edu.ar\/sitio\/wp-json\/wp\/v2\/pages"}],"about":[{"href":"https:\/\/isfd88-bue.infd.edu.ar\/sitio\/wp-json\/wp\/v2\/types\/page"}],"author":[{"embeddable":true,"href":"https:\/\/isfd88-bue.infd.edu.ar\/sitio\/wp-json\/wp\/v2\/users\/2562"}],"replies":[{"embeddable":true,"href":"https:\/\/isfd88-bue.infd.edu.ar\/sitio\/wp-json\/wp\/v2\/comments?post=4011"}],"version-history":[{"count":16,"href":"https:\/\/isfd88-bue.infd.edu.ar\/sitio\/wp-json\/wp\/v2\/pages\/4011\/revisions"}],"predecessor-version":[{"id":5086,"href":"https:\/\/isfd88-bue.infd.edu.ar\/sitio\/wp-json\/wp\/v2\/pages\/4011\/revisions\/5086"}],"wp:attachment":[{"href":"https:\/\/isfd88-bue.infd.edu.ar\/sitio\/wp-json\/wp\/v2\/media?parent=4011"}],"curies":[{"name":"wp","href":"https:\/\/api.w.org\/{rel}","templated":true}]}}