{"id":4121,"date":"2022-02-08T19:18:17","date_gmt":"2022-02-08T22:18:17","guid":{"rendered":"https:\/\/isfd88-bue.infd.edu.ar\/sitio\/?page_id=4121"},"modified":"2022-02-08T19:29:43","modified_gmt":"2022-02-08T22:29:43","slug":"programas-profesorado-de-lengua-y-literatura","status":"publish","type":"page","link":"https:\/\/isfd88-bue.infd.edu.ar\/sitio\/programas-profesorado-de-lengua-y-literatura\/","title":{"rendered":"Programas Profesorado de lengua y literatura"},"content":{"rendered":"\n<p>En esta secci\u00f3n encontrar\u00e1s los programas correspondientes a cada a\u00f1o y materia. Para ello, deber\u00e1s hacer click en el a\u00f1o deseado para acceder al a\u00f1o <\/p>\n\n\n\n<ul><li><a rel=\"noreferrer noopener\" href=\"https:\/\/isfd88-bue.infd.edu.ar\/sitio\/programas-2014-2015-2016-4\/\" data-type=\"URL\" data-id=\"https:\/\/isfd88-bue.infd.edu.ar\/sitio\/programas-2014-2015-2016-4\/\" target=\"_blank\">Programas 2014\/2015 y 2016<\/a><\/li><li><a rel=\"noreferrer noopener\" href=\"https:\/\/isfd88-bue.infd.edu.ar\/sitio\/programas-2017\/\" data-type=\"URL\" data-id=\"https:\/\/isfd88-bue.infd.edu.ar\/sitio\/programas-2017\/\" target=\"_blank\">Programas 2017<\/a><\/li><li><a href=\"https:\/\/isfd88-bue.infd.edu.ar\/sitio\/programas-2018-plan-viejo\/\" data-type=\"URL\" data-id=\"https:\/\/isfd88-bue.infd.edu.ar\/sitio\/programas-2018-plan-viejo\/\" target=\"_blank\" rel=\"noreferrer noopener\">Programas 2018- plan viejo<\/a><\/li><li><a href=\"https:\/\/isfd88-bue.infd.edu.ar\/sitio\/programas-2018-plan-nuevo\/\" data-type=\"URL\" data-id=\"https:\/\/isfd88-bue.infd.edu.ar\/sitio\/programas-2018-plan-nuevo\/\" target=\"_blank\" rel=\"noreferrer noopener\">Programas 2018- plan nuevo<\/a><\/li><li><a href=\"https:\/\/isfd88-bue.infd.edu.ar\/sitio\/programas-2019_lengua\/\" data-type=\"URL\" data-id=\"https:\/\/isfd88-bue.infd.edu.ar\/sitio\/programas-2019_lengua\/\" target=\"_blank\" rel=\"noreferrer noopener\">Programas 2019<\/a><\/li><li><a href=\"https:\/\/isfd88-bue.infd.edu.ar\/sitio\/programas-2020_-lengua-y-literatura\/\" data-type=\"URL\" data-id=\"https:\/\/isfd88-bue.infd.edu.ar\/sitio\/programas-2020_-lengua-y-literatura\/\" target=\"_blank\" rel=\"noreferrer noopener\">Programas 2020<\/a><\/li><li><a href=\"https:\/\/isfd88-bue.infd.edu.ar\/sitio\/programas-2021_-lengua-y-literatura\/\" data-type=\"URL\" data-id=\"https:\/\/isfd88-bue.infd.edu.ar\/sitio\/programas-2021_-lengua-y-literatura\/\" target=\"_blank\" rel=\"noreferrer noopener\">Programas 2021<\/a><\/li><\/ul>\n\n\n\n<p><\/p>\n","protected":false},"excerpt":{"rendered":"<p>En esta secci\u00f3n encontrar\u00e1s los programas correspondientes a cada a\u00f1o y materia. Para ello, deber\u00e1s hacer click en el a\u00f1o deseado para acceder al a\u00f1o Programas 2014\/2015 y 2016 Programas 2017 Programas 2018- plan viejo Programas 2018- plan nuevo Programas 2019 Programas 2020 Programas 2021<\/p>\n","protected":false},"author":2544,"featured_media":0,"parent":0,"menu_order":0,"comment_status":"closed","ping_status":"closed","template":"","meta":[],"acf":[],"_links":{"self":[{"href":"https:\/\/isfd88-bue.infd.edu.ar\/sitio\/wp-json\/wp\/v2\/pages\/4121"}],"collection":[{"href":"https:\/\/isfd88-bue.infd.edu.ar\/sitio\/wp-json\/wp\/v2\/pages"}],"about":[{"href":"https:\/\/isfd88-bue.infd.edu.ar\/sitio\/wp-json\/wp\/v2\/types\/page"}],"author":[{"embeddable":true,"href":"https:\/\/isfd88-bue.infd.edu.ar\/sitio\/wp-json\/wp\/v2\/users\/2544"}],"replies":[{"embeddable":true,"href":"https:\/\/isfd88-bue.infd.edu.ar\/sitio\/wp-json\/wp\/v2\/comments?post=4121"}],"version-history":[{"count":4,"href":"https:\/\/isfd88-bue.infd.edu.ar\/sitio\/wp-json\/wp\/v2\/pages\/4121\/revisions"}],"predecessor-version":[{"id":4165,"href":"https:\/\/isfd88-bue.infd.edu.ar\/sitio\/wp-json\/wp\/v2\/pages\/4121\/revisions\/4165"}],"wp:attachment":[{"href":"https:\/\/isfd88-bue.infd.edu.ar\/sitio\/wp-json\/wp\/v2\/media?parent=4121"}],"curies":[{"name":"wp","href":"https:\/\/api.w.org\/{rel}","templated":true}]}}