{"id":4367,"date":"2022-05-02T21:05:51","date_gmt":"2022-05-03T00:05:51","guid":{"rendered":"https:\/\/isfd88-bue.infd.edu.ar\/sitio\/?page_id=4367"},"modified":"2022-08-02T12:39:14","modified_gmt":"2022-08-02T15:39:14","slug":"programas-2022_primaria","status":"publish","type":"page","link":"https:\/\/isfd88-bue.infd.edu.ar\/sitio\/programas-2022_primaria\/","title":{"rendered":"PROGRAMAS 2022_PRIMARIA"},"content":{"rendered":"\n<figure class=\"wp-block-table\"><table><tbody><tr><td><strong>Curso<\/strong><\/td><td><strong>Materia<\/strong><\/td><td><strong>Docente<\/strong><\/td><\/tr><tr><td>1\u00b0 C<\/td><td><a href=\"https:\/\/isfd88-bue.infd.edu.ar\/sitio\/wp-content\/uploads\/2022\/07\/2022_EP_Planificacion_Vega.pdf\" target=\"_blank\" rel=\"noreferrer noopener\">Taller de lectura, escritura y oralidad.<\/a><\/td><td>Elizabeth Vega<\/td><\/tr><tr><td>1\u00b0 C<\/td><td><a href=\"https:\/\/isfd88-bue.infd.edu.ar\/sitio\/wp-content\/uploads\/2022\/05\/PROGRAMA-2022-TPLM-1ro-C.pdf\" target=\"_blank\" rel=\"noreferrer noopener\">Taller de pensamiento l\u00f3gico-matem\u00e1tico<\/a><\/td><td>Tatiana Benitez<\/td><\/tr><tr><td>1\u00b0 C&nbsp;<\/td><td><a href=\"https:\/\/isfd88-bue.infd.edu.ar\/sitio\/wp-content\/uploads\/2022\/05\/Taller-de-Teatro-1.pdf\" target=\"_blank\" rel=\"noreferrer noopener\">TFO: Teatro<\/a><\/td><td>Eduardo Caballero<\/td><\/tr><tr><td>1\u00b0 C&nbsp;<\/td><td><a href=\"https:\/\/isfd88-bue.infd.edu.ar\/sitio\/wp-content\/uploads\/2022\/07\/2022_-PRIMARIA-_1\u00b0C-_Cecilia-Paz.pdf\" target=\"_blank\" rel=\"noreferrer noopener\">TFO: Narraci\u00f3n Oral<\/a><\/td><td>Cecilia Paz<\/td><\/tr><tr><td>1\u00b0 C<\/td><td><a href=\"https:\/\/isfd88-bue.infd.edu.ar\/sitio\/wp-content\/uploads\/2022\/05\/2022_PRIMARIA_PSICOLOGIA-DEL-DESARROLLO-Y-DEL-APRENDIZAJE-1_1C_PAIVA.pdf\" target=\"_blank\" rel=\"noreferrer noopener\">Psicolog\u00eda del desarrollo y aprendizaje I<\/a><\/td><td>Daniela Paiva<\/td><\/tr><tr><td>1\u00b0 C<\/td><td><a href=\"https:\/\/isfd88-bue.infd.edu.ar\/sitio\/wp-content\/uploads\/2022\/05\/programa-Arte-y-Ed.-2022.pdf\" target=\"_blank\" rel=\"noreferrer noopener\">Arte y Educaci\u00f3n<\/a><\/td><td>Graciela Favot<\/td><\/tr><tr><td>1\u00b0 C&nbsp;<\/td><td><a href=\"https:\/\/isfd88-bue.infd.edu.ar\/sitio\/wp-content\/uploads\/2022\/06\/88-programa-Corp-y-Motr-PP.pdf\" target=\"_blank\" rel=\"noreferrer noopener\">Corporeidad y motricidad<\/a><\/td><td>Fernando Marciello<\/td><\/tr><tr><td>1\u00b0 C<\/td><td><a href=\"https:\/\/isfd88-bue.infd.edu.ar\/sitio\/wp-content\/uploads\/2022\/05\/Filosofia-1aC-Programa-2022.pdf\" target=\"_blank\" rel=\"noreferrer noopener\">Filosof\u00eda<\/a><\/td><td>Nora Mart\u00ednez<\/td><\/tr><tr><td>1\u00b0 C<\/td><td><a href=\"https:\/\/isfd88-bue.infd.edu.ar\/sitio\/wp-content\/uploads\/2022\/05\/Planificacion-Didactica-General-1o-C-Primaria-88-2022.pdf\" target=\"_blank\" rel=\"noreferrer noopener\">Did\u00e1ctica General<\/a><\/td><td>Anal\u00eda Juiz<\/td><\/tr><tr><td>1\u00b0 C<\/td><td><a href=\"https:\/\/isfd88-bue.infd.edu.ar\/sitio\/wp-content\/uploads\/2022\/06\/2022_Primaria_Pedagogia_PEREDO.pdf\" target=\"_blank\" rel=\"noreferrer noopener\">Pedagog\u00eda<\/a><\/td><td>L\u00eda Peredo<\/td><\/tr><tr><td>1\u00b0 C&nbsp;<\/td><td><a href=\"https:\/\/isfd88-bue.infd.edu.ar\/sitio\/wp-content\/uploads\/2022\/06\/ISFD-88-PROGRAMA-2022-AMUC-.pdf\" target=\"_blank\" rel=\"noreferrer noopener\">An\u00e1lisis del mundo contempor\u00e1neo<\/a><\/td><td>Christian Avalos<\/td><\/tr><tr><td>1\u00b0 C<\/td><td><a href=\"https:\/\/isfd88-bue.infd.edu.ar\/sitio\/wp-content\/uploads\/2022\/05\/Programa-de-campo-Pereyro-y-Viola.pdf\" target=\"_blank\" rel=\"noreferrer noopener\">Campo de la Pr\u00e1ctica 1<\/a><\/td><td>Claudia Viola- M\u00f3nica Patito<\/td><\/tr><tr><td>1\u00b0 C&nbsp;<\/td><td><a href=\"https:\/\/isfd88-bue.infd.edu.ar\/sitio\/wp-content\/uploads\/2022\/05\/2022_-PRIMARIA_TFO_EDUCACION-SEXUAL-INTEGRAL_1\u00b0C_ACOSTA-Marina.pdf\" target=\"_blank\" rel=\"noreferrer noopener\">TFO: ESI<\/a><\/td><td>Marina Acosta<\/td><\/tr><\/tbody><\/table><\/figure>\n\n\n\n<h2 class=\"wp-block-heading\">SEGUNDO A\u00d1O<\/h2>\n\n\n\n<figure class=\"wp-block-table\"><table><tbody><tr><td><strong>Curso<\/strong><\/td><td><strong>Materia<\/strong><\/td><td><strong>Docente<\/strong><\/td><\/tr><tr><td>2\u00b0 C<\/td><td><a href=\"https:\/\/isfd88-bue.infd.edu.ar\/sitio\/wp-content\/uploads\/2022\/05\/PROGRAMA-PAIVA_PSICOLOGIA-2_2C.pdf\" target=\"_blank\" rel=\"noreferrer noopener\">Psicolog\u00eda del desarrollo y aprendizaje II<\/a><\/td><td>Daniela Paiva<\/td><\/tr><tr><td>2\u00b0 C&nbsp;<\/td><td><a href=\"https:\/\/isfd88-bue.infd.edu.ar\/sitio\/wp-content\/uploads\/2022\/07\/Programa-2022-Psicologia-social.pdf\" target=\"_blank\" rel=\"noreferrer noopener\">Psicolog\u00eda Social e Institucional<\/a><\/td><td>Alejandra Armentano<\/td><\/tr><tr><td>2\u00b0 C&nbsp;<\/td><td><a href=\"https:\/\/isfd88-bue.infd.edu.ar\/sitio\/wp-content\/uploads\/2022\/06\/CCE-2do-primaria-2022.pdf\">Cultura, Comunicaci\u00f3n y Educaci\u00f3n.<\/a><\/td><td>Hilda Cinalli<\/td><\/tr><tr><td>2\u00b0 C<\/td><td><a href=\"https:\/\/isfd88-bue.infd.edu.ar\/sitio\/wp-content\/uploads\/2022\/05\/2022_PRIMARIA_EDUCACION-ARTISTICA_2C_PEREZ-ALVAREZ.pdf\" target=\"_blank\" rel=\"noreferrer noopener\">Educaci\u00f3n Art\u00edstica<\/a><\/td><td>Leandro Perez Alvarez<\/td><\/tr><tr><td>2\u00b0 C<\/td><td><a href=\"https:\/\/isfd88-bue.infd.edu.ar\/sitio\/wp-content\/uploads\/2022\/05\/PROGRAMA-DE-DIDACTICA-DE-LAS-PRACTICAS-DEL-LENGUAJE-2\u00b0C-ISFD-88-2022-.pd\" target=\"_blank\" rel=\"noreferrer noopener\">Did\u00e1ctica de Pr\u00e1cticas de lenguaje y la literatura I<\/a><\/td><td>Natalia Cavani<\/td><\/tr><tr><td>2\u00b0 C<\/td><td><a href=\"https:\/\/isfd88-bue.infd.edu.ar\/sitio\/wp-content\/uploads\/2022\/08\/2C-Did-CS_2022.pdf\" target=\"_blank\" rel=\"noreferrer noopener\">Did\u00e1ctica de las Ciencias Sociales.1<\/a><\/td><td>Maximiliano Ninni (Suplente de Muriel Gerace)<\/td><\/tr><tr><td>2\u00b0 C<\/td><td><a href=\"https:\/\/isfd88-bue.infd.edu.ar\/sitio\/wp-content\/uploads\/2022\/08\/2C-Did-CN_2022.pdf\" target=\"_blank\" rel=\"noreferrer noopener\">Did\u00e1ctica de las Ciencias Naturales I<\/a><\/td><td>Leticia Volturo<\/td><\/tr><tr><td>2\u00b0 C<\/td><td><a href=\"https:\/\/isfd88-bue.infd.edu.ar\/sitio\/wp-content\/uploads\/2022\/06\/Didactica-de-la-Matematica-I-2-C-2022.pdf\">Did\u00e1ctica de la Matem\u00e1tica I<\/a><\/td><td>Jorge Los Arcos<\/td><\/tr><tr><td>2\u00b0 C<\/td><td><a href=\"https:\/\/isfd88-bue.infd.edu.ar\/sitio\/wp-content\/uploads\/2022\/06\/2022_Primaria_Didactica-y-Curriculum_PEREDO.pdf\" target=\"_blank\" rel=\"noreferrer noopener\">Did\u00e1ctica y curriculum del nivel primario<\/a><\/td><td>Lia Peredo&nbsp;<\/td><\/tr><tr><td>2\u00b0 C<\/td><td><a href=\"https:\/\/isfd88-bue.infd.edu.ar\/sitio\/wp-content\/uploads\/2022\/05\/Proyecto-de-Practicas-2-Ano-Primaria-2022.pdf\" target=\"_blank\" rel=\"noreferrer noopener\">Campo de la Pr\u00e1ctica 2<\/a><\/td><td>Nora Mart\u00ednez- Claudia Viola<\/td><\/tr><tr><td>2\u00b0 C&nbsp;<\/td><td><a href=\"https:\/\/isfd88-bue.infd.edu.ar\/sitio\/wp-content\/uploads\/2022\/05\/PROGRAMA-SEMINARIO-DE-HISTORIA-2022.pdf\" target=\"_blank\" rel=\"noreferrer noopener\">Seminario de Historia Argentina<\/a><\/td><td>Mirta Cardoso<\/td><\/tr><tr><td>2\u00b0 C<\/td><td><a href=\"https:\/\/isfd88-bue.infd.edu.ar\/sitio\/wp-content\/uploads\/2022\/05\/PROGRAMA-TEORIAS-SOCIOPOLITICAS-2\u00b0-C-2022.pdf\" target=\"_blank\" rel=\"noreferrer noopener\">Teor\u00edas sociopol\u00edticas de la educaci\u00f3n&nbsp;<\/a><\/td><td>Mirta Cardoso<\/td><\/tr><tr><td>2\u00b0 C&nbsp;<\/td><td><a href=\"https:\/\/isfd88-bue.infd.edu.ar\/sitio\/wp-content\/uploads\/2022\/07\/TFO-GEOGRAFIA-1.pdf\" target=\"_blank\" rel=\"noreferrer noopener\">Seminario de Geograf\u00eda Argentina<\/a><\/td><td>Javier Costa<\/td><\/tr><\/tbody><\/table><\/figure>\n\n\n\n<!--more-->\n\n\n\n<h2 class=\"wp-block-heading\">TERCER A\u00d1O<\/h2>\n\n\n\n<figure class=\"wp-block-table\"><table><tbody><tr><td><strong>Curso<\/strong><\/td><td><strong>Materia<\/strong><\/td><td><strong>Docente<\/strong><\/td><\/tr><tr><td>3\u00b0 C&nbsp;<\/td><td><a href=\"https:\/\/isfd88-bue.infd.edu.ar\/sitio\/wp-content\/uploads\/2022\/06\/MAV-Primaria-2022.pdf\">Medios audiovisuales, TICs y educaci\u00f3n<\/a><\/td><td>Hilda Cinalli<\/td><\/tr><tr><td>3\u00b0 C&nbsp;<\/td><td><a href=\"https:\/\/isfd88-bue.infd.edu.ar\/sitio\/wp-content\/uploads\/2022\/05\/PLANIFICACION-CONFIGURACIONES-CULTURALES-2022.pdf\" target=\"_blank\" rel=\"noreferrer noopener\">Configuraciones culturales del sujeto de primaria<\/a><\/td><td>Silvia Marino<\/td><\/tr><tr><td>3\u00b0 C<\/td><td><a href=\"https:\/\/isfd88-bue.infd.edu.ar\/sitio\/wp-content\/uploads\/2022\/07\/PROGRAMA-primaria-88-E.F.-2022.pdf\" target=\"_blank\" rel=\"noreferrer noopener\">Educaci\u00f3n f\u00edsica escolar.<\/a><\/td><td>Luis Visconti<\/td><\/tr><tr><td>3\u00b0 C<\/td><td><a href=\"https:\/\/isfd88-bue.infd.edu.ar\/sitio\/wp-content\/uploads\/2022\/07\/Didactica-de-las-Practicas-del-lenguaje-y-la-literatura-II-2022.pdf\" target=\"_blank\" rel=\"noreferrer noopener\">Did\u00e1ctica de Pr\u00e1cticas de lenguaje y la literatura II<\/a><\/td><td>Marcela Caraballo<\/td><\/tr><tr><td>3\u00b0 C<\/td><td><a href=\"https:\/\/isfd88-bue.infd.edu.ar\/sitio\/wp-content\/uploads\/2021\/06\/PROGRAMA_Didactica_de_las_Ciencias_Sociales_II__MAINIERI.pdf\">Did\u00e1ctica de las Ciencias Sociales II<\/a><\/td><td> Muriel Gerace<\/td><\/tr><tr><td>3\u00b0 C<\/td><td><a href=\"https:\/\/isfd88-bue.infd.edu.ar\/sitio\/wp-content\/uploads\/2022\/07\/3\u00b0C-Did-CN-II-Marzo-2022.pdf\" target=\"_blank\" rel=\"noreferrer noopener\">Did\u00e1ctica de las Ciencias Naturales II<\/a><\/td><td>Mary Ruina<\/td><\/tr><tr><td>3\u00b0 C<\/td><td><a href=\"https:\/\/isfd88-bue.infd.edu.ar\/sitio\/wp-content\/uploads\/2022\/06\/Didactica-de-la-Matematica-II-3o-C-2022.pdf\">Did\u00e1ctica de la Matem\u00e1tica II<\/a><\/td><td>&nbsp;Jorge Los Arcos&nbsp;<\/td><\/tr><tr><td>3\u00b0 C<\/td><td><a href=\"https:\/\/isfd88-bue.infd.edu.ar\/sitio\/wp-content\/uploads\/2022\/08\/PROYECTO_HISTORIA_2022_88_PRIMARIA.pdf\" target=\"_blank\" rel=\"noreferrer noopener\">Historia y prospectiva de la educaci\u00f3n<\/a><\/td><td>Cristina Pe\u00f1a<\/td><\/tr><tr><td>3\u00b0 C<\/td><td><a href=\"https:\/\/isfd88-bue.infd.edu.ar\/sitio\/wp-content\/uploads\/2022\/06\/PROGRAMA-2022-Educacion-Primaria-Politica-Legislacion-y-Administracion-del-Trabajo-Escolar.pdf\">Pol\u00edtica, legislaci\u00f3n y administraci\u00f3n del trabajo escolar<\/a><\/td><td>Ricardo Unrein<\/td><\/tr><tr><td>3\u00b0 C<\/td><td><a href=\"https:\/\/isfd88-bue.infd.edu.ar\/sitio\/wp-content\/uploads\/2022\/05\/2022_PRACTICAIII_Primaria.pdf\" target=\"_blank\" rel=\"noreferrer noopener\">Campo de la Pr\u00e1ctica III<\/a><\/td><td>Fernanda Luna  &#8211; L\u00eda Peredo<\/td><\/tr><tr><td>3\u00b0 C&nbsp;<\/td><td>Herramientas de la Pr\u00e1ctica<\/td><td>Elisabeth Esp\u00f3sito \/ Laura Ayala<\/td><\/tr><tr><td>3\u00b0 C<\/td><td><a href=\"https:\/\/isfd88-bue.infd.edu.ar\/sitio\/wp-content\/uploads\/2022\/07\/TFO-_Alfabetizacion-Inicial_-Programa-Primaria-2022.pdf\" target=\"_blank\" rel=\"noreferrer noopener\">TFO: Alfabetizaci\u00f3n inicial<\/a><\/td><td>Gloria Seibert<\/td><\/tr><\/tbody><\/table><\/figure>\n\n\n\n<h2 class=\"wp-block-heading\">CUARTO A\u00d1O<\/h2>\n\n\n\n<figure class=\"wp-block-table\"><table><tbody><tr><td><strong>Curso<\/strong><\/td><td><strong>Materia<\/strong><\/td><td><strong>Docente<\/strong><\/td><\/tr><tr><td>4\u00b0 C<\/td><td><a href=\"https:\/\/isfd88-bue.infd.edu.ar\/sitio\/wp-content\/uploads\/2022\/07\/Programa-2022-Pedagogia-critica.pdf\" target=\"_blank\" rel=\"noreferrer noopener\">Pedagog\u00eda cr\u00edtica de las diferencia<\/a><\/td><td>Alejandra Armentano<\/td><\/tr><tr><td>4\u00b0 C<\/td><td><a href=\"https:\/\/isfd88-bue.infd.edu.ar\/sitio\/wp-content\/uploads\/2022\/07\/Programa-Mascitti-Ateneo-Primaria-2022.pdf\" target=\"_blank\" rel=\"noreferrer noopener\">Ateneo de pr\u00e1cticas del lenguaje y literatura.<\/a><\/td><td>Guillermo Mascitti<\/td><\/tr><tr><td>4\u00b0 C<\/td><td><a href=\"https:\/\/isfd88-bue.infd.edu.ar\/sitio\/wp-content\/uploads\/2022\/06\/ATENEO-DE-MATEMATICA-4o-2022.pdf\">Ateneo de Matem\u00e1tica<\/a><\/td><td>Jorge Los Arcos<\/td><\/tr><tr><td>4\u00b0 C<\/td><td><a href=\"https:\/\/isfd88-bue.infd.edu.ar\/sitio\/wp-content\/uploads\/2022\/07\/ATENEO-DE-CIENCIAS-SOCIALES-2-1.pdf\" target=\"_blank\" rel=\"noreferrer noopener\">Ateneo de Ciencias Sociales<\/a><\/td><td>Javier Costa<\/td><\/tr><tr><td>4\u00b0 C<\/td><td><a href=\"https:\/\/isfd88-bue.infd.edu.ar\/sitio\/wp-content\/uploads\/2022\/07\/2022-Ateneo-de-Ciencias-Naturales.pdf\" target=\"_blank\" rel=\"noreferrer noopener\">Ateneo de Ciencias Naturales<\/a><\/td><td>Cristina Landi<\/td><\/tr><tr><td>4\u00b0 C<\/td><td><a href=\"https:\/\/isfd88-bue.infd.edu.ar\/sitio\/wp-content\/uploads\/2022\/07\/2022-Reflexion_filosofica_de_la_educacion_88.docx.pdf\" target=\"_blank\" rel=\"noreferrer noopener\">Reflexi\u00f3n filos\u00f3fica de la educaci\u00f3n.<\/a><\/td><td>Javier Sancho<\/td><\/tr><tr><td>4\u00b0 C<\/td><td><a href=\"https:\/\/isfd88-bue.infd.edu.ar\/sitio\/wp-content\/uploads\/2022\/07\/2022-Dimesion_etico-politica_de_la_praxis_docentes.pdf\" target=\"_blank\" rel=\"noreferrer noopener\">Dimensi\u00f3n \u00e9tico-pol\u00edtica de la praxis docente.<\/a><\/td><td>Javier Sancho<\/td><\/tr><tr><td>4\u00b0 C<\/td><td><a href=\"https:\/\/isfd88-bue.infd.edu.ar\/sitio\/wp-content\/uploads\/2022\/07\/2022_CP-4-Educacion-Primaria.pdf\" target=\"_blank\" rel=\"noreferrer noopener\">Campo de la Pr\u00e1ctica docente IV<\/a><\/td><td>Laura Van Rafelghem \u2013 Fernanda luna<\/td><\/tr><tr><td>4\u00b0 C<\/td><td><a href=\"Infancia y discapacidad\" target=\"_blank\" rel=\"noreferrer noopener\">TFO: Infancia y discapacidad<\/a><\/td><td>Luis Visconti<\/td><\/tr><tr><td>4\u00b0 C<\/td><td><a href=\"https:\/\/isfd88-bue.infd.edu.ar\/sitio\/wp-content\/uploads\/2022\/07\/Programa-TFO-Folklore-88-pdf.pdf\" target=\"_blank\" rel=\"noreferrer noopener\">TFO: Folklore<\/a><\/td><td>Gabriela P\u00e9rez Bloise<\/td><\/tr><tr><td>4\u00b0 C<\/td><td>TFO: Alfabetizaci\u00f3n digital<\/td><td>Francisco Salas<\/td><\/tr><\/tbody><\/table><\/figure>\n\n\n\n<p><\/p>\n","protected":false},"excerpt":{"rendered":"<p>Curso Materia Docente 1\u00b0 C Taller de lectura, escritura y oralidad. Elizabeth Vega 1\u00b0 C Taller de pensamiento l\u00f3gico-matem\u00e1tico Tatiana Benitez 1\u00b0 C&nbsp; TFO: Teatro Eduardo Caballero 1\u00b0 C&nbsp; TFO: Narraci\u00f3n Oral Cecilia Paz 1\u00b0 C Psicolog\u00eda del desarrollo y aprendizaje I Daniela Paiva 1\u00b0 C Arte y Educaci\u00f3n Graciela Favot 1\u00b0 C&nbsp; Corporeidad y &#8230; <a title=\"PROGRAMAS 2022_PRIMARIA\" class=\"read-more\" href=\"https:\/\/isfd88-bue.infd.edu.ar\/sitio\/programas-2022_primaria\/\" aria-label=\"More on PROGRAMAS 2022_PRIMARIA\">[+]<\/a><\/p>\n","protected":false},"author":2544,"featured_media":0,"parent":0,"menu_order":0,"comment_status":"closed","ping_status":"closed","template":"","meta":[],"acf":[],"_links":{"self":[{"href":"https:\/\/isfd88-bue.infd.edu.ar\/sitio\/wp-json\/wp\/v2\/pages\/4367"}],"collection":[{"href":"https:\/\/isfd88-bue.infd.edu.ar\/sitio\/wp-json\/wp\/v2\/pages"}],"about":[{"href":"https:\/\/isfd88-bue.infd.edu.ar\/sitio\/wp-json\/wp\/v2\/types\/page"}],"author":[{"embeddable":true,"href":"https:\/\/isfd88-bue.infd.edu.ar\/sitio\/wp-json\/wp\/v2\/users\/2544"}],"replies":[{"embeddable":true,"href":"https:\/\/isfd88-bue.infd.edu.ar\/sitio\/wp-json\/wp\/v2\/comments?post=4367"}],"version-history":[{"count":44,"href":"https:\/\/isfd88-bue.infd.edu.ar\/sitio\/wp-json\/wp\/v2\/pages\/4367\/revisions"}],"predecessor-version":[{"id":4803,"href":"https:\/\/isfd88-bue.infd.edu.ar\/sitio\/wp-json\/wp\/v2\/pages\/4367\/revisions\/4803"}],"wp:attachment":[{"href":"https:\/\/isfd88-bue.infd.edu.ar\/sitio\/wp-json\/wp\/v2\/media?parent=4367"}],"curies":[{"name":"wp","href":"https:\/\/api.w.org\/{rel}","templated":true}]}}