{"id":5246,"date":"2023-09-01T12:40:20","date_gmt":"2023-09-01T15:40:20","guid":{"rendered":"https:\/\/isfd88-bue.infd.edu.ar\/sitio\/?page_id=5246"},"modified":"2024-04-18T09:36:26","modified_gmt":"2024-04-18T12:36:26","slug":"cipe","status":"publish","type":"page","link":"https:\/\/isfd88-bue.infd.edu.ar\/sitio\/cipe\/","title":{"rendered":"CIPE"},"content":{"rendered":"\n<p class=\"has-luminous-dusk-gradient-background has-background has-medium-font-size\"><strong>Coordinador Institucional de Pol\u00edticas Estudiantiles<\/strong><\/p>\n\n\n\n<p class=\"has-luminous-dusk-gradient-background has-background\"><strong>El CIPE tiene la funci\u00f3n de promover y articular acciones que promuevan y fortalezcan la participaci\u00f3n de los estudiantes durante su trayectoria educativa.Y a su vez alienten la participaci\u00f3n de las distintas voces entre estudiantes y docentes ,como as\u00ed tambi\u00e9n con los directivos.<\/strong><\/p>\n\n\n\n<p class=\"has-text-color has-medium-font-size\" style=\"color:#1b0ef3\"><strong>CANAL DE COMUNICACION<\/strong><\/p>\n\n\n\n<p class=\"has-medium-font-size\">Ante cualquier duda que tengas con respecto a tu beca \u2013 boleto estudiantil \u2013 o duda que se te presente ,aqu\u00ed estaremos para responder tus preguntas.<\/p>\n\n\n\n<p class=\"has-text-align-center has-electric-grass-gradient-background has-background has-medium-font-size\"><strong>NOMBRE:<\/strong> Leandro Perez <\/p>\n\n\n\n<p class=\"has-text-align-center has-electric-grass-gradient-background has-background has-medium-font-size\"><strong>Mail:<\/strong>&nbsp; cipeisfd88@gmail.com<\/p>\n\n\n\n<p><\/p>\n","protected":false},"excerpt":{"rendered":"<p>Coordinador Institucional de Pol\u00edticas Estudiantiles El CIPE tiene la funci\u00f3n de promover y articular acciones que promuevan y fortalezcan la participaci\u00f3n de los estudiantes durante su trayectoria educativa.Y a su vez alienten la participaci\u00f3n de las distintas voces entre estudiantes y docentes ,como as\u00ed tambi\u00e9n con los directivos. CANAL DE COMUNICACION Ante cualquier duda que &#8230; <a title=\"CIPE\" class=\"read-more\" href=\"https:\/\/isfd88-bue.infd.edu.ar\/sitio\/cipe\/\" aria-label=\"More on CIPE\">[+]<\/a><\/p>\n","protected":false},"author":573,"featured_media":0,"parent":0,"menu_order":0,"comment_status":"closed","ping_status":"closed","template":"","meta":[],"acf":[],"_links":{"self":[{"href":"https:\/\/isfd88-bue.infd.edu.ar\/sitio\/wp-json\/wp\/v2\/pages\/5246"}],"collection":[{"href":"https:\/\/isfd88-bue.infd.edu.ar\/sitio\/wp-json\/wp\/v2\/pages"}],"about":[{"href":"https:\/\/isfd88-bue.infd.edu.ar\/sitio\/wp-json\/wp\/v2\/types\/page"}],"author":[{"embeddable":true,"href":"https:\/\/isfd88-bue.infd.edu.ar\/sitio\/wp-json\/wp\/v2\/users\/573"}],"replies":[{"embeddable":true,"href":"https:\/\/isfd88-bue.infd.edu.ar\/sitio\/wp-json\/wp\/v2\/comments?post=5246"}],"version-history":[{"count":5,"href":"https:\/\/isfd88-bue.infd.edu.ar\/sitio\/wp-json\/wp\/v2\/pages\/5246\/revisions"}],"predecessor-version":[{"id":5755,"href":"https:\/\/isfd88-bue.infd.edu.ar\/sitio\/wp-json\/wp\/v2\/pages\/5246\/revisions\/5755"}],"wp:attachment":[{"href":"https:\/\/isfd88-bue.infd.edu.ar\/sitio\/wp-json\/wp\/v2\/media?parent=5246"}],"curies":[{"name":"wp","href":"https:\/\/api.w.org\/{rel}","templated":true}]}}