{"id":5250,"date":"2023-09-01T12:41:01","date_gmt":"2023-09-01T15:41:01","guid":{"rendered":"https:\/\/isfd88-bue.infd.edu.ar\/sitio\/?page_id=5250"},"modified":"2025-12-10T09:20:00","modified_gmt":"2025-12-10T12:20:00","slug":"ingreso-2024","status":"publish","type":"page","link":"https:\/\/isfd88-bue.infd.edu.ar\/sitio\/ingreso-2024\/","title":{"rendered":"INGRESO 2026"},"content":{"rendered":"\n<p class=\"has-background has-medium-font-size\" style=\"background:linear-gradient(135deg,rgb(255,206,236) 38%,rgb(152,150,240) 52%)\"><strong>Paso 1: primero realizar la inscripci\u00f3n online, por medio de los links en nuestra p\u00e1gina web.<\/strong><\/p>\n\n\n\n<p class=\"has-background has-medium-font-size\" style=\"background:linear-gradient(135deg,rgb(255,206,236) 38%,rgb(152,150,240) 52%)\"><strong>Paso 2: Confirmar la inscripci\u00f3n entregando la documentaci\u00f3n en formato papel en Sede Yrigoyen, los d\u00edas 17, 18 y 19 de Diciembre de 18:30 a 21:00 hs<\/strong>.<\/p>\n\n\n\n<div class=\"wp-block-group has-background is-vertical is-layout-flex wp-container-3\" style=\"background:linear-gradient(135deg,rgb(252,185,0) 43%,rgb(255,105,0) 54%)\">\n<div class=\"wp-block-group is-nowrap is-layout-flex wp-container-2\">\n<div class=\"wp-block-group is-vertical is-layout-flex wp-container-1\">\n<p class=\"has-background has-medium-font-size\" style=\"background:linear-gradient(135deg,rgb(252,185,0) 44%,rgb(255,105,0) 59%)\"><strong>Requisitos para inscribirte en cualquiera de nuestras carreras y <a rel=\"noreferrer noopener\" href=\"https:\/\/isfd88-bue.infd.edu.ar\/sitio\/curso-de-ingreso-ingles-cufba-2024\/?preview=true\" target=\"_blank\">CUFBA<\/a> 2026, debes contar con la siguiente documentaci\u00f3n:<\/strong><\/p>\n\n\n\n<ul class=\"has-background\" style=\"background:linear-gradient(135deg,rgba(252,185,0,0.67) 0%,rgb(255,105,0) 100%)\">\n<li class=\"has-medium-font-size\">T\u00edtulo secundario (ANAL\u00cdTICO: frente y dorso); Constancia de T\u00cdTULO ANAL\u00cdTICO EN TR\u00c1MITE (en papel y en formato digital).<\/li>\n\n\n\n<li class=\"has-medium-font-size\">DNI (Fotocopia y en formato digital<strong>).<\/strong><\/li>\n\n\n\n<li class=\"has-medium-font-size\">2 (dos) fotos carnet.<\/li>\n\n\n\n<li class=\"has-medium-font-size\">Formulario de inscripci\u00f3n: <a rel=\"noreferrer noopener\" href=\"https:\/\/isfd88-bue.infd.edu.ar\/sitio\/entrega-de-documentacion\/\" target=\"_blank\">tops:\/\/isfd88-bue.infd.edu.ar\/sitio\/entrega-de-documentacion\/<\/a><\/li>\n\n\n\n<li class=\"has-medium-font-size\">Carpeta de tres solapas de los siguientes colores seg\u00fan la carrera:<\/li>\n\n\n\n<li class=\"has-medium-font-size\">Ingl\u00e9s &#8211; verde.<\/li>\n\n\n\n<li class=\"has-medium-font-size\">Primaria &#8211; naranja.<\/li>\n\n\n\n<li class=\"has-medium-font-size\">Inicial &#8211; celeste.<\/li>\n\n\n\n<li class=\"has-medium-font-size\">Lengua &#8211; amarillo.<\/li>\n\n\n\n<li class=\"has-medium-font-size\">Tecnicaturas &#8211; rosa.<\/li>\n<\/ul>\n<\/div>\n<\/div>\n<\/div>\n\n\n\n<div class=\"wp-block-cover is-light\" style=\"min-height:313px\"><span aria-hidden=\"true\" class=\"wp-block-cover__background has-background-dim\"><\/span><div class=\"wp-block-cover__inner-container\">\n<div class=\"wp-block-group is-vertical is-layout-flex wp-container-4\">\n<p class=\"has-text-align-left has-background has-medium-font-size\" style=\"background:linear-gradient(135deg,rgb(202,248,128) 57%,rgb(113,206,126) 62%)\"><strong>Aspirantes que adeuden materias del nivel secundario tambi\u00e9n presentar\u00e1n la documentaci\u00f3n en formato papel<\/strong>.<\/p>\n\n\n\n<p class=\"has-electric-grass-gradient-background has-background has-medium-font-size\"><strong>Cuando completes el formulario de inscripci\u00f3n online recibir\u00e1s en tu mail una copia del formulario enviado. Por eso, es importante que coloques bien los datos del mail y que sea uno de uso frecuente. Te sugerimos que uses una cuenta de Gmail para esta inscripci\u00f3n.<\/strong> <\/p>\n<\/div>\n<\/div><\/div>\n\n\n\n<p class=\"has-text-align-center has-luminous-vivid-amber-to-luminous-vivid-orange-gradient-background has-background has-medium-font-size\"><strong>IMPORTANTE<\/strong><\/p>\n\n\n\n<p class=\"has-luminous-dusk-gradient-background has-background has-medium-font-size\"><strong>TUTORIAL PARA COMPLETAR EL FORMULARIO DE INSCRIPCI\u00d3N ONLINE<\/strong>:<\/p>\n\n\n\n<figure class=\"wp-block-video\"><video controls src=\"https:\/\/isfd88-bue.infd.edu.ar\/sitio\/wp-content\/uploads\/2023\/03\/INSCRIPCION-2023_-ISFD-88-LA-MATANZA-Tutorial-paso-a-paso-como-completar-el-formulario..mp4\"><\/video><\/figure>\n\n\n\n<div class=\"wp-block-group is-vertical is-layout-flex wp-container-5\">\n<p class=\"has-text-align-center has-cool-to-warm-spectrum-gradient-background has-background has-medium-font-size\"><strong>OFERTA DE CARRERAS DE TODOS LOS ISFD DE LA MATANZA EN LOS SIGUIENTES QR:<\/strong>                              <\/p>\n\n\n\n<div class=\"wp-block-file\"><object class=\"wp-block-file__embed\" data=\"https:\/\/isfd88-bue.infd.edu.ar\/sitio\/wp-content\/uploads\/2025\/11\/dIFUSION_OFERTA_REGIONAL1.pdf\" type=\"application\/pdf\" style=\"width:100%;height:700px\" aria-label=\"Incrustado de dIFUSION_OFERTA_REGIONAL1.\"><\/object><a id=\"wp-block-file--media-3a879729-2cab-44f2-ab2a-ed368cf4049a\" href=\"https:\/\/isfd88-bue.infd.edu.ar\/sitio\/wp-content\/uploads\/2025\/11\/dIFUSION_OFERTA_REGIONAL1.pdf\">dIFUSION_OFERTA_REGIONAL1<\/a><a href=\"https:\/\/isfd88-bue.infd.edu.ar\/sitio\/wp-content\/uploads\/2025\/11\/dIFUSION_OFERTA_REGIONAL1.pdf\" class=\"wp-block-file__button wp-element-button\" download aria-describedby=\"wp-block-file--media-3a879729-2cab-44f2-ab2a-ed368cf4049a\">Descarga<\/a><\/div>\n<\/div>\n","protected":false},"excerpt":{"rendered":"<p>Paso 1: primero realizar la inscripci\u00f3n online, por medio de los links en nuestra p\u00e1gina web. Paso 2: Confirmar la inscripci\u00f3n entregando la documentaci\u00f3n en formato papel en Sede Yrigoyen, los d\u00edas 17, 18 y 19 de Diciembre de 18:30 a 21:00 hs. Requisitos para inscribirte en cualquiera de nuestras carreras y CUFBA 2026, debes &#8230; <a title=\"INGRESO 2026\" class=\"read-more\" href=\"https:\/\/isfd88-bue.infd.edu.ar\/sitio\/ingreso-2024\/\" aria-label=\"More on INGRESO 2026\">[+]<\/a><\/p>\n","protected":false},"author":573,"featured_media":0,"parent":0,"menu_order":0,"comment_status":"closed","ping_status":"closed","template":"","meta":[],"acf":[],"_links":{"self":[{"href":"https:\/\/isfd88-bue.infd.edu.ar\/sitio\/wp-json\/wp\/v2\/pages\/5250"}],"collection":[{"href":"https:\/\/isfd88-bue.infd.edu.ar\/sitio\/wp-json\/wp\/v2\/pages"}],"about":[{"href":"https:\/\/isfd88-bue.infd.edu.ar\/sitio\/wp-json\/wp\/v2\/types\/page"}],"author":[{"embeddable":true,"href":"https:\/\/isfd88-bue.infd.edu.ar\/sitio\/wp-json\/wp\/v2\/users\/573"}],"replies":[{"embeddable":true,"href":"https:\/\/isfd88-bue.infd.edu.ar\/sitio\/wp-json\/wp\/v2\/comments?post=5250"}],"version-history":[{"count":107,"href":"https:\/\/isfd88-bue.infd.edu.ar\/sitio\/wp-json\/wp\/v2\/pages\/5250\/revisions"}],"predecessor-version":[{"id":6413,"href":"https:\/\/isfd88-bue.infd.edu.ar\/sitio\/wp-json\/wp\/v2\/pages\/5250\/revisions\/6413"}],"wp:attachment":[{"href":"https:\/\/isfd88-bue.infd.edu.ar\/sitio\/wp-json\/wp\/v2\/media?parent=5250"}],"curies":[{"name":"wp","href":"https:\/\/api.w.org\/{rel}","templated":true}]}}