{"id":5252,"date":"2023-09-01T12:41:37","date_gmt":"2023-09-01T15:41:37","guid":{"rendered":"https:\/\/isfd88-bue.infd.edu.ar\/sitio\/?page_id=5252"},"modified":"2025-12-19T10:47:57","modified_gmt":"2025-12-19T13:47:57","slug":"mesas-de-examenes","status":"publish","type":"page","link":"https:\/\/isfd88-bue.infd.edu.ar\/sitio\/mesas-de-examenes\/","title":{"rendered":"Mesas de ex\u00e1menes Febrero\/Marzo 2026"},"content":{"rendered":"\n<div class=\"wp-block-group has-blush-light-purple-gradient-background has-background has-medium-font-size is-layout-constrained\"><div class=\"wp-block-group__inner-container\">\n<p class=\"has-text-align-left has-text-color\" style=\"color:#f00808\"><strong>IMPORTANTE: se recuerda consultar el r\u00e9gimen de correlatividades de la carrera.<\/strong><\/p>\n\n\n\n<p><strong>HORARIOS DE MESAS DE EX\u00c1MENES: TURNO VESPERTINO &#8211; 18:00 hs.<\/strong> <\/p>\n\n\n\n<p>                                                                      <strong>TURNO MA\u00d1ANA (S\u00c1BADOS INCLUSIVE) &#8211; 8:00 hs.<\/strong><\/p>\n\n\n<div class=\"wp-block-image\">\n<figure class=\"aligncenter size-full is-resized\"><a href=\"https:\/\/docs.google.com\/spreadsheets\/d\/1UexQcdsp9HzFvH7an757SHBuwLVDbVs1\/edit?usp=sharing&amp;ouid=103280298268621181904&amp;rtpof=true&amp;sd=true\"><img decoding=\"async\" loading=\"lazy\" src=\"https:\/\/isfd88-bue.infd.edu.ar\/sitio\/wp-content\/uploads\/2023\/10\/book-1019740_1280.jpg\" alt=\"\" class=\"wp-image-5440\" width=\"175\" height=\"175\" srcset=\"https:\/\/isfd88-bue.infd.edu.ar\/sitio\/wp-content\/uploads\/2023\/10\/book-1019740_1280.jpg 1280w, https:\/\/isfd88-bue.infd.edu.ar\/sitio\/wp-content\/uploads\/2023\/10\/book-1019740_1280-1000x1000.jpg 1000w, https:\/\/isfd88-bue.infd.edu.ar\/sitio\/wp-content\/uploads\/2023\/10\/book-1019740_1280-500x500.jpg 500w, https:\/\/isfd88-bue.infd.edu.ar\/sitio\/wp-content\/uploads\/2023\/10\/book-1019740_1280-768x768.jpg 768w\" sizes=\"(max-width: 175px) 100vw, 175px\" \/><\/a><figcaption class=\"wp-element-caption\"><strong>CRONOGRAMA DE MESAS FEB\/MZO 2026<\/strong><\/figcaption><\/figure><\/div><\/div><\/div>\n\n\n\n<p class=\"has-text-align-left has-background\" style=\"background:linear-gradient(135deg,rgb(252,185,0) 0%,rgb(255,255,255) 62%,rgb(255,105,0) 100%)\"><strong>La inscripci\u00f3n a mesas de examen ser\u00e1 por medio del <a rel=\"noreferrer noopener\" href=\"http:\/\/ordenadoracademico.com\/Gestione\/Index.html\" target=\"_blank\">Ordenador Acad\u00e9mico<\/a><\/strong> <strong>de COHORTES 2018 a 2025 de todas las carreras; estudiantes de Lengua y Literatura e Ingl\u00e9s que realizaron el pase a Plan Nuevo; y estudiantes de Ingl\u00e9s de Turno Ma\u00f1ana.<\/strong> <\/p>\n\n\n\n<p class=\"has-contrast-color has-text-color has-background\" style=\"background:linear-gradient(337deg,rgb(252,185,0) 0%,rgb(255,105,0) 100%)\"><strong>Estudiantes que no cumplan con las condiciones mencionadas (Cohortes 2017 y anteriores<\/strong><strong>) deben inscribirse a trav\u00e9s de los siguientes Links:<\/strong><\/p>\n\n\n\n<p><strong>PROFESORADO DE EDUCACI\u00d3N INICIAL<\/strong><\/p>\n\n\n\n<p><a href=\"https:\/\/forms.gle\/VKk7qxD3Za8F3xFr7\">CURSOS A<\/a><\/p>\n\n\n\n<p><a href=\"https:\/\/forms.gle\/T1xTgcjLoAqzNSUR6\">CURSOS B <\/a><\/p>\n\n\n\n<p><strong>PROFESORADO DE EDUCACI\u00d3N PRIMARIA<\/strong><\/p>\n\n\n\n<p><a href=\"https:\/\/forms.gle\/bF7UosudHFHueq8K9\">1C&nbsp;&#8211; 2C &#8211;&nbsp;3C &#8211; &nbsp;4C<\/a>  <\/p>\n\n\n\n<p><strong>IMPORTANTE<\/strong><\/p>\n\n\n\n<p class=\"has-very-light-gray-to-cyan-bluish-gray-gradient-background has-background\"><strong>Ausentes y desaprobados, si bien quedan registrados en los libros de actas, no influyen en promedio de t\u00edtulos ni en la cantidad de llamados de los que disponen.<\/strong><\/p>\n\n\n\n<p class=\"has-very-light-gray-to-cyan-bluish-gray-gradient-background has-background\"><strong>El d\u00eda del examen deben concurrir a las 8:00 hs. en el turno ma\u00f1ana, 18:15 hs. en el vespertino y a las 8:00 hs. el d\u00eda s\u00e1bado. La tolerancia es hasta media hora posterior al inicio de la mesa examinadora<\/strong><\/p>\n\n\n\n<p class=\"has-pale-ocean-gradient-background has-background\"><strong>Los estudiantes deber\u00e1n concurrir con libreta de estudiante legalizada, con foto y en buenas condiciones.<\/strong><\/p>\n\n\n\n<p class=\"has-background\" style=\"background:linear-gradient(135deg,rgb(255,245,203) 0%,rgb(182,227,212) 36%,rgb(51,167,181) 100%)\"><strong>Si bien no se pone un l\u00edmite en la cantidad de estudiantes que pueden inscribirse, en caso de haber mas presentes que los estudiantes posibles de evaluar, se analizar\u00e1 al inicio de la mesa si es necesario el desdoblamiento.<\/strong><\/p>\n\n\n\n<p class=\"has-background\" style=\"background:linear-gradient(135deg,rgb(122,220,180) 73%,rgb(0,208,130) 100%)\"><strong>Si no est\u00e1n en las actas deber\u00e1n realizar la consulta en Preceptor\u00eda. Los profesores no tienen autorizaci\u00f3n para agregar estudiantes en las actas volantes.<\/strong><\/p>\n\n\n\n<p class=\"has-background\" style=\"background:linear-gradient(135deg,rgb(202,248,128) 53%,rgb(113,206,126) 100%)\"><strong>IMPORTANTE: Si vas a dar dos asignaturas correlativas entre s\u00ed durante este per\u00edodo, ten\u00e9s que acercarte a preceptor\u00eda el mismo d\u00eda que apruebes la primera de ellas, con la libreta de estudiante, a fin de que&nbsp;realicen el registro correspondiente a fin de habilitarte para rendir la correlativa. Caso contrario no vas a poder rendir la segunda asignatura<\/strong><\/p>\n\n\n\n<p class=\"has-background\" style=\"background:linear-gradient(135deg,rgb(254,205,165) 0%,rgb(254,45,45) 94%,rgb(107,0,62) 100%)\"><strong>Sugerimos dar prioridad a las asignaturas pendientes de primero y segundo a\u00f1o a la hora de elegir las asignaturas a rendir.<\/strong><\/p>\n","protected":false},"excerpt":{"rendered":"<p>IMPORTANTE: se recuerda consultar el r\u00e9gimen de correlatividades de la carrera. HORARIOS DE MESAS DE EX\u00c1MENES: TURNO VESPERTINO &#8211; 18:00 hs. TURNO MA\u00d1ANA (S\u00c1BADOS INCLUSIVE) &#8211; 8:00 hs. La inscripci\u00f3n a mesas de examen ser\u00e1 por medio del Ordenador Acad\u00e9mico de COHORTES 2018 a 2025 de todas las carreras; estudiantes de Lengua y Literatura e &#8230; <a title=\"Mesas de ex\u00e1menes Febrero\/Marzo 2026\" class=\"read-more\" href=\"https:\/\/isfd88-bue.infd.edu.ar\/sitio\/mesas-de-examenes\/\" aria-label=\"More on Mesas de ex\u00e1menes Febrero\/Marzo 2026\">[+]<\/a><\/p>\n","protected":false},"author":573,"featured_media":0,"parent":0,"menu_order":0,"comment_status":"closed","ping_status":"closed","template":"","meta":[],"acf":[],"_links":{"self":[{"href":"https:\/\/isfd88-bue.infd.edu.ar\/sitio\/wp-json\/wp\/v2\/pages\/5252"}],"collection":[{"href":"https:\/\/isfd88-bue.infd.edu.ar\/sitio\/wp-json\/wp\/v2\/pages"}],"about":[{"href":"https:\/\/isfd88-bue.infd.edu.ar\/sitio\/wp-json\/wp\/v2\/types\/page"}],"author":[{"embeddable":true,"href":"https:\/\/isfd88-bue.infd.edu.ar\/sitio\/wp-json\/wp\/v2\/users\/573"}],"replies":[{"embeddable":true,"href":"https:\/\/isfd88-bue.infd.edu.ar\/sitio\/wp-json\/wp\/v2\/comments?post=5252"}],"version-history":[{"count":48,"href":"https:\/\/isfd88-bue.infd.edu.ar\/sitio\/wp-json\/wp\/v2\/pages\/5252\/revisions"}],"predecessor-version":[{"id":6440,"href":"https:\/\/isfd88-bue.infd.edu.ar\/sitio\/wp-json\/wp\/v2\/pages\/5252\/revisions\/6440"}],"wp:attachment":[{"href":"https:\/\/isfd88-bue.infd.edu.ar\/sitio\/wp-json\/wp\/v2\/media?parent=5252"}],"curies":[{"name":"wp","href":"https:\/\/api.w.org\/{rel}","templated":true}]}}