{"id":5254,"date":"2023-09-01T12:42:05","date_gmt":"2023-09-01T15:42:05","guid":{"rendered":"https:\/\/isfd88-bue.infd.edu.ar\/sitio\/?page_id=5254"},"modified":"2023-10-31T19:39:50","modified_gmt":"2023-10-31T22:39:50","slug":"secretaria-docentes","status":"publish","type":"page","link":"https:\/\/isfd88-bue.infd.edu.ar\/sitio\/secretaria-docentes\/","title":{"rendered":"Secretar\u00eda-Docentes"},"content":{"rendered":"\n<p><strong>Normativa Provincial\u00a0<\/strong><\/p>\n\n\n\n<p>Resoluci\u00f3n 5886\/03<\/p>\n\n\n\n<div class=\"wp-block-file\"><object class=\"wp-block-file__embed\" data=\"https:\/\/isfd88-bue.infd.edu.ar\/sitio\/wp-content\/uploads\/2023\/10\/resolucion_nro5886_cobertura_de_catedra-2.pdf\" type=\"application\/pdf\" style=\"width:100%;height:600px\" aria-label=\"Incrustado de resolucion_nro5886_cobertura_de_catedra.\"><\/object><a id=\"wp-block-file--media-b39b33f5-0aa3-404a-b36a-d541a759db9a\" href=\"https:\/\/isfd88-bue.infd.edu.ar\/sitio\/wp-content\/uploads\/2023\/10\/resolucion_nro5886_cobertura_de_catedra-2.pdf\">resolucion_nro5886_cobertura_de_catedra<\/a><a href=\"https:\/\/isfd88-bue.infd.edu.ar\/sitio\/wp-content\/uploads\/2023\/10\/resolucion_nro5886_cobertura_de_catedra-2.pdf\" class=\"wp-block-file__button wp-element-button\" download aria-describedby=\"wp-block-file--media-b39b33f5-0aa3-404a-b36a-d541a759db9a\">Descarga<\/a><\/div>\n\n\n\n<p><\/p>\n\n\n\n<p><a href=\"https:\/\/abc.gob.ar\/secretarias\/areas\/subsecretaria-de-educacion\/educacion-superior\/dir-de-form-doc-inicial\/disenos-curriculares\">DISE\u00d1OS CURRICULARES DE NIVEL SUPERIOR<\/a><\/p>\n\n\n\n<p><a href=\"https:\/\/abc.gob.ar\/secretarias\/areas\/subsecretaria-de-educacion\/educacion-secundaria\/educacion-secundaria\/disenos-curriculares\">DISE\u00d1O CURRICULAR DE NIVEL SECUNDARIO<\/a><\/p>\n\n\n\n<p>DISE\u00d1O CURRICULAR DE NIVEL PRIMARIO<\/p>\n\n\n\n<div class=\"wp-block-file\"><object class=\"wp-block-file__embed\" data=\"https:\/\/isfd88-bue.infd.edu.ar\/sitio\/wp-content\/uploads\/2023\/10\/dis-curricular-PBA-completo-1.pdf\" type=\"application\/pdf\" style=\"width:100%;height:600px\" aria-label=\"Incrustado de dis-curricular-PBA-completo-1.\"><\/object><a id=\"wp-block-file--media-68ffbc0a-b71c-4674-ab50-6d0f2f47d713\" href=\"https:\/\/isfd88-bue.infd.edu.ar\/sitio\/wp-content\/uploads\/2023\/10\/dis-curricular-PBA-completo-1.pdf\">dis-curricular-PBA-completo-1<\/a><a href=\"https:\/\/isfd88-bue.infd.edu.ar\/sitio\/wp-content\/uploads\/2023\/10\/dis-curricular-PBA-completo-1.pdf\" class=\"wp-block-file__button wp-element-button\" download aria-describedby=\"wp-block-file--media-68ffbc0a-b71c-4674-ab50-6d0f2f47d713\">Descarga<\/a><\/div>\n\n\n\n<p><\/p>\n","protected":false},"excerpt":{"rendered":"<p>Normativa Provincial\u00a0 Resoluci\u00f3n 5886\/03 DISE\u00d1OS CURRICULARES DE NIVEL SUPERIOR DISE\u00d1O CURRICULAR DE NIVEL SECUNDARIO DISE\u00d1O CURRICULAR DE NIVEL PRIMARIO<\/p>\n","protected":false},"author":573,"featured_media":0,"parent":0,"menu_order":0,"comment_status":"closed","ping_status":"closed","template":"","meta":[],"acf":[],"_links":{"self":[{"href":"https:\/\/isfd88-bue.infd.edu.ar\/sitio\/wp-json\/wp\/v2\/pages\/5254"}],"collection":[{"href":"https:\/\/isfd88-bue.infd.edu.ar\/sitio\/wp-json\/wp\/v2\/pages"}],"about":[{"href":"https:\/\/isfd88-bue.infd.edu.ar\/sitio\/wp-json\/wp\/v2\/types\/page"}],"author":[{"embeddable":true,"href":"https:\/\/isfd88-bue.infd.edu.ar\/sitio\/wp-json\/wp\/v2\/users\/573"}],"replies":[{"embeddable":true,"href":"https:\/\/isfd88-bue.infd.edu.ar\/sitio\/wp-json\/wp\/v2\/comments?post=5254"}],"version-history":[{"count":2,"href":"https:\/\/isfd88-bue.infd.edu.ar\/sitio\/wp-json\/wp\/v2\/pages\/5254\/revisions"}],"predecessor-version":[{"id":5575,"href":"https:\/\/isfd88-bue.infd.edu.ar\/sitio\/wp-json\/wp\/v2\/pages\/5254\/revisions\/5575"}],"wp:attachment":[{"href":"https:\/\/isfd88-bue.infd.edu.ar\/sitio\/wp-json\/wp\/v2\/media?parent=5254"}],"curies":[{"name":"wp","href":"https:\/\/api.w.org\/{rel}","templated":true}]}}