{"id":5256,"date":"2023-09-01T12:42:36","date_gmt":"2023-09-01T15:42:36","guid":{"rendered":"https:\/\/isfd88-bue.infd.edu.ar\/sitio\/?page_id=5256"},"modified":"2025-08-18T19:43:51","modified_gmt":"2025-08-18T22:43:51","slug":"espacio-progresar","status":"publish","type":"page","link":"https:\/\/isfd88-bue.infd.edu.ar\/sitio\/espacio-progresar\/","title":{"rendered":"Espacio PROGRESAR"},"content":{"rendered":"\n<p>Con motivo del lanzamiento de&nbsp;<strong>la Segunda Convocatoria 2025 de nivel superior. Desde hoy 18 de agosto y hasta el 5 de septiembre las y los estudiantes del nivel superior podr\u00e1n postularse a las becas progresar.<\/strong><\/p>\n\n\n\n<p>Compartimos el instructivo de inscripci\u00f3n para estudiantes y un brief con informaci\u00f3n relevante.&nbsp;<\/p>\n\n\n\n<p>Instructivo:\u00a0<a href=\"https:\/\/www.argentina.gob.ar\/sites\/default\/files\/2025\/07\/instructivo_inscripcion_-_superior_2025.pdf\">https:\/\/www.argentina.gob.ar\/sites\/default\/files\/2025\/07\/instructivo_inscripcion_-_superior_2025.pdf<\/a><\/p>\n\n\n\n<p><a href=\"https:\/\/www.argentina.gob.ar\/sites\/default\/files\/2025\/07\/brief_superior_segunda_convocatoria_2025.pdf\">https:\/\/www.argentina.gob.ar\/sites\/default\/files\/2025\/07\/brief_superior_segunda_convocatoria_2025.pdf<\/a><\/p>\n\n\n\n<figure class=\"wp-block-table\"><table><tbody><tr><td>Si los estudiantes tienen dudas al momento de inscribirse puede comunicarse a mesa de ayuda a trav\u00e9s de estos canales:correo:&nbsp;<a href=\"mailto:mesadeayudaprogresar@educacion.gob.ar\" target=\"_blank\" rel=\"noreferrer noopener\">mesadeayudaprogresar@educacion.gob.ar<\/a>tel\u00e9fono: 08009991066 o al (011)41291000 opcion1<\/td><\/tr><\/tbody><\/table><\/figure>\n\n\n\n<p class=\"has-luminous-dusk-gradient-background has-background has-medium-font-size\"><strong>BECAS PROGRESAR PARA ESTUDIANTE DE INSTITUTO SUPERIOR<\/strong><\/p>\n\n\n\n<p>&#x1f50a; BOLETO ESTUDIANTIL: Estudiantes que el a\u00f1o pasado recib\u00edan el cr\u00e9dito del boleto, si este a\u00f1o a\u00fan no lo recibieron y se encuentran correctamente cargadxs en MIS ESTUDIANTES, puede haber sucedido que tengan pre cargas vencidas del a\u00f1o pasado que nunca acreditaron.<\/p>\n\n\n\n<p>Por lo tanto, deben escribir a:&nbsp; boletoeducativoterciario@transporte.gba.gob.ar<\/p>\n\n\n\n<p>ASUNTO: REINCORPORACI\u00d3N BEE TERCIARIO&nbsp;y todos sus datos personales y n\u00b0 de SUBE.<\/p>\n\n\n\n<p>Recuerden que la precarga s\u00f3lo se recibe a trav\u00e9s de SUBE TARJETA. No est\u00e1 disponible para SUBE DIGITAL.<\/p>\n\n\n\n<p>&#x1f50a; Las precargas del BOLETO ESTUDIANTIL duran 60 d\u00edas. Si no las acreditan en las terminales TAS, en los servicios abordo o por celu, se les da de baja el boleto y deben solicitar la reincorporaci\u00f3n.<\/p>\n\n\n\n<p class=\"has-electric-grass-gradient-background has-background has-medium-font-size\"><strong>REQUISITOS<\/strong><\/p>\n\n\n\n<p>&#x27a1;Ser argentina\/o nativa\/o; naturalizada\/o o extranjera\/o, con residencia legal de cinco (5) a\u00f1os en el pa\u00eds y contar con DNI.<\/p>\n\n\n\n<p>&#x27a1;Ser estudiante regular de un ISFD o ISFD y T<\/p>\n\n\n\n<p>&#x27a1;Tener entre 17 y 24 a\u00f1os de edad cumplidos.<\/p>\n\n\n\n<p>&#x27a1;Estudiantes avanzadas\/os en la carrera, hasta treinta (30) a\u00f1os cumplidos.<\/p>\n\n\n\n<p>&#x27a1;Se extiende hasta 35 a\u00f1os de edad a las personas con hijas\/os a cargo menores de 18 a\u00f1os pertenecientes a hogares monoparentales.<\/p>\n\n\n\n<p>&#x27a1;Sin l\u00edmite de edad para personas trans, de pueblos ind\u00edgenas, con discapacidad o refugiadas.<\/p>\n\n\n\n<p>&#x27a1;Los ingresos de la\/el joven y los de su grupo familiar no deber\u00e1n ser superiores a tres (3) Salarios M\u00ednimos, Vitales y M\u00f3viles (SMVM).<\/p>\n\n\n\n<p class=\"has-background\" style=\"background:linear-gradient(135deg,rgb(255,105,0) 48%,rgb(207,46,46) 100%)\"><strong>IMPORTANTE PARA ESTUDIANTES QUE VENIAN COBRANDO LA BECA PROGRESAR<\/strong>.<\/p>\n\n\n\n<p>Deben inscribirse nuevamente prestar muchas atenci\u00f3n al completarlo datos requeridos.<\/p>\n\n\n\n<p>Solo ingresar\u00e1n materias aprobada con final .<\/p>\n\n\n\n<p>Los TFO no se cuentan!<\/p>\n\n\n\n<p>Luego de realizar la inscripci\u00f3n enviar los siguientes datos a :<\/p>\n\n\n\n<p>cipeisfd88@gmail.com<\/p>\n\n\n\n<p>&nbsp;-Nombre y apellido<\/p>\n\n\n\n<p>-Carrera<\/p>\n\n\n\n<p>-a\u00f1o de ingreso<\/p>\n\n\n\n<p>-matetias aprobadas con final&nbsp; por a\u00f1o correspondiente al a\u00f1o de la carrera..solo cantidad (num\u00e9rica)<\/p>\n\n\n\n<p>1\u00b0 a\u00f1o xx<\/p>\n\n\n\n<p>2\u00b0a\u00f1o xx<\/p>\n\n\n\n<p>3\u00b0a\u00f1o xx<\/p>\n\n\n\n<p>4\u00b0a\u00f1o xx<\/p>\n\n\n\n<p><strong>Importante antes de completar los datos VERIFICAR LOS DATOS PERSONALES EN ANSES. Especialmente que figure el domicilio real. (ANSES considera a grupo familiar al que vive en el mismo domicilio)<\/strong>.<\/p>\n\n\n\n<p class=\"has-text-align-center has-contrast-color has-light-green-cyan-to-vivid-green-cyan-gradient-background has-text-color has-background has-medium-font-size\">Enviar esta informaci\u00f3n a&nbsp;<a href=\"mailto:cipeisfd88@gmail.com\" target=\"_blank\" rel=\"noreferrer noopener\">cipeisfd88@gmail.com<\/a><\/p>\n\n\n\n<p class=\"has-blush-light-purple-gradient-background has-background has-medium-font-size\">Las inscripciones se realizan de manera online a trav\u00e9s de la <a href=\"https:\/\/www.argentina.gob.ar\/educacion\/progresar\">Plataforma Becas Progresar<\/a><\/p>\n\n\n\n<p>En la plataforma, y en el canal oficial de youtube del Ministerio de Educaci\u00f3n de la Naci\u00f3n, pueden encontrar instructivos con el paso a paso de la inscripci\u00f3n:C\u00f3mo inscribirte en Progresar Nivel Superior<\/p>\n\n\n\n<p>Para restablecer la contrase\u00f1a el\/la estudiante puede seleccionar la opci\u00f3n \u201colvid\u00e9 mi contrase\u00f1a\u201d. En caso de no recordar el correo a trav\u00e9s del cu\u00e1l se cre\u00f3 el usuario, el establecimiento educativo o el referente jurisdiccional (becassuperior_pba@gmail.com) puede restablecer la contrase\u00f1a a trav\u00e9s del acceso institucional.<\/p>\n\n\n\n<p>Adem\u00e1s, la plataforma cuenta con una secci\u00f3n de \u201cpreguntas frecuentes\u201d que sirve para resolver dudas o consultas sobre el programa y el proceso de adjudicaci\u00f3n: <a href=\"https:\/\/www.argentina.gob.ar\/educacion\/progresar\/preguntas-frecuentes-progresar\/educacion-superior-faq\">https:\/\/www.argentina.gob.ar\/educacion\/progresar\/preguntas-frecuentes-progresar\/educacion-superior-faq<\/a><\/p>\n\n\n\n<p class=\"has-blush-light-purple-gradient-background has-background has-medium-font-size\">Boleto Estudiantil<\/p>\n\n\n\n<p>-Chequear estar correctamente cargado en ABC\/MIS ESTUDIANTES (esa carga la realiza el instituto)<\/p>\n\n\n\n<p>-Una vez corroborada la carga en MIS ESTUDIANTES, si a\u00fan persiste el problema para inscribirse, el\/la estudiante debe escribir un correo a: <a href=\"mailto:boletoeducativoterciario@transporte.gba.gob.ar\" target=\"_blank\" rel=\"noreferrer noopener\">boletoeducativoterciario@transporte.gba.gob.ar<\/a><\/p>\n\n\n\n<p>-Consignar:<\/p>\n\n\n\n<p>ASUNTO: Reclamo BEE (importante que el asunto sea este para poder recibir respuesta)<\/p>\n\n\n\n<p>Apellido y nombre<\/p>\n\n\n\n<p>Cuil<\/p>\n\n\n\n<p>Fecha de nacimiento<\/p>\n\n\n\n<p>Domicilio particular<\/p>\n\n\n\n<p>Instituto y localidad del instituto<\/p>\n\n\n\n<p>N\u00b0 de tu tarjeta SUBE.<\/p>\n\n\n\n<p>Para inscribirse por primera vez<\/p>\n\n\n\n<p>Ser alumno regular.<\/p>\n\n\n\n<p>Residir en la Provincia de Buenos Aires a una distancia mayor a dos mil metros (2.000 mts.) del establecimiento educativo.<\/p>\n\n\n\n<p>&nbsp;Asistir a una instituci\u00f3n educativa de Nivel Terciario, p\u00fablica o privada con aporte del estado, con sede en la Provincia de Buenos Aires (en el Interior de la Provincia de Buenos Aires s\u00f3lo es aplicable a aquellas localidades que cuenten con SUBE).<\/p>\n\n\n\n<p>No poseer t\u00edtulo universitario o terciario.<\/p>\n\n\n\n<p>Tener aprobada la totalidad de las materias en el a\u00f1o acad\u00e9mico anterior. Para el caso de los alumnos\/as que cursan el primer a\u00f1o de la carrera deber\u00e1n acreditar haber finalizado el nivel medio, sin adeudar materias al momento de la entrega de la documentaci\u00f3n, en cuyo caso deber\u00e1n presentar copia del t\u00edtulo de nivel secundario y constancia de inscripci\u00f3n en la instituci\u00f3n educativa de nivel terciario.<\/p>\n\n\n\n<p>No ser beneficiario\/a de otro subsidio otorgado por el Estado con id\u00e9ntico fin (el beneficiario\/a deber\u00e1 optar por uno de los beneficios ofrecidos por el Estado, caso contrario la solicitud efectuada ser\u00e1 denegada).<\/p>\n\n\n\n<p class=\"has-electric-grass-gradient-background has-background has-medium-font-size\">Link para inscribirse en el boleto estudiantil: <\/p>\n\n\n\n<p class=\"has-medium-font-size\"><a href=\"https:\/\/www.gba.gob.ar\/transporte\/boleto\">https:\/\/www.gba.gob.ar\/transporte\/boleto<\/a><\/p>\n\n\n\n<p class=\"has-text-color\" style=\"color:#fb0505\">Leer atentamente antes de completar cada uno de los datos.<\/p>\n","protected":false},"excerpt":{"rendered":"<p>Con motivo del lanzamiento de&nbsp;la Segunda Convocatoria 2025 de nivel superior. Desde hoy 18 de agosto y hasta el 5 de septiembre las y los estudiantes del nivel superior podr\u00e1n postularse a las becas progresar. Compartimos el instructivo de inscripci\u00f3n para estudiantes y un brief con informaci\u00f3n relevante.&nbsp; Instructivo:\u00a0https:\/\/www.argentina.gob.ar\/sites\/default\/files\/2025\/07\/instructivo_inscripcion_-_superior_2025.pdf https:\/\/www.argentina.gob.ar\/sites\/default\/files\/2025\/07\/brief_superior_segunda_convocatoria_2025.pdf Si los estudiantes tienen dudas &#8230; <a title=\"Espacio PROGRESAR\" class=\"read-more\" href=\"https:\/\/isfd88-bue.infd.edu.ar\/sitio\/espacio-progresar\/\" aria-label=\"More on Espacio PROGRESAR\">[+]<\/a><\/p>\n","protected":false},"author":119,"featured_media":0,"parent":0,"menu_order":0,"comment_status":"closed","ping_status":"closed","template":"","meta":[],"acf":[],"_links":{"self":[{"href":"https:\/\/isfd88-bue.infd.edu.ar\/sitio\/wp-json\/wp\/v2\/pages\/5256"}],"collection":[{"href":"https:\/\/isfd88-bue.infd.edu.ar\/sitio\/wp-json\/wp\/v2\/pages"}],"about":[{"href":"https:\/\/isfd88-bue.infd.edu.ar\/sitio\/wp-json\/wp\/v2\/types\/page"}],"author":[{"embeddable":true,"href":"https:\/\/isfd88-bue.infd.edu.ar\/sitio\/wp-json\/wp\/v2\/users\/119"}],"replies":[{"embeddable":true,"href":"https:\/\/isfd88-bue.infd.edu.ar\/sitio\/wp-json\/wp\/v2\/comments?post=5256"}],"version-history":[{"count":8,"href":"https:\/\/isfd88-bue.infd.edu.ar\/sitio\/wp-json\/wp\/v2\/pages\/5256\/revisions"}],"predecessor-version":[{"id":6230,"href":"https:\/\/isfd88-bue.infd.edu.ar\/sitio\/wp-json\/wp\/v2\/pages\/5256\/revisions\/6230"}],"wp:attachment":[{"href":"https:\/\/isfd88-bue.infd.edu.ar\/sitio\/wp-json\/wp\/v2\/media?parent=5256"}],"curies":[{"name":"wp","href":"https:\/\/api.w.org\/{rel}","templated":true}]}}