{"id":5281,"date":"2023-10-04T18:07:58","date_gmt":"2023-10-04T21:07:58","guid":{"rendered":"https:\/\/isfd88-bue.infd.edu.ar\/sitio\/?page_id=5281"},"modified":"2026-02-18T18:21:41","modified_gmt":"2026-02-18T21:21:41","slug":"profesorado-de-ingles-3","status":"publish","type":"page","link":"https:\/\/isfd88-bue.infd.edu.ar\/sitio\/profesorado-de-ingles-3\/","title":{"rendered":"Profesorado de Ingl\u00e9s"},"content":{"rendered":"\n<div class=\"wp-block-columns is-layout-flex wp-container-13\">\n<div class=\"wp-block-column is-layout-flow\">\n<figure class=\"wp-block-gallery has-nested-images columns-default is-cropped wp-block-gallery-1 is-layout-flex\">\n<figure class=\"wp-block-image size-large\"><a href=\"https:\/\/isfd88-bue.infd.edu.ar\/sitio\/curso-de-ingreso-ingles-cufba-2024\/?preview=true\"><img decoding=\"async\" loading=\"lazy\" width=\"402\" height=\"455\" src=\"https:\/\/isfd88-bue.infd.edu.ar\/sitio\/wp-content\/uploads\/2023\/10\/INGLES-CUFBA.jpg\" alt=\"\" class=\"wp-image-5364\"\/><\/a><\/figure>\n<\/figure>\n<\/div>\n\n\n\n<div class=\"wp-block-column is-layout-flow\">\n<figure class=\"wp-block-gallery has-nested-images columns-default is-cropped wp-block-gallery-4 is-layout-flex\">\n<figure class=\"wp-block-image size-large\"><a href=\"https:\/\/isfd88-bue.infd.edu.ar\/sitio\/sobre-la-carrera-3\/\"><img decoding=\"async\" loading=\"lazy\" width=\"402\" height=\"455\" src=\"https:\/\/isfd88-bue.infd.edu.ar\/sitio\/wp-content\/uploads\/2023\/10\/INGLES-SOBRE-LA-CARRERA-1.jpg\" alt=\"\" class=\"wp-image-5365\"\/><\/a><\/figure>\n<\/figure>\n<\/div>\n\n\n\n<div class=\"wp-block-column is-layout-flow\">\n<figure class=\"wp-block-gallery has-nested-images columns-default is-cropped wp-block-gallery-7 is-layout-flex\">\n<figure class=\"wp-block-image size-large\"><a href=\"https:\/\/isfd88-bue.infd.edu.ar\/sitio\/plan-de-estudios-4\/\"><img decoding=\"async\" loading=\"lazy\" width=\"402\" height=\"455\" src=\"https:\/\/isfd88-bue.infd.edu.ar\/sitio\/wp-content\/uploads\/2023\/10\/INGLES-PLAN-DE-ESTUDIOS-1.jpg\" alt=\"\" class=\"wp-image-5366\"\/><\/a><\/figure>\n<\/figure>\n<\/div>\n\n\n\n<div class=\"wp-block-column is-layout-flow\">\n<figure class=\"wp-block-gallery has-nested-images columns-default is-cropped wp-block-gallery-10 is-layout-flex\">\n<figure class=\"wp-block-image size-large\"><a href=\"https:\/\/isfd88-bue.infd.edu.ar\/sitio\/correlatividades-2\/\"><img decoding=\"async\" loading=\"lazy\" width=\"402\" height=\"455\" src=\"https:\/\/isfd88-bue.infd.edu.ar\/sitio\/wp-content\/uploads\/2023\/10\/INGLES-CORRELATIVIDADES-1.jpg\" alt=\"\" class=\"wp-image-5367\"\/><\/a><\/figure>\n<\/figure>\n<\/div>\n<\/div>\n\n\n\n<p class=\"has-text-align-center has-pale-ocean-gradient-background has-background has-large-font-size\"><strong>PRUEBA DE SUFICIENCIA 2026<\/strong><\/p>\n\n\n\n<p class=\"has-medium-font-size\">Para acceder a la carrera se rinde una <strong>Prueba de suficiencia<\/strong> que comprende <strong>un examen escrito y uno oral<\/strong>. Para completar el proceso de ingreso a la carrera, los aspirantes deben aprobar con 40 puntos o m\u00e1s ambas instancias de examen. <\/p>\n\n\n\n<p class=\"has-medium-font-size\">Los ex\u00e1menes ser\u00e1n los d\u00edas <strong>28 de Febrero de 2026 (examen escrito) a las 8:30 hs. y 7 de Marzo de 2026 a las 8:30 hs. (examen oral)<\/strong>. Los ex\u00e1menes se tomar\u00e1n en la Sede Salta (Salta 2309, San Justo). Por favor, ser puntual.<\/p>\n\n\n\n<div class=\"wp-block-group has-very-light-gray-to-cyan-bluish-gray-gradient-background has-background is-vertical is-layout-flex wp-container-14\">\n<p class=\"has-medium-font-size\"><strong>Charlas informativas virtuales sobre el Examen Escrito:<\/strong><\/p>\n\n\n\n<p><strong>Fecha y hora<\/strong>: Jueves, 19 de febrero \u00b7 3:45 \u2013 4:45 pm<br><strong>1\u00b0 Enlace de videollamada:<\/strong> https:\/\/meet.google.com\/wnw-ponn-faf (hasta completar el cupo)<\/p>\n\n\n\n<p><strong>2\u00b0 Enlace de videollamada:<\/strong> https:\/\/meet.google.com\/rzm-jsqi-ixi <\/p>\n\n\n\n<p class=\"has-text-color\" style=\"color:#fb0d0d\"><em>Nota: Ambas charlas se dar\u00e1n simult\u00e1neamente y est\u00e1n programadas en caso de que en el 1\u00b0 enlace se llene el cupo permitido por Google Meet.<\/em><\/p>\n\n\n\n<p><strong>3\u00b0 Enlace (sala adicional)<\/strong><br>Jueves, 19 de febrero de 2026 \u00b7 15:44 \u2013 16:44<br>Enlace: https:\/\/meet.google.com\/rvi-zkuv-odk<\/p>\n\n\n\n<p class=\"has-luminous-vivid-amber-to-luminous-vivid-orange-gradient-background has-background\">Les agradecemos especialmente que prioricen el ingreso a los Grupos 1 o 2.<br>El Grupo 3 debe utilizarse \u00fanicamente si no logran acceder a las dos salas principales.<\/p>\n\n\n\n<p class=\"has-electric-grass-gradient-background has-background\"><em>Se solicita a las y los aspirantes conectarse unos minutos antes del horario establecido, y asegurarse de hacerlo con su Nombre y Apellid<\/em>o<\/p>\n\n\n\n<p class=\"has-text-align-center has-medium-font-size\"><strong>Encontrar\u00e1s Bibliograf\u00eda sugerida haciendo Click en la siguiente imagen<\/strong>:<\/p>\n<\/div>\n\n\n<div class=\"wp-block-image\">\n<figure class=\"aligncenter size-full is-resized\"><a href=\"https:\/\/drive.google.com\/drive\/folders\/1hC4rMeYrKMwePrg_CvYMo1M7o5CdKMq2?usp=drive_link\" target=\"_blank\" rel=\"noreferrer noopener\"><img decoding=\"async\" loading=\"lazy\" src=\"https:\/\/isfd88-bue.infd.edu.ar\/sitio\/wp-content\/uploads\/2018\/08\/wczs3vng7k2limagen_incrustada10.jpg\" alt=\"En el siguiente link se encuentra la bibliograf\u00eda. Los cuentos cortos son lectura obligatoria para el desarrollo del examen oral y el resto de la bibliograf\u00eda es para pr\u00e1ctica y estudio. \" class=\"wp-image-1830\" width=\"127\" height=\"191\"\/><\/a><figcaption class=\"wp-element-caption\"><strong>BIBLIOGRAF\u00cdA<\/strong><\/figcaption><\/figure><\/div>\n\n\n<p class=\"has-contrast-color has-luminous-dusk-gradient-background has-text-color has-background has-medium-font-size\"><strong>La Bibliograf\u00eda sugerida es para estudiar para el examen. Los cuentos cortos son de lectura obligatoria para el desarrollo del examen oral y el resto de la bibliograf\u00eda es para pr\u00e1ctica y estudio.<\/strong> <\/p>\n\n\n\n<p class=\"has-text-align-center has-blush-light-purple-gradient-background has-text-color has-background\" style=\"color:#f10e0e\"><strong>IMPORTANTE: EL D\u00cdA DEL EXAMEN ESCRITO NO TE OLVIDES TU DNI!<\/strong><\/p>\n","protected":false},"excerpt":{"rendered":"<p>PRUEBA DE SUFICIENCIA 2026 Para acceder a la carrera se rinde una Prueba de suficiencia que comprende un examen escrito y uno oral. Para completar el proceso de ingreso a la carrera, los aspirantes deben aprobar con 40 puntos o m\u00e1s ambas instancias de examen. Los ex\u00e1menes ser\u00e1n los d\u00edas 28 de Febrero de 2026 &#8230; <a title=\"Profesorado de Ingl\u00e9s\" class=\"read-more\" href=\"https:\/\/isfd88-bue.infd.edu.ar\/sitio\/profesorado-de-ingles-3\/\" aria-label=\"More on Profesorado de Ingl\u00e9s\">[+]<\/a><\/p>\n","protected":false},"author":119,"featured_media":0,"parent":0,"menu_order":0,"comment_status":"closed","ping_status":"closed","template":"","meta":[],"acf":[],"_links":{"self":[{"href":"https:\/\/isfd88-bue.infd.edu.ar\/sitio\/wp-json\/wp\/v2\/pages\/5281"}],"collection":[{"href":"https:\/\/isfd88-bue.infd.edu.ar\/sitio\/wp-json\/wp\/v2\/pages"}],"about":[{"href":"https:\/\/isfd88-bue.infd.edu.ar\/sitio\/wp-json\/wp\/v2\/types\/page"}],"author":[{"embeddable":true,"href":"https:\/\/isfd88-bue.infd.edu.ar\/sitio\/wp-json\/wp\/v2\/users\/119"}],"replies":[{"embeddable":true,"href":"https:\/\/isfd88-bue.infd.edu.ar\/sitio\/wp-json\/wp\/v2\/comments?post=5281"}],"version-history":[{"count":32,"href":"https:\/\/isfd88-bue.infd.edu.ar\/sitio\/wp-json\/wp\/v2\/pages\/5281\/revisions"}],"predecessor-version":[{"id":6464,"href":"https:\/\/isfd88-bue.infd.edu.ar\/sitio\/wp-json\/wp\/v2\/pages\/5281\/revisions\/6464"}],"wp:attachment":[{"href":"https:\/\/isfd88-bue.infd.edu.ar\/sitio\/wp-json\/wp\/v2\/media?parent=5281"}],"curies":[{"name":"wp","href":"https:\/\/api.w.org\/{rel}","templated":true}]}}