{"id":5299,"date":"2023-10-04T18:23:13","date_gmt":"2023-10-04T21:23:13","guid":{"rendered":"https:\/\/isfd88-bue.infd.edu.ar\/sitio\/?page_id=5299"},"modified":"2023-11-16T18:51:18","modified_gmt":"2023-11-16T21:51:18","slug":"nuestras-producciones","status":"publish","type":"page","link":"https:\/\/isfd88-bue.infd.edu.ar\/sitio\/nuestras-producciones\/","title":{"rendered":"Nuestras Producciones"},"content":{"rendered":"\n<p class=\"has-text-align-center has-text-color has-background has-medium-font-size\" style=\"color:#1b06f1;background:linear-gradient(135deg,rgb(6,147,227) 94%,rgb(155,81,224) 100%)\"><strong>Profesorado de Ingl\u00e9s &#8211; ciclo 2023<\/strong><\/p>\n\n\n\n<p>Producciones de estudiantes de tercer a\u00f1o del Profesorado de Ingl\u00e9s en relaci\u00f3n a la ense\u00f1anza del ingl\u00e9s como lengua extranjera, realizados en la materia Filosof\u00eda de la Educaci\u00f3n con la Prof. Silvina Bruno.<\/p>\n\n\n\n<p><a href=\"https:\/\/drive.google.com\/drive\/folders\/1CQrJxPFhZ86xlZZhwSajwMDlKDR3zdqd\">https:\/\/drive.google.com\/drive\/folders\/1CQrJxPFhZ86xlZZhwSajwMDlKDR3zdqd<\/a><\/p>\n\n\n\n<p><a href=\"https:\/\/drive.google.com\/drive\/folders\/1PvYSb6mCpOpELv-Ao11bVhO-Y47Oo-Mm\">https:\/\/drive.google.com\/drive\/folders\/1PvYSb6mCpOpELv-Ao11bVhO-Y47Oo-Mm<\/a><\/p>\n\n\n\n<p><a href=\"https:\/\/docs.google.com\/document\/d\/1e5igXOv7ySel1ZcbEFLvsgkM7VyWOpF2dJ4vfNH3nl4\/edit?usp=drivesdk\">https:\/\/docs.google.com\/document\/d\/1e5igXOv7ySel1ZcbEFLvsgkM7VyWOpF2dJ4vfNH3nl4\/edit?usp=drivesdk<\/a><\/p>\n\n\n\n<p><a href=\"https:\/\/drive.google.com\/drive\/folders\/1p43_LTdUEV3g73froDdVMOoGnerw-YkK?usp=\">https:\/\/drive.google.com\/drive\/folders\/1p43_LTdUEV3g73froDdVMOoGnerw-YkK?usp=<\/a><\/p>\n\n\n\n<p><a href=\"https:\/\/drive.google.com\/drive\/folders\/1dOmO5MjDgmT0RwpGgExWydTvb34k0rlP?usp=sharing\">https:\/\/drive.google.com\/drive\/folders\/1dOmO5MjDgmT0RwpGgExWydTvb34k0rlP?usp=sharing<\/a><\/p>\n\n\n\n<p><\/p>\n\n\n\n<p class=\"has-text-align-center has-blush-light-purple-gradient-background has-text-color has-background has-medium-font-size\" style=\"color:#f80404\"><strong>Festejos por los 30 a\u00f1os de creaci\u00f3n del instituto<\/strong><\/p>\n\n\n\n<h5 class=\"wp-block-heading\"><strong>2\u00b0 Semana de Festejos<\/strong><\/h5>\n\n\n\n<p>Continuando con la celebraci\u00f3n de los 30 a\u00f1os del Instituto, les compartimos las producciones realizadas por las y los estudiantes de las diferentes carreras. Les compartimos el trabajo realizado por la Tecnicatura de Gesti\u00f3n Cultural:<\/p>\n\n\n\n<figure class=\"wp-block-embed is-type-video is-provider-youtube wp-block-embed-youtube wp-embed-aspect-16-9 wp-has-aspect-ratio\"><div class=\"wp-block-embed__wrapper\">\n<iframe loading=\"lazy\" title=\"Tecnicatura gesti\u00f3n cultural. Organizaci\u00f3n de eventos\" width=\"1200\" height=\"675\" src=\"https:\/\/www.youtube.com\/embed\/VSIGWTWEStA?start=1&#038;feature=oembed\" frameborder=\"0\" allow=\"accelerometer; autoplay; clipboard-write; encrypted-media; gyroscope; picture-in-picture; web-share\" allowfullscreen><\/iframe>\n<\/div><\/figure>\n\n\n\n<p class=\"has-text-color\" style=\"color:#f26808\"><strong>22 de septiembre de 2021<\/strong><\/p>\n\n\n\n<p><a href=\"https:\/\/padlet.com\/isfd88paulofreire\/30-a-os-del-freire-lengua-y-literatura-nho8uh2fzle9xbay\" target=\"_blank\" rel=\"noreferrer noopener\">https:\/\/padlet.com\/isfd88paulofreire\/30-a-os-del-freire-lengua-y-literatura-nho8uh2fzle9xbay<\/a><\/p>\n\n\n\n<p class=\"has-text-color\" style=\"color:#f26401\"><strong>20 de septiembre de 2021<\/strong><\/p>\n\n\n\n<p>Para inaugurar esta semana, les compartimos las producciones de las Carreras de Profesorado de Educaci\u00f3n Inicial y Profesorado de Educaci\u00f3n Primaria<\/p>\n\n\n\n<p><a href=\"https:\/\/padlet.com\/isfd88paulofreire\/los-30-a-os-del-freire-5hjt9pafs5f4gmf3\">https:\/\/padlet.com\/isfd88paulofreire\/los-30-a-os-del-freire-5hjt9pafs5f4gmf3<\/a><\/p>\n\n\n\n<h5 class=\"has-light-green-cyan-to-vivid-green-cyan-gradient-background has-background wp-block-heading\"><strong>1\u00b0 Semana de festejos<\/strong> &#8211; ciclo 2021<\/h5>\n\n\n\n<p>En el marco de los festejos de los 30 a\u00f1os del Instituto y los 100 a\u00f1os del nacimiento de Freire, comenzamos con las celebraciones con un recorrido hist\u00f3rico a trav\u00e9s de entrevista entre estudiantes actuales y primeros egresados.<\/p>\n\n\n\n<p><strong>Viernes 17 de septiembre de 2021<\/strong><\/p>\n\n\n\n<p>Hoy, les compartimos la charla realizada a estudiantes de la Tecnicatura de Gesti\u00f3n Cultural<\/p>\n\n\n\n<figure class=\"wp-block-embed is-type-video is-provider-youtube wp-block-embed-youtube wp-embed-aspect-16-9 wp-has-aspect-ratio\"><div class=\"wp-block-embed__wrapper\">\n<iframe loading=\"lazy\" title=\"presentaci\u00f3n tecnicatura\" width=\"1200\" height=\"675\" src=\"https:\/\/www.youtube.com\/embed\/kiylXr5Ftvc?feature=oembed\" frameborder=\"0\" allow=\"accelerometer; autoplay; clipboard-write; encrypted-media; gyroscope; picture-in-picture; web-share\" allowfullscreen><\/iframe>\n<\/div><\/figure>\n\n\n\n<p><strong>Jueves 16 de septiembre de 2021<\/strong><\/p>\n\n\n\n<p>En el cuarto d\u00eda de festejo, les compartimos la entrevista de la Carrera de Lengua y Literatura<\/p>\n\n\n\n<figure class=\"wp-block-embed is-type-rich is-provider-gestor-del-servicio wp-block-embed-gestor-del-servicio wp-embed-aspect-16-9 wp-has-aspect-ratio\"><div class=\"wp-block-embed__wrapper\">\n<iframe loading=\"lazy\" title=\"Presentaci\u00f3n Lengua y Literatura\" width=\"1200\" height=\"675\" src=\"https:\/\/www.youtube.com\/embed\/7C5YybOSnO8?feature=oembed\" frameborder=\"0\" allow=\"accelerometer; autoplay; clipboard-write; encrypted-media; gyroscope; picture-in-picture; web-share\" allowfullscreen><\/iframe>\n<\/div><\/figure>\n\n\n\n<p><strong>Mi\u00e9rcoles 15 de septiembre de 2021<\/strong><\/p>\n\n\n\n<p>En nuestra tercera jornada de entrevista, les compartimos la carrera de Profesorado de ingl\u00e9s.<\/p>\n\n\n\n<p>\u00a1Esperamos que la disfruten!<\/p>\n\n\n\n<figure class=\"wp-block-embed is-type-rich is-provider-gestor-del-servicio wp-block-embed-gestor-del-servicio wp-embed-aspect-16-9 wp-has-aspect-ratio\"><div class=\"wp-block-embed__wrapper\">\n<iframe loading=\"lazy\" title=\"Presentaci\u00f3n Ingl\u00e9s\" width=\"1200\" height=\"675\" src=\"https:\/\/www.youtube.com\/embed\/WZSrFKiHCFs?feature=oembed\" frameborder=\"0\" allow=\"accelerometer; autoplay; clipboard-write; encrypted-media; gyroscope; picture-in-picture; web-share\" allowfullscreen><\/iframe>\n<\/div><\/figure>\n\n\n\n<figure class=\"wp-block-embed is-type-rich is-provider-gestor-del-servicio wp-block-embed-gestor-del-servicio wp-embed-aspect-16-9 wp-has-aspect-ratio\"><div class=\"wp-block-embed__wrapper\">\n<iframe loading=\"lazy\" title=\"Entrevista Laura Bukstein\" width=\"1200\" height=\"675\" src=\"https:\/\/www.youtube.com\/embed\/_T5uRb_-Nyc?feature=oembed\" frameborder=\"0\" allow=\"accelerometer; autoplay; clipboard-write; encrypted-media; gyroscope; picture-in-picture; web-share\" allowfullscreen><\/iframe>\n<\/div><\/figure>\n\n\n\n<p><strong>Martes 14 de septiembre de 2021<\/strong><\/p>\n\n\n\n<p>En el d\u00eda de hoy, les compartimos la segunda entrevista. En esta oportunidad, el encuentro de la Carrera de Nivel Primario<\/p>\n\n\n\n<p>\u00a1Esperamos que lo disfruten!<\/p>\n\n\n\n<figure class=\"wp-block-embed is-type-rich is-provider-gestor-del-servicio wp-block-embed-gestor-del-servicio wp-embed-aspect-16-9 wp-has-aspect-ratio\"><div class=\"wp-block-embed__wrapper\">\n<iframe loading=\"lazy\" title=\"Presentaci\u00f3n Primaria\" width=\"1200\" height=\"675\" src=\"https:\/\/www.youtube.com\/embed\/FF9zD_yS2zI?feature=oembed\" frameborder=\"0\" allow=\"accelerometer; autoplay; clipboard-write; encrypted-media; gyroscope; picture-in-picture; web-share\" allowfullscreen><\/iframe>\n<\/div><\/figure>\n\n\n\n<figure class=\"wp-block-embed is-type-video is-provider-youtube wp-block-embed-youtube wp-embed-aspect-16-9 wp-has-aspect-ratio\"><div class=\"wp-block-embed__wrapper\">\n<iframe loading=\"lazy\" title=\"VID 20210907 193222122 1\" width=\"1200\" height=\"675\" src=\"https:\/\/www.youtube.com\/embed\/G0Fqh0cufWY?feature=oembed\" frameborder=\"0\" allow=\"accelerometer; autoplay; clipboard-write; encrypted-media; gyroscope; picture-in-picture; web-share\" allowfullscreen><\/iframe>\n<\/div><\/figure>\n\n\n\n<p><strong>Lunes 13 de septiembre de 2021<\/strong><\/p>\n\n\n\n<p>En el d\u00eda de hoy, compartiremos el encuentro de la Carrera de Profesorado de Nivel Inicial.&nbsp;<\/p>\n\n\n\n<p>\u00a1Esperamos que la disfruten!<\/p>\n\n\n\n<figure class=\"wp-block-embed is-type-rich is-provider-gestor-del-servicio wp-block-embed-gestor-del-servicio wp-embed-aspect-16-9 wp-has-aspect-ratio\"><div class=\"wp-block-embed__wrapper\">\n<iframe loading=\"lazy\" title=\"Presentaci\u00f3n Carrera Inicial\" width=\"1200\" height=\"675\" src=\"https:\/\/www.youtube.com\/embed\/feEFH2PTZDQ?feature=oembed\" frameborder=\"0\" allow=\"accelerometer; autoplay; clipboard-write; encrypted-media; gyroscope; picture-in-picture; web-share\" allowfullscreen><\/iframe>\n<\/div><\/figure>\n\n\n\n<figure class=\"wp-block-embed is-type-rich is-provider-gestor-del-servicio wp-block-embed-gestor-del-servicio wp-embed-aspect-16-9 wp-has-aspect-ratio\"><div class=\"wp-block-embed__wrapper\">\n<iframe loading=\"lazy\" title=\"Entrevista a Mariana Seijas\" width=\"1200\" height=\"675\" src=\"https:\/\/www.youtube.com\/embed\/Ju7w8YtZUP0?feature=oembed\" frameborder=\"0\" allow=\"accelerometer; autoplay; clipboard-write; encrypted-media; gyroscope; picture-in-picture; web-share\" allowfullscreen><\/iframe>\n<\/div><\/figure>\n\n\n\n<p><\/p>\n\n\n\n<h4 class=\"has-text-align-center has-contrast-color has-text-color has-background wp-block-heading\" style=\"background:linear-gradient(135deg,rgb(255,105,0) 33%,rgb(207,46,46) 100%)\"><strong>Video para Egresadas 2020<\/strong><\/h4>\n\n\n\n<h5 class=\"wp-block-heading\"><em><strong>Estimada comunidad: Compartimos el video realizado para las estudiantes de los profesorados de Educaci\u00f3n Inicial y de Educaci\u00f3n Primaria.<\/strong><\/em> <em><strong>Las felicitamos por haber alcanzado la meta.<\/strong><\/em><\/h5>\n\n\n\n<figure class=\"wp-block-embed is-type-rich is-provider-gestor-del-servicio wp-block-embed-gestor-del-servicio wp-embed-aspect-16-9 wp-has-aspect-ratio\"><div class=\"wp-block-embed__wrapper\">\n<iframe loading=\"lazy\" title=\"EGRESADAS 2020  Inicial- Primaria\" width=\"1200\" height=\"675\" src=\"https:\/\/www.youtube.com\/embed\/72RRYfFlLUU?feature=oembed\" frameborder=\"0\" allow=\"accelerometer; autoplay; clipboard-write; encrypted-media; gyroscope; picture-in-picture; web-share\" allowfullscreen><\/iframe>\n<\/div><\/figure>\n\n\n\n<p><\/p>\n\n\n\n<h4 class=\"has-text-align-center has-text-color wp-block-heading\" style=\"color:#f60505\"><strong>Cierre de TFO Folklore<\/strong><\/h4>\n\n\n\n<h5 class=\"has-medium-font-size wp-block-heading\">Querida comunidad del Freire: Compartimos el video de Cierre de TFO de Folklore. En pandemia aprendimos sobre danzas folkl\u00f3ricas tradicionales.<\/h5>\n\n\n\n<figure class=\"wp-block-embed is-type-rich is-provider-gestor-del-servicio wp-block-embed-gestor-del-servicio wp-embed-aspect-16-9 wp-has-aspect-ratio\"><div class=\"wp-block-embed__wrapper\">\n<iframe loading=\"lazy\" title=\"Cierre TFO Folklore\" width=\"1200\" height=\"675\" src=\"https:\/\/www.youtube.com\/embed\/_Zai6pqGlTo?feature=oembed\" frameborder=\"0\" allow=\"accelerometer; autoplay; clipboard-write; encrypted-media; gyroscope; picture-in-picture; web-share\" allowfullscreen><\/iframe>\n<\/div><\/figure>\n\n\n\n<p><\/p>\n\n\n\n<h5 class=\"has-accent-color has-text-color wp-block-heading\"><em>Querida comunidad del Freire&#8230;.Compartimos el Acto Virtual correspondiente a este d\u00eda tan importante, el D\u00eda de la Diversidad Cultural realizado por la carrera de Ingl\u00e9s<\/em><\/h5>\n\n\n\n<figure class=\"wp-block-embed is-type-rich is-provider-gestor-del-servicio wp-block-embed-gestor-del-servicio wp-embed-aspect-16-9 wp-has-aspect-ratio\"><div class=\"wp-block-embed__wrapper\">\n<iframe loading=\"lazy\" title=\"Acto 12 de Octubre 2020   D\u00eda del respeto a la Diversidad Cultural\" width=\"1200\" height=\"675\" src=\"https:\/\/www.youtube.com\/embed\/yLZ1X6Ufgfw?feature=oembed\" frameborder=\"0\" allow=\"accelerometer; autoplay; clipboard-write; encrypted-media; gyroscope; picture-in-picture; web-share\" allowfullscreen><\/iframe>\n<\/div><\/figure>\n\n\n\n<p><\/p>\n\n\n\n<h5 class=\"has-text-color wp-block-heading\" style=\"color:#ed0cb5\"><em>Colegas del Freire&#8230;<\/em> <em>Queremos reconocerlos en el D\u00eda del Profesor&#8230; por ello las estudiantes y profesoras de la carrera de Inicial&#8230;prepararon un video para&nbsp;homenajearlos.<\/em><\/h5>\n\n\n\n<figure class=\"wp-block-embed is-type-rich is-provider-gestor-del-servicio wp-block-embed-gestor-del-servicio wp-embed-aspect-16-9 wp-has-aspect-ratio\"><div class=\"wp-block-embed__wrapper\">\n<iframe loading=\"lazy\" title=\"Dia del profesor\" width=\"1200\" height=\"675\" src=\"https:\/\/www.youtube.com\/embed\/YuLaHWKIb-s?feature=oembed\" frameborder=\"0\" allow=\"accelerometer; autoplay; clipboard-write; encrypted-media; gyroscope; picture-in-picture; web-share\" allowfullscreen><\/iframe>\n<\/div><\/figure>\n\n\n\n<h4 class=\"has-text-color wp-block-heading\" style=\"color:#f30505\">&nbsp; &nbsp; &nbsp; &nbsp; &nbsp; &nbsp; &nbsp; &nbsp; &nbsp; &nbsp; &nbsp; &nbsp; &nbsp; &nbsp; &nbsp; &nbsp; &nbsp; &nbsp; &nbsp; &nbsp; &nbsp; &nbsp; &nbsp; &nbsp; <\/h4>\n\n\n\n<h4 class=\"has-text-align-center has-text-color wp-block-heading\" style=\"color:#f30505\">&nbsp;&nbsp;<em><strong>Acto de Celebraci\u00f3n de nuestra Independencia<\/strong><\/em><\/h4>\n\n\n\n<h5 class=\"wp-block-heading\">Compartimos el Acto del 9 de Julio preparado por los estudiantes&#8230;.<\/h5>\n\n\n\n<figure class=\"wp-block-embed is-type-rich is-provider-gestor-del-servicio wp-block-embed-gestor-del-servicio wp-embed-aspect-16-9 wp-has-aspect-ratio\"><div class=\"wp-block-embed__wrapper\">\n<iframe loading=\"lazy\" title=\"Acto 9 de julio 2020 ISFDyT 88\" width=\"1200\" height=\"675\" src=\"https:\/\/www.youtube.com\/embed\/OY7iefaBVVE?feature=oembed\" frameborder=\"0\" allow=\"accelerometer; autoplay; clipboard-write; encrypted-media; gyroscope; picture-in-picture; web-share\" allowfullscreen><\/iframe>\n<\/div><\/figure>\n\n\n\n<p><\/p>\n\n\n\n<h4 class=\"has-text-align-center has-text-color wp-block-heading\" style=\"color:#fa0202\"><em>El Freire construye Patria<\/em><\/h4>\n\n\n\n<h5 class=\"wp-block-heading\">En tiempos en que todos necesitamos sentirnos cerca y darnos apoyo, compartimos estos minutos de alegr\u00edas y buenos recuerdos&nbsp; protagonizados por todos&nbsp; los que habitamos el Freire.<\/h5>\n\n\n\n<figure class=\"wp-block-embed is-type-rich is-provider-gestor-del-servicio wp-block-embed-gestor-del-servicio wp-embed-aspect-4-3 wp-has-aspect-ratio\"><div class=\"wp-block-embed__wrapper\">\n<iframe loading=\"lazy\" title=\"9 de julio 2020 ISFDyT 88\" width=\"1200\" height=\"900\" src=\"https:\/\/www.youtube.com\/embed\/RdpP05jEfWM?feature=oembed\" frameborder=\"0\" allow=\"accelerometer; autoplay; clipboard-write; encrypted-media; gyroscope; picture-in-picture; web-share\" allowfullscreen><\/iframe>\n<\/div><\/figure>\n\n\n\n<p><\/p>\n\n\n\n<h4 class=\"has-text-align-center has-text-color wp-block-heading\" style=\"color:#f90a0a\"><strong><em>Bicentenario Manuel Belgrano<\/em><\/strong><\/h4>\n\n\n\n<p><em><strong>Homenaje a Manuel Jos\u00e9 Joaqu\u00edn del Coraz\u00f3n de Jes\u00fas Belgrano en el a\u00f1o del Bicentenario de su fallecimiento. Los invitamos a poner la Bandera Nacional no s\u00f3lo en sus casas sino en cada una de sus acciones solidarias y de ense\u00f1anza.<\/strong><\/em><\/p>\n\n\n\n<figure class=\"wp-block-embed is-type-rich is-provider-gestor-del-servicio wp-block-embed-gestor-del-servicio wp-embed-aspect-16-9 wp-has-aspect-ratio\"><div class=\"wp-block-embed__wrapper\">\n<iframe loading=\"lazy\" title=\"Bicentenario Belgraniano ISFD yT 88\" width=\"1200\" height=\"675\" src=\"https:\/\/www.youtube.com\/embed\/_IKdMlAvycI?feature=oembed\" frameborder=\"0\" allow=\"accelerometer; autoplay; clipboard-write; encrypted-media; gyroscope; picture-in-picture; web-share\" allowfullscreen><\/iframe>\n<\/div><\/figure>\n\n\n\n<p><\/p>\n\n\n\n<h2 class=\"has-text-align-center wp-block-heading\"><strong><em>Inicio de Cursada 2020<\/em><\/strong><\/h2>\n\n\n\n<figure class=\"wp-block-embed is-type-rich is-provider-gestor-del-servicio wp-block-embed-gestor-del-servicio wp-embed-aspect-16-9 wp-has-aspect-ratio\"><div class=\"wp-block-embed__wrapper\">\n<iframe loading=\"lazy\" title=\"ISFDyT 88\" width=\"1200\" height=\"675\" src=\"https:\/\/www.youtube.com\/embed\/1h0qIlXtns4?feature=oembed\" frameborder=\"0\" allow=\"accelerometer; autoplay; clipboard-write; encrypted-media; gyroscope; picture-in-picture; web-share\" allowfullscreen><\/iframe>\n<\/div><\/figure>\n\n\n\n<hr class=\"wp-block-separator has-alpha-channel-opacity\"\/>\n\n\n\n<p class=\"has-text-align-left\">&nbsp;<\/p>\n","protected":false},"excerpt":{"rendered":"<p>Profesorado de Ingl\u00e9s &#8211; ciclo 2023 Producciones de estudiantes de tercer a\u00f1o del Profesorado de Ingl\u00e9s en relaci\u00f3n a la ense\u00f1anza del ingl\u00e9s como lengua extranjera, realizados en la materia Filosof\u00eda de la Educaci\u00f3n con la Prof. Silvina Bruno. https:\/\/drive.google.com\/drive\/folders\/1CQrJxPFhZ86xlZZhwSajwMDlKDR3zdqd https:\/\/drive.google.com\/drive\/folders\/1PvYSb6mCpOpELv-Ao11bVhO-Y47Oo-Mm https:\/\/docs.google.com\/document\/d\/1e5igXOv7ySel1ZcbEFLvsgkM7VyWOpF2dJ4vfNH3nl4\/edit?usp=drivesdk https:\/\/drive.google.com\/drive\/folders\/1p43_LTdUEV3g73froDdVMOoGnerw-YkK?usp= https:\/\/drive.google.com\/drive\/folders\/1dOmO5MjDgmT0RwpGgExWydTvb34k0rlP?usp=sharing Festejos por los 30 a\u00f1os de creaci\u00f3n del instituto 2\u00b0 Semana &#8230; <a title=\"Nuestras Producciones\" class=\"read-more\" href=\"https:\/\/isfd88-bue.infd.edu.ar\/sitio\/nuestras-producciones\/\" aria-label=\"More on Nuestras Producciones\">[+]<\/a><\/p>\n","protected":false},"author":119,"featured_media":0,"parent":0,"menu_order":0,"comment_status":"closed","ping_status":"closed","template":"","meta":[],"acf":[],"_links":{"self":[{"href":"https:\/\/isfd88-bue.infd.edu.ar\/sitio\/wp-json\/wp\/v2\/pages\/5299"}],"collection":[{"href":"https:\/\/isfd88-bue.infd.edu.ar\/sitio\/wp-json\/wp\/v2\/pages"}],"about":[{"href":"https:\/\/isfd88-bue.infd.edu.ar\/sitio\/wp-json\/wp\/v2\/types\/page"}],"author":[{"embeddable":true,"href":"https:\/\/isfd88-bue.infd.edu.ar\/sitio\/wp-json\/wp\/v2\/users\/119"}],"replies":[{"embeddable":true,"href":"https:\/\/isfd88-bue.infd.edu.ar\/sitio\/wp-json\/wp\/v2\/comments?post=5299"}],"version-history":[{"count":7,"href":"https:\/\/isfd88-bue.infd.edu.ar\/sitio\/wp-json\/wp\/v2\/pages\/5299\/revisions"}],"predecessor-version":[{"id":5601,"href":"https:\/\/isfd88-bue.infd.edu.ar\/sitio\/wp-json\/wp\/v2\/pages\/5299\/revisions\/5601"}],"wp:attachment":[{"href":"https:\/\/isfd88-bue.infd.edu.ar\/sitio\/wp-json\/wp\/v2\/media?parent=5299"}],"curies":[{"name":"wp","href":"https:\/\/api.w.org\/{rel}","templated":true}]}}