{"id":5466,"date":"2023-10-10T20:42:20","date_gmt":"2023-10-10T23:42:20","guid":{"rendered":"https:\/\/isfd88-bue.infd.edu.ar\/sitio\/?page_id=5466"},"modified":"2023-10-11T19:21:39","modified_gmt":"2023-10-11T22:21:39","slug":"sobre-la-carrera-4","status":"publish","type":"page","link":"https:\/\/isfd88-bue.infd.edu.ar\/sitio\/sobre-la-carrera-4\/","title":{"rendered":"Sobre la carrera"},"content":{"rendered":"<div class=\"wp-block-image\">\n<figure class=\"aligncenter is-resized\"><img decoding=\"async\" loading=\"lazy\" src=\"https:\/\/isfd88-bue.infd.edu.ar\/sitio\/wp-content\/uploads\/2023\/10\/Logo-88-1.jpg\" alt=\"La imagen tiene un atributo ALT vac\u00edo; su nombre de archivo es Logo-88-1.jpg\" width=\"135\" height=\"135\"\/><\/figure><\/div>\n\n\n<p>El Profesorado de<strong> Lengua y Literatura<\/strong> tiene una duraci\u00f3n de cuatro a\u00f1os.<\/p>\n\n\n\n<p>Se cursa de forma presencial (bimodal) en las sedes de Salta e Yrigoyen de Lunes a viernes de 18.00 a 22.00 hs y los s\u00e1bados en la sede de Salta de 8.00 a 14.00 hs. Adem\u00e1s se cursan las pr\u00e1cticas docentes en contraturno (ma\u00f1ana o tarde).<\/p>\n\n\n\n<p>El t\u00edtulo habilita para trabajar en Escuelas secundarias y en los distintos planes y programas de terminalidad de la educaci\u00f3n secundaria en el marco de las transformaciones generadas por &nbsp;el hecho hist\u00f3rico de que por primera vez en nuestro pa\u00eds la ley dispone la obligatoriedad de este nivel.<\/p>\n\n\n\n<p><\/p>\n","protected":false},"excerpt":{"rendered":"<p>El Profesorado de Lengua y Literatura tiene una duraci\u00f3n de cuatro a\u00f1os. Se cursa de forma presencial (bimodal) en las sedes de Salta e Yrigoyen de Lunes a viernes de 18.00 a 22.00 hs y los s\u00e1bados en la sede de Salta de 8.00 a 14.00 hs. Adem\u00e1s se cursan las pr\u00e1cticas docentes en contraturno &#8230; <a title=\"Sobre la carrera\" class=\"read-more\" href=\"https:\/\/isfd88-bue.infd.edu.ar\/sitio\/sobre-la-carrera-4\/\" aria-label=\"More on Sobre la carrera\">[+]<\/a><\/p>\n","protected":false},"author":119,"featured_media":0,"parent":0,"menu_order":0,"comment_status":"closed","ping_status":"closed","template":"","meta":[],"acf":[],"_links":{"self":[{"href":"https:\/\/isfd88-bue.infd.edu.ar\/sitio\/wp-json\/wp\/v2\/pages\/5466"}],"collection":[{"href":"https:\/\/isfd88-bue.infd.edu.ar\/sitio\/wp-json\/wp\/v2\/pages"}],"about":[{"href":"https:\/\/isfd88-bue.infd.edu.ar\/sitio\/wp-json\/wp\/v2\/types\/page"}],"author":[{"embeddable":true,"href":"https:\/\/isfd88-bue.infd.edu.ar\/sitio\/wp-json\/wp\/v2\/users\/119"}],"replies":[{"embeddable":true,"href":"https:\/\/isfd88-bue.infd.edu.ar\/sitio\/wp-json\/wp\/v2\/comments?post=5466"}],"version-history":[{"count":2,"href":"https:\/\/isfd88-bue.infd.edu.ar\/sitio\/wp-json\/wp\/v2\/pages\/5466\/revisions"}],"predecessor-version":[{"id":5490,"href":"https:\/\/isfd88-bue.infd.edu.ar\/sitio\/wp-json\/wp\/v2\/pages\/5466\/revisions\/5490"}],"wp:attachment":[{"href":"https:\/\/isfd88-bue.infd.edu.ar\/sitio\/wp-json\/wp\/v2\/media?parent=5466"}],"curies":[{"name":"wp","href":"https:\/\/api.w.org\/{rel}","templated":true}]}}