{"id":5470,"date":"2023-10-11T18:25:36","date_gmt":"2023-10-11T21:25:36","guid":{"rendered":"https:\/\/isfd88-bue.infd.edu.ar\/sitio\/?page_id=5470"},"modified":"2025-09-24T19:06:15","modified_gmt":"2025-09-24T22:06:15","slug":"tecnicatura-en-gestion-cultural-3","status":"publish","type":"page","link":"https:\/\/isfd88-bue.infd.edu.ar\/sitio\/tecnicatura-en-gestion-cultural-3\/","title":{"rendered":""},"content":{"rendered":"<div class=\"wp-block-image\">\n<figure class=\"alignleft size-full is-resized\"><img decoding=\"async\" loading=\"lazy\" src=\"https:\/\/isfd88-bue.infd.edu.ar\/sitio\/wp-content\/uploads\/2021\/02\/Logo1.jpg\" alt=\"\" class=\"wp-image-3715\" width=\"228\" height=\"228\"\/><\/figure><\/div>\n\n\n<p class=\"has-cool-to-warm-spectrum-gradient-background has-background has-large-font-size\"><strong>Tecnicatura en Gesti\u00f3n Cultural<\/strong><\/p>\n\n\n\n<p>La Tecnicatura en Gesti\u00f3n Cultural tiene una duraci\u00f3nd de tres a\u00f1os. La\u00a0cursada\u00a0se realiza en el turno vespertino de Lunes a Viernes de 17.45 hs a 22.00 y los s\u00e1bados de 8.00 hs a 14.00 hs. en la Sede de  Yrigoyen ( frente a la plaza de San Justo) y\/o en\u00a0 Sede de Salta.<\/p>\n\n\n\n<p>La&nbsp;modalidad&nbsp;de la cursada es presencial bimodal. El ciclo lectivo 2023 se desarrollar\u00e1 de acuerdo a las directivas de la Direcci\u00f3n de Educaci\u00f3n Superior de la Provincia de Buenos Aires.<\/p>\n\n\n\n<p>El Instituto posee un Campus virtual, por lo tanto se requiere conocimientos b\u00e1sicos de uso de tecnolog\u00edas y procesadores de textos.<\/p>\n\n\n\n<p>Las\/os estudiantes egresan con el&nbsp;t\u00edtulo&nbsp;de&nbsp;<strong>TECNICO\/A EN GESTI\u00d3N CULTURAL<\/strong>. El t\u00edtulo tiene validez Nacional. Los y las estudiantes&nbsp;<em>podr\u00e1n desempe\u00f1arse en<\/em>:<\/p>\n\n\n\n<ul>\n<li>Instituciones culturales, estatales y privadas.<\/li>\n\n\n\n<li>Productoras de contenidos: radio, video, m\u00fasica, teatro, artes perform\u00e1ticas.<\/li>\n\n\n\n<li>Productoras de espect\u00e1culos y eventos culturales.<\/li>\n\n\n\n<li>Instituciones dedicadas a la conservaci\u00f3n y exposici\u00f3n del patrimonio.<\/li>\n\n\n\n<li>Empresas destinadas al turismo cultural y receptivo.<\/li>\n\n\n\n<li>Promoci\u00f3n y producci\u00f3n de artistas.<\/li>\n<\/ul>\n\n\n\n<p class=\"has-cool-to-warm-spectrum-gradient-background has-background has-medium-font-size\"><strong>AREAS DE COMPETENCIA:<\/strong><\/p>\n\n\n\n<ul>\n<li>Dise\u00f1ar, organizar y gestionar todas las etapas necesarias para el desarrollo de proyectos culturales en el marco de la diversidad cultural.<\/li>\n\n\n\n<li>Ejecutar y supervisar las etapas implicadas en el desarrollo de proyectos culturales.<\/li>\n\n\n\n<li>Planificar la incorporaci\u00f3n de diversos soportes tecnol\u00f3gicos en el desarrollo de proyectos culturales.<\/li>\n<\/ul>\n","protected":false},"excerpt":{"rendered":"<p>Tecnicatura en Gesti\u00f3n Cultural La Tecnicatura en Gesti\u00f3n Cultural tiene una duraci\u00f3nd de tres a\u00f1os. La\u00a0cursada\u00a0se realiza en el turno vespertino de Lunes a Viernes de 17.45 hs a 22.00 y los s\u00e1bados de 8.00 hs a 14.00 hs. en la Sede de Yrigoyen ( frente a la plaza de San Justo) y\/o en\u00a0 Sede &#8230; <a title=\"\" class=\"read-more\" href=\"https:\/\/isfd88-bue.infd.edu.ar\/sitio\/tecnicatura-en-gestion-cultural-3\/\" aria-label=\"More on \">[+]<\/a><\/p>\n","protected":false},"author":119,"featured_media":0,"parent":0,"menu_order":0,"comment_status":"closed","ping_status":"closed","template":"","meta":[],"acf":[],"_links":{"self":[{"href":"https:\/\/isfd88-bue.infd.edu.ar\/sitio\/wp-json\/wp\/v2\/pages\/5470"}],"collection":[{"href":"https:\/\/isfd88-bue.infd.edu.ar\/sitio\/wp-json\/wp\/v2\/pages"}],"about":[{"href":"https:\/\/isfd88-bue.infd.edu.ar\/sitio\/wp-json\/wp\/v2\/types\/page"}],"author":[{"embeddable":true,"href":"https:\/\/isfd88-bue.infd.edu.ar\/sitio\/wp-json\/wp\/v2\/users\/119"}],"replies":[{"embeddable":true,"href":"https:\/\/isfd88-bue.infd.edu.ar\/sitio\/wp-json\/wp\/v2\/comments?post=5470"}],"version-history":[{"count":3,"href":"https:\/\/isfd88-bue.infd.edu.ar\/sitio\/wp-json\/wp\/v2\/pages\/5470\/revisions"}],"predecessor-version":[{"id":6257,"href":"https:\/\/isfd88-bue.infd.edu.ar\/sitio\/wp-json\/wp\/v2\/pages\/5470\/revisions\/6257"}],"wp:attachment":[{"href":"https:\/\/isfd88-bue.infd.edu.ar\/sitio\/wp-json\/wp\/v2\/media?parent=5470"}],"curies":[{"name":"wp","href":"https:\/\/api.w.org\/{rel}","templated":true}]}}