{"id":5475,"date":"2023-10-11T18:41:06","date_gmt":"2023-10-11T21:41:06","guid":{"rendered":"https:\/\/isfd88-bue.infd.edu.ar\/sitio\/?page_id=5475"},"modified":"2026-03-03T16:47:29","modified_gmt":"2026-03-03T19:47:29","slug":"plan-de-estudios-del-profesorado-de-lengua-y-literatura","status":"publish","type":"page","link":"https:\/\/isfd88-bue.infd.edu.ar\/sitio\/plan-de-estudios-del-profesorado-de-lengua-y-literatura\/","title":{"rendered":"Nuevo Dise\u00f1o Curricular &#8211; 2026"},"content":{"rendered":"\n<p class=\"has-electric-grass-gradient-background has-background has-medium-font-size\">Para ver el nuevo Dise\u00f1o Curricular que entra en vigencia en el 2026, hac\u00e9 click <a href=\"https:\/\/drive.google.com\/file\/d\/1CNt6oNn9wJy6OHg7eIqwAZnZuLMjO0gl\/view?usp=sharing\" target=\"_blank\" rel=\"noreferrer noopener\">aqu\u00ed.<\/a><\/p>\n\n\n\n<p class=\"has-very-light-gray-to-cyan-bluish-gray-gradient-background has-background has-medium-font-size\"><strong>Plan de estudios del Profesorado de Lengua y Literatura &#8211; Plan 2018.<\/strong><\/p>\n\n\n\n<p><strong>Asignaturas<\/strong><\/p>\n\n\n\n<p><strong>PRIMER A\u00d1O<\/strong><\/p>\n\n\n\n<p>Pedagog\u00eda<br>Did\u00e1ctica General<br>Problem\u00e1ticas Socio-institucionales<br>Teor\u00eda Literaria I<br>Historia de la Lengua Espa\u00f1ola<br>Lectura y Escritura<br>Historia Social y Cultural de la Literatura I<br>Ling\u00fc\u00edstica y Gram\u00e1tica I<br>Campo de la Formaci\u00f3n Pr\u00e1ctica Profesional El trabajo docente complejidades y entramados<\/p>\n\n\n\n<p><strong>SEGUNDO A\u00d1O<\/strong><\/p>\n\n\n\n<div class=\"wp-block-group is-vertical is-layout-flex wp-container-1\">\n<p>Historia y pol\u00edtica argentina<\/p>\n\n\n\n<p>Ense\u00f1ar con Tecnolog\u00edas<\/p>\n\n\n\n<p>Perspectiva acerca de los sujetos de la Educaci\u00f3n<\/p>\n\n\n\n<p>Teor\u00eda Literaria II<\/p>\n\n\n\n<p>Semi\u00f3tica<\/p>\n\n\n\n<p>Historia Social y Cultural de la Literatura II<\/p>\n\n\n\n<p>Did\u00e1ctica de la Lengua y la Literatura I<\/p>\n\n\n\n<p>Taller de Alfabetizaci\u00f3n y Literatura Infanto juvenil<\/p>\n\n\n\n<p>Ling\u00fc\u00edstica y Gram\u00e1tica II<\/p>\n\n\n\n<p>Campo de la Formaci\u00f3n Pr\u00e1ctica Profesional 2: La construcci\u00f3n del Trabajo Docente en la Escuela Secundaria<\/p>\n<\/div>\n\n\n\n<p><strong>TERCER A\u00d1O<\/strong><\/p>\n\n\n\n<div class=\"wp-block-group is-vertical is-layout-flex wp-container-2\">\n<p>Educaci\u00f3n para la diversidad&nbsp;&nbsp;&nbsp;<\/p>\n\n\n\n<p>Filosof\u00eda y Educaci\u00f3n<\/p>\n\n\n\n<p>Evaluaci\u00f3n de los Aprendizajes<\/p>\n\n\n\n<p>Oferta opcional I: ingl\u00e9s I<\/p>\n\n\n\n<p>Oratoria y ret\u00f3rica docente<\/p>\n\n\n\n<p>Teor\u00eda Literaria III<\/p>\n\n\n\n<p>Psicoling\u00fc\u00edstica<\/p>\n\n\n\n<p>Did. de la Lengua y la Literatura II<\/p>\n\n\n\n<p>Literatura Espa\u00f1ola y Latinoamericana<\/p>\n\n\n\n<p>Ling\u00fc\u00edstica y Gram\u00e1tica III<\/p>\n\n\n\n<p>Campo de la Formaci\u00f3n Pr\u00e1ctica Profesional III: La construcci\u00f3n de la Tarea Docente espec\u00edfica en la ense\u00f1anza del nivel<\/p>\n<\/div>\n\n\n\n<p><strong>CUARTO A\u00d1O<\/strong><\/p>\n\n\n\n<div class=\"wp-block-group is-vertical is-layout-flex wp-container-3\">\n<p>An\u00e1lisis e intervenci\u00f3n en situaciones de convivencia escolar<\/p>\n\n\n\n<p>Oferta opcional II: Ingl\u00e9s II<\/p>\n\n\n\n<p>Tutor\u00edas y Orientaci\u00f3n Escolar<\/p>\n\n\n\n<p>Seminario: Literatura y otros Lenguajes art\u00edsticos<\/p>\n\n\n\n<p>Socioling\u00fc\u00edstica<\/p>\n\n\n\n<p>EDI (Espacio de Definici\u00f3n Institucional: Ciencia y Literatura)<\/p>\n\n\n\n<p>Did\u00e1ctica de la Lengua y La Literatura III<\/p>\n\n\n\n<p>Literatura Argentina<\/p>\n\n\n\n<p>Ling\u00fc\u00edstica y Gram\u00e1tica IV<\/p>\n\n\n\n<p>Campo de la Formaci\u00f3n Pr\u00e1ctica Profesional IV: La Reflexi\u00f3n sobre la Tarea Docente<\/p>\n<\/div>\n","protected":false},"excerpt":{"rendered":"<p>Para ver el nuevo Dise\u00f1o Curricular que entra en vigencia en el 2026, hac\u00e9 click aqu\u00ed. Plan de estudios del Profesorado de Lengua y Literatura &#8211; Plan 2018. Asignaturas PRIMER A\u00d1O Pedagog\u00edaDid\u00e1ctica GeneralProblem\u00e1ticas Socio-institucionalesTeor\u00eda Literaria IHistoria de la Lengua Espa\u00f1olaLectura y EscrituraHistoria Social y Cultural de la Literatura ILing\u00fc\u00edstica y Gram\u00e1tica ICampo de la Formaci\u00f3n &#8230; <a title=\"Nuevo Dise\u00f1o Curricular &#8211; 2026\" class=\"read-more\" href=\"https:\/\/isfd88-bue.infd.edu.ar\/sitio\/plan-de-estudios-del-profesorado-de-lengua-y-literatura\/\" aria-label=\"More on Nuevo Dise\u00f1o Curricular &#8211; 2026\">[+]<\/a><\/p>\n","protected":false},"author":119,"featured_media":0,"parent":0,"menu_order":0,"comment_status":"closed","ping_status":"closed","template":"","meta":[],"acf":[],"_links":{"self":[{"href":"https:\/\/isfd88-bue.infd.edu.ar\/sitio\/wp-json\/wp\/v2\/pages\/5475"}],"collection":[{"href":"https:\/\/isfd88-bue.infd.edu.ar\/sitio\/wp-json\/wp\/v2\/pages"}],"about":[{"href":"https:\/\/isfd88-bue.infd.edu.ar\/sitio\/wp-json\/wp\/v2\/types\/page"}],"author":[{"embeddable":true,"href":"https:\/\/isfd88-bue.infd.edu.ar\/sitio\/wp-json\/wp\/v2\/users\/119"}],"replies":[{"embeddable":true,"href":"https:\/\/isfd88-bue.infd.edu.ar\/sitio\/wp-json\/wp\/v2\/comments?post=5475"}],"version-history":[{"count":2,"href":"https:\/\/isfd88-bue.infd.edu.ar\/sitio\/wp-json\/wp\/v2\/pages\/5475\/revisions"}],"predecessor-version":[{"id":6482,"href":"https:\/\/isfd88-bue.infd.edu.ar\/sitio\/wp-json\/wp\/v2\/pages\/5475\/revisions\/6482"}],"wp:attachment":[{"href":"https:\/\/isfd88-bue.infd.edu.ar\/sitio\/wp-json\/wp\/v2\/media?parent=5475"}],"curies":[{"name":"wp","href":"https:\/\/api.w.org\/{rel}","templated":true}]}}