{"id":5478,"date":"2023-10-11T19:02:33","date_gmt":"2023-10-11T22:02:33","guid":{"rendered":"https:\/\/isfd88-bue.infd.edu.ar\/sitio\/?page_id=5478"},"modified":"2025-09-25T20:59:27","modified_gmt":"2025-09-25T23:59:27","slug":"correlatividades","status":"publish","type":"page","link":"https:\/\/isfd88-bue.infd.edu.ar\/sitio\/correlatividades\/","title":{"rendered":"Correlatividades"},"content":{"rendered":"\n<figure class=\"wp-block-table is-style-stripes\"><table><tbody><tr><td><strong><em>Segundo a\u00f1o<\/em><\/strong><\/td><\/tr><tr><td>Historia y pol\u00edtica argentina<\/td><td><\/td><\/tr><tr><td>Ense\u00f1ar con Tecnolog\u00edas<\/td><td>Pedagog\u00eda &#8211;&nbsp; &nbsp;Did\u00e1ctica General<\/td><\/tr><tr><td>Perspectiva acerca de los sujetos de la Educaci\u00f3n<\/td><td><\/td><\/tr><tr><td>Teor\u00eda Literaria II<\/td><td>Teor\u00eda Literaria I<\/td><\/tr><tr><td>Semi\u00f3tica<\/td><td>Ling\u00fc\u00edstica y Gram\u00e1tica I<\/td><\/tr><tr><td>Historia Social y Cultural de la Literatura II<\/td><td>Historia Social y Cultural de la Literatura I<\/td><\/tr><tr><td>Did\u00e1ctica de la Lengua y la Literatura I<\/td><td>Did\u00e1ctica General<\/td><\/tr><tr><td>Taller de Alfabetizaci\u00f3n y Literatura Infanto juvenil<\/td><td><\/td><\/tr><tr><td>Ling\u00fc\u00edstica y Gram\u00e1tica II<\/td><td>Ling\u00fc\u00edstica y Gram\u00e1tica I<\/td><\/tr><tr><td>Campo de la Formaci\u00f3n Pr\u00e1ctica Profesional II: La construcci\u00f3n del Trabajo Docente en la Escuela Secundaria<\/td><td>Campo de la Formaci\u00f3n Pr\u00e1ctica Profesional I<\/td><\/tr><\/tbody><\/table><\/figure>\n\n\n\n<figure class=\"wp-block-table is-style-stripes\"><table><tbody><tr><td><strong> <em>Tercer a\u00f1o<\/em><\/strong><\/td><\/tr><tr><td>Educaci\u00f3n para la diversidad &nbsp; &nbsp; &nbsp;&nbsp;&nbsp;<\/td><td>\u00a0 Perspectivas acerca de los sujetos de la Educaci\u00f3n<\/td><\/tr><tr><td>Filosof\u00eda y Educaci\u00f3n<\/td><td>Pedagog\u00eda <\/td><\/tr><tr><td>Evaluaci\u00f3n de los Aprendizajes<\/td><td> Did\u00e1ctica de la Lengua y la Literatura I<\/td><\/tr><tr><td>Oratoria y ret\u00f3rica docente&nbsp;&nbsp;&nbsp;&nbsp;&nbsp;&nbsp;&nbsp;&nbsp;&nbsp;&nbsp;&nbsp;&nbsp;&nbsp;&nbsp;&nbsp;&nbsp;&nbsp;&nbsp;&nbsp;&nbsp;&nbsp;&nbsp;&nbsp;&nbsp;&nbsp;&nbsp;&nbsp; <\/td><td><\/td><\/tr><tr><td>Teor\u00eda Literaria III<\/td><td>Teor\u00eda Literaria II<\/td><\/tr><tr><td>Oferta opcional: Ingl\u00e9s I<\/td><\/tr><tr><td>Psicoling\u00fc\u00edstica<\/td><td>Ling\u00fc\u00edstica y Gram\u00e1tica II<\/td><\/tr><tr><td>Did. de la Lengua y la Literatura II<\/td><td>Did\u00e1ctica de la Lengua y la Literatura I<\/td><\/tr><tr><td>Literatura Espa\u00f1ola y Latinoamericana<\/td><td>Historia Social de la Literatura II<\/td><\/tr><tr><td>Ling\u00fc\u00edstica y Gram\u00e1tica III<\/td><td>Ling\u00fc\u00edstica y Gram\u00e1tica II<\/td><\/tr><tr><td>Campo de la Formaci\u00f3n Pr\u00e1ctica Profesional III: La construcci\u00f3n de la Tarea Docente espec\u00edfica en la ense\u00f1anza del nivel<br><\/td><td>Campo de la Formaci\u00f3n Pr\u00e1ctica Profesional II -Did\u00e1ctica de la Lengua y la Literatura I<\/td><\/tr><\/tbody><\/table><\/figure>\n\n\n\n<figure class=\"wp-block-table is-style-stripes\"><table><tbody><tr><td><strong>Cuarto A\u00f1o<\/strong><\/td><\/tr><tr><td>An\u00e1lisis e intervenci\u00f3n en situaciones de convivencia escolar<\/td><td>Educaci\u00f3n para la diversidad<\/td><\/tr><tr><td>Tutor\u00edas y Orientaci\u00f3n Escolar\/ Opcional Ingl\u00e9s 2<\/td><td>Ingl\u00e9s I &nbsp;<\/td><\/tr><tr><td>Seminario: Literatura y otros Lenguajes art\u00edsticos<\/td><td><\/td><\/tr><tr><td>Socioling\u00fc\u00edstica<\/td><td>Psicoling\u00fc\u00edstica &nbsp; Ling\u00fc\u00edstica y Gram\u00e1tica III<\/td><\/tr><tr><td>Did\u00e1ctica de la Lengua y La Literatura III<\/td><td>Did\u00e1ctica de la lengua y la Literatura II<\/td><\/tr><tr><td>Literatura Argentina<\/td><td><\/td><\/tr><tr><td>Ling\u00fc\u00edstica y Gram\u00e1tica IV<\/td><td>Ling\u00fc\u00edstica y Gram\u00e1tica III<\/td><\/tr><tr><td>Campo de la Formaci\u00f3n Pr\u00e1ctica Profesional IV: La Reflexi\u00f3n sobre la Tarea Docente<\/td><td>Campo de la Formaci\u00f3n Pr\u00e1ctica Profesional III- Did\u00e1ctica de la Lengua y la Literatura II<\/td><\/tr><\/tbody><\/table><\/figure>\n","protected":false},"excerpt":{"rendered":"<p>Segundo a\u00f1o Historia y pol\u00edtica argentina Ense\u00f1ar con Tecnolog\u00edas Pedagog\u00eda &#8211;&nbsp; &nbsp;Did\u00e1ctica General Perspectiva acerca de los sujetos de la Educaci\u00f3n Teor\u00eda Literaria II Teor\u00eda Literaria I Semi\u00f3tica Ling\u00fc\u00edstica y Gram\u00e1tica I Historia Social y Cultural de la Literatura II Historia Social y Cultural de la Literatura I Did\u00e1ctica de la Lengua y la Literatura &#8230; <a title=\"Correlatividades\" class=\"read-more\" href=\"https:\/\/isfd88-bue.infd.edu.ar\/sitio\/correlatividades\/\" aria-label=\"More on Correlatividades\">[+]<\/a><\/p>\n","protected":false},"author":119,"featured_media":0,"parent":0,"menu_order":0,"comment_status":"closed","ping_status":"closed","template":"","meta":[],"acf":[],"_links":{"self":[{"href":"https:\/\/isfd88-bue.infd.edu.ar\/sitio\/wp-json\/wp\/v2\/pages\/5478"}],"collection":[{"href":"https:\/\/isfd88-bue.infd.edu.ar\/sitio\/wp-json\/wp\/v2\/pages"}],"about":[{"href":"https:\/\/isfd88-bue.infd.edu.ar\/sitio\/wp-json\/wp\/v2\/types\/page"}],"author":[{"embeddable":true,"href":"https:\/\/isfd88-bue.infd.edu.ar\/sitio\/wp-json\/wp\/v2\/users\/119"}],"replies":[{"embeddable":true,"href":"https:\/\/isfd88-bue.infd.edu.ar\/sitio\/wp-json\/wp\/v2\/comments?post=5478"}],"version-history":[{"count":5,"href":"https:\/\/isfd88-bue.infd.edu.ar\/sitio\/wp-json\/wp\/v2\/pages\/5478\/revisions"}],"predecessor-version":[{"id":6272,"href":"https:\/\/isfd88-bue.infd.edu.ar\/sitio\/wp-json\/wp\/v2\/pages\/5478\/revisions\/6272"}],"wp:attachment":[{"href":"https:\/\/isfd88-bue.infd.edu.ar\/sitio\/wp-json\/wp\/v2\/media?parent=5478"}],"curies":[{"name":"wp","href":"https:\/\/api.w.org\/{rel}","templated":true}]}}