{"id":5495,"date":"2023-10-11T19:41:05","date_gmt":"2023-10-11T22:41:05","guid":{"rendered":"https:\/\/isfd88-bue.infd.edu.ar\/sitio\/?page_id=5495"},"modified":"2025-03-12T11:22:38","modified_gmt":"2025-03-12T14:22:38","slug":"correlatividades-2","status":"publish","type":"page","link":"https:\/\/isfd88-bue.infd.edu.ar\/sitio\/correlatividades-2\/","title":{"rendered":"Correlatividades"},"content":{"rendered":"\n<p><\/p>\n\n\n\n<figure class=\"wp-block-table\"><table class=\"has-fixed-layout\"><tbody><tr><td><strong>SEGUNDO A\u00d1O<\/strong><\/td><td><strong>CORRELATIVIDADES<\/strong><\/td><\/tr><tr><td>Ense\u00f1ar con Tecnolog\u00edas<\/td><td>Pedagog\u00eda &#8211; Did\u00e1ctica General<\/td><\/tr><tr><td>Pr\u00e1cticas Discursivas de la Comunicaci\u00f3n Oral II<\/td><td>Pr\u00e1cticas Discursivas de la Comunicaci\u00f3n Oral I<\/td><\/tr><tr><td>Pr\u00e1cticas Discursivas de la Comunicaci\u00f3n Escrita II<\/td><td>Pr\u00e1cticas Discursivas de la Comunicaci\u00f3n Escrita I<\/td><\/tr><tr><td>Fundamentos de la ense\u00f1anza y el aprendizaje del ingl\u00e9s I<\/td><td>Did\u00e1ctica General<\/td><\/tr><tr><td>Taller de Literatura Infantil y su did\u00e1ctica<\/td><td>Interculturalidad desde la Lengua Inglesa I<\/td><\/tr><tr><td>Interculturalidad desde la Lengua Inglesa II<\/td><td>Interculturalidad desde la Lengua Inglesa I<\/td><\/tr><tr><td>CFPP2 La construcci\u00f3n del trabajo docente en la Escuela Primaria y Secundaria<\/td><td>CFPP1 El trabajo docente: complejidades y entramados<\/td><\/tr><\/tbody><\/table><\/figure>\n\n\n\n<figure class=\"wp-block-table\"><table class=\"has-fixed-layout\"><tbody><tr><td><strong>TERCER A\u00d1O<\/strong><\/td><td><strong>CORRELATIVIDADES<\/strong><\/td><\/tr><tr><td>Educaci\u00f3n para la Diversidad<\/td><td><\/td><\/tr><tr><td>La Evaluaci\u00f3n de los Aprendizajes<\/td><td>Fundamentos de la ense\u00f1anza y el aprendizaje I<\/td><\/tr><tr><td>Filosof\u00eda y Educaci\u00f3n<\/td><td>Pedagog\u00eda<\/td><\/tr><tr><td>Pr\u00e1cticas Discursivas de la Comunicaci\u00f3n Oral III<\/td><td>Pr\u00e1cticas Discursivas de la Comunicaci\u00f3n Oral II<\/td><\/tr><tr><td>Pr\u00e1cticas Discursivas de la Comunicaci\u00f3n Escrita III<\/td><td>Pr\u00e1cticas Discursivas de la Comunicaci\u00f3n Escrita II<\/td><\/tr><tr><td>Fundamentos de la ense\u00f1anza y el aprendizaje del ingl\u00e9s II<\/td><td>Fundamentos de la ense\u00f1anza y el aprendizaje del ingl\u00e9s I<\/td><\/tr><tr><td>Taller de Literatura Juvenil y su did\u00e1ctica<\/td><td>Taller: Literatura Infantil y su did\u00e1ctica<\/td><\/tr><tr><td>Interculturalidad desde la Lengua Inglesa II<\/td><td>Interculturalidad desde la Lengua Inglesa I<\/td><\/tr><tr><td>CFPP3 La construcci\u00f3n de la tareas docente espec\u00edfica en la ense\u00f1anza del nivel Primario<\/td><td>CFPP2 La construcci\u00f3n del trabajo docente en la Escuela Primaria y Secundaria &#8211; Fundamentos de la Ense\u00f1anza y Aprendizaje del Ingl\u00e9s I (Acreditada con examen final)<\/td><\/tr><\/tbody><\/table><\/figure>\n\n\n\n<figure class=\"wp-block-table\"><table class=\"has-fixed-layout\"><tbody><tr><td><strong>CUARTO A\u00d1O<\/strong><\/td><td><strong>CORRELATIVIDADES<\/strong><\/td><\/tr><tr><td>An\u00e1lisis e intervenci\u00f3n en situaciones de convivencia escolar<\/td><td>Educaci\u00f3n para la diversidad<\/td><\/tr><tr><td>Espacio de definici\u00f3n institucional<\/td><td>Educaci\u00f3n para la diversidad &#8211; Pedagog\u00eda &#8211; Did\u00e1ctica<\/td><\/tr><tr><td>Pr\u00e1cticas Discursivas de la Comunicaci\u00f3n Oral IV<\/td><td>Pr\u00e1cticas Discursivas de la Comunicaci\u00f3n Oral III<\/td><\/tr><tr><td>Pr\u00e1cticas Discursivas de la Comunicaci\u00f3n Escrita IV<\/td><td>Pr\u00e1cticas Discursivas de la Comunicaci\u00f3n Escrita III<\/td><\/tr><tr><td>Fundamentos de la ense\u00f1anza y el aprendizaje del ingl\u00e9s III<\/td><td>Fundamentos de la ense\u00f1anza y el aprendizaje del ingl\u00e9s II<\/td><\/tr><tr><td>Interculturalidad desde la Lengua Inglesa III<\/td><td>Interculturalidad desde la Lengua Inglesa II<\/td><\/tr><tr><td>CFPP4 La construcci\u00f3n de la tarea docente espec\u00edfica en la ense\u00f1anza del nivel<br>Secundario<\/td><td>CFPP3 La construcci\u00f3n de la tareas docente espec\u00edfica en la ense\u00f1anza del nivel Primario &#8211; Fundamentos de la Ense\u00f1anza y Aprendizaje del Ingl\u00e9s II (Acreditada con examen final)<\/td><\/tr><\/tbody><\/table><\/figure>\n","protected":false},"excerpt":{"rendered":"<p>SEGUNDO A\u00d1O CORRELATIVIDADES Ense\u00f1ar con Tecnolog\u00edas Pedagog\u00eda &#8211; Did\u00e1ctica General Pr\u00e1cticas Discursivas de la Comunicaci\u00f3n Oral II Pr\u00e1cticas Discursivas de la Comunicaci\u00f3n Oral I Pr\u00e1cticas Discursivas de la Comunicaci\u00f3n Escrita II Pr\u00e1cticas Discursivas de la Comunicaci\u00f3n Escrita I Fundamentos de la ense\u00f1anza y el aprendizaje del ingl\u00e9s I Did\u00e1ctica General Taller de Literatura Infantil y &#8230; <a title=\"Correlatividades\" class=\"read-more\" href=\"https:\/\/isfd88-bue.infd.edu.ar\/sitio\/correlatividades-2\/\" aria-label=\"More on Correlatividades\">[+]<\/a><\/p>\n","protected":false},"author":119,"featured_media":0,"parent":0,"menu_order":0,"comment_status":"closed","ping_status":"closed","template":"","meta":[],"acf":[],"_links":{"self":[{"href":"https:\/\/isfd88-bue.infd.edu.ar\/sitio\/wp-json\/wp\/v2\/pages\/5495"}],"collection":[{"href":"https:\/\/isfd88-bue.infd.edu.ar\/sitio\/wp-json\/wp\/v2\/pages"}],"about":[{"href":"https:\/\/isfd88-bue.infd.edu.ar\/sitio\/wp-json\/wp\/v2\/types\/page"}],"author":[{"embeddable":true,"href":"https:\/\/isfd88-bue.infd.edu.ar\/sitio\/wp-json\/wp\/v2\/users\/119"}],"replies":[{"embeddable":true,"href":"https:\/\/isfd88-bue.infd.edu.ar\/sitio\/wp-json\/wp\/v2\/comments?post=5495"}],"version-history":[{"count":4,"href":"https:\/\/isfd88-bue.infd.edu.ar\/sitio\/wp-json\/wp\/v2\/pages\/5495\/revisions"}],"predecessor-version":[{"id":6152,"href":"https:\/\/isfd88-bue.infd.edu.ar\/sitio\/wp-json\/wp\/v2\/pages\/5495\/revisions\/6152"}],"wp:attachment":[{"href":"https:\/\/isfd88-bue.infd.edu.ar\/sitio\/wp-json\/wp\/v2\/media?parent=5495"}],"curies":[{"name":"wp","href":"https:\/\/api.w.org\/{rel}","templated":true}]}}