{"id":5533,"date":"2023-10-19T20:29:24","date_gmt":"2023-10-19T23:29:24","guid":{"rendered":"https:\/\/isfd88-bue.infd.edu.ar\/sitio\/?page_id=5533"},"modified":"2025-12-22T21:26:10","modified_gmt":"2025-12-23T00:26:10","slug":"links-para-inscribirse","status":"publish","type":"page","link":"https:\/\/isfd88-bue.infd.edu.ar\/sitio\/links-para-inscribirse\/","title":{"rendered":"LINKS de INSCRIPCI\u00d3N"},"content":{"rendered":"\n<div class=\"wp-block-group has-background is-vertical is-layout-flex wp-container-1\" style=\"background:linear-gradient(135deg,rgb(255,206,236) 57%,rgb(152,150,240) 100%)\">\n<p class=\"has-contrast-color has-text-color has-medium-font-size\"><strong>Para saber c\u00f3mo digitalizar la documentaci\u00f3n, pod\u00e9s verlo por <a rel=\"noreferrer noopener\" href=\"https:\/\/www.youtube.com\/watch?v=UxMQYPoSObI\" target=\"_blank\">Youtube.<\/a><\/strong><\/p>\n\n\n\n<p class=\"has-text-color has-medium-font-size\" style=\"color:#f00a0a\"><strong>RECORD\u00c1<\/strong><\/p>\n\n\n\n<p class=\"has-text-color\" style=\"color:#7404f4\"><strong>UNA VEZ COMPLETADO EL FORMULARIO, LA INSCRIPCI\u00d3N CONTINUA CON LA ENTREGA DE LA DOCUMENTACI\u00d3N EN FORMATO PAPEL, LOS D\u00cdAS 18 Y 19 DE FEBRERO, DE 18:30 A 20:30 HS. EN SEDE SALTA 2309, SAN JUSTO.<\/strong><\/p>\n\n\n\n<p><\/p>\n\n\n\n<p class=\"has-contrast-color has-text-color has-medium-font-size\"><strong>INSCRIPCI\u00d3N en los siguientes enlaces<\/strong>:<\/p>\n<\/div>\n\n\n\n<p class=\"has-text-color\" style=\"color:#f40b0b\"><a href=\"https:\/\/forms.gle\/oHiSsQ55DMzmUGrx6\">PROFESORADO DE EDUCACI\u00d3N INICIAL<\/a> &#8211; El formulario se ha cerrado. Se informar\u00e1 por la p\u00e1gina si se reabre la inscripci\u00f3n online, acorde a la disponibilidad edilicia. <\/p>\n\n\n\n<p class=\"has-text-color\" style=\"color:#f31515\"><a href=\"https:\/\/forms.gle\/P39VvZrzaHSWpHSbA\">PROFESORADO DE EDUCACI\u00d3N PRIMARIA<\/a> &#8211; El formulario se ha cerrado. Se informar\u00e1 por la p\u00e1gina si se reabre la inscripci\u00f3n online, acorde a la disponibilidad edilicia.<\/p>\n\n\n\n<p class=\"has-text-color\" style=\"color:#f31515\"><a href=\"https:\/\/forms.gle\/TapLSoWdZFkeXBXLA\">PROFESORADO DE INGL\u00c9S<\/a><\/p>\n\n\n\n<p><a href=\"https:\/\/forms.gle\/cNQA4GptZnvNHWsB9\">PROFESORADO DE LENGUA Y LITERATURA<\/a><\/p>\n\n\n\n<p><a href=\"https:\/\/forms.gle\/FXq1Jr5jRKHdB7FKA\">TECNICATURA EN GESTI\u00d3N CULTURAL<\/a><\/p>\n\n\n\n<p><a href=\"https:\/\/forms.gle\/kVXzfTWZ3NaBZm92A\">TECNICATURA EN TIEMPO LIBRE Y RECREACI\u00d3N<\/a><\/p>\n\n\n\n<p><a href=\"https:\/\/forms.gle\/o3Z7JPiREA7RicG88\">CURFBA (CURSO DE FORMACI\u00d3N B\u00c1SICA)<\/a><\/p>\n\n\n\n<p><\/p>\n\n\n\n<p><\/p>\n","protected":false},"excerpt":{"rendered":"<p>Para saber c\u00f3mo digitalizar la documentaci\u00f3n, pod\u00e9s verlo por Youtube. RECORD\u00c1 UNA VEZ COMPLETADO EL FORMULARIO, LA INSCRIPCI\u00d3N CONTINUA CON LA ENTREGA DE LA DOCUMENTACI\u00d3N EN FORMATO PAPEL, LOS D\u00cdAS 18 Y 19 DE FEBRERO, DE 18:30 A 20:30 HS. EN SEDE SALTA 2309, SAN JUSTO. INSCRIPCI\u00d3N en los siguientes enlaces: PROFESORADO DE EDUCACI\u00d3N INICIAL &#8230; <a title=\"LINKS de INSCRIPCI\u00d3N\" class=\"read-more\" href=\"https:\/\/isfd88-bue.infd.edu.ar\/sitio\/links-para-inscribirse\/\" aria-label=\"More on LINKS de INSCRIPCI\u00d3N\">[+]<\/a><\/p>\n","protected":false},"author":119,"featured_media":0,"parent":0,"menu_order":0,"comment_status":"closed","ping_status":"closed","template":"","meta":[],"acf":[],"_links":{"self":[{"href":"https:\/\/isfd88-bue.infd.edu.ar\/sitio\/wp-json\/wp\/v2\/pages\/5533"}],"collection":[{"href":"https:\/\/isfd88-bue.infd.edu.ar\/sitio\/wp-json\/wp\/v2\/pages"}],"about":[{"href":"https:\/\/isfd88-bue.infd.edu.ar\/sitio\/wp-json\/wp\/v2\/types\/page"}],"author":[{"embeddable":true,"href":"https:\/\/isfd88-bue.infd.edu.ar\/sitio\/wp-json\/wp\/v2\/users\/119"}],"replies":[{"embeddable":true,"href":"https:\/\/isfd88-bue.infd.edu.ar\/sitio\/wp-json\/wp\/v2\/comments?post=5533"}],"version-history":[{"count":27,"href":"https:\/\/isfd88-bue.infd.edu.ar\/sitio\/wp-json\/wp\/v2\/pages\/5533\/revisions"}],"predecessor-version":[{"id":6446,"href":"https:\/\/isfd88-bue.infd.edu.ar\/sitio\/wp-json\/wp\/v2\/pages\/5533\/revisions\/6446"}],"wp:attachment":[{"href":"https:\/\/isfd88-bue.infd.edu.ar\/sitio\/wp-json\/wp\/v2\/media?parent=5533"}],"curies":[{"name":"wp","href":"https:\/\/api.w.org\/{rel}","templated":true}]}}