{"id":5542,"date":"2023-10-19T20:44:51","date_gmt":"2023-10-19T23:44:51","guid":{"rendered":"https:\/\/isfd88-bue.infd.edu.ar\/sitio\/?page_id=5542"},"modified":"2023-11-16T18:53:23","modified_gmt":"2023-11-16T21:53:23","slug":"concursos","status":"publish","type":"page","link":"https:\/\/isfd88-bue.infd.edu.ar\/sitio\/concursos\/","title":{"rendered":"CONCURSOS"},"content":{"rendered":"\n<p class=\"has-cool-to-warm-spectrum-gradient-background has-background\"><strong>REQUISITOS PARA PRESENTAR PROYECTOS<\/strong><\/p>\n\n\n\n<p><strong>Se solicitar\u00e1:<\/strong><\/p>\n\n\n\n<p>1-Presentar Anexo III de la Resoluci\u00f3n 5886\/03 y las certificaciones respectivas.<\/p>\n\n\n\n<p>2-Experiencia docente en el nivel y\/o modalidad a que est\u00e1 dirigida la carrera de al menos 5 a\u00f1os.<\/p>\n\n\n\n<p>3-La Propuesta pedag\u00f3gica se presentar\u00e1 en formato PDF (NO FOTO).<\/p>\n\n\n\n<p><strong>Caracter\u00edsticas de presentaci\u00f3n de la propuesta<\/strong>: Hoja A4, texto justificado, letra Arial o Times New Roman 11, interlineado 1.5. El m\u00e1ximo de p\u00e1ginas de la propuesta no deber\u00e1 superar el n\u00famero de 7. La misma se presentar\u00e1 para el a\u00f1o calendario completo y se incluir\u00e1n las adecuaciones y modificaciones consideradas pertinentes para el formato de no presencialidad\/no presencialidad, as\u00ed como para el tiempo real de dictado.<\/p>\n\n\n\n<p>4-La Declaraci\u00f3n Jurada de Salud en el marco de la Res 416\/2021.<\/p>\n\n\n\n<p>5-En caso de presentarse en m\u00e1s de una materia, completar el formulario por cada una de las materias en las que se inscribe.7<\/p>\n\n\n\n<p>6-Se recuerda presentar <strong>Declaraci\u00f3n Jurada de Incompatibilidad<\/strong> <strong>Horaria<\/strong> actualizada al momento de la entrevista.<\/p>\n\n\n\n<p>Toda la documentaci\u00f3n solicitada corresponde enviarla en un solo archivo y en formato PDF.<\/p>\n\n\n\n<p><strong>Importante:<\/strong> Se proceder\u00e1 a la evaluaci\u00f3n de toda <strong>Propuesta Curricular genuina<\/strong>. En el caso de detectarse plagio en el proyecto, se invalidar\u00e1 autom\u00e1ticamente el mismo.<\/p>\n\n\n\n<p class=\"has-cool-to-warm-spectrum-gradient-background has-background has-medium-font-size\"><\/p>\n\n\n\n<p><\/p>\n","protected":false},"excerpt":{"rendered":"<p>REQUISITOS PARA PRESENTAR PROYECTOS Se solicitar\u00e1: 1-Presentar Anexo III de la Resoluci\u00f3n 5886\/03 y las certificaciones respectivas. 2-Experiencia docente en el nivel y\/o modalidad a que est\u00e1 dirigida la carrera de al menos 5 a\u00f1os. 3-La Propuesta pedag\u00f3gica se presentar\u00e1 en formato PDF (NO FOTO). Caracter\u00edsticas de presentaci\u00f3n de la propuesta: Hoja A4, texto justificado, &#8230; <a title=\"CONCURSOS\" class=\"read-more\" href=\"https:\/\/isfd88-bue.infd.edu.ar\/sitio\/concursos\/\" aria-label=\"More on CONCURSOS\">[+]<\/a><\/p>\n","protected":false},"author":119,"featured_media":0,"parent":0,"menu_order":0,"comment_status":"closed","ping_status":"closed","template":"","meta":[],"acf":[],"_links":{"self":[{"href":"https:\/\/isfd88-bue.infd.edu.ar\/sitio\/wp-json\/wp\/v2\/pages\/5542"}],"collection":[{"href":"https:\/\/isfd88-bue.infd.edu.ar\/sitio\/wp-json\/wp\/v2\/pages"}],"about":[{"href":"https:\/\/isfd88-bue.infd.edu.ar\/sitio\/wp-json\/wp\/v2\/types\/page"}],"author":[{"embeddable":true,"href":"https:\/\/isfd88-bue.infd.edu.ar\/sitio\/wp-json\/wp\/v2\/users\/119"}],"replies":[{"embeddable":true,"href":"https:\/\/isfd88-bue.infd.edu.ar\/sitio\/wp-json\/wp\/v2\/comments?post=5542"}],"version-history":[{"count":4,"href":"https:\/\/isfd88-bue.infd.edu.ar\/sitio\/wp-json\/wp\/v2\/pages\/5542\/revisions"}],"predecessor-version":[{"id":5602,"href":"https:\/\/isfd88-bue.infd.edu.ar\/sitio\/wp-json\/wp\/v2\/pages\/5542\/revisions\/5602"}],"wp:attachment":[{"href":"https:\/\/isfd88-bue.infd.edu.ar\/sitio\/wp-json\/wp\/v2\/media?parent=5542"}],"curies":[{"name":"wp","href":"https:\/\/api.w.org\/{rel}","templated":true}]}}