{"id":5778,"date":"2024-10-09T20:30:36","date_gmt":"2024-10-09T23:30:36","guid":{"rendered":"https:\/\/isfd88-bue.infd.edu.ar\/sitio\/?page_id=5778"},"modified":"2024-10-09T20:30:37","modified_gmt":"2024-10-09T23:30:37","slug":"correlatividades-educacion-inicial","status":"publish","type":"page","link":"https:\/\/isfd88-bue.infd.edu.ar\/sitio\/correlatividades-educacion-inicial\/","title":{"rendered":"Correlatividades Educaci\u00f3n Inicial"},"content":{"rendered":"\n<p><strong>ANEXO 2&nbsp;<\/strong><\/p>\n\n\n\n<p><strong>PROFESORADO EN EDUCACI\u00d3N INICIAL&nbsp;<\/strong><\/p>\n\n\n\n<p><strong>Resoluci\u00f3n 4154\/07 y modif. 1117\/09&nbsp;<\/strong><\/p>\n\n\n\n<p><strong>Este r\u00e9gimen de correlatividades establece los requisitos para cursar<\/strong><\/p>\n\n\n\n<figure class=\"wp-block-table\"><table><tbody><tr><td><strong>Unidades curriculares de&nbsp; 2\u00b0 a\u00f1o&nbsp;<\/strong><\/td><td><strong>Cursada aprobada de:&nbsp;<\/strong><\/td><td><strong>Unidad curricular acreditada<\/strong><\/td><\/tr><tr><td>Psicolog\u00eda del Desarrollo y el&nbsp; Aprendizaje II<\/td><td>Psicolog\u00eda del Desarrollo y el&nbsp; Aprendizaje I<\/td><td>\u2014&#8212;<\/td><\/tr><tr><td>Psicolog\u00eda Social e Institucional&nbsp;<\/td><td>\u2014&#8212;&nbsp;<\/td><td>\u2014&#8212;<\/td><\/tr><tr><td>Cultura, Comunicaci\u00f3n y&nbsp;&nbsp;Educaci\u00f3n<\/td><td>\u2014&#8212;&nbsp;<\/td><td>\u2014&#8212;<\/td><\/tr><tr><td>Educaci\u00f3n Pl\u00e1stica&nbsp;<\/td><td>\u2014&#8212;&nbsp;<\/td><td>\u2014&#8212;<\/td><\/tr><tr><td>Did\u00e1ctica de las Pr\u00e1cticas del&nbsp; Lenguaje y la Literatura<\/td><td>\u2014&#8212;&nbsp;<\/td><td>\u2014&#8212;<\/td><\/tr><tr><td>Did\u00e1ctica de las Ciencias&nbsp;&nbsp;Sociales<\/td><td>\u2014&#8212;&nbsp;<\/td><td>\u2014&#8212;<\/td><\/tr><tr><td>Did\u00e1ctica de las Ciencias&nbsp;&nbsp;Naturales<\/td><td>\u2014&#8212;&nbsp;<\/td><td>\u2014&#8212;<\/td><\/tr><tr><td>Did\u00e1ctica de la Matem\u00e1tica&nbsp;<\/td><td>\u2014&#8212;&nbsp;<\/td><td>\u2014&#8212;<\/td><\/tr><tr><td>Teor\u00edas Sociopol\u00edticas y&nbsp;&nbsp;Educaci\u00f3n<\/td><td>\u2014&#8212;&nbsp;<\/td><td>\u2014&#8212;<\/td><\/tr><tr><td>Did\u00e1ctica y Curriculum del Nivel&nbsp; Inicial&nbsp;<\/td><td>Did\u00e1ctica general&nbsp;<\/td><td>\u2014&#8212;<\/td><\/tr><tr><td>Campo de la pr\u00e1ctica docente II&nbsp;<\/td><td>\u2014&#8212;&nbsp;<\/td><td>Campo de la pr\u00e1ctica docente I<\/td><\/tr><tr><td><strong>Unidades curriculares de&nbsp; 3\u00b0 a\u00f1o&nbsp;<\/strong><\/td><td><strong>Cursada aprobada de:&nbsp;<\/strong><\/td><td><strong>Unidad curricular acreditada<\/strong><\/td><\/tr><tr><td>Juegos y Desarrollo Infantil&nbsp;<\/td><td>Psicolog\u00eda del Desarrollo y el&nbsp; Aprendizaje I&nbsp;<\/td><td>\u2014&#8211;<\/td><\/tr><tr><td>Medios Audiovisuales, TICs y&nbsp; Educaci\u00f3n&nbsp;<\/td><td>\u2014&#8211;&nbsp;<\/td><td>\u2014&#8211;<\/td><\/tr><tr><td>Educaci\u00f3n Musical&nbsp;<\/td><td>\u2014&#8211;&nbsp;<\/td><td>\u2014&#8211;<\/td><\/tr><tr><td>Educaci\u00f3n F\u00edsica Escolar&nbsp;<\/td><td>\u2014&#8211;&nbsp;<\/td><td>\u2014&#8211;<\/td><\/tr><tr><td>Taller de Ciencias Sociales&nbsp;<\/td><td>Did\u00e1ctica de las Ciencias&nbsp;&nbsp;Sociales&nbsp;<\/td><td>\u2014&#8211;<\/td><\/tr><tr><td>Taller de Ciencias Naturales&nbsp;<\/td><td>Did\u00e1ctica de las Ciencias&nbsp;&nbsp;Naturales&nbsp;<\/td><td>\u2014&#8211;<\/td><\/tr><\/tbody><\/table><\/figure>\n\n\n\n<figure class=\"wp-block-image\"><img decoding=\"async\" src=\"https:\/\/lh7-rt.googleusercontent.com\/docsz\/AD_4nXeyakwJHOB33DfEr_JfdNuus3j5Q49qCYVVpsbXdymCDCBOaIbnlc4SoumPlldD_05SaXXs8caDSvmAO7Dd-3l-HcQ-9M_VmyM8NKeSH4-zDQznj0ytKNEkuwSa6tREvLsr3AvtaBfKtP-0jL67Mw9Eydc?key=xBz7IwvId4cAh32FbP1_xQ\" alt=\"\"\/><\/figure>\n\n\n\n<figure class=\"wp-block-image\"><img decoding=\"async\" src=\"https:\/\/lh7-rt.googleusercontent.com\/docsz\/AD_4nXdEeZNU8m--nqsTttRG8HwDiRX4Bwwy0RD9R1ZpjUIfwKBjfZ1iFKdEvz0CzdaoAdu2vbLPsOXMHCK1yFkoivKyCKZt6emKmefWX44Pu4ucfQgkA-2sSgSplD398OvR4WIvlVoIrl4HsYGhTkAnAQQv6VnM?key=xBz7IwvId4cAh32FbP1_xQ\" alt=\"\"\/><\/figure>\n\n\n\n<figure class=\"wp-block-table\"><table><tbody><tr><td>Taller de Literatura Infantil&nbsp;<\/td><td>Did\u00e1ctica de Pr\u00e1cticas del&nbsp;&nbsp;Lenguaje y la Literatura&nbsp;<\/td><td>\u2014&#8211;<\/td><\/tr><tr><td>Taller de Matem\u00e1tica&nbsp;<\/td><td>Did\u00e1ctica de la Matem\u00e1tica&nbsp;<\/td><td>\u2014&#8211;<\/td><\/tr><tr><td>Producci\u00f3n de Materiales y&nbsp; Objetos L\u00fadicos&nbsp;<\/td><td>\u2014&#8211;&nbsp;<\/td><td>\u2014&#8211;<\/td><\/tr><tr><td>Historia y Prospectiva de la&nbsp; Educaci\u00f3n&nbsp;<\/td><td>\u2014&#8211;&nbsp;<\/td><td>\u2014&#8211;<\/td><\/tr><tr><td>Pol\u00edticas, Legislaci\u00f3n y&nbsp;&nbsp;Administraci\u00f3n del Trabajo&nbsp; Escolar<\/td><td>\u2014&#8211;&nbsp;<\/td><td>\u2014&#8211;<\/td><\/tr><tr><td>Campo de la Pr\u00e1ctica Docente&nbsp; III<\/td><td>Todas las unidades curriculares&nbsp; de primer A\u00f1o<\/td><td>Campo de la Pr\u00e1ctica Docente II Did\u00e1ctica de las Pr\u00e1cticas del&nbsp; Lenguaje y la Literatura&nbsp;Did\u00e1ctica de las Ciencias&nbsp;&nbsp;Sociales&nbsp;Did\u00e1ctica de las Ciencias&nbsp;&nbsp;Naturales&nbsp;Did\u00e1ctica de la Matem\u00e1tica Did\u00e1ctica y Curriculum del Nivel&nbsp; Inicial<\/td><\/tr><tr><td><strong>Unidades curriculares de&nbsp; 4\u00b0 a\u00f1o&nbsp;<\/strong><\/td><td><strong>Cursada aprobada de:&nbsp;<\/strong><\/td><td><strong>Unidad curricular acreditada<\/strong><\/td><\/tr><tr><td>Educaci\u00f3n en y para la Salud&nbsp;<\/td><td>\u2014&#8211;&nbsp;<\/td><td>\u2014&#8211;<\/td><\/tr><tr><td>Ateneo de Pr\u00e1cticas del&nbsp;&nbsp;Lenguaje y la Literatura&nbsp;<\/td><td>Taller de Literatura Infantil&nbsp;<\/td><td>\u2014&#8211;<\/td><\/tr><tr><td>Ateneo de Matem\u00e1tica&nbsp;<\/td><td>Taller de Matem\u00e1tica&nbsp;<\/td><td>\u2014&#8211;<\/td><\/tr><tr><td>Ateneo de Naturaleza y&nbsp;&nbsp;Sociedad<\/td><td>Taller de Ciencias Naturales Taller de Ciencias Sociales&nbsp;<\/td><td>\u2014&#8211;<\/td><\/tr><tr><td>Ateneo de Nuevas Experiencias&nbsp; Est\u00e9ticas&nbsp;<\/td><td>\u2014&#8211;&nbsp;<\/td><td>\u2014&#8211;<\/td><\/tr><tr><td>Reflexi\u00f3n filos\u00f3fica de la&nbsp;&nbsp;Educaci\u00f3n<\/td><td>Filosof\u00eda&nbsp;Pedagog\u00eda&nbsp;<\/td><td>\u2014&#8211;<\/td><\/tr><tr><td>Dimensi\u00f3n \u00e9tico pol\u00edtica de la&nbsp; praxis docente<\/td><td>Teor\u00edas Sociopol\u00edticas y&nbsp;&nbsp;Educaci\u00f3n&nbsp;<\/td><td>\u2014&#8211;<\/td><\/tr><tr><td>Campo de la pr\u00e1ctica Docente&nbsp; IV<\/td><td>Todas las unidades curriculares&nbsp; de segundo a\u00f1o<\/td><td>Campo de la Pr\u00e1ctica Docente&nbsp; III&nbsp;Taller de Ciencias Sociales Taller de Ciencias Naturales Taller de Literatura Infantil&nbsp;Taller de Matem\u00e1tica<\/td><\/tr><\/tbody><\/table><\/figure>\n","protected":false},"excerpt":{"rendered":"<p>ANEXO 2&nbsp; PROFESORADO EN EDUCACI\u00d3N INICIAL&nbsp; Resoluci\u00f3n 4154\/07 y modif. 1117\/09&nbsp; Este r\u00e9gimen de correlatividades establece los requisitos para cursar Unidades curriculares de&nbsp; 2\u00b0 a\u00f1o&nbsp; Cursada aprobada de:&nbsp; Unidad curricular acreditada Psicolog\u00eda del Desarrollo y el&nbsp; Aprendizaje II Psicolog\u00eda del Desarrollo y el&nbsp; Aprendizaje I \u2014&#8212; Psicolog\u00eda Social e Institucional&nbsp; \u2014&#8212;&nbsp; \u2014&#8212; Cultura, Comunicaci\u00f3n y&nbsp;&nbsp;Educaci\u00f3n &#8230; <a title=\"Correlatividades Educaci\u00f3n Inicial\" class=\"read-more\" href=\"https:\/\/isfd88-bue.infd.edu.ar\/sitio\/correlatividades-educacion-inicial\/\" aria-label=\"More on Correlatividades Educaci\u00f3n Inicial\">[+]<\/a><\/p>\n","protected":false},"author":4736,"featured_media":0,"parent":0,"menu_order":0,"comment_status":"closed","ping_status":"closed","template":"","meta":[],"acf":[],"_links":{"self":[{"href":"https:\/\/isfd88-bue.infd.edu.ar\/sitio\/wp-json\/wp\/v2\/pages\/5778"}],"collection":[{"href":"https:\/\/isfd88-bue.infd.edu.ar\/sitio\/wp-json\/wp\/v2\/pages"}],"about":[{"href":"https:\/\/isfd88-bue.infd.edu.ar\/sitio\/wp-json\/wp\/v2\/types\/page"}],"author":[{"embeddable":true,"href":"https:\/\/isfd88-bue.infd.edu.ar\/sitio\/wp-json\/wp\/v2\/users\/4736"}],"replies":[{"embeddable":true,"href":"https:\/\/isfd88-bue.infd.edu.ar\/sitio\/wp-json\/wp\/v2\/comments?post=5778"}],"version-history":[{"count":1,"href":"https:\/\/isfd88-bue.infd.edu.ar\/sitio\/wp-json\/wp\/v2\/pages\/5778\/revisions"}],"predecessor-version":[{"id":5779,"href":"https:\/\/isfd88-bue.infd.edu.ar\/sitio\/wp-json\/wp\/v2\/pages\/5778\/revisions\/5779"}],"wp:attachment":[{"href":"https:\/\/isfd88-bue.infd.edu.ar\/sitio\/wp-json\/wp\/v2\/media?parent=5778"}],"curies":[{"name":"wp","href":"https:\/\/api.w.org\/{rel}","templated":true}]}}