{"id":5912,"date":"2024-12-05T18:39:56","date_gmt":"2024-12-05T21:39:56","guid":{"rendered":"https:\/\/isfd88-bue.infd.edu.ar\/sitio\/?page_id=5912"},"modified":"2024-12-26T20:55:42","modified_gmt":"2024-12-26T23:55:42","slug":"tecnicatura-en-tiempo-libre-y-recreacion","status":"publish","type":"page","link":"https:\/\/isfd88-bue.infd.edu.ar\/sitio\/tecnicatura-en-tiempo-libre-y-recreacion\/","title":{"rendered":"Tecnicatura Superior en Tiempo Libre y Recreaci\u00f3n"},"content":{"rendered":"\n<div class=\"wp-block-columns is-layout-flex wp-container-6\">\n<div class=\"wp-block-column is-vertically-aligned-center is-layout-flow\" style=\"flex-basis:50%\">\n<div class=\"wp-block-columns is-layout-flex wp-container-4\">\n<div class=\"wp-block-column is-layout-flow\">\n<figure class=\"wp-block-image size-full\"><a href=\"https:\/\/isfd88-bue.infd.edu.ar\/sitio\/sobre-la-carrera-5\/\"><img decoding=\"async\" loading=\"lazy\" width=\"401\" height=\"425\" src=\"https:\/\/isfd88-bue.infd.edu.ar\/sitio\/wp-content\/uploads\/2023\/10\/TEC-SOBRE-LA-CARRERA.jpg\" alt=\"\" class=\"wp-image-5339\"\/><\/a><\/figure>\n<\/div>\n\n\n\n<div class=\"wp-block-column is-layout-flow\">\n<figure class=\"wp-block-image size-full\"><a href=\"https:\/\/isfd88-bue.infd.edu.ar\/sitio\/plan-de-estudios-5\/\"><img decoding=\"async\" loading=\"lazy\" width=\"401\" height=\"425\" src=\"https:\/\/isfd88-bue.infd.edu.ar\/sitio\/wp-content\/uploads\/2023\/10\/TEC-PLAN-DE-ESTUDIOS.jpg\" alt=\"\" class=\"wp-image-5340\"\/><\/a><\/figure>\n<\/div>\n\n\n\n<div class=\"wp-block-column is-layout-flow\">\n<figure class=\"wp-block-image size-full\"><a href=\"https:\/\/isfd88-bue.infd.edu.ar\/sitio\/correlatividades-4\/\"><img decoding=\"async\" loading=\"lazy\" width=\"401\" height=\"425\" src=\"https:\/\/isfd88-bue.infd.edu.ar\/sitio\/wp-content\/uploads\/2023\/10\/TEC-CORRELATIVIDADES.jpg\" alt=\"\" class=\"wp-image-5341\"\/><\/a><\/figure>\n<\/div>\n<\/div>\n<\/div>\n<\/div>\n\n\n\n<p><strong>AUTORIZADA POR LA DIRECCI\u00d3N PROVINCIAL DE EDUCACI\u00d3N SUPERIOR &#8211; T\u00cdTULO DE VALIDEZ NACIONAL.<\/strong><\/p>\n\n\n<div class=\"wp-block-image\">\n<figure class=\"aligncenter size-full is-resized\"><img decoding=\"async\" loading=\"lazy\" src=\"https:\/\/isfd88-bue.infd.edu.ar\/sitio\/wp-content\/uploads\/2024\/12\/Imagen-de-WhatsApp-2024-11-25-a-las-19.28.45_bcf8fdb4.jpg\" alt=\"\" class=\"wp-image-5915\" width=\"749\" height=\"1060\" srcset=\"https:\/\/isfd88-bue.infd.edu.ar\/sitio\/wp-content\/uploads\/2024\/12\/Imagen-de-WhatsApp-2024-11-25-a-las-19.28.45_bcf8fdb4.jpg 904w, https:\/\/isfd88-bue.infd.edu.ar\/sitio\/wp-content\/uploads\/2024\/12\/Imagen-de-WhatsApp-2024-11-25-a-las-19.28.45_bcf8fdb4-706x1000.jpg 706w, https:\/\/isfd88-bue.infd.edu.ar\/sitio\/wp-content\/uploads\/2024\/12\/Imagen-de-WhatsApp-2024-11-25-a-las-19.28.45_bcf8fdb4-768x1087.jpg 768w\" sizes=\"(max-width: 749px) 100vw, 749px\" \/><\/figure><\/div>","protected":false},"excerpt":{"rendered":"<p>AUTORIZADA POR LA DIRECCI\u00d3N PROVINCIAL DE EDUCACI\u00d3N SUPERIOR &#8211; T\u00cdTULO DE VALIDEZ NACIONAL.<\/p>\n","protected":false},"author":119,"featured_media":0,"parent":0,"menu_order":0,"comment_status":"closed","ping_status":"closed","template":"","meta":[],"acf":[],"_links":{"self":[{"href":"https:\/\/isfd88-bue.infd.edu.ar\/sitio\/wp-json\/wp\/v2\/pages\/5912"}],"collection":[{"href":"https:\/\/isfd88-bue.infd.edu.ar\/sitio\/wp-json\/wp\/v2\/pages"}],"about":[{"href":"https:\/\/isfd88-bue.infd.edu.ar\/sitio\/wp-json\/wp\/v2\/types\/page"}],"author":[{"embeddable":true,"href":"https:\/\/isfd88-bue.infd.edu.ar\/sitio\/wp-json\/wp\/v2\/users\/119"}],"replies":[{"embeddable":true,"href":"https:\/\/isfd88-bue.infd.edu.ar\/sitio\/wp-json\/wp\/v2\/comments?post=5912"}],"version-history":[{"count":11,"href":"https:\/\/isfd88-bue.infd.edu.ar\/sitio\/wp-json\/wp\/v2\/pages\/5912\/revisions"}],"predecessor-version":[{"id":6059,"href":"https:\/\/isfd88-bue.infd.edu.ar\/sitio\/wp-json\/wp\/v2\/pages\/5912\/revisions\/6059"}],"wp:attachment":[{"href":"https:\/\/isfd88-bue.infd.edu.ar\/sitio\/wp-json\/wp\/v2\/media?parent=5912"}],"curies":[{"name":"wp","href":"https:\/\/api.w.org\/{rel}","templated":true}]}}