{"id":6185,"date":"2025-03-31T21:15:17","date_gmt":"2025-04-01T00:15:17","guid":{"rendered":"https:\/\/isfd88-bue.infd.edu.ar\/sitio\/?page_id=6185"},"modified":"2025-03-31T21:15:19","modified_gmt":"2025-04-01T00:15:19","slug":"estudiantes-itinerantes","status":"publish","type":"page","link":"https:\/\/isfd88-bue.infd.edu.ar\/sitio\/estudiantes-itinerantes\/","title":{"rendered":"ESTUDIANTES ITINERANTES"},"content":{"rendered":"\n<p class=\"has-background has-medium-font-size\" style=\"background:linear-gradient(135deg,rgb(255,203,112) 29%,rgb(199,81,192) 76%,rgb(65,88,208) 100%)\"><strong>Quienes est\u00e9n cursando en otra instituci\u00f3n de formaci\u00f3n docente de la Provincia de Buenos Aires y deseen cursar como \u00abestudiante itinerante\u00bb, seg\u00fan el nuevo R\u00e9gimen Acad\u00e9mico Marco, deben completar la documentaci\u00f3n que se encuentra en el siguiente<a href=\"https:\/\/docs.google.com\/document\/d\/1OPb7XvG0uuWoMRTlPaa-8EW32ISZwcay\/edit?usp=sharing&amp;ouid=103280298268621181904&amp;rtpof=true&amp;sd=true\" target=\"_blank\" rel=\"noreferrer noopener\"> link <\/a>y entregar en Preceptor\u00eda, en SEDE SALTA<\/strong>.<\/p>\n","protected":false},"excerpt":{"rendered":"<p>Quienes est\u00e9n cursando en otra instituci\u00f3n de formaci\u00f3n docente de la Provincia de Buenos Aires y deseen cursar como \u00abestudiante itinerante\u00bb, seg\u00fan el nuevo R\u00e9gimen Acad\u00e9mico Marco, deben completar la documentaci\u00f3n que se encuentra en el siguiente link y entregar en Preceptor\u00eda, en SEDE SALTA.<\/p>\n","protected":false},"author":119,"featured_media":0,"parent":0,"menu_order":0,"comment_status":"closed","ping_status":"closed","template":"","meta":[],"acf":[],"_links":{"self":[{"href":"https:\/\/isfd88-bue.infd.edu.ar\/sitio\/wp-json\/wp\/v2\/pages\/6185"}],"collection":[{"href":"https:\/\/isfd88-bue.infd.edu.ar\/sitio\/wp-json\/wp\/v2\/pages"}],"about":[{"href":"https:\/\/isfd88-bue.infd.edu.ar\/sitio\/wp-json\/wp\/v2\/types\/page"}],"author":[{"embeddable":true,"href":"https:\/\/isfd88-bue.infd.edu.ar\/sitio\/wp-json\/wp\/v2\/users\/119"}],"replies":[{"embeddable":true,"href":"https:\/\/isfd88-bue.infd.edu.ar\/sitio\/wp-json\/wp\/v2\/comments?post=6185"}],"version-history":[{"count":1,"href":"https:\/\/isfd88-bue.infd.edu.ar\/sitio\/wp-json\/wp\/v2\/pages\/6185\/revisions"}],"predecessor-version":[{"id":6186,"href":"https:\/\/isfd88-bue.infd.edu.ar\/sitio\/wp-json\/wp\/v2\/pages\/6185\/revisions\/6186"}],"wp:attachment":[{"href":"https:\/\/isfd88-bue.infd.edu.ar\/sitio\/wp-json\/wp\/v2\/media?parent=6185"}],"curies":[{"name":"wp","href":"https:\/\/api.w.org\/{rel}","templated":true}]}}