{"id":6364,"date":"2025-11-11T20:31:25","date_gmt":"2025-11-11T23:31:25","guid":{"rendered":"https:\/\/isfd88-bue.infd.edu.ar\/sitio\/?page_id=6364"},"modified":"2025-11-12T21:28:01","modified_gmt":"2025-11-13T00:28:01","slug":"research-papers","status":"publish","type":"page","link":"https:\/\/isfd88-bue.infd.edu.ar\/sitio\/research-papers\/","title":{"rendered":"RESEARCH PAPERS"},"content":{"rendered":"\n<p class=\"has-accent-color has-pale-ocean-gradient-background has-text-color has-background has-medium-font-size\"><strong>II JORNADA DE ALFABETIZACI\u00d3N ACAD\u00c9MICA DEL PROFESORADO DE INGL\u00c9S: \u201cLa escritura acad\u00e9mica: proceso entre los niveles Superior a Postgrado\u201d 31 de Octubre y 1ero de Noviembre de 2025<\/strong><\/p>\n\n\n\n<p><br><strong>AUTHORS<\/strong><br><strong>Professor Sabrina Vanesa Mendoza<\/strong><br>Sabrina Mendoza is a teacher of English who graduated from ISFD N\u00ba 88 Paulo Freire. She has over fourteen years of experience teaching English at primary and secondary levels in Buenos Aires, Argentina. She is currently pursuing two bachelor\u2019s degrees: the Licenciatura en Lengua Inglesa at Universidad Nacional de La Matanza (UNLaM) and the Licenciatura en Educaci\u00f3n at Universidad Nacional de Hurlingham (UNAHUR). Her academic interests include language teaching methodology, curriculum analysis, and academic writing in English as a foreign language.<\/p>\n\n\n\n<p><br><strong>Professor Yamila Valdez<\/strong><br>Yamila Valdez is a teacher of English who graduated from ISFDyT N\u00b088 \u201cPaulo Freire\u201d in 2023. She has over eight years of experience teaching English at primary and secondary state-run schools in La Matanza. Since 2019, she has run her own private English school in Virrey del Pino, where she works exclusively with teachers trained at ISFDyT N\u00b088 and ISFD N\u00b0241. She is currently pursuing a degree in Licenciatura en Lengua Inglesa at Universidad Nacional de La Matanza (UNLaM). Her academic interests include lesson planning, process assessment, literature-based programmes, and the observation and analysis of English as a foreign language lessons.<\/p>\n\n\n\n<p class=\"has-blush-light-purple-gradient-background has-background\"><br><strong>Abstract<\/strong><br>This paper explores our experience as fourth-year students writing our first academic research paper. It reflects on the main stages of academic writing \u2013 topic selection, planning, drafting, revising, and editing \u2013 and discusses the challenges encountered along the way and the strategies used to overcome them. The goal is to demystify the idea of the research paper as a thesis-like production and present it instead as a formative and accessible first approach to academic writing. By fostering reflection and participation, this session aims to encourage future writers to view the writing process as a meaningful experience of learning and growth.<br>Keywords: academic writing, research paper, writing process, reflection, student experience, teacher education, academic literacy.<\/p>\n\n\n\n<div class=\"wp-block-file\"><object class=\"wp-block-file__embed\" data=\"https:\/\/isfd88-bue.infd.edu.ar\/sitio\/wp-content\/uploads\/2025\/11\/Paper.pdf\" type=\"application\/pdf\" style=\"width:100%;height:600px\" aria-label=\"Incrustado de Paper.\"><\/object><a id=\"wp-block-file--media-8d0dd53b-0c2e-4438-a52b-2c2bea64aaeb\" href=\"https:\/\/isfd88-bue.infd.edu.ar\/sitio\/wp-content\/uploads\/2025\/11\/Paper.pdf\">Paper<\/a><a href=\"https:\/\/isfd88-bue.infd.edu.ar\/sitio\/wp-content\/uploads\/2025\/11\/Paper.pdf\" class=\"wp-block-file__button wp-element-button\" download aria-describedby=\"wp-block-file--media-8d0dd53b-0c2e-4438-a52b-2c2bea64aaeb\">Descarga<\/a><\/div>\n\n\n\n<p><\/p>\n\n\n\n<p><\/p>\n\n\n\n<p><\/p>\n\n\n\n<p><\/p>\n\n\n\n<p><\/p>\n","protected":false},"excerpt":{"rendered":"<p>II JORNADA DE ALFABETIZACI\u00d3N ACAD\u00c9MICA DEL PROFESORADO DE INGL\u00c9S: \u201cLa escritura acad\u00e9mica: proceso entre los niveles Superior a Postgrado\u201d 31 de Octubre y 1ero de Noviembre de 2025 AUTHORSProfessor Sabrina Vanesa MendozaSabrina Mendoza is a teacher of English who graduated from ISFD N\u00ba 88 Paulo Freire. She has over fourteen years of experience teaching English &#8230; <a title=\"RESEARCH PAPERS\" class=\"read-more\" href=\"https:\/\/isfd88-bue.infd.edu.ar\/sitio\/research-papers\/\" aria-label=\"More on RESEARCH PAPERS\">[+]<\/a><\/p>\n","protected":false},"author":119,"featured_media":0,"parent":0,"menu_order":0,"comment_status":"closed","ping_status":"closed","template":"","meta":[],"acf":[],"_links":{"self":[{"href":"https:\/\/isfd88-bue.infd.edu.ar\/sitio\/wp-json\/wp\/v2\/pages\/6364"}],"collection":[{"href":"https:\/\/isfd88-bue.infd.edu.ar\/sitio\/wp-json\/wp\/v2\/pages"}],"about":[{"href":"https:\/\/isfd88-bue.infd.edu.ar\/sitio\/wp-json\/wp\/v2\/types\/page"}],"author":[{"embeddable":true,"href":"https:\/\/isfd88-bue.infd.edu.ar\/sitio\/wp-json\/wp\/v2\/users\/119"}],"replies":[{"embeddable":true,"href":"https:\/\/isfd88-bue.infd.edu.ar\/sitio\/wp-json\/wp\/v2\/comments?post=6364"}],"version-history":[{"count":3,"href":"https:\/\/isfd88-bue.infd.edu.ar\/sitio\/wp-json\/wp\/v2\/pages\/6364\/revisions"}],"predecessor-version":[{"id":6376,"href":"https:\/\/isfd88-bue.infd.edu.ar\/sitio\/wp-json\/wp\/v2\/pages\/6364\/revisions\/6376"}],"wp:attachment":[{"href":"https:\/\/isfd88-bue.infd.edu.ar\/sitio\/wp-json\/wp\/v2\/media?parent=6364"}],"curies":[{"name":"wp","href":"https:\/\/api.w.org\/{rel}","templated":true}]}}