{"id":6380,"date":"2025-12-02T17:45:57","date_gmt":"2025-12-02T20:45:57","guid":{"rendered":"https:\/\/isfd88-bue.infd.edu.ar\/sitio\/?page_id=6380"},"modified":"2026-03-05T09:21:23","modified_gmt":"2026-03-05T12:21:23","slug":"biblioteca","status":"publish","type":"page","link":"https:\/\/isfd88-bue.infd.edu.ar\/sitio\/biblioteca\/","title":{"rendered":"BIBLIOTECA DEL ISFDyT N\u00b088"},"content":{"rendered":"\n<div class=\"wp-block-cover is-light\" style=\"min-height:100px\"><span aria-hidden=\"true\" class=\"wp-block-cover__background has-background-dim\"><\/span><img decoding=\"async\" loading=\"lazy\" width=\"1600\" height=\"1200\" class=\"wp-block-cover__image-background wp-image-6386\" alt=\"\" src=\"https:\/\/isfd88-bue.infd.edu.ar\/sitio\/wp-content\/uploads\/2025\/12\/Imagen-de-WhatsApp-2025-12-02-a-las-17.52.57_04cdbfcf.jpg\" data-object-fit=\"cover\" srcset=\"https:\/\/isfd88-bue.infd.edu.ar\/sitio\/wp-content\/uploads\/2025\/12\/Imagen-de-WhatsApp-2025-12-02-a-las-17.52.57_04cdbfcf.jpg 1600w, https:\/\/isfd88-bue.infd.edu.ar\/sitio\/wp-content\/uploads\/2025\/12\/Imagen-de-WhatsApp-2025-12-02-a-las-17.52.57_04cdbfcf-1000x750.jpg 1000w, https:\/\/isfd88-bue.infd.edu.ar\/sitio\/wp-content\/uploads\/2025\/12\/Imagen-de-WhatsApp-2025-12-02-a-las-17.52.57_04cdbfcf-768x576.jpg 768w, https:\/\/isfd88-bue.infd.edu.ar\/sitio\/wp-content\/uploads\/2025\/12\/Imagen-de-WhatsApp-2025-12-02-a-las-17.52.57_04cdbfcf-1536x1152.jpg 1536w\" sizes=\"(max-width: 1600px) 100vw, 1600px\" \/><div class=\"wp-block-cover__inner-container\">\n<p><\/p>\n\n\n\n<p class=\"has-text-align-center has-base-3-color has-text-color has-medium-font-size\"><strong>Informaci\u00f3n institucional de la Biblioteca del ISFDyT N\u00b0 88 \u201cPaulo Freire\u201d<\/strong><\/p>\n<\/div><\/div>\n\n\n\n<p class=\"has-very-light-gray-to-cyan-bluish-gray-gradient-background has-background\"><strong>La Biblioteca del I. S. F. D. y T. N\u00b0 88 fue creada en el a\u00f1o 1994 a fin de dar respuestas a las necesidades bibliogr\u00e1ficas de la comunidad educativa que cursan las diferentes carreras de nivel superior, asistiendo a docentes, estudiantes, personal de la escuela y personas que la deseen consultar.<\/strong><\/p>\n\n\n\n<p>Desde el a\u00f1o 1994 hasta el a\u00f1o 2013 la Biblioteca se encontraba en la sede ubicada en Salta 2309. Luego se traslada al edificio de la Biblioteca de la E. P. N\u00b01 ubicada en Hip\u00f3lito Yrigoyen 2451. En el a\u00f1o 2018 se habilita un nuevo anexo para la carrera del Profesorado de Ingl\u00e9s que cursa en el turno ma\u00f1ana en la sede del \u201cInstituto de Arte Leopoldo Marechal\u201d a su vez dando origen a la Biblioteca del Profesorado de ingl\u00e9s compartiendo el espacio de biblioteca ambas instituciones.<\/p>\n\n\n\n<p class=\"has-very-light-gray-to-cyan-bluish-gray-gradient-background has-background\"><strong>El acervo bibliogr\u00e1fico se conforma principalmente por donaciones realizadas por profesores, alumnos y por Naci\u00f3n a trav\u00e9s de la Red de Formaci\u00f3n Docente. En la actualidad se recibe material bibliogr\u00e1fico mediante los Programas implementados por Naci\u00f3n y provincia de Buenos Aires.<\/strong><\/p>\n\n\n\n<p class=\"has-text-align-left has-background has-medium-font-size\" style=\"background:linear-gradient(135deg,rgb(238,238,238) 34%,rgb(169,184,195) 62%)\"><strong>&#x1f558; <u>D\u00edas y horarios de atenci\u00f3n<\/u><\/strong><strong><u><\/u><\/strong><\/p>\n\n\n\n<p class=\"has-medium-font-size\"><strong>Turno ma\u00f1ana. Sede Marechal (Biblioteca del Profesorado de Ingl\u00e9s):<\/strong> Lunes a Viernes de 8:00- 12:00 hs.<\/p>\n\n\n\n<p class=\"has-medium-font-size\"><a><\/a>Contacto: <a href=\"mailto:bibliotecaingles88@gmail.com\">bibliotecaingles88@gmail.com<\/a><\/p>\n\n\n\n<p><strong>Bibliotecaria: Luciana.<\/strong><\/p>\n\n\n\n<p class=\"has-medium-font-size\"><strong>Turno vespertino<\/strong>. <strong>Sede Yrigoyen (Biblioteca):<\/strong> Lunes a Viernes de 18:00- 22:00 hs.&nbsp;<strong>Sede Salta (Biblioteca)<\/strong>: Martes de 18:00- 22:00 hs.&nbsp;<\/p>\n\n\n\n<p><strong>Bibliotecarias: In\u00e9s y Fiamma.<\/strong><\/p>\n\n\n\n<h2 class=\"wp-block-heading has-text-align-center has-large-font-size\"><a><\/a><strong>&#x1f4da; &#x1f4e3; \u00a1Te invitamos a visitarnos!<\/strong><\/h2>\n\n\n\n<p class=\"has-background has-medium-font-size\" style=\"background:linear-gradient(135deg,rgb(238,238,238) 24%,rgb(169,184,195) 29%)\"><strong>&#x1f4cd; Ubicaci\u00f3n<\/strong><\/p>\n\n\n\n<figure class=\"wp-block-gallery alignleft has-nested-images columns-default is-cropped wp-block-gallery-1 is-layout-flex\">\n<figure class=\"wp-block-image size-full\"><img decoding=\"async\" loading=\"lazy\" width=\"602\" height=\"439\" data-id=\"6398\"  src=\"https:\/\/isfd88-bue.infd.edu.ar\/sitio\/wp-content\/uploads\/2025\/12\/Imagen4.png\" alt=\"\" class=\"wp-image-6398\"\/><\/figure>\n<\/figure>\n\n\n\n<div class=\"wp-block-columns is-layout-flex wp-container-4\">\n<div class=\"wp-block-column is-layout-flow\" style=\"flex-basis:100%\">\n<ul>\n<li class=\"has-medium-font-size\"><strong>SEDE SALTA \u2013 Salta 2309 \u2013 B1754 San Justo (Biblioteca en 1\u00b0 piso, una vez a la semana la Bibliotecaria del turno vespertino desarrolla su labor en el \u00e1rea de Jefatura).<\/strong><\/li>\n\n\n\n<li class=\"has-medium-font-size\"><strong>SEDE YRIGOYEN \u2013 Hip\u00f3lito Yrigoyen 2451, B1754 San Justo (Biblioteca en 1 Piso).<\/strong><\/li>\n\n\n\n<li class=\"has-medium-font-size\"><strong>SEDE MARECHAL \u2013 Av. Brig. Gral. J. M. de Rosas 5971, B1754 I. Casanova. Edificio Hist\u00f3rico, 3 Piso. (Biblioteca del Profesorado de ingl\u00e9s).<\/strong><\/li>\n<\/ul>\n<\/div>\n<\/div>\n\n\n\n<p><\/p>\n\n\n\n<p class=\"has-text-align-center has-very-light-gray-to-cyan-bluish-gray-gradient-background has-background has-large-font-size\">Mas informaci\u00f3n en el siguiente <a href=\"https:\/\/isfd88-bue.infd.edu.ar\/sitio\/%f0%9f%93%9a-biblioteca-isfdyt-n88\/\" target=\"_blank\" rel=\"noreferrer noopener\">enlace<\/a><\/p>\n","protected":false},"excerpt":{"rendered":"<p>La Biblioteca del I. S. F. D. y T. N\u00b0 88 fue creada en el a\u00f1o 1994 a fin de dar respuestas a las necesidades bibliogr\u00e1ficas de la comunidad educativa que cursan las diferentes carreras de nivel superior, asistiendo a docentes, estudiantes, personal de la escuela y personas que la deseen consultar. Desde el a\u00f1o &#8230; <a title=\"BIBLIOTECA DEL ISFDyT N\u00b088\" class=\"read-more\" href=\"https:\/\/isfd88-bue.infd.edu.ar\/sitio\/biblioteca\/\" aria-label=\"More on BIBLIOTECA DEL ISFDyT N\u00b088\">[+]<\/a><\/p>\n","protected":false},"author":119,"featured_media":0,"parent":0,"menu_order":0,"comment_status":"closed","ping_status":"closed","template":"","meta":[],"acf":[],"_links":{"self":[{"href":"https:\/\/isfd88-bue.infd.edu.ar\/sitio\/wp-json\/wp\/v2\/pages\/6380"}],"collection":[{"href":"https:\/\/isfd88-bue.infd.edu.ar\/sitio\/wp-json\/wp\/v2\/pages"}],"about":[{"href":"https:\/\/isfd88-bue.infd.edu.ar\/sitio\/wp-json\/wp\/v2\/types\/page"}],"author":[{"embeddable":true,"href":"https:\/\/isfd88-bue.infd.edu.ar\/sitio\/wp-json\/wp\/v2\/users\/119"}],"replies":[{"embeddable":true,"href":"https:\/\/isfd88-bue.infd.edu.ar\/sitio\/wp-json\/wp\/v2\/comments?post=6380"}],"version-history":[{"count":10,"href":"https:\/\/isfd88-bue.infd.edu.ar\/sitio\/wp-json\/wp\/v2\/pages\/6380\/revisions"}],"predecessor-version":[{"id":6500,"href":"https:\/\/isfd88-bue.infd.edu.ar\/sitio\/wp-json\/wp\/v2\/pages\/6380\/revisions\/6500"}],"wp:attachment":[{"href":"https:\/\/isfd88-bue.infd.edu.ar\/sitio\/wp-json\/wp\/v2\/media?parent=6380"}],"curies":[{"name":"wp","href":"https:\/\/api.w.org\/{rel}","templated":true}]}}